{"id":925,"date":"2021-10-18T16:05:56","date_gmt":"2021-10-18T14:05:56","guid":{"rendered":"https:\/\/bearly-n.com\/?post_type=product&#038;p=925"},"modified":"2021-10-18T16:09:29","modified_gmt":"2021-10-18T14:09:29","slug":"bracelet-brode-alligator","status":"publish","type":"product","link":"https:\/\/bearly-n.com\/en\/product\/bracelet-brode-alligator\/","title":{"rendered":"Bracelet brod\u00e9 alligator, vert et or"},"content":{"rendered":"<h2>Caract\u00e9ristiques principales du bracelet brod\u00e9 alligator<\/h2>\n<p><strong>Bracelet brod\u00e9 alligator<\/strong> en bead embroidery tir\u00e9 de la collection <a href=\"https:\/\/bearly-n.com\/en\/la-collection-welcome-to-the-jungle\/\">Welcome To The Jungle<\/a>.<\/p>\n<ul>\n<li><strong> See You Later&#8230; Alligator<\/strong> est une manchette vert et or, doubl\u00e9e de veau fa\u00e7on croco; \u00a0facile et agr\u00e9able \u00e0 porter. D&rsquo;esprit jungle, ce bijou sera parfait pour habiller toutes les tenues estivales.<\/li>\n<li>Un bel alligator, r\u00e9alis\u00e9 par un artisan am\u00e9ricain, en laiton patin\u00e9 (6 cm par 2 cm) est le point focal de ce bijou. Il est accompagn\u00e9 de cabochons de verre teint\u00e9s \u00e0 la main, reprenant les motifs d&rsquo;un peau de crocodile, dans des teintes de brun et d&rsquo;ors. L&rsquo;ensemble est brod\u00e9 de perles en verre (Miyuki) vert sombre et or et quelques cristaux de Swarovski apportent une touche d&rsquo;\u00e9clat.<\/li>\n<li>La broderie est pos\u00e9e sur une manchette en laiton, ajustable au poignet par l\u00e9g\u00e8re pression, puis le tout a \u00e9t\u00e9 doubl\u00e9 d&rsquo;un cuir de veau brun fa\u00e7on crocodile (France), d&rsquo;une \u00e9paisseur d&rsquo;1 mm.<\/li>\n<li>Le bracelet mesure environ 4 cm de large, pour 18 cm de long, mais il est ajustable \u00e0 toutes les tailles de poignet.<\/li>\n<\/ul>\n<p>Il s&rsquo;agit d&rsquo;une pi\u00e8ce unique. Toutes les \u00e9tapes de sa r\u00e9alisation ont \u00e9t\u00e9 effectu\u00e9es \u00e0 la main.<\/p>\n<h2>Entretien<\/h2>\n<ul>\n<li>Le cuir peut \u00eatre simplement nettoy\u00e9 avec un linge humide et un peu de savon glycerin\u00e9.<\/li>\n<li>La partie brod\u00e9e peut \u00eatre d\u00e9poussi\u00e9r\u00e9e \u00e0 l&rsquo;aide d&rsquo;un pinceau souple et d&rsquo;un chiffon l\u00e9g\u00e8rement humide.<\/li>\n<li>L&rsquo;alligator est en laiton, la patine avec le temps est tout \u00e0 fait normale<\/li>\n<li><strong>Eviter le contact avec l&rsquo;eau<\/strong>, retirer le bracelet avant de se laver les mains.<\/li>\n<\/ul>\n<h2>Accessoires fournis<\/h2>\n<p>Mes bijoux sont fournis avec une bo\u00eete noire en carton rigide, doubl\u00e9e de satin noir. L&#8217;emballage est soign\u00e9, cela en fait un cadeau pr\u00eat \u00e0 offrir&#8230;ou \u00e0 s&rsquo;offrir!<\/p>","protected":false},"excerpt":{"rendered":"<p>Collection <strong>\u00ab\u00a0Welcome To The Jungle\u00a0\u00bb.<\/strong><\/p>\n<p>Bracelet brod\u00e9 de perles et alligator en laiton. Teintes vert et or, doubl\u00e9 de cuir de veau brun fa\u00e7on croco.<\/p>\n<p>Frais de port offerts, envoi en colis suivi.<\/p>","protected":false},"featured_media":926,"comment_status":"open","ping_status":"closed","template":"","meta":{"_price":"194","_stock":"1.000000","_tribe_ticket_header":"","_tribe_default_ticket_provider":"","_tribe_ticket_capacity":"1","_ticket_start_date":"","_ticket_end_date":"","_tribe_ticket_show_description":"","_tribe_ticket_show_not_going":false,"_tribe_ticket_use_global_stock":"","_tribe_ticket_global_stock_level":"","_global_stock_mode":"","_global_stock_cap":"","_tribe_rsvp_for_event":"","_tribe_ticket_going_count":"","_tribe_ticket_not_going_count":"","_tribe_tickets_list":"[]","_tribe_ticket_has_attendee_info_fields":false,"jetpack_post_was_ever_published":false,"jetpack_publicize_message":"","jetpack_publicize_feature_enabled":true,"jetpack_social_post_already_shared":true,"jetpack_social_options":{"image_generator_settings":{"template":"highway","default_image_id":0,"font":"","enabled":false},"version":2}},"product_brand":[],"product_cat":[112,114],"product_tag":[80,208,182,651,79],"class_list":{"0":"post-925","1":"product","2":"type-product","3":"status-publish","4":"has-post-thumbnail","6":"product_cat-bracelets","7":"product_cat-manchettes","8":"product_tag-bracelet","9":"product_tag-bracelet-brode","10":"product_tag-bracelet-crocodile","11":"product_tag-bracelet-vert","12":"product_tag-welcome-to-the-jungle","13":"product_shipping_class-gratuite","14":"pa_couleur-or","15":"pa_couleur-vert","17":"first","18":"instock","19":"sold-individually","20":"shipping-taxable","21":"purchasable","22":"product-type-simple"},"yoast_head":"<!-- This site is optimized with the Yoast SEO plugin v26.2 - https:\/\/yoast.com\/wordpress\/plugins\/seo\/ -->\n<title>Bracelet brod\u00e9 alligator, vert et or - BearlyN<\/title>\n<meta name=\"description\" content=\"Bracelet brod\u00e9 alligator en bead embroidery, See You Later est une manchette vert et or facile, agr\u00e9able \u00e0 porter avec toutes les tenues estivales.\" \/>\n<meta name=\"robots\" content=\"index, follow, max-snippet:-1, max-image-preview:large, max-video-preview:-1\" \/>\n<link rel=\"canonical\" href=\"https:\/\/bearly-n.com\/en\/product\/bracelet-brode-alligator\/\" \/>\n<meta property=\"og:locale\" content=\"en_US\" \/>\n<meta property=\"og:type\" content=\"article\" \/>\n<meta property=\"og:title\" content=\"Bracelet brod\u00e9 alligator, vert et or - BearlyN\" \/>\n<meta property=\"og:description\" content=\"Bracelet brod\u00e9 alligator en bead embroidery, See You Later est une manchette vert et or facile, agr\u00e9able \u00e0 porter avec toutes les tenues estivales.\" \/>\n<meta property=\"og:url\" content=\"https:\/\/bearly-n.com\/en\/product\/bracelet-brode-alligator\/\" \/>\n<meta property=\"og:site_name\" content=\"BearlyN\" \/>\n<meta property=\"article:publisher\" content=\"https:\/\/www.facebook.com\/Bearly-N-881942331934180\/\" \/>\n<meta property=\"article:modified_time\" content=\"2021-10-18T14:09:29+00:00\" \/>\n<meta property=\"og:image\" content=\"https:\/\/bearly-n.com\/wp-content\/uploads\/2017\/05\/Bracelet-See-You-Later.jpg\" \/>\n\t<meta property=\"og:image:width\" content=\"1024\" \/>\n\t<meta property=\"og:image:height\" content=\"768\" \/>\n\t<meta property=\"og:image:type\" content=\"image\/jpeg\" \/>\n<meta name=\"twitter:card\" content=\"summary_large_image\" \/>\n<meta name=\"twitter:label1\" content=\"Est. reading time\" \/>\n\t<meta name=\"twitter:data1\" content=\"1 minute\" \/>\n<script type=\"application\/ld+json\" class=\"yoast-schema-graph\">{\"@context\":\"https:\/\/schema.org\",\"@graph\":[{\"@type\":\"WebPage\",\"@id\":\"https:\/\/bearly-n.com\/produit\/bracelet-brode-alligator\/\",\"url\":\"https:\/\/bearly-n.com\/produit\/bracelet-brode-alligator\/\",\"name\":\"Bracelet brod\u00e9 alligator, vert et or - BearlyN\",\"isPartOf\":{\"@id\":\"https:\/\/bearly-n.com\/#website\"},\"primaryImageOfPage\":{\"@id\":\"https:\/\/bearly-n.com\/produit\/bracelet-brode-alligator\/#primaryimage\"},\"image\":{\"@id\":\"https:\/\/bearly-n.com\/produit\/bracelet-brode-alligator\/#primaryimage\"},\"thumbnailUrl\":\"https:\/\/i0.wp.com\/bearly-n.com\/wp-content\/uploads\/2017\/05\/Bracelet-See-You-Later.jpg?fit=1024%2C768&ssl=1\",\"datePublished\":\"2021-10-18T14:05:56+00:00\",\"dateModified\":\"2021-10-18T14:09:29+00:00\",\"description\":\"Bracelet brod\u00e9 alligator en bead embroidery, See You Later est une manchette vert et or facile, agr\u00e9able \u00e0 porter avec toutes les tenues estivales.\",\"breadcrumb\":{\"@id\":\"https:\/\/bearly-n.com\/produit\/bracelet-brode-alligator\/#breadcrumb\"},\"inLanguage\":\"en-US\",\"potentialAction\":[{\"@type\":\"ReadAction\",\"target\":[\"https:\/\/bearly-n.com\/produit\/bracelet-brode-alligator\/\"]}]},{\"@type\":\"ImageObject\",\"inLanguage\":\"en-US\",\"@id\":\"https:\/\/bearly-n.com\/produit\/bracelet-brode-alligator\/#primaryimage\",\"url\":\"https:\/\/i0.wp.com\/bearly-n.com\/wp-content\/uploads\/2017\/05\/Bracelet-See-You-Later.jpg?fit=1024%2C768&ssl=1\",\"contentUrl\":\"https:\/\/i0.wp.com\/bearly-n.com\/wp-content\/uploads\/2017\/05\/Bracelet-See-You-Later.jpg?fit=1024%2C768&ssl=1\",\"width\":1024,\"height\":768,\"caption\":\"Bracelet brod\u00e9 alligator \\\"See You Latter\\\"\"},{\"@type\":\"BreadcrumbList\",\"@id\":\"https:\/\/bearly-n.com\/produit\/bracelet-brode-alligator\/#breadcrumb\",\"itemListElement\":[{\"@type\":\"ListItem\",\"position\":1,\"name\":\"Accueil\",\"item\":\"https:\/\/bearly-n.com\/\"},{\"@type\":\"ListItem\",\"position\":2,\"name\":\"Boutique en ligne\",\"item\":\"https:\/\/bearly-n.com\/en\/boutique-en-ligne\/\"},{\"@type\":\"ListItem\",\"position\":3,\"name\":\"Bracelet brod\u00e9 alligator, vert et or\"}]},{\"@type\":\"WebSite\",\"@id\":\"https:\/\/bearly-n.com\/#website\",\"url\":\"https:\/\/bearly-n.com\/\",\"name\":\"BearlyN, bijoux de caract\u00e8re\",\"description\":\"Bijoux de Caract\u00e8re\",\"publisher\":{\"@id\":\"https:\/\/bearly-n.com\/#organization\"},\"potentialAction\":[{\"@type\":\"SearchAction\",\"target\":{\"@type\":\"EntryPoint\",\"urlTemplate\":\"https:\/\/bearly-n.com\/?s={search_term_string}\"},\"query-input\":{\"@type\":\"PropertyValueSpecification\",\"valueRequired\":true,\"valueName\":\"search_term_string\"}}],\"inLanguage\":\"en-US\"},{\"@type\":\"Organization\",\"@id\":\"https:\/\/bearly-n.com\/#organization\",\"name\":\"BearlyN\",\"url\":\"https:\/\/bearly-n.com\/\",\"logo\":{\"@type\":\"ImageObject\",\"inLanguage\":\"en-US\",\"@id\":\"https:\/\/bearly-n.com\/#\/schema\/logo\/image\/\",\"url\":\"https:\/\/i1.wp.com\/bearly-n.com\/wp-content\/uploads\/2016\/12\/logo.jpg?fit=630%2C270&ssl=1\",\"contentUrl\":\"https:\/\/i1.wp.com\/bearly-n.com\/wp-content\/uploads\/2016\/12\/logo.jpg?fit=630%2C270&ssl=1\",\"width\":630,\"height\":270,\"caption\":\"BearlyN\"},\"image\":{\"@id\":\"https:\/\/bearly-n.com\/#\/schema\/logo\/image\/\"},\"sameAs\":[\"https:\/\/www.facebook.com\/Bearly-N-881942331934180\/\",\"http:\/\/bearlyn\",\"https:\/\/www.linkedin.com\/company\/bearly-n\/\",\"https:\/\/fr.pinterest.com\/Bearlynterest\/\"]}]}<\/script>\n<!-- \/ Yoast SEO plugin. -->","yoast_head_json":{"title":"Bracelet brod\u00e9 alligator, vert et or - BearlyN","description":"Bracelet brod\u00e9 alligator en bead embroidery, See You Later est une manchette vert et or facile, agr\u00e9able \u00e0 porter avec toutes les tenues estivales.","robots":{"index":"index","follow":"follow","max-snippet":"max-snippet:-1","max-image-preview":"max-image-preview:large","max-video-preview":"max-video-preview:-1"},"canonical":"https:\/\/bearly-n.com\/en\/product\/bracelet-brode-alligator\/","og_locale":"en_US","og_type":"article","og_title":"Bracelet brod\u00e9 alligator, vert et or - BearlyN","og_description":"Bracelet brod\u00e9 alligator en bead embroidery, See You Later est une manchette vert et or facile, agr\u00e9able \u00e0 porter avec toutes les tenues estivales.","og_url":"https:\/\/bearly-n.com\/en\/product\/bracelet-brode-alligator\/","og_site_name":"BearlyN","article_publisher":"https:\/\/www.facebook.com\/Bearly-N-881942331934180\/","article_modified_time":"2021-10-18T14:09:29+00:00","og_image":[{"width":1024,"height":768,"url":"https:\/\/bearly-n.com\/wp-content\/uploads\/2017\/05\/Bracelet-See-You-Later.jpg","type":"image\/jpeg"}],"twitter_card":"summary_large_image","twitter_misc":{"Est. reading time":"1 minute"},"schema":{"@context":"https:\/\/schema.org","@graph":[{"@type":"WebPage","@id":"https:\/\/bearly-n.com\/produit\/bracelet-brode-alligator\/","url":"https:\/\/bearly-n.com\/produit\/bracelet-brode-alligator\/","name":"Bracelet brod\u00e9 alligator, vert et or - BearlyN","isPartOf":{"@id":"https:\/\/bearly-n.com\/#website"},"primaryImageOfPage":{"@id":"https:\/\/bearly-n.com\/produit\/bracelet-brode-alligator\/#primaryimage"},"image":{"@id":"https:\/\/bearly-n.com\/produit\/bracelet-brode-alligator\/#primaryimage"},"thumbnailUrl":"https:\/\/i0.wp.com\/bearly-n.com\/wp-content\/uploads\/2017\/05\/Bracelet-See-You-Later.jpg?fit=1024%2C768&ssl=1","datePublished":"2021-10-18T14:05:56+00:00","dateModified":"2021-10-18T14:09:29+00:00","description":"Bracelet brod\u00e9 alligator en bead embroidery, See You Later est une manchette vert et or facile, agr\u00e9able \u00e0 porter avec toutes les tenues estivales.","breadcrumb":{"@id":"https:\/\/bearly-n.com\/produit\/bracelet-brode-alligator\/#breadcrumb"},"inLanguage":"en-US","potentialAction":[{"@type":"ReadAction","target":["https:\/\/bearly-n.com\/produit\/bracelet-brode-alligator\/"]}]},{"@type":"ImageObject","inLanguage":"en-US","@id":"https:\/\/bearly-n.com\/produit\/bracelet-brode-alligator\/#primaryimage","url":"https:\/\/i0.wp.com\/bearly-n.com\/wp-content\/uploads\/2017\/05\/Bracelet-See-You-Later.jpg?fit=1024%2C768&ssl=1","contentUrl":"https:\/\/i0.wp.com\/bearly-n.com\/wp-content\/uploads\/2017\/05\/Bracelet-See-You-Later.jpg?fit=1024%2C768&ssl=1","width":1024,"height":768,"caption":"Bracelet brod\u00e9 alligator \"See You Latter\""},{"@type":"BreadcrumbList","@id":"https:\/\/bearly-n.com\/produit\/bracelet-brode-alligator\/#breadcrumb","itemListElement":[{"@type":"ListItem","position":1,"name":"Accueil","item":"https:\/\/bearly-n.com\/"},{"@type":"ListItem","position":2,"name":"Boutique en ligne","item":"https:\/\/bearly-n.com\/en\/boutique-en-ligne\/"},{"@type":"ListItem","position":3,"name":"Bracelet brod\u00e9 alligator, vert et or"}]},{"@type":"WebSite","@id":"https:\/\/bearly-n.com\/#website","url":"https:\/\/bearly-n.com\/","name":"BearlyN, bijoux de caract\u00e8re","description":"Bijoux de Caract\u00e8re","publisher":{"@id":"https:\/\/bearly-n.com\/#organization"},"potentialAction":[{"@type":"SearchAction","target":{"@type":"EntryPoint","urlTemplate":"https:\/\/bearly-n.com\/?s={search_term_string}"},"query-input":{"@type":"PropertyValueSpecification","valueRequired":true,"valueName":"search_term_string"}}],"inLanguage":"en-US"},{"@type":"Organization","@id":"https:\/\/bearly-n.com\/#organization","name":"BearlyN","url":"https:\/\/bearly-n.com\/","logo":{"@type":"ImageObject","inLanguage":"en-US","@id":"https:\/\/bearly-n.com\/#\/schema\/logo\/image\/","url":"https:\/\/i1.wp.com\/bearly-n.com\/wp-content\/uploads\/2016\/12\/logo.jpg?fit=630%2C270&ssl=1","contentUrl":"https:\/\/i1.wp.com\/bearly-n.com\/wp-content\/uploads\/2016\/12\/logo.jpg?fit=630%2C270&ssl=1","width":630,"height":270,"caption":"BearlyN"},"image":{"@id":"https:\/\/bearly-n.com\/#\/schema\/logo\/image\/"},"sameAs":["https:\/\/www.facebook.com\/Bearly-N-881942331934180\/","http:\/\/bearlyn","https:\/\/www.linkedin.com\/company\/bearly-n\/","https:\/\/fr.pinterest.com\/Bearlynterest\/"]}]}},"jetpack_publicize_connections":[],"jetpack_sharing_enabled":true,"jetpack_likes_enabled":true,"_links":{"self":[{"href":"https:\/\/bearly-n.com\/en\/wp-json\/wp\/v2\/product\/925","targetHints":{"allow":["GET"]}}],"collection":[{"href":"https:\/\/bearly-n.com\/en\/wp-json\/wp\/v2\/product"}],"about":[{"href":"https:\/\/bearly-n.com\/en\/wp-json\/wp\/v2\/types\/product"}],"replies":[{"embeddable":true,"href":"https:\/\/bearly-n.com\/en\/wp-json\/wp\/v2\/comments?post=925"}],"version-history":[{"count":3,"href":"https:\/\/bearly-n.com\/en\/wp-json\/wp\/v2\/product\/925\/revisions"}],"predecessor-version":[{"id":8040,"href":"https:\/\/bearly-n.com\/en\/wp-json\/wp\/v2\/product\/925\/revisions\/8040"}],"wp:featuredmedia":[{"embeddable":true,"href":"https:\/\/bearly-n.com\/en\/wp-json\/wp\/v2\/media\/926"}],"wp:attachment":[{"href":"https:\/\/bearly-n.com\/en\/wp-json\/wp\/v2\/media?parent=925"}],"wp:term":[{"taxonomy":"product_brand","embeddable":true,"href":"https:\/\/bearly-n.com\/en\/wp-json\/wp\/v2\/product_brand?post=925"},{"taxonomy":"product_cat","embeddable":true,"href":"https:\/\/bearly-n.com\/en\/wp-json\/wp\/v2\/product_cat?post=925"},{"taxonomy":"product_tag","embeddable":true,"href":"https:\/\/bearly-n.com\/en\/wp-json\/wp\/v2\/product_tag?post=925"}],"curies":[{"name":"wp","href":"https:\/\/api.w.org\/{rel}","templated":true}]}}