{"id":851,"date":"2017-07-10T13:05:40","date_gmt":"2017-07-10T11:05:40","guid":{"rendered":"https:\/\/bearly-n.com\/?post_type=product&#038;p=851"},"modified":"2020-10-16T16:35:48","modified_gmt":"2020-10-16T14:35:48","slug":"collier-plastron-night-style-amerindien","status":"publish","type":"product","link":"https:\/\/bearly-n.com\/en\/product\/collier-plastron-night-style-amerindien\/","title":{"rendered":"Necklace Night Call, jewel of Amerindian inspiration"},"content":{"rendered":"<h2>Caract\u00e9ristiques principales du collier plastron Night Call<\/h2>\n<p>Le<strong> collier plastron Night Call<\/strong> est\u00a0enti\u00e8rement brod\u00e9 et doubl\u00e9 \u00e0 la main. \u00a0Il s&rsquo;agit d&rsquo;une pi\u00e8ce artisanale et unique; une pi\u00e8ce phare\u00a0de la <a href=\"https:\/\/bearly-n.com\/en\/la-collection-totem-retour-aux-sources\/\">collection Totem<\/a>, mon interpr\u00e9tation du style am\u00e9rindien.<\/p>\n<ul>\n<li>les franges apportent vie et l\u00e9g\u00e8ret\u00e9 \u00e0 ce plastron. Associ\u00e9 \u00e0 une chemise blanche, en lin ou en jean, pour un look casual chic, il\u00a0sera facile \u00e0 porter au quotidien et saura r\u00e9veiller la louve qui sommeille en toute femme.<\/li>\n<li>Le cabochon central est sculpt\u00e9 \u00e0 la main par un artisan des Etats-Unis (Caroline du Nord), dans de l&rsquo;os bovin. Il repr\u00e9sente un loup hurlant (dimensions 5 x 2.5 cm), animal totem traditionnel de la culture am\u00e9rindienne.\u00a0Il est serti de perles de verre (Miyuki). Traditionnellement, le loup est associ\u00e9 \u00e0 la vivacit\u00e9 d&rsquo;esprit, la soif de la libert\u00e9 et le profond attachement \u00e0 son instinct.<br \/>\nLes autres cabochons sont en verre, teint\u00e9s \u00e0 la main pour un effet galaxy, de diff\u00e9rentes tailles, dans des dominantes de bleus sombres et profonds. Ils sont \u00e9galement\u00a0sertis de perles de verre. La broderie de perles et de cristaux de Swarovski recouvre l&rsquo;int\u00e9gralit\u00e9 du collier.<\/li>\n<li>Pour finir, l&rsquo;ensemble est doubl\u00e9 de cuir marron grain\u00e9 (France). Fermoir crochet en laiton, garanti sans nickel.Tour de cou: 39 cm, hauteur maximale (de l&rsquo;extr\u00e9mit\u00e9 des franges \u00e0 la parie int\u00e9rieure du collier : 15 cm)<\/li>\n<\/ul>\n<p>Il s&rsquo;agit d&rsquo;une pi\u00e8ce unique. Toutes les \u00e9tapes de sa r\u00e9alisation ont \u00e9t\u00e9 effectu\u00e9es \u00e0 la main.<\/p>\n<h2>Entretien<\/h2>\n<ul>\n<li>Le cuir peut \u00eatre simplement nettoy\u00e9 avec un linge humide et un peu de savon glycerin\u00e9.<\/li>\n<li>La partie brod\u00e9e peut \u00eatre d\u00e9poussi\u00e9r\u00e9e \u00e0 l&rsquo;aide d&rsquo;un pinceau souple et d&rsquo;un chiffon l\u00e9g\u00e8rement humide.<\/li>\n<li><strong>Eviter le contact avec l&rsquo;eau.<\/strong><\/li>\n<\/ul>\n<h2>Accessoires fournis<\/h2>\n<p>Mes bijoux sont fournis avec une bo\u00eete noire en carton rigide, doubl\u00e9e de satin noir. L&#8217;emballage est soign\u00e9, cela en fait un produit pr\u00eat \u00e0 offrir&#8230;ou \u00e0 s&rsquo;offrir!<\/p>\n<p>&nbsp;<\/p>\n<p>&nbsp;<\/p>\n<p>&nbsp;<\/p>","protected":false},"excerpt":{"rendered":"<p>Collection<strong> \u00ab\u00a0Totem\u00a0\u00bb<\/strong><\/p>\n<p>Fringed necklace , blue-night embroidery, wolf bone for an ethnic look of Native American trend.<\/p>\n<p>Free Shipping, Tracked Parcel<\/p>","protected":false},"featured_media":678,"comment_status":"open","ping_status":"closed","template":"","meta":{"_price":"1082","_stock":"1.000000","_tribe_ticket_header":"","_tribe_default_ticket_provider":"","_tribe_ticket_capacity":"1","_ticket_start_date":"","_ticket_end_date":"","_tribe_ticket_show_description":"","_tribe_ticket_show_not_going":false,"_tribe_ticket_use_global_stock":"","_tribe_ticket_global_stock_level":"","_global_stock_mode":"","_global_stock_cap":"","_tribe_rsvp_for_event":"","_tribe_ticket_going_count":"","_tribe_ticket_not_going_count":"","_tribe_tickets_list":"[]","_tribe_ticket_has_attendee_info_fields":false,"jetpack_post_was_ever_published":false,"jetpack_publicize_message":"","jetpack_publicize_feature_enabled":true,"jetpack_social_post_already_shared":true,"jetpack_social_options":{"image_generator_settings":{"template":"highway","default_image_id":0,"font":"","enabled":false},"version":2}},"product_brand":[],"product_cat":[105,106],"product_tag":[206,199,201,203,197,205,204,68],"class_list":{"0":"post-851","1":"product","2":"type-product","3":"status-publish","4":"has-post-thumbnail","6":"product_cat-plastrons","7":"product_cat-plastrons-a-franges","8":"product_tag-bijoux-amerindien","9":"product_tag-collier-bleu","10":"product_tag-collier-brode","11":"product_tag-collier-loup","12":"product_tag-collier-plastron","13":"product_tag-plastron-a-franges","14":"product_tag-plastron-loup","15":"product_tag-totem","16":"product_shipping_class-gratuite","17":"pa_couleur-bleu","19":"first","20":"instock","21":"sold-individually","22":"shipping-taxable","23":"purchasable","24":"product-type-simple"},"yoast_head":"<!-- This site is optimized with the Yoast SEO plugin v26.2 - https:\/\/yoast.com\/wordpress\/plugins\/seo\/ -->\n<title>Collier plastron Night Call,bijou de style am\u00e9rindien - BearlyN<\/title>\n<meta name=\"description\" content=\"D\u00e9couvrez le collier plastron Night Call, une cr\u00e9ation unique enti\u00e8rement r\u00e9alis\u00e9e \u00e0 la main. Inspiration am\u00e9rindienne pour cette pi\u00e8ce brod\u00e9e de perles.\" \/>\n<meta name=\"robots\" content=\"index, follow, max-snippet:-1, max-image-preview:large, max-video-preview:-1\" \/>\n<link rel=\"canonical\" href=\"https:\/\/bearly-n.com\/en\/product\/collier-plastron-night-style-amerindien\/\" \/>\n<meta property=\"og:locale\" content=\"en_US\" \/>\n<meta property=\"og:type\" content=\"article\" \/>\n<meta property=\"og:title\" content=\"Collier plastron Night Call,bijou de style am\u00e9rindien - BearlyN\" \/>\n<meta property=\"og:description\" content=\"D\u00e9couvrez le collier plastron Night Call, une cr\u00e9ation unique enti\u00e8rement r\u00e9alis\u00e9e \u00e0 la main. Inspiration am\u00e9rindienne pour cette pi\u00e8ce brod\u00e9e de perles.\" \/>\n<meta property=\"og:url\" content=\"https:\/\/bearly-n.com\/en\/product\/collier-plastron-night-style-amerindien\/\" \/>\n<meta property=\"og:site_name\" content=\"BearlyN\" \/>\n<meta property=\"article:publisher\" content=\"https:\/\/www.facebook.com\/Bearly-N-881942331934180\/\" \/>\n<meta property=\"article:modified_time\" content=\"2020-10-16T14:35:48+00:00\" \/>\n<meta property=\"og:image\" content=\"https:\/\/i0.wp.com\/bearly-n.com\/wp-content\/uploads\/2017\/02\/Night-Call-2.jpg?fit=700%2C525&ssl=1\" \/>\n\t<meta property=\"og:image:width\" content=\"700\" \/>\n\t<meta property=\"og:image:height\" content=\"525\" \/>\n\t<meta property=\"og:image:type\" content=\"image\/jpeg\" \/>\n<meta name=\"twitter:card\" content=\"summary_large_image\" \/>\n<meta name=\"twitter:label1\" content=\"Est. reading time\" \/>\n\t<meta name=\"twitter:data1\" content=\"2 minutes\" \/>\n<script type=\"application\/ld+json\" class=\"yoast-schema-graph\">{\"@context\":\"https:\/\/schema.org\",\"@graph\":[{\"@type\":\"WebPage\",\"@id\":\"https:\/\/bearly-n.com\/produit\/collier-plastron-night-style-amerindien\/\",\"url\":\"https:\/\/bearly-n.com\/produit\/collier-plastron-night-style-amerindien\/\",\"name\":\"Collier plastron Night Call,bijou de style am\u00e9rindien - BearlyN\",\"isPartOf\":{\"@id\":\"https:\/\/bearly-n.com\/#website\"},\"primaryImageOfPage\":{\"@id\":\"https:\/\/bearly-n.com\/produit\/collier-plastron-night-style-amerindien\/#primaryimage\"},\"image\":{\"@id\":\"https:\/\/bearly-n.com\/produit\/collier-plastron-night-style-amerindien\/#primaryimage\"},\"thumbnailUrl\":\"https:\/\/i0.wp.com\/bearly-n.com\/wp-content\/uploads\/2017\/02\/Night-Call-2.jpg?fit=700%2C525&ssl=1\",\"datePublished\":\"2017-07-10T11:05:40+00:00\",\"dateModified\":\"2020-10-16T14:35:48+00:00\",\"description\":\"D\u00e9couvrez le collier plastron Night Call, une cr\u00e9ation unique enti\u00e8rement r\u00e9alis\u00e9e \u00e0 la main. Inspiration am\u00e9rindienne pour cette pi\u00e8ce brod\u00e9e de perles.\",\"breadcrumb\":{\"@id\":\"https:\/\/bearly-n.com\/produit\/collier-plastron-night-style-amerindien\/#breadcrumb\"},\"inLanguage\":\"en-US\",\"potentialAction\":[{\"@type\":\"ReadAction\",\"target\":[\"https:\/\/bearly-n.com\/produit\/collier-plastron-night-style-amerindien\/\"]}]},{\"@type\":\"ImageObject\",\"inLanguage\":\"en-US\",\"@id\":\"https:\/\/bearly-n.com\/produit\/collier-plastron-night-style-amerindien\/#primaryimage\",\"url\":\"https:\/\/i0.wp.com\/bearly-n.com\/wp-content\/uploads\/2017\/02\/Night-Call-2.jpg?fit=700%2C525&ssl=1\",\"contentUrl\":\"https:\/\/i0.wp.com\/bearly-n.com\/wp-content\/uploads\/2017\/02\/Night-Call-2.jpg?fit=700%2C525&ssl=1\",\"width\":700,\"height\":525,\"caption\":\"collier plastron Night Call, bead embroidery\"},{\"@type\":\"BreadcrumbList\",\"@id\":\"https:\/\/bearly-n.com\/produit\/collier-plastron-night-style-amerindien\/#breadcrumb\",\"itemListElement\":[{\"@type\":\"ListItem\",\"position\":1,\"name\":\"Accueil\",\"item\":\"https:\/\/bearly-n.com\/\"},{\"@type\":\"ListItem\",\"position\":2,\"name\":\"Boutique en ligne\",\"item\":\"https:\/\/bearly-n.com\/en\/boutique-en-ligne\/\"},{\"@type\":\"ListItem\",\"position\":3,\"name\":\"Collier plastron Night Call,bijou de style am\u00e9rindien\"}]},{\"@type\":\"WebSite\",\"@id\":\"https:\/\/bearly-n.com\/#website\",\"url\":\"https:\/\/bearly-n.com\/\",\"name\":\"BearlyN, bijoux de caract\u00e8re\",\"description\":\"Bijoux de Caract\u00e8re\",\"publisher\":{\"@id\":\"https:\/\/bearly-n.com\/#organization\"},\"potentialAction\":[{\"@type\":\"SearchAction\",\"target\":{\"@type\":\"EntryPoint\",\"urlTemplate\":\"https:\/\/bearly-n.com\/?s={search_term_string}\"},\"query-input\":{\"@type\":\"PropertyValueSpecification\",\"valueRequired\":true,\"valueName\":\"search_term_string\"}}],\"inLanguage\":\"en-US\"},{\"@type\":\"Organization\",\"@id\":\"https:\/\/bearly-n.com\/#organization\",\"name\":\"BearlyN\",\"url\":\"https:\/\/bearly-n.com\/\",\"logo\":{\"@type\":\"ImageObject\",\"inLanguage\":\"en-US\",\"@id\":\"https:\/\/bearly-n.com\/#\/schema\/logo\/image\/\",\"url\":\"https:\/\/i1.wp.com\/bearly-n.com\/wp-content\/uploads\/2016\/12\/logo.jpg?fit=630%2C270&ssl=1\",\"contentUrl\":\"https:\/\/i1.wp.com\/bearly-n.com\/wp-content\/uploads\/2016\/12\/logo.jpg?fit=630%2C270&ssl=1\",\"width\":630,\"height\":270,\"caption\":\"BearlyN\"},\"image\":{\"@id\":\"https:\/\/bearly-n.com\/#\/schema\/logo\/image\/\"},\"sameAs\":[\"https:\/\/www.facebook.com\/Bearly-N-881942331934180\/\",\"http:\/\/bearlyn\",\"https:\/\/www.linkedin.com\/company\/bearly-n\/\",\"https:\/\/fr.pinterest.com\/Bearlynterest\/\"]}]}<\/script>\n<!-- \/ Yoast SEO plugin. -->","yoast_head_json":{"title":"Collier plastron Night Call,bijou de style am\u00e9rindien - BearlyN","description":"D\u00e9couvrez le collier plastron Night Call, une cr\u00e9ation unique enti\u00e8rement r\u00e9alis\u00e9e \u00e0 la main. Inspiration am\u00e9rindienne pour cette pi\u00e8ce brod\u00e9e de perles.","robots":{"index":"index","follow":"follow","max-snippet":"max-snippet:-1","max-image-preview":"max-image-preview:large","max-video-preview":"max-video-preview:-1"},"canonical":"https:\/\/bearly-n.com\/en\/product\/collier-plastron-night-style-amerindien\/","og_locale":"en_US","og_type":"article","og_title":"Collier plastron Night Call,bijou de style am\u00e9rindien - BearlyN","og_description":"D\u00e9couvrez le collier plastron Night Call, une cr\u00e9ation unique enti\u00e8rement r\u00e9alis\u00e9e \u00e0 la main. Inspiration am\u00e9rindienne pour cette pi\u00e8ce brod\u00e9e de perles.","og_url":"https:\/\/bearly-n.com\/en\/product\/collier-plastron-night-style-amerindien\/","og_site_name":"BearlyN","article_publisher":"https:\/\/www.facebook.com\/Bearly-N-881942331934180\/","article_modified_time":"2020-10-16T14:35:48+00:00","og_image":[{"width":700,"height":525,"url":"https:\/\/i0.wp.com\/bearly-n.com\/wp-content\/uploads\/2017\/02\/Night-Call-2.jpg?fit=700%2C525&ssl=1","type":"image\/jpeg"}],"twitter_card":"summary_large_image","twitter_misc":{"Est. reading time":"2 minutes"},"schema":{"@context":"https:\/\/schema.org","@graph":[{"@type":"WebPage","@id":"https:\/\/bearly-n.com\/produit\/collier-plastron-night-style-amerindien\/","url":"https:\/\/bearly-n.com\/produit\/collier-plastron-night-style-amerindien\/","name":"Collier plastron Night Call,bijou de style am\u00e9rindien - BearlyN","isPartOf":{"@id":"https:\/\/bearly-n.com\/#website"},"primaryImageOfPage":{"@id":"https:\/\/bearly-n.com\/produit\/collier-plastron-night-style-amerindien\/#primaryimage"},"image":{"@id":"https:\/\/bearly-n.com\/produit\/collier-plastron-night-style-amerindien\/#primaryimage"},"thumbnailUrl":"https:\/\/i0.wp.com\/bearly-n.com\/wp-content\/uploads\/2017\/02\/Night-Call-2.jpg?fit=700%2C525&ssl=1","datePublished":"2017-07-10T11:05:40+00:00","dateModified":"2020-10-16T14:35:48+00:00","description":"D\u00e9couvrez le collier plastron Night Call, une cr\u00e9ation unique enti\u00e8rement r\u00e9alis\u00e9e \u00e0 la main. Inspiration am\u00e9rindienne pour cette pi\u00e8ce brod\u00e9e de perles.","breadcrumb":{"@id":"https:\/\/bearly-n.com\/produit\/collier-plastron-night-style-amerindien\/#breadcrumb"},"inLanguage":"en-US","potentialAction":[{"@type":"ReadAction","target":["https:\/\/bearly-n.com\/produit\/collier-plastron-night-style-amerindien\/"]}]},{"@type":"ImageObject","inLanguage":"en-US","@id":"https:\/\/bearly-n.com\/produit\/collier-plastron-night-style-amerindien\/#primaryimage","url":"https:\/\/i0.wp.com\/bearly-n.com\/wp-content\/uploads\/2017\/02\/Night-Call-2.jpg?fit=700%2C525&ssl=1","contentUrl":"https:\/\/i0.wp.com\/bearly-n.com\/wp-content\/uploads\/2017\/02\/Night-Call-2.jpg?fit=700%2C525&ssl=1","width":700,"height":525,"caption":"collier plastron Night Call, bead embroidery"},{"@type":"BreadcrumbList","@id":"https:\/\/bearly-n.com\/produit\/collier-plastron-night-style-amerindien\/#breadcrumb","itemListElement":[{"@type":"ListItem","position":1,"name":"Accueil","item":"https:\/\/bearly-n.com\/"},{"@type":"ListItem","position":2,"name":"Boutique en ligne","item":"https:\/\/bearly-n.com\/en\/boutique-en-ligne\/"},{"@type":"ListItem","position":3,"name":"Collier plastron Night Call,bijou de style am\u00e9rindien"}]},{"@type":"WebSite","@id":"https:\/\/bearly-n.com\/#website","url":"https:\/\/bearly-n.com\/","name":"BearlyN, bijoux de caract\u00e8re","description":"Bijoux de Caract\u00e8re","publisher":{"@id":"https:\/\/bearly-n.com\/#organization"},"potentialAction":[{"@type":"SearchAction","target":{"@type":"EntryPoint","urlTemplate":"https:\/\/bearly-n.com\/?s={search_term_string}"},"query-input":{"@type":"PropertyValueSpecification","valueRequired":true,"valueName":"search_term_string"}}],"inLanguage":"en-US"},{"@type":"Organization","@id":"https:\/\/bearly-n.com\/#organization","name":"BearlyN","url":"https:\/\/bearly-n.com\/","logo":{"@type":"ImageObject","inLanguage":"en-US","@id":"https:\/\/bearly-n.com\/#\/schema\/logo\/image\/","url":"https:\/\/i1.wp.com\/bearly-n.com\/wp-content\/uploads\/2016\/12\/logo.jpg?fit=630%2C270&ssl=1","contentUrl":"https:\/\/i1.wp.com\/bearly-n.com\/wp-content\/uploads\/2016\/12\/logo.jpg?fit=630%2C270&ssl=1","width":630,"height":270,"caption":"BearlyN"},"image":{"@id":"https:\/\/bearly-n.com\/#\/schema\/logo\/image\/"},"sameAs":["https:\/\/www.facebook.com\/Bearly-N-881942331934180\/","http:\/\/bearlyn","https:\/\/www.linkedin.com\/company\/bearly-n\/","https:\/\/fr.pinterest.com\/Bearlynterest\/"]}]}},"jetpack_publicize_connections":[],"jetpack_sharing_enabled":true,"jetpack_likes_enabled":true,"_links":{"self":[{"href":"https:\/\/bearly-n.com\/en\/wp-json\/wp\/v2\/product\/851","targetHints":{"allow":["GET"]}}],"collection":[{"href":"https:\/\/bearly-n.com\/en\/wp-json\/wp\/v2\/product"}],"about":[{"href":"https:\/\/bearly-n.com\/en\/wp-json\/wp\/v2\/types\/product"}],"replies":[{"embeddable":true,"href":"https:\/\/bearly-n.com\/en\/wp-json\/wp\/v2\/comments?post=851"}],"version-history":[{"count":1,"href":"https:\/\/bearly-n.com\/en\/wp-json\/wp\/v2\/product\/851\/revisions"}],"predecessor-version":[{"id":6915,"href":"https:\/\/bearly-n.com\/en\/wp-json\/wp\/v2\/product\/851\/revisions\/6915"}],"wp:featuredmedia":[{"embeddable":true,"href":"https:\/\/bearly-n.com\/en\/wp-json\/wp\/v2\/media\/678"}],"wp:attachment":[{"href":"https:\/\/bearly-n.com\/en\/wp-json\/wp\/v2\/media?parent=851"}],"wp:term":[{"taxonomy":"product_brand","embeddable":true,"href":"https:\/\/bearly-n.com\/en\/wp-json\/wp\/v2\/product_brand?post=851"},{"taxonomy":"product_cat","embeddable":true,"href":"https:\/\/bearly-n.com\/en\/wp-json\/wp\/v2\/product_cat?post=851"},{"taxonomy":"product_tag","embeddable":true,"href":"https:\/\/bearly-n.com\/en\/wp-json\/wp\/v2\/product_tag?post=851"}],"curies":[{"name":"wp","href":"https:\/\/api.w.org\/{rel}","templated":true}]}}