{"id":8502,"date":"2021-02-10T17:15:03","date_gmt":"2021-02-10T16:15:03","guid":{"rendered":"https:\/\/bearly-n.com\/?post_type=product&#038;p=8502"},"modified":"2021-12-07T17:12:53","modified_gmt":"2021-12-07T16:12:53","slug":"boutons-de-manchette-ronds-crocodile-fauve","status":"publish","type":"product","link":"https:\/\/bearly-n.com\/en\/product\/boutons-de-manchette-ronds-crocodile-fauve\/","title":{"rendered":"Boutons de manchette ronds, v\u00e9ritable crocodile fauve"},"content":{"rendered":"<p>Une touche d&rsquo;\u00e9l\u00e9gance avec cette paire de boutons de manchette en cuir de crocodile et m\u00e9tal plaqu\u00e9 rhodi\u00e9, chics et intemporels.<\/p>\n<p>Cuir de crocodile fauve et lisse, pris dans le flanc; de petites \u00e9cailles particuli\u00e8rement adapt\u00e9es pour la bijouterie et les petits accessoires. J&rsquo;utilise des chutes de production provenant de grandes maisons.<\/p>\n<p>Bouton de manchette en laiton plaqu\u00e9 rhodi\u00e9, avec un insert rond de cuir de 16 mm. L&rsquo;ext\u00e9rieur est d&rsquo;environ 19 mm, l&rsquo;\u00e9paisseur de 3 mm.<br \/>\nIls sont fix\u00e9s au poignet par un raccord en U coud\u00e9.<\/p>\n<p>Le m\u00e9tal rhodi\u00e9 ne noircit pas et se nettoie facilement.<\/p>\n<p>Boutons livr\u00e9s dans leur \u00e9crin sign\u00e9 \u00ab\u00a0BearlyN\u00a0\u00bb, en simili cuir noir. Un cadeau haut de gamme pour homme.<\/p>\n<p>S\u00e9rie limit\u00e9e.<\/p>","protected":false},"excerpt":{"rendered":"<p>Boutons de manchette de forme ronde et empi\u00e8cement en crocodile v\u00e9ritable de couleur fauve.<\/p>\n<p>M\u00e9tal rhodi\u00e9.<\/p>\n<p>S\u00e9rie limit\u00e9e.<\/p>\n<p>Livr\u00e9 dans son \u00e9crin.<\/p>","protected":false},"featured_media":8487,"comment_status":"open","ping_status":"closed","template":"","meta":{"_price":"36","_stock":"0","_tribe_ticket_header":"","_tribe_default_ticket_provider":"","_tribe_ticket_capacity":"1","_ticket_start_date":"","_ticket_end_date":"","_tribe_ticket_show_description":"","_tribe_ticket_show_not_going":false,"_tribe_ticket_use_global_stock":"","_tribe_ticket_global_stock_level":"","_global_stock_mode":"","_global_stock_cap":"","_tribe_rsvp_for_event":"","_tribe_ticket_going_count":"","_tribe_ticket_not_going_count":"","_tribe_tickets_list":"[]","_tribe_ticket_has_attendee_info_fields":false,"jetpack_post_was_ever_published":false,"jetpack_publicize_message":"","jetpack_publicize_feature_enabled":true,"jetpack_social_post_already_shared":true,"jetpack_social_options":{"image_generator_settings":{"template":"highway","default_image_id":0,"font":"","enabled":false},"version":2}},"product_brand":[],"product_cat":[590,392],"product_tag":[],"class_list":{"0":"post-8502","1":"product","2":"type-product","3":"status-publish","4":"has-post-thumbnail","6":"product_cat-boutons-de-manchette","7":"product_cat-accessoires","8":"product_shipping_class-forfait-50-a-250-g","9":"pa_couleur-fauve","11":"first","12":"onbackorder","13":"shipping-taxable","14":"purchasable","15":"product-type-simple"},"yoast_head":"<!-- This site is optimized with the Yoast SEO plugin v26.2 - https:\/\/yoast.com\/wordpress\/plugins\/seo\/ -->\n<title>Boutons de manchette ronds, v\u00e9ritable crocodile fauve - BearlyN<\/title>\n<meta name=\"description\" content=\"Une touche d&#039;\u00e9l\u00e9gance intemporelle avec ces boutons de manchette ronds en cuir de crocodile couleur fauve et m\u00e9tal rhodi\u00e9. Livr\u00e9s dans leur \u00e9crin.\" \/>\n<meta name=\"robots\" content=\"index, follow, max-snippet:-1, max-image-preview:large, max-video-preview:-1\" \/>\n<link rel=\"canonical\" href=\"https:\/\/bearly-n.com\/en\/product\/boutons-de-manchette-ronds-crocodile-fauve\/\" \/>\n<meta property=\"og:locale\" content=\"en_US\" \/>\n<meta property=\"og:type\" content=\"article\" \/>\n<meta property=\"og:title\" content=\"Boutons de manchette ronds, v\u00e9ritable crocodile fauve - BearlyN\" \/>\n<meta property=\"og:description\" content=\"Une touche d&#039;\u00e9l\u00e9gance intemporelle avec ces boutons de manchette ronds en cuir de crocodile couleur fauve et m\u00e9tal rhodi\u00e9. Livr\u00e9s dans leur \u00e9crin.\" \/>\n<meta property=\"og:url\" content=\"https:\/\/bearly-n.com\/en\/product\/boutons-de-manchette-ronds-crocodile-fauve\/\" \/>\n<meta property=\"og:site_name\" content=\"BearlyN\" \/>\n<meta property=\"article:publisher\" content=\"https:\/\/www.facebook.com\/Bearly-N-881942331934180\/\" \/>\n<meta property=\"article:modified_time\" content=\"2021-12-07T16:12:53+00:00\" \/>\n<meta property=\"og:image\" content=\"https:\/\/i0.wp.com\/bearly-n.com\/wp-content\/uploads\/2021\/02\/boutons-de-manchette-ronds-crocodile-brun-BearlyN.jpg?fit=2000%2C2000&ssl=1\" \/>\n\t<meta property=\"og:image:width\" content=\"2000\" \/>\n\t<meta property=\"og:image:height\" content=\"2000\" \/>\n\t<meta property=\"og:image:type\" content=\"image\/jpeg\" \/>\n<meta name=\"twitter:card\" content=\"summary_large_image\" \/>\n<meta name=\"twitter:label1\" content=\"Est. reading time\" \/>\n\t<meta name=\"twitter:data1\" content=\"1 minute\" \/>\n<script type=\"application\/ld+json\" class=\"yoast-schema-graph\">{\"@context\":\"https:\/\/schema.org\",\"@graph\":[{\"@type\":\"WebPage\",\"@id\":\"https:\/\/bearly-n.com\/produit\/boutons-de-manchette-ronds-crocodile-fauve\/\",\"url\":\"https:\/\/bearly-n.com\/produit\/boutons-de-manchette-ronds-crocodile-fauve\/\",\"name\":\"Boutons de manchette ronds, v\u00e9ritable crocodile fauve - BearlyN\",\"isPartOf\":{\"@id\":\"https:\/\/bearly-n.com\/#website\"},\"primaryImageOfPage\":{\"@id\":\"https:\/\/bearly-n.com\/produit\/boutons-de-manchette-ronds-crocodile-fauve\/#primaryimage\"},\"image\":{\"@id\":\"https:\/\/bearly-n.com\/produit\/boutons-de-manchette-ronds-crocodile-fauve\/#primaryimage\"},\"thumbnailUrl\":\"https:\/\/i0.wp.com\/bearly-n.com\/wp-content\/uploads\/2021\/02\/boutons-de-manchette-ronds-crocodile-brun-BearlyN.jpg?fit=2000%2C2000&ssl=1\",\"datePublished\":\"2021-02-10T16:15:03+00:00\",\"dateModified\":\"2021-12-07T16:12:53+00:00\",\"description\":\"Une touche d'\u00e9l\u00e9gance intemporelle avec ces boutons de manchette ronds en cuir de crocodile couleur fauve et m\u00e9tal rhodi\u00e9. Livr\u00e9s dans leur \u00e9crin.\",\"breadcrumb\":{\"@id\":\"https:\/\/bearly-n.com\/produit\/boutons-de-manchette-ronds-crocodile-fauve\/#breadcrumb\"},\"inLanguage\":\"en-US\",\"potentialAction\":[{\"@type\":\"ReadAction\",\"target\":[\"https:\/\/bearly-n.com\/produit\/boutons-de-manchette-ronds-crocodile-fauve\/\"]}]},{\"@type\":\"ImageObject\",\"inLanguage\":\"en-US\",\"@id\":\"https:\/\/bearly-n.com\/produit\/boutons-de-manchette-ronds-crocodile-fauve\/#primaryimage\",\"url\":\"https:\/\/i0.wp.com\/bearly-n.com\/wp-content\/uploads\/2021\/02\/boutons-de-manchette-ronds-crocodile-brun-BearlyN.jpg?fit=2000%2C2000&ssl=1\",\"contentUrl\":\"https:\/\/i0.wp.com\/bearly-n.com\/wp-content\/uploads\/2021\/02\/boutons-de-manchette-ronds-crocodile-brun-BearlyN.jpg?fit=2000%2C2000&ssl=1\",\"width\":2000,\"height\":2000,\"caption\":\"boutons de manchette ronds crocodile brun-BearlyN\"},{\"@type\":\"BreadcrumbList\",\"@id\":\"https:\/\/bearly-n.com\/produit\/boutons-de-manchette-ronds-crocodile-fauve\/#breadcrumb\",\"itemListElement\":[{\"@type\":\"ListItem\",\"position\":1,\"name\":\"Accueil\",\"item\":\"https:\/\/bearly-n.com\/\"},{\"@type\":\"ListItem\",\"position\":2,\"name\":\"Boutique en ligne\",\"item\":\"https:\/\/bearly-n.com\/en\/boutique-en-ligne\/\"},{\"@type\":\"ListItem\",\"position\":3,\"name\":\"Boutons de manchette ronds, v\u00e9ritable crocodile fauve\"}]},{\"@type\":\"WebSite\",\"@id\":\"https:\/\/bearly-n.com\/#website\",\"url\":\"https:\/\/bearly-n.com\/\",\"name\":\"BearlyN, bijoux de caract\u00e8re\",\"description\":\"Bijoux de Caract\u00e8re\",\"publisher\":{\"@id\":\"https:\/\/bearly-n.com\/#organization\"},\"potentialAction\":[{\"@type\":\"SearchAction\",\"target\":{\"@type\":\"EntryPoint\",\"urlTemplate\":\"https:\/\/bearly-n.com\/?s={search_term_string}\"},\"query-input\":{\"@type\":\"PropertyValueSpecification\",\"valueRequired\":true,\"valueName\":\"search_term_string\"}}],\"inLanguage\":\"en-US\"},{\"@type\":\"Organization\",\"@id\":\"https:\/\/bearly-n.com\/#organization\",\"name\":\"BearlyN\",\"url\":\"https:\/\/bearly-n.com\/\",\"logo\":{\"@type\":\"ImageObject\",\"inLanguage\":\"en-US\",\"@id\":\"https:\/\/bearly-n.com\/#\/schema\/logo\/image\/\",\"url\":\"https:\/\/i1.wp.com\/bearly-n.com\/wp-content\/uploads\/2016\/12\/logo.jpg?fit=630%2C270&ssl=1\",\"contentUrl\":\"https:\/\/i1.wp.com\/bearly-n.com\/wp-content\/uploads\/2016\/12\/logo.jpg?fit=630%2C270&ssl=1\",\"width\":630,\"height\":270,\"caption\":\"BearlyN\"},\"image\":{\"@id\":\"https:\/\/bearly-n.com\/#\/schema\/logo\/image\/\"},\"sameAs\":[\"https:\/\/www.facebook.com\/Bearly-N-881942331934180\/\",\"http:\/\/bearlyn\",\"https:\/\/www.linkedin.com\/company\/bearly-n\/\",\"https:\/\/fr.pinterest.com\/Bearlynterest\/\"]}]}<\/script>\n<!-- \/ Yoast SEO plugin. -->","yoast_head_json":{"title":"Boutons de manchette ronds, v\u00e9ritable crocodile fauve - BearlyN","description":"Une touche d'\u00e9l\u00e9gance intemporelle avec ces boutons de manchette ronds en cuir de crocodile couleur fauve et m\u00e9tal rhodi\u00e9. Livr\u00e9s dans leur \u00e9crin.","robots":{"index":"index","follow":"follow","max-snippet":"max-snippet:-1","max-image-preview":"max-image-preview:large","max-video-preview":"max-video-preview:-1"},"canonical":"https:\/\/bearly-n.com\/en\/product\/boutons-de-manchette-ronds-crocodile-fauve\/","og_locale":"en_US","og_type":"article","og_title":"Boutons de manchette ronds, v\u00e9ritable crocodile fauve - BearlyN","og_description":"Une touche d'\u00e9l\u00e9gance intemporelle avec ces boutons de manchette ronds en cuir de crocodile couleur fauve et m\u00e9tal rhodi\u00e9. Livr\u00e9s dans leur \u00e9crin.","og_url":"https:\/\/bearly-n.com\/en\/product\/boutons-de-manchette-ronds-crocodile-fauve\/","og_site_name":"BearlyN","article_publisher":"https:\/\/www.facebook.com\/Bearly-N-881942331934180\/","article_modified_time":"2021-12-07T16:12:53+00:00","og_image":[{"width":2000,"height":2000,"url":"https:\/\/i0.wp.com\/bearly-n.com\/wp-content\/uploads\/2021\/02\/boutons-de-manchette-ronds-crocodile-brun-BearlyN.jpg?fit=2000%2C2000&ssl=1","type":"image\/jpeg"}],"twitter_card":"summary_large_image","twitter_misc":{"Est. reading time":"1 minute"},"schema":{"@context":"https:\/\/schema.org","@graph":[{"@type":"WebPage","@id":"https:\/\/bearly-n.com\/produit\/boutons-de-manchette-ronds-crocodile-fauve\/","url":"https:\/\/bearly-n.com\/produit\/boutons-de-manchette-ronds-crocodile-fauve\/","name":"Boutons de manchette ronds, v\u00e9ritable crocodile fauve - BearlyN","isPartOf":{"@id":"https:\/\/bearly-n.com\/#website"},"primaryImageOfPage":{"@id":"https:\/\/bearly-n.com\/produit\/boutons-de-manchette-ronds-crocodile-fauve\/#primaryimage"},"image":{"@id":"https:\/\/bearly-n.com\/produit\/boutons-de-manchette-ronds-crocodile-fauve\/#primaryimage"},"thumbnailUrl":"https:\/\/i0.wp.com\/bearly-n.com\/wp-content\/uploads\/2021\/02\/boutons-de-manchette-ronds-crocodile-brun-BearlyN.jpg?fit=2000%2C2000&ssl=1","datePublished":"2021-02-10T16:15:03+00:00","dateModified":"2021-12-07T16:12:53+00:00","description":"Une touche d'\u00e9l\u00e9gance intemporelle avec ces boutons de manchette ronds en cuir de crocodile couleur fauve et m\u00e9tal rhodi\u00e9. Livr\u00e9s dans leur \u00e9crin.","breadcrumb":{"@id":"https:\/\/bearly-n.com\/produit\/boutons-de-manchette-ronds-crocodile-fauve\/#breadcrumb"},"inLanguage":"en-US","potentialAction":[{"@type":"ReadAction","target":["https:\/\/bearly-n.com\/produit\/boutons-de-manchette-ronds-crocodile-fauve\/"]}]},{"@type":"ImageObject","inLanguage":"en-US","@id":"https:\/\/bearly-n.com\/produit\/boutons-de-manchette-ronds-crocodile-fauve\/#primaryimage","url":"https:\/\/i0.wp.com\/bearly-n.com\/wp-content\/uploads\/2021\/02\/boutons-de-manchette-ronds-crocodile-brun-BearlyN.jpg?fit=2000%2C2000&ssl=1","contentUrl":"https:\/\/i0.wp.com\/bearly-n.com\/wp-content\/uploads\/2021\/02\/boutons-de-manchette-ronds-crocodile-brun-BearlyN.jpg?fit=2000%2C2000&ssl=1","width":2000,"height":2000,"caption":"boutons de manchette ronds crocodile brun-BearlyN"},{"@type":"BreadcrumbList","@id":"https:\/\/bearly-n.com\/produit\/boutons-de-manchette-ronds-crocodile-fauve\/#breadcrumb","itemListElement":[{"@type":"ListItem","position":1,"name":"Accueil","item":"https:\/\/bearly-n.com\/"},{"@type":"ListItem","position":2,"name":"Boutique en ligne","item":"https:\/\/bearly-n.com\/en\/boutique-en-ligne\/"},{"@type":"ListItem","position":3,"name":"Boutons de manchette ronds, v\u00e9ritable crocodile fauve"}]},{"@type":"WebSite","@id":"https:\/\/bearly-n.com\/#website","url":"https:\/\/bearly-n.com\/","name":"BearlyN, bijoux de caract\u00e8re","description":"Bijoux de Caract\u00e8re","publisher":{"@id":"https:\/\/bearly-n.com\/#organization"},"potentialAction":[{"@type":"SearchAction","target":{"@type":"EntryPoint","urlTemplate":"https:\/\/bearly-n.com\/?s={search_term_string}"},"query-input":{"@type":"PropertyValueSpecification","valueRequired":true,"valueName":"search_term_string"}}],"inLanguage":"en-US"},{"@type":"Organization","@id":"https:\/\/bearly-n.com\/#organization","name":"BearlyN","url":"https:\/\/bearly-n.com\/","logo":{"@type":"ImageObject","inLanguage":"en-US","@id":"https:\/\/bearly-n.com\/#\/schema\/logo\/image\/","url":"https:\/\/i1.wp.com\/bearly-n.com\/wp-content\/uploads\/2016\/12\/logo.jpg?fit=630%2C270&ssl=1","contentUrl":"https:\/\/i1.wp.com\/bearly-n.com\/wp-content\/uploads\/2016\/12\/logo.jpg?fit=630%2C270&ssl=1","width":630,"height":270,"caption":"BearlyN"},"image":{"@id":"https:\/\/bearly-n.com\/#\/schema\/logo\/image\/"},"sameAs":["https:\/\/www.facebook.com\/Bearly-N-881942331934180\/","http:\/\/bearlyn","https:\/\/www.linkedin.com\/company\/bearly-n\/","https:\/\/fr.pinterest.com\/Bearlynterest\/"]}]}},"jetpack_publicize_connections":[],"jetpack_sharing_enabled":true,"jetpack_likes_enabled":true,"_links":{"self":[{"href":"https:\/\/bearly-n.com\/en\/wp-json\/wp\/v2\/product\/8502","targetHints":{"allow":["GET"]}}],"collection":[{"href":"https:\/\/bearly-n.com\/en\/wp-json\/wp\/v2\/product"}],"about":[{"href":"https:\/\/bearly-n.com\/en\/wp-json\/wp\/v2\/types\/product"}],"replies":[{"embeddable":true,"href":"https:\/\/bearly-n.com\/en\/wp-json\/wp\/v2\/comments?post=8502"}],"version-history":[{"count":1,"href":"https:\/\/bearly-n.com\/en\/wp-json\/wp\/v2\/product\/8502\/revisions"}],"predecessor-version":[{"id":8503,"href":"https:\/\/bearly-n.com\/en\/wp-json\/wp\/v2\/product\/8502\/revisions\/8503"}],"wp:featuredmedia":[{"embeddable":true,"href":"https:\/\/bearly-n.com\/en\/wp-json\/wp\/v2\/media\/8487"}],"wp:attachment":[{"href":"https:\/\/bearly-n.com\/en\/wp-json\/wp\/v2\/media?parent=8502"}],"wp:term":[{"taxonomy":"product_brand","embeddable":true,"href":"https:\/\/bearly-n.com\/en\/wp-json\/wp\/v2\/product_brand?post=8502"},{"taxonomy":"product_cat","embeddable":true,"href":"https:\/\/bearly-n.com\/en\/wp-json\/wp\/v2\/product_cat?post=8502"},{"taxonomy":"product_tag","embeddable":true,"href":"https:\/\/bearly-n.com\/en\/wp-json\/wp\/v2\/product_tag?post=8502"}],"curies":[{"name":"wp","href":"https:\/\/api.w.org\/{rel}","templated":true}]}}