{"id":7943,"date":"2020-10-22T17:00:07","date_gmt":"2020-10-22T15:00:07","guid":{"rendered":"https:\/\/bearly-n.com\/?post_type=product&#038;p=7943"},"modified":"2020-10-22T17:15:27","modified_gmt":"2020-10-22T15:15:27","slug":"pendentif-ovale-agate-calcedoine","status":"publish","type":"product","link":"https:\/\/bearly-n.com\/en\/product\/pendentif-ovale-agate-calcedoine\/","title":{"rendered":"Pendentif ovale d&rsquo;Agate calc\u00e9doine et jaspe rouge"},"content":{"rendered":"<p>Un collier pendentif \u00e9pur\u00e9, simplement brod\u00e9 pour mettre en avant l&rsquo;\u00e9tonnante pierre semi pr\u00e9cieuse qui le compose. A porter en toute occasion.<\/p>\n<h3>Informations Principales<\/h3>\n<ul>\n<li>Cabochon d&rsquo;Agate calc\u00e9doine et Jaspe rouge dans une matrice de gr\u00e8s ferrugineux(Maroc). On trouve dans cette pierre des nuances de rouge, de brun, de blanc; un enchev\u00eatrement constitu\u00e9 par les d\u00e9p\u00f4ts successifs de m\u00e9taux et de mat\u00e9riaux lui conf\u00e8rent non seulement des tons et couleurs diff\u00e9rents, mais aussi un l\u2019enchev\u00eatrement particulier de couches et de lignes. Une tr\u00e8s belle pierre taill\u00e9e en forme ovale<\/li>\n<li>Serti et brod\u00e9 de perles de verre chocolat et rouges.<\/li>\n<li>Doubl\u00e9 de cuir de veau brun. Sign\u00e9 BearlyN par marquage \u00e0 chaud<\/li>\n<li>Collier constitu\u00e9 d&rsquo;un cordon de cuir de teinte naturelle et d&rsquo;un fermoir en acier inox, pour un contact sans risque avec la peau.<\/li>\n<\/ul>","protected":false},"excerpt":{"rendered":"<p>Un pendentif aux teintes chaudes, facile \u00e0 porter au quotidien.<\/p>\n<h3>Informations Principales<\/h3>\n<ul>\n<li>Cabochon d&rsquo; Agate calc\u00e9doinet et jaspe rouge, serti et brod\u00e9 de perles de couleurs marron et rouges. Le pendentif mesure 58 x 34 mm. Accompagn\u00e9 de son collier (44 cm)<\/li>\n<li>Doubl\u00e9 de cuir de veau brun<\/li>\n<li>pi\u00e8ce unique, livr\u00e9e dans son \u00e9crin<\/li>\n<li>Envoi rapide, par transporteur<\/li>\n<\/ul>","protected":false},"featured_media":7243,"comment_status":"open","ping_status":"closed","template":"","meta":{"_price":"120","_stock":"1","_tribe_ticket_header":"","_tribe_default_ticket_provider":"","_tribe_ticket_capacity":"1","_ticket_start_date":"","_ticket_end_date":"","_tribe_ticket_show_description":"","_tribe_ticket_show_not_going":false,"_tribe_ticket_use_global_stock":"","_tribe_ticket_global_stock_level":"","_global_stock_mode":"","_global_stock_cap":"","_tribe_rsvp_for_event":"","_tribe_ticket_going_count":"","_tribe_ticket_not_going_count":"","_tribe_tickets_list":"[]","_tribe_ticket_has_attendee_info_fields":false,"jetpack_post_was_ever_published":false,"jetpack_publicize_message":"","jetpack_publicize_feature_enabled":true,"jetpack_social_post_already_shared":false,"jetpack_social_options":{"image_generator_settings":{"template":"highway","default_image_id":0,"font":"","enabled":false},"version":2}},"product_brand":[],"product_cat":[108,110],"product_tag":[],"class_list":{"0":"post-7943","1":"product","2":"type-product","3":"status-publish","4":"has-post-thumbnail","6":"product_cat-pendentifs","7":"product_cat-medaillon","8":"product_shipping_class-gratuite","9":"pa_couleur-brun","10":"pa_couleur-rouge","12":"first","13":"instock","14":"sold-individually","15":"shipping-taxable","16":"purchasable","17":"product-type-simple"},"yoast_head":"<!-- This site is optimized with the Yoast SEO plugin v26.2 - https:\/\/yoast.com\/wordpress\/plugins\/seo\/ -->\n<title>Pendentif ovale d&#039;Agate calc\u00e9doine et jaspe rouge - BearlyN<\/title>\n<meta name=\"description\" content=\"Craquez pour cet \u00e9tonnant pendentif d&#039;Agate et jaspe rouge. Doublure en cuir de veau.Une pi\u00e8ce unique sign\u00e9e BearlyN.\" \/>\n<meta name=\"robots\" content=\"index, follow, max-snippet:-1, max-image-preview:large, max-video-preview:-1\" \/>\n<link rel=\"canonical\" href=\"https:\/\/bearly-n.com\/en\/product\/pendentif-ovale-agate-calcedoine\/\" \/>\n<meta property=\"og:locale\" content=\"en_US\" \/>\n<meta property=\"og:type\" content=\"article\" \/>\n<meta property=\"og:title\" content=\"Pendentif ovale d&#039;Agate calc\u00e9doine et jaspe rouge - BearlyN\" \/>\n<meta property=\"og:description\" content=\"Craquez pour cet \u00e9tonnant pendentif d&#039;Agate et jaspe rouge. Doublure en cuir de veau.Une pi\u00e8ce unique sign\u00e9e BearlyN.\" \/>\n<meta property=\"og:url\" content=\"https:\/\/bearly-n.com\/en\/product\/pendentif-ovale-agate-calcedoine\/\" \/>\n<meta property=\"og:site_name\" content=\"BearlyN\" \/>\n<meta property=\"article:publisher\" content=\"https:\/\/www.facebook.com\/Bearly-N-881942331934180\/\" \/>\n<meta property=\"article:modified_time\" content=\"2020-10-22T15:15:27+00:00\" \/>\n<meta property=\"og:image\" content=\"https:\/\/bearly-n.com\/wp-content\/uploads\/2020\/09\/Agate-calcedoine-en-pendentif_BearlyN.jpg\" \/>\n\t<meta property=\"og:image:width\" content=\"1600\" \/>\n\t<meta property=\"og:image:height\" content=\"1600\" \/>\n\t<meta property=\"og:image:type\" content=\"image\/jpeg\" \/>\n<meta name=\"twitter:card\" content=\"summary_large_image\" \/>\n<meta name=\"twitter:label1\" content=\"Est. reading time\" \/>\n\t<meta name=\"twitter:data1\" content=\"1 minute\" \/>\n<script type=\"application\/ld+json\" class=\"yoast-schema-graph\">{\"@context\":\"https:\/\/schema.org\",\"@graph\":[{\"@type\":\"WebPage\",\"@id\":\"https:\/\/bearly-n.com\/produit\/pendentif-ovale-agate-calcedoine\/\",\"url\":\"https:\/\/bearly-n.com\/produit\/pendentif-ovale-agate-calcedoine\/\",\"name\":\"Pendentif ovale d'Agate calc\u00e9doine et jaspe rouge - BearlyN\",\"isPartOf\":{\"@id\":\"https:\/\/bearly-n.com\/#website\"},\"primaryImageOfPage\":{\"@id\":\"https:\/\/bearly-n.com\/produit\/pendentif-ovale-agate-calcedoine\/#primaryimage\"},\"image\":{\"@id\":\"https:\/\/bearly-n.com\/produit\/pendentif-ovale-agate-calcedoine\/#primaryimage\"},\"thumbnailUrl\":\"https:\/\/i0.wp.com\/bearly-n.com\/wp-content\/uploads\/2020\/09\/Agate-calcedoine-en-pendentif_BearlyN.jpg?fit=1600%2C1600&ssl=1\",\"datePublished\":\"2020-10-22T15:00:07+00:00\",\"dateModified\":\"2020-10-22T15:15:27+00:00\",\"description\":\"Craquez pour cet \u00e9tonnant pendentif d'Agate et jaspe rouge. Doublure en cuir de veau.Une pi\u00e8ce unique sign\u00e9e BearlyN.\",\"breadcrumb\":{\"@id\":\"https:\/\/bearly-n.com\/produit\/pendentif-ovale-agate-calcedoine\/#breadcrumb\"},\"inLanguage\":\"en-US\",\"potentialAction\":[{\"@type\":\"ReadAction\",\"target\":[\"https:\/\/bearly-n.com\/produit\/pendentif-ovale-agate-calcedoine\/\"]}]},{\"@type\":\"ImageObject\",\"inLanguage\":\"en-US\",\"@id\":\"https:\/\/bearly-n.com\/produit\/pendentif-ovale-agate-calcedoine\/#primaryimage\",\"url\":\"https:\/\/i0.wp.com\/bearly-n.com\/wp-content\/uploads\/2020\/09\/Agate-calcedoine-en-pendentif_BearlyN.jpg?fit=1600%2C1600&ssl=1\",\"contentUrl\":\"https:\/\/i0.wp.com\/bearly-n.com\/wp-content\/uploads\/2020\/09\/Agate-calcedoine-en-pendentif_BearlyN.jpg?fit=1600%2C1600&ssl=1\",\"width\":1600,\"height\":1600,\"caption\":\"Agate calcedoine en pendentif_BearlyN\"},{\"@type\":\"BreadcrumbList\",\"@id\":\"https:\/\/bearly-n.com\/produit\/pendentif-ovale-agate-calcedoine\/#breadcrumb\",\"itemListElement\":[{\"@type\":\"ListItem\",\"position\":1,\"name\":\"Accueil\",\"item\":\"https:\/\/bearly-n.com\/\"},{\"@type\":\"ListItem\",\"position\":2,\"name\":\"Boutique en ligne\",\"item\":\"https:\/\/bearly-n.com\/en\/boutique-en-ligne\/\"},{\"@type\":\"ListItem\",\"position\":3,\"name\":\"Pendentif ovale d&rsquo;Agate calc\u00e9doine et jaspe rouge\"}]},{\"@type\":\"WebSite\",\"@id\":\"https:\/\/bearly-n.com\/#website\",\"url\":\"https:\/\/bearly-n.com\/\",\"name\":\"BearlyN, bijoux de caract\u00e8re\",\"description\":\"Bijoux de Caract\u00e8re\",\"publisher\":{\"@id\":\"https:\/\/bearly-n.com\/#organization\"},\"potentialAction\":[{\"@type\":\"SearchAction\",\"target\":{\"@type\":\"EntryPoint\",\"urlTemplate\":\"https:\/\/bearly-n.com\/?s={search_term_string}\"},\"query-input\":{\"@type\":\"PropertyValueSpecification\",\"valueRequired\":true,\"valueName\":\"search_term_string\"}}],\"inLanguage\":\"en-US\"},{\"@type\":\"Organization\",\"@id\":\"https:\/\/bearly-n.com\/#organization\",\"name\":\"BearlyN\",\"url\":\"https:\/\/bearly-n.com\/\",\"logo\":{\"@type\":\"ImageObject\",\"inLanguage\":\"en-US\",\"@id\":\"https:\/\/bearly-n.com\/#\/schema\/logo\/image\/\",\"url\":\"https:\/\/i1.wp.com\/bearly-n.com\/wp-content\/uploads\/2016\/12\/logo.jpg?fit=630%2C270&ssl=1\",\"contentUrl\":\"https:\/\/i1.wp.com\/bearly-n.com\/wp-content\/uploads\/2016\/12\/logo.jpg?fit=630%2C270&ssl=1\",\"width\":630,\"height\":270,\"caption\":\"BearlyN\"},\"image\":{\"@id\":\"https:\/\/bearly-n.com\/#\/schema\/logo\/image\/\"},\"sameAs\":[\"https:\/\/www.facebook.com\/Bearly-N-881942331934180\/\",\"http:\/\/bearlyn\",\"https:\/\/www.linkedin.com\/company\/bearly-n\/\",\"https:\/\/fr.pinterest.com\/Bearlynterest\/\"]}]}<\/script>\n<!-- \/ Yoast SEO plugin. -->","yoast_head_json":{"title":"Pendentif ovale d'Agate calc\u00e9doine et jaspe rouge - BearlyN","description":"Craquez pour cet \u00e9tonnant pendentif d'Agate et jaspe rouge. Doublure en cuir de veau.Une pi\u00e8ce unique sign\u00e9e BearlyN.","robots":{"index":"index","follow":"follow","max-snippet":"max-snippet:-1","max-image-preview":"max-image-preview:large","max-video-preview":"max-video-preview:-1"},"canonical":"https:\/\/bearly-n.com\/en\/product\/pendentif-ovale-agate-calcedoine\/","og_locale":"en_US","og_type":"article","og_title":"Pendentif ovale d'Agate calc\u00e9doine et jaspe rouge - BearlyN","og_description":"Craquez pour cet \u00e9tonnant pendentif d'Agate et jaspe rouge. Doublure en cuir de veau.Une pi\u00e8ce unique sign\u00e9e BearlyN.","og_url":"https:\/\/bearly-n.com\/en\/product\/pendentif-ovale-agate-calcedoine\/","og_site_name":"BearlyN","article_publisher":"https:\/\/www.facebook.com\/Bearly-N-881942331934180\/","article_modified_time":"2020-10-22T15:15:27+00:00","og_image":[{"width":1600,"height":1600,"url":"https:\/\/bearly-n.com\/wp-content\/uploads\/2020\/09\/Agate-calcedoine-en-pendentif_BearlyN.jpg","type":"image\/jpeg"}],"twitter_card":"summary_large_image","twitter_misc":{"Est. reading time":"1 minute"},"schema":{"@context":"https:\/\/schema.org","@graph":[{"@type":"WebPage","@id":"https:\/\/bearly-n.com\/produit\/pendentif-ovale-agate-calcedoine\/","url":"https:\/\/bearly-n.com\/produit\/pendentif-ovale-agate-calcedoine\/","name":"Pendentif ovale d'Agate calc\u00e9doine et jaspe rouge - BearlyN","isPartOf":{"@id":"https:\/\/bearly-n.com\/#website"},"primaryImageOfPage":{"@id":"https:\/\/bearly-n.com\/produit\/pendentif-ovale-agate-calcedoine\/#primaryimage"},"image":{"@id":"https:\/\/bearly-n.com\/produit\/pendentif-ovale-agate-calcedoine\/#primaryimage"},"thumbnailUrl":"https:\/\/i0.wp.com\/bearly-n.com\/wp-content\/uploads\/2020\/09\/Agate-calcedoine-en-pendentif_BearlyN.jpg?fit=1600%2C1600&ssl=1","datePublished":"2020-10-22T15:00:07+00:00","dateModified":"2020-10-22T15:15:27+00:00","description":"Craquez pour cet \u00e9tonnant pendentif d'Agate et jaspe rouge. Doublure en cuir de veau.Une pi\u00e8ce unique sign\u00e9e BearlyN.","breadcrumb":{"@id":"https:\/\/bearly-n.com\/produit\/pendentif-ovale-agate-calcedoine\/#breadcrumb"},"inLanguage":"en-US","potentialAction":[{"@type":"ReadAction","target":["https:\/\/bearly-n.com\/produit\/pendentif-ovale-agate-calcedoine\/"]}]},{"@type":"ImageObject","inLanguage":"en-US","@id":"https:\/\/bearly-n.com\/produit\/pendentif-ovale-agate-calcedoine\/#primaryimage","url":"https:\/\/i0.wp.com\/bearly-n.com\/wp-content\/uploads\/2020\/09\/Agate-calcedoine-en-pendentif_BearlyN.jpg?fit=1600%2C1600&ssl=1","contentUrl":"https:\/\/i0.wp.com\/bearly-n.com\/wp-content\/uploads\/2020\/09\/Agate-calcedoine-en-pendentif_BearlyN.jpg?fit=1600%2C1600&ssl=1","width":1600,"height":1600,"caption":"Agate calcedoine en pendentif_BearlyN"},{"@type":"BreadcrumbList","@id":"https:\/\/bearly-n.com\/produit\/pendentif-ovale-agate-calcedoine\/#breadcrumb","itemListElement":[{"@type":"ListItem","position":1,"name":"Accueil","item":"https:\/\/bearly-n.com\/"},{"@type":"ListItem","position":2,"name":"Boutique en ligne","item":"https:\/\/bearly-n.com\/en\/boutique-en-ligne\/"},{"@type":"ListItem","position":3,"name":"Pendentif ovale d&rsquo;Agate calc\u00e9doine et jaspe rouge"}]},{"@type":"WebSite","@id":"https:\/\/bearly-n.com\/#website","url":"https:\/\/bearly-n.com\/","name":"BearlyN, bijoux de caract\u00e8re","description":"Bijoux de Caract\u00e8re","publisher":{"@id":"https:\/\/bearly-n.com\/#organization"},"potentialAction":[{"@type":"SearchAction","target":{"@type":"EntryPoint","urlTemplate":"https:\/\/bearly-n.com\/?s={search_term_string}"},"query-input":{"@type":"PropertyValueSpecification","valueRequired":true,"valueName":"search_term_string"}}],"inLanguage":"en-US"},{"@type":"Organization","@id":"https:\/\/bearly-n.com\/#organization","name":"BearlyN","url":"https:\/\/bearly-n.com\/","logo":{"@type":"ImageObject","inLanguage":"en-US","@id":"https:\/\/bearly-n.com\/#\/schema\/logo\/image\/","url":"https:\/\/i1.wp.com\/bearly-n.com\/wp-content\/uploads\/2016\/12\/logo.jpg?fit=630%2C270&ssl=1","contentUrl":"https:\/\/i1.wp.com\/bearly-n.com\/wp-content\/uploads\/2016\/12\/logo.jpg?fit=630%2C270&ssl=1","width":630,"height":270,"caption":"BearlyN"},"image":{"@id":"https:\/\/bearly-n.com\/#\/schema\/logo\/image\/"},"sameAs":["https:\/\/www.facebook.com\/Bearly-N-881942331934180\/","http:\/\/bearlyn","https:\/\/www.linkedin.com\/company\/bearly-n\/","https:\/\/fr.pinterest.com\/Bearlynterest\/"]}]}},"jetpack_publicize_connections":[],"jetpack_sharing_enabled":true,"jetpack_likes_enabled":true,"_links":{"self":[{"href":"https:\/\/bearly-n.com\/en\/wp-json\/wp\/v2\/product\/7943","targetHints":{"allow":["GET"]}}],"collection":[{"href":"https:\/\/bearly-n.com\/en\/wp-json\/wp\/v2\/product"}],"about":[{"href":"https:\/\/bearly-n.com\/en\/wp-json\/wp\/v2\/types\/product"}],"replies":[{"embeddable":true,"href":"https:\/\/bearly-n.com\/en\/wp-json\/wp\/v2\/comments?post=7943"}],"version-history":[{"count":1,"href":"https:\/\/bearly-n.com\/en\/wp-json\/wp\/v2\/product\/7943\/revisions"}],"predecessor-version":[{"id":7944,"href":"https:\/\/bearly-n.com\/en\/wp-json\/wp\/v2\/product\/7943\/revisions\/7944"}],"wp:featuredmedia":[{"embeddable":true,"href":"https:\/\/bearly-n.com\/en\/wp-json\/wp\/v2\/media\/7243"}],"wp:attachment":[{"href":"https:\/\/bearly-n.com\/en\/wp-json\/wp\/v2\/media?parent=7943"}],"wp:term":[{"taxonomy":"product_brand","embeddable":true,"href":"https:\/\/bearly-n.com\/en\/wp-json\/wp\/v2\/product_brand?post=7943"},{"taxonomy":"product_cat","embeddable":true,"href":"https:\/\/bearly-n.com\/en\/wp-json\/wp\/v2\/product_cat?post=7943"},{"taxonomy":"product_tag","embeddable":true,"href":"https:\/\/bearly-n.com\/en\/wp-json\/wp\/v2\/product_tag?post=7943"}],"curies":[{"name":"wp","href":"https:\/\/api.w.org\/{rel}","templated":true}]}}