{"id":7127,"date":"2020-06-29T16:33:48","date_gmt":"2020-06-29T14:33:48","guid":{"rendered":"https:\/\/bearly-n.com\/?post_type=product&#038;p=7127"},"modified":"2021-05-19T14:57:29","modified_gmt":"2021-05-19T12:57:29","slug":"bracelet-manchette-art-deco","status":"publish","type":"product","link":"https:\/\/bearly-n.com\/en\/product\/bracelet-manchette-art-deco\/","title":{"rendered":"Bracelet manchette inspiration Art D\u00e9co"},"content":{"rendered":"<h2><strong>Bracelet manchette inspiration Art D\u00e9co, cabochon de Chrysocolle cuprite et broderie de perles de verre sur taurillon de couleur plomb.<\/strong><\/h2>\n<ul>\n<li>Large bracelet en cuir de taurillon grain\u00e9 de teinte plomb, brod\u00e9 de perles de verre et d&rsquo;un cabochon de pierre semi-pr\u00e9cieuse.<\/li>\n<li>Le cabochon central est en Chrysocolle cuprite (Mexique), \u00a0taill\u00e9 en forme de goutte. La pierre pr\u00e9sente un tr\u00e8s beau veinage rouge. Elle est sertie et brod\u00e9e de perles directement sur le cuir.<\/li>\n<li>La broderie de perles (verre) reprennent les teintes bleu turquoise et rouge de la pierre, avec quelques petites touches de perles dor\u00e9es pour apporter de l&rsquo;\u00e9clat.<\/li>\n<li>Le cuir brod\u00e9 repose sur une \u00e2me en laiton, ce qui permet d&rsquo;ajuster votre manchette \u00e0 votre poignet, par l\u00e9g\u00e8re pression.<\/li>\n<li>L&rsquo;ensemble est doubl\u00e9 de cuir acajou (tannage v\u00e9g\u00e9tal) sign\u00e9 BearlyN par marquage \u00e0 chaud et un dernier rang de perles de couleur turquoise est brod\u00e9 sur les tranches, pour une finition soign\u00e9e.<\/li>\n<\/ul>\n<p>Il s&rsquo;agit d&rsquo;une pi\u00e8ce unique et sign\u00e9e. Toutes les \u00e9tapes de sa r\u00e9alisation ont \u00e9t\u00e9 effectu\u00e9es \u00e0 la main.<\/p>\n<h2>Entretien<\/h2>\n<ul>\n<li>Le cuir peut \u00eatre simplement nettoy\u00e9 avec un linge humide et un peu de savon glyc\u00e9rin\u00e9.<\/li>\n<li>La partie brod\u00e9e peut \u00eatre d\u00e9poussi\u00e9r\u00e9e \u00e0 l&rsquo;aide d&rsquo;un pinceau souple et d&rsquo;un chiffon l\u00e9g\u00e8rement humide.<\/li>\n<li><strong>Eviter le contact avec l&rsquo;eau.<\/strong><\/li>\n<\/ul>\n<h2>Accessoires fournis<\/h2>\n<p>Mes bijoux sont fournis avec une bo\u00eete noire en carton rigide, doubl\u00e9e de satin noir. L&#8217;emballage est soign\u00e9, cela en fait un produit pr\u00eat \u00e0 offrir&#8230;ou \u00e0 s&rsquo;offrir!<\/p>\n<p>&nbsp;<\/p>","protected":false},"excerpt":{"rendered":"<p>Collection\u00a0<strong>\u00ab Once Upon A Time \u00bb.<\/strong><\/p>\n<p>Cabochon de Chrysocolle cuprite serti de perles bleu turquoise et broderie de perles de verre sur cuir de taurillon de teinte plomb pour une manchette d&rsquo;esprit Art D\u00e9co.<\/p>\n<p>Frais de port offerts, envoi en colis suivi.<\/p>","protected":false},"featured_media":7123,"comment_status":"open","ping_status":"closed","template":"","meta":{"_price":"122","_stock":"0","_tribe_ticket_header":"","_tribe_default_ticket_provider":"","_tribe_ticket_capacity":"1","_ticket_start_date":"","_ticket_end_date":"","_tribe_ticket_show_description":"","_tribe_ticket_show_not_going":false,"_tribe_ticket_use_global_stock":"","_tribe_ticket_global_stock_level":"","_global_stock_mode":"","_global_stock_cap":"","_tribe_rsvp_for_event":"","_tribe_ticket_going_count":"","_tribe_ticket_not_going_count":"","_tribe_tickets_list":"[]","_tribe_ticket_has_attendee_info_fields":false,"jetpack_post_was_ever_published":false,"jetpack_publicize_message":"","jetpack_publicize_feature_enabled":true,"jetpack_social_post_already_shared":true,"jetpack_social_options":{"image_generator_settings":{"template":"highway","default_image_id":0,"font":"","enabled":false},"version":2}},"product_brand":[],"product_cat":[112,113],"product_tag":[221,239,218,217,208,216,118,156,147,222],"class_list":{"0":"post-7127","1":"product","2":"type-product","3":"status-publish","4":"has-post-thumbnail","6":"product_cat-bracelets","7":"product_cat-manchettes-larges","8":"product_tag-bead-embroidery","9":"product_tag-bearlyn","10":"product_tag-blanc-et-noir","11":"product_tag-bracelet-blanc","12":"product_tag-bracelet-brode","13":"product_tag-bracelet-en-cuir","14":"product_tag-bracelet-manchette","15":"product_tag-cristal","16":"product_tag-les-hivernales","17":"product_tag-manchette-large","18":"product_shipping_class-gratuite","19":"pa_couleur-anthracite","20":"pa_couleur-bleu","21":"pa_couleur-rouge","23":"first","24":"outofstock","25":"sold-individually","26":"shipping-taxable","27":"purchasable","28":"product-type-simple"},"yoast_head":"<!-- This site is optimized with the Yoast SEO plugin v26.2 - https:\/\/yoast.com\/wordpress\/plugins\/seo\/ -->\n<title>Bracelet manchette inspiration Art D\u00e9co - BearlyN<\/title>\n<meta name=\"description\" content=\"Une manchette d&#039;inspiration Art D\u00e9co, avec son cabochon de crysocolle cuprite taill\u00e9e en forme de goutte, brod\u00e9 sur cuir. Une pi\u00e8ce unique et sign\u00e9e BearlyN\" \/>\n<meta name=\"robots\" content=\"index, follow, max-snippet:-1, max-image-preview:large, max-video-preview:-1\" \/>\n<link rel=\"canonical\" href=\"https:\/\/bearly-n.com\/en\/product\/bracelet-manchette-art-deco\/\" \/>\n<meta property=\"og:locale\" content=\"en_US\" \/>\n<meta property=\"og:type\" content=\"article\" \/>\n<meta property=\"og:title\" content=\"Bracelet manchette inspiration Art D\u00e9co - BearlyN\" \/>\n<meta property=\"og:description\" content=\"Une manchette d&#039;inspiration Art D\u00e9co, avec son cabochon de crysocolle cuprite taill\u00e9e en forme de goutte, brod\u00e9 sur cuir. Une pi\u00e8ce unique et sign\u00e9e BearlyN\" \/>\n<meta property=\"og:url\" content=\"https:\/\/bearly-n.com\/en\/product\/bracelet-manchette-art-deco\/\" \/>\n<meta property=\"og:site_name\" content=\"BearlyN\" \/>\n<meta property=\"article:publisher\" content=\"https:\/\/www.facebook.com\/Bearly-N-881942331934180\/\" \/>\n<meta property=\"article:modified_time\" content=\"2021-05-19T12:57:29+00:00\" \/>\n<meta property=\"og:image\" content=\"https:\/\/i0.wp.com\/bearly-n.com\/wp-content\/uploads\/2020\/06\/Manchette-chrysocolle-cuprite_BearlyN.jpg?fit=2000%2C2000&ssl=1\" \/>\n\t<meta property=\"og:image:width\" content=\"2000\" \/>\n\t<meta property=\"og:image:height\" content=\"2000\" \/>\n\t<meta property=\"og:image:type\" content=\"image\/jpeg\" \/>\n<meta name=\"twitter:card\" content=\"summary_large_image\" \/>\n<meta name=\"twitter:label1\" content=\"Est. reading time\" \/>\n\t<meta name=\"twitter:data1\" content=\"1 minute\" \/>\n<script type=\"application\/ld+json\" class=\"yoast-schema-graph\">{\"@context\":\"https:\/\/schema.org\",\"@graph\":[{\"@type\":\"WebPage\",\"@id\":\"https:\/\/bearly-n.com\/produit\/bracelet-manchette-art-deco\/\",\"url\":\"https:\/\/bearly-n.com\/produit\/bracelet-manchette-art-deco\/\",\"name\":\"Bracelet manchette inspiration Art D\u00e9co - BearlyN\",\"isPartOf\":{\"@id\":\"https:\/\/bearly-n.com\/#website\"},\"primaryImageOfPage\":{\"@id\":\"https:\/\/bearly-n.com\/produit\/bracelet-manchette-art-deco\/#primaryimage\"},\"image\":{\"@id\":\"https:\/\/bearly-n.com\/produit\/bracelet-manchette-art-deco\/#primaryimage\"},\"thumbnailUrl\":\"https:\/\/i0.wp.com\/bearly-n.com\/wp-content\/uploads\/2020\/06\/Manchette-chrysocolle-cuprite_BearlyN.jpg?fit=2000%2C2000&ssl=1\",\"datePublished\":\"2020-06-29T14:33:48+00:00\",\"dateModified\":\"2021-05-19T12:57:29+00:00\",\"description\":\"Une manchette d'inspiration Art D\u00e9co, avec son cabochon de crysocolle cuprite taill\u00e9e en forme de goutte, brod\u00e9 sur cuir. Une pi\u00e8ce unique et sign\u00e9e BearlyN\",\"breadcrumb\":{\"@id\":\"https:\/\/bearly-n.com\/produit\/bracelet-manchette-art-deco\/#breadcrumb\"},\"inLanguage\":\"en-US\",\"potentialAction\":[{\"@type\":\"ReadAction\",\"target\":[\"https:\/\/bearly-n.com\/produit\/bracelet-manchette-art-deco\/\"]}]},{\"@type\":\"ImageObject\",\"inLanguage\":\"en-US\",\"@id\":\"https:\/\/bearly-n.com\/produit\/bracelet-manchette-art-deco\/#primaryimage\",\"url\":\"https:\/\/i0.wp.com\/bearly-n.com\/wp-content\/uploads\/2020\/06\/Manchette-chrysocolle-cuprite_BearlyN.jpg?fit=2000%2C2000&ssl=1\",\"contentUrl\":\"https:\/\/i0.wp.com\/bearly-n.com\/wp-content\/uploads\/2020\/06\/Manchette-chrysocolle-cuprite_BearlyN.jpg?fit=2000%2C2000&ssl=1\",\"width\":2000,\"height\":2000,\"caption\":\"Manchette chrysocolle cuprite_BearlyN\"},{\"@type\":\"BreadcrumbList\",\"@id\":\"https:\/\/bearly-n.com\/produit\/bracelet-manchette-art-deco\/#breadcrumb\",\"itemListElement\":[{\"@type\":\"ListItem\",\"position\":1,\"name\":\"Accueil\",\"item\":\"https:\/\/bearly-n.com\/\"},{\"@type\":\"ListItem\",\"position\":2,\"name\":\"Boutique en ligne\",\"item\":\"https:\/\/bearly-n.com\/en\/boutique-en-ligne\/\"},{\"@type\":\"ListItem\",\"position\":3,\"name\":\"Bracelet manchette inspiration Art D\u00e9co\"}]},{\"@type\":\"WebSite\",\"@id\":\"https:\/\/bearly-n.com\/#website\",\"url\":\"https:\/\/bearly-n.com\/\",\"name\":\"BearlyN, bijoux de caract\u00e8re\",\"description\":\"Bijoux de Caract\u00e8re\",\"publisher\":{\"@id\":\"https:\/\/bearly-n.com\/#organization\"},\"potentialAction\":[{\"@type\":\"SearchAction\",\"target\":{\"@type\":\"EntryPoint\",\"urlTemplate\":\"https:\/\/bearly-n.com\/?s={search_term_string}\"},\"query-input\":{\"@type\":\"PropertyValueSpecification\",\"valueRequired\":true,\"valueName\":\"search_term_string\"}}],\"inLanguage\":\"en-US\"},{\"@type\":\"Organization\",\"@id\":\"https:\/\/bearly-n.com\/#organization\",\"name\":\"BearlyN\",\"url\":\"https:\/\/bearly-n.com\/\",\"logo\":{\"@type\":\"ImageObject\",\"inLanguage\":\"en-US\",\"@id\":\"https:\/\/bearly-n.com\/#\/schema\/logo\/image\/\",\"url\":\"https:\/\/i1.wp.com\/bearly-n.com\/wp-content\/uploads\/2016\/12\/logo.jpg?fit=630%2C270&ssl=1\",\"contentUrl\":\"https:\/\/i1.wp.com\/bearly-n.com\/wp-content\/uploads\/2016\/12\/logo.jpg?fit=630%2C270&ssl=1\",\"width\":630,\"height\":270,\"caption\":\"BearlyN\"},\"image\":{\"@id\":\"https:\/\/bearly-n.com\/#\/schema\/logo\/image\/\"},\"sameAs\":[\"https:\/\/www.facebook.com\/Bearly-N-881942331934180\/\",\"http:\/\/bearlyn\",\"https:\/\/www.linkedin.com\/company\/bearly-n\/\",\"https:\/\/fr.pinterest.com\/Bearlynterest\/\"]}]}<\/script>\n<!-- \/ Yoast SEO plugin. -->","yoast_head_json":{"title":"Bracelet manchette inspiration Art D\u00e9co - BearlyN","description":"Une manchette d'inspiration Art D\u00e9co, avec son cabochon de crysocolle cuprite taill\u00e9e en forme de goutte, brod\u00e9 sur cuir. Une pi\u00e8ce unique et sign\u00e9e BearlyN","robots":{"index":"index","follow":"follow","max-snippet":"max-snippet:-1","max-image-preview":"max-image-preview:large","max-video-preview":"max-video-preview:-1"},"canonical":"https:\/\/bearly-n.com\/en\/product\/bracelet-manchette-art-deco\/","og_locale":"en_US","og_type":"article","og_title":"Bracelet manchette inspiration Art D\u00e9co - BearlyN","og_description":"Une manchette d'inspiration Art D\u00e9co, avec son cabochon de crysocolle cuprite taill\u00e9e en forme de goutte, brod\u00e9 sur cuir. Une pi\u00e8ce unique et sign\u00e9e BearlyN","og_url":"https:\/\/bearly-n.com\/en\/product\/bracelet-manchette-art-deco\/","og_site_name":"BearlyN","article_publisher":"https:\/\/www.facebook.com\/Bearly-N-881942331934180\/","article_modified_time":"2021-05-19T12:57:29+00:00","og_image":[{"width":2000,"height":2000,"url":"https:\/\/i0.wp.com\/bearly-n.com\/wp-content\/uploads\/2020\/06\/Manchette-chrysocolle-cuprite_BearlyN.jpg?fit=2000%2C2000&ssl=1","type":"image\/jpeg"}],"twitter_card":"summary_large_image","twitter_misc":{"Est. reading time":"1 minute"},"schema":{"@context":"https:\/\/schema.org","@graph":[{"@type":"WebPage","@id":"https:\/\/bearly-n.com\/produit\/bracelet-manchette-art-deco\/","url":"https:\/\/bearly-n.com\/produit\/bracelet-manchette-art-deco\/","name":"Bracelet manchette inspiration Art D\u00e9co - BearlyN","isPartOf":{"@id":"https:\/\/bearly-n.com\/#website"},"primaryImageOfPage":{"@id":"https:\/\/bearly-n.com\/produit\/bracelet-manchette-art-deco\/#primaryimage"},"image":{"@id":"https:\/\/bearly-n.com\/produit\/bracelet-manchette-art-deco\/#primaryimage"},"thumbnailUrl":"https:\/\/i0.wp.com\/bearly-n.com\/wp-content\/uploads\/2020\/06\/Manchette-chrysocolle-cuprite_BearlyN.jpg?fit=2000%2C2000&ssl=1","datePublished":"2020-06-29T14:33:48+00:00","dateModified":"2021-05-19T12:57:29+00:00","description":"Une manchette d'inspiration Art D\u00e9co, avec son cabochon de crysocolle cuprite taill\u00e9e en forme de goutte, brod\u00e9 sur cuir. Une pi\u00e8ce unique et sign\u00e9e BearlyN","breadcrumb":{"@id":"https:\/\/bearly-n.com\/produit\/bracelet-manchette-art-deco\/#breadcrumb"},"inLanguage":"en-US","potentialAction":[{"@type":"ReadAction","target":["https:\/\/bearly-n.com\/produit\/bracelet-manchette-art-deco\/"]}]},{"@type":"ImageObject","inLanguage":"en-US","@id":"https:\/\/bearly-n.com\/produit\/bracelet-manchette-art-deco\/#primaryimage","url":"https:\/\/i0.wp.com\/bearly-n.com\/wp-content\/uploads\/2020\/06\/Manchette-chrysocolle-cuprite_BearlyN.jpg?fit=2000%2C2000&ssl=1","contentUrl":"https:\/\/i0.wp.com\/bearly-n.com\/wp-content\/uploads\/2020\/06\/Manchette-chrysocolle-cuprite_BearlyN.jpg?fit=2000%2C2000&ssl=1","width":2000,"height":2000,"caption":"Manchette chrysocolle cuprite_BearlyN"},{"@type":"BreadcrumbList","@id":"https:\/\/bearly-n.com\/produit\/bracelet-manchette-art-deco\/#breadcrumb","itemListElement":[{"@type":"ListItem","position":1,"name":"Accueil","item":"https:\/\/bearly-n.com\/"},{"@type":"ListItem","position":2,"name":"Boutique en ligne","item":"https:\/\/bearly-n.com\/en\/boutique-en-ligne\/"},{"@type":"ListItem","position":3,"name":"Bracelet manchette inspiration Art D\u00e9co"}]},{"@type":"WebSite","@id":"https:\/\/bearly-n.com\/#website","url":"https:\/\/bearly-n.com\/","name":"BearlyN, bijoux de caract\u00e8re","description":"Bijoux de Caract\u00e8re","publisher":{"@id":"https:\/\/bearly-n.com\/#organization"},"potentialAction":[{"@type":"SearchAction","target":{"@type":"EntryPoint","urlTemplate":"https:\/\/bearly-n.com\/?s={search_term_string}"},"query-input":{"@type":"PropertyValueSpecification","valueRequired":true,"valueName":"search_term_string"}}],"inLanguage":"en-US"},{"@type":"Organization","@id":"https:\/\/bearly-n.com\/#organization","name":"BearlyN","url":"https:\/\/bearly-n.com\/","logo":{"@type":"ImageObject","inLanguage":"en-US","@id":"https:\/\/bearly-n.com\/#\/schema\/logo\/image\/","url":"https:\/\/i1.wp.com\/bearly-n.com\/wp-content\/uploads\/2016\/12\/logo.jpg?fit=630%2C270&ssl=1","contentUrl":"https:\/\/i1.wp.com\/bearly-n.com\/wp-content\/uploads\/2016\/12\/logo.jpg?fit=630%2C270&ssl=1","width":630,"height":270,"caption":"BearlyN"},"image":{"@id":"https:\/\/bearly-n.com\/#\/schema\/logo\/image\/"},"sameAs":["https:\/\/www.facebook.com\/Bearly-N-881942331934180\/","http:\/\/bearlyn","https:\/\/www.linkedin.com\/company\/bearly-n\/","https:\/\/fr.pinterest.com\/Bearlynterest\/"]}]}},"jetpack_publicize_connections":[],"jetpack_sharing_enabled":true,"jetpack_likes_enabled":true,"_links":{"self":[{"href":"https:\/\/bearly-n.com\/en\/wp-json\/wp\/v2\/product\/7127","targetHints":{"allow":["GET"]}}],"collection":[{"href":"https:\/\/bearly-n.com\/en\/wp-json\/wp\/v2\/product"}],"about":[{"href":"https:\/\/bearly-n.com\/en\/wp-json\/wp\/v2\/types\/product"}],"replies":[{"embeddable":true,"href":"https:\/\/bearly-n.com\/en\/wp-json\/wp\/v2\/comments?post=7127"}],"version-history":[{"count":1,"href":"https:\/\/bearly-n.com\/en\/wp-json\/wp\/v2\/product\/7127\/revisions"}],"predecessor-version":[{"id":7128,"href":"https:\/\/bearly-n.com\/en\/wp-json\/wp\/v2\/product\/7127\/revisions\/7128"}],"wp:featuredmedia":[{"embeddable":true,"href":"https:\/\/bearly-n.com\/en\/wp-json\/wp\/v2\/media\/7123"}],"wp:attachment":[{"href":"https:\/\/bearly-n.com\/en\/wp-json\/wp\/v2\/media?parent=7127"}],"wp:term":[{"taxonomy":"product_brand","embeddable":true,"href":"https:\/\/bearly-n.com\/en\/wp-json\/wp\/v2\/product_brand?post=7127"},{"taxonomy":"product_cat","embeddable":true,"href":"https:\/\/bearly-n.com\/en\/wp-json\/wp\/v2\/product_cat?post=7127"},{"taxonomy":"product_tag","embeddable":true,"href":"https:\/\/bearly-n.com\/en\/wp-json\/wp\/v2\/product_tag?post=7127"}],"curies":[{"name":"wp","href":"https:\/\/api.w.org\/{rel}","templated":true}]}}