{"id":7030,"date":"2020-06-11T16:00:49","date_gmt":"2020-06-11T14:00:49","guid":{"rendered":"https:\/\/bearly-n.com\/?post_type=product&#038;p=7030"},"modified":"2020-06-11T15:58:36","modified_gmt":"2020-06-11T13:58:36","slug":"bracelet-manchette-en-crocodile-bleu-doublure-cuir","status":"publish","type":"product","link":"https:\/\/bearly-n.com\/en\/product\/bracelet-manchette-en-crocodile-bleu-doublure-cuir\/","title":{"rendered":"Bracelet manchette en crocodile bleu, doublure cuir"},"content":{"rendered":"<p>Bracelet manchette en laiton recouvert de cuir de crocodile, d&rsquo;un joli bleu bleut (chute de production d&rsquo;une grande maison).<\/p>\n<p>Un bracelet raffin\u00e9 et facile \u00e0 porter, des mati\u00e8res nobles et haut de gamme pour un look casual chic.<\/p>\n<p>Le bijou est doubl\u00e9 de cuir de veau de couleur fauve (France-tannage v\u00e9g\u00e9tal) et sign\u00e9 BearlyN par marquage \u00e0 chaud.<\/p>\n<p>Un rang de perles brod\u00e9es \u00e0 la main , en m\u00e9tal argent\u00e9 (garanti sans nickel), vient habiller les tranches des cuirs, pour une finition \u00e9l\u00e9gante et agr\u00e9able.<\/p>\n<p>Le bracelet finit mesure 56 mm de large, il est ajustable par l\u00e9g\u00e8re pression \u00e0 toutes les tailles de poignet.<\/p>\n<p>Il s&rsquo;agit d&rsquo;une s\u00e9rie tr\u00e8s limit\u00e9e, \u00e0 deux exemplaires,\u00a0 enti\u00e8rement r\u00e9alis\u00e9e \u00e0 la main.<\/p>\n<p>Pr\u00eate \u00e0 l&rsquo;envoi, et pr\u00eate \u00e0 offrir; livr\u00e9e dans son \u00e9crin et soigneusement emball\u00e9e.<\/p>\n<p>&nbsp;<\/p>\n<p>&nbsp;<\/p>","protected":false},"excerpt":{"rendered":"<p>Bracelet large en<strong> cuir exotique<\/strong><\/p>\n<p>Cuir de Crocodile -bleu bleuet.<\/p>\n<p>Doublure cuir de veau de teinte fauve<\/p>\n<p>Pi\u00e8ce sign\u00e9e, en tr\u00e8s petite s\u00e9rie (deux exemplaires)<\/p>\n<p>Frais de port offerts, colis suivi<\/p>","protected":false},"featured_media":3889,"comment_status":"open","ping_status":"closed","template":"","meta":{"_price":"180","_stock":"1","_tribe_ticket_header":"","_tribe_default_ticket_provider":"","_tribe_ticket_capacity":"1","_ticket_start_date":"","_ticket_end_date":"","_tribe_ticket_show_description":"","_tribe_ticket_show_not_going":false,"_tribe_ticket_use_global_stock":"","_tribe_ticket_global_stock_level":"","_global_stock_mode":"","_global_stock_cap":"","_tribe_rsvp_for_event":"","_tribe_ticket_going_count":"","_tribe_ticket_not_going_count":"","_tribe_tickets_list":"[]","_tribe_ticket_has_attendee_info_fields":false,"jetpack_post_was_ever_published":false,"jetpack_publicize_message":"","jetpack_publicize_feature_enabled":true,"jetpack_social_post_already_shared":true,"jetpack_social_options":{"image_generator_settings":{"template":"highway","default_image_id":0,"font":"","enabled":false},"version":2}},"product_brand":[],"product_cat":[112,113,330],"product_tag":[239,182,178,134,154,183],"class_list":{"0":"post-7030","1":"product","2":"type-product","3":"status-publish","4":"has-post-thumbnail","6":"product_cat-bracelets","7":"product_cat-manchettes-larges","8":"product_cat-exotiques","9":"product_tag-bearlyn","10":"product_tag-bracelet-crocodile","11":"product_tag-crocodile","12":"product_tag-cuir-exotique","13":"product_tag-cuir-precieux","14":"product_tag-manchette-crocodile","15":"product_shipping_class-gratuite","16":"pa_couleur-bleu","18":"first","19":"instock","20":"sold-individually","21":"shipping-taxable","22":"purchasable","23":"product-type-simple"},"yoast_head":"<!-- This site is optimized with the Yoast SEO plugin v26.2 - https:\/\/yoast.com\/wordpress\/plugins\/seo\/ -->\n<title>Bracelet manchette en crocodile bleu, doublure cuir - BearlyN<\/title>\n<meta name=\"description\" content=\"Craquez pour ce bracelet large en cuir de crocodile bleu tendre! Un bijou recouvert de cuir pr\u00e9cieux, qui donnera une touche de luxe \u00e0 toutes vos tenues !\" \/>\n<meta name=\"robots\" content=\"index, follow, max-snippet:-1, max-image-preview:large, max-video-preview:-1\" \/>\n<link rel=\"canonical\" href=\"https:\/\/bearly-n.com\/en\/product\/bracelet-manchette-en-crocodile-bleu-doublure-cuir\/\" \/>\n<meta property=\"og:locale\" content=\"en_US\" \/>\n<meta property=\"og:type\" content=\"article\" \/>\n<meta property=\"og:title\" content=\"Bracelet manchette en crocodile bleu, doublure cuir - BearlyN\" \/>\n<meta property=\"og:description\" content=\"Craquez pour ce bracelet large en cuir de crocodile bleu tendre! Un bijou recouvert de cuir pr\u00e9cieux, qui donnera une touche de luxe \u00e0 toutes vos tenues !\" \/>\n<meta property=\"og:url\" content=\"https:\/\/bearly-n.com\/en\/product\/bracelet-manchette-en-crocodile-bleu-doublure-cuir\/\" \/>\n<meta property=\"og:site_name\" content=\"BearlyN\" \/>\n<meta property=\"article:publisher\" content=\"https:\/\/www.facebook.com\/Bearly-N-881942331934180\/\" \/>\n<meta property=\"og:image\" content=\"https:\/\/i0.wp.com\/bearly-n.com\/wp-content\/uploads\/2019\/02\/E2-4.jpg?fit=1800%2C1500&ssl=1\" \/>\n\t<meta property=\"og:image:width\" content=\"1800\" \/>\n\t<meta property=\"og:image:height\" content=\"1500\" \/>\n\t<meta property=\"og:image:type\" content=\"image\/jpeg\" \/>\n<meta name=\"twitter:card\" content=\"summary_large_image\" \/>\n<meta name=\"twitter:label1\" content=\"Est. reading time\" \/>\n\t<meta name=\"twitter:data1\" content=\"1 minute\" \/>\n<script type=\"application\/ld+json\" class=\"yoast-schema-graph\">{\"@context\":\"https:\/\/schema.org\",\"@graph\":[{\"@type\":\"WebPage\",\"@id\":\"https:\/\/bearly-n.com\/produit\/bracelet-manchette-en-crocodile-bleu-doublure-cuir\/\",\"url\":\"https:\/\/bearly-n.com\/produit\/bracelet-manchette-en-crocodile-bleu-doublure-cuir\/\",\"name\":\"Bracelet manchette en crocodile bleu, doublure cuir - BearlyN\",\"isPartOf\":{\"@id\":\"https:\/\/bearly-n.com\/#website\"},\"primaryImageOfPage\":{\"@id\":\"https:\/\/bearly-n.com\/produit\/bracelet-manchette-en-crocodile-bleu-doublure-cuir\/#primaryimage\"},\"image\":{\"@id\":\"https:\/\/bearly-n.com\/produit\/bracelet-manchette-en-crocodile-bleu-doublure-cuir\/#primaryimage\"},\"thumbnailUrl\":\"https:\/\/i0.wp.com\/bearly-n.com\/wp-content\/uploads\/2019\/02\/E2-4.jpg?fit=1800%2C1500&ssl=1\",\"datePublished\":\"2020-06-11T14:00:49+00:00\",\"description\":\"Craquez pour ce bracelet large en cuir de crocodile bleu tendre! Un bijou recouvert de cuir pr\u00e9cieux, qui donnera une touche de luxe \u00e0 toutes vos tenues !\",\"breadcrumb\":{\"@id\":\"https:\/\/bearly-n.com\/produit\/bracelet-manchette-en-crocodile-bleu-doublure-cuir\/#breadcrumb\"},\"inLanguage\":\"en-US\",\"potentialAction\":[{\"@type\":\"ReadAction\",\"target\":[\"https:\/\/bearly-n.com\/produit\/bracelet-manchette-en-crocodile-bleu-doublure-cuir\/\"]}]},{\"@type\":\"ImageObject\",\"inLanguage\":\"en-US\",\"@id\":\"https:\/\/bearly-n.com\/produit\/bracelet-manchette-en-crocodile-bleu-doublure-cuir\/#primaryimage\",\"url\":\"https:\/\/i0.wp.com\/bearly-n.com\/wp-content\/uploads\/2019\/02\/E2-4.jpg?fit=1800%2C1500&ssl=1\",\"contentUrl\":\"https:\/\/i0.wp.com\/bearly-n.com\/wp-content\/uploads\/2019\/02\/E2-4.jpg?fit=1800%2C1500&ssl=1\",\"width\":1800,\"height\":1500,\"caption\":\"large bracelet cuir de crocodile bleu_BearlyN\"},{\"@type\":\"BreadcrumbList\",\"@id\":\"https:\/\/bearly-n.com\/produit\/bracelet-manchette-en-crocodile-bleu-doublure-cuir\/#breadcrumb\",\"itemListElement\":[{\"@type\":\"ListItem\",\"position\":1,\"name\":\"Accueil\",\"item\":\"https:\/\/bearly-n.com\/\"},{\"@type\":\"ListItem\",\"position\":2,\"name\":\"Boutique en ligne\",\"item\":\"https:\/\/bearly-n.com\/en\/boutique-en-ligne\/\"},{\"@type\":\"ListItem\",\"position\":3,\"name\":\"Bracelet manchette en crocodile bleu, doublure cuir\"}]},{\"@type\":\"WebSite\",\"@id\":\"https:\/\/bearly-n.com\/#website\",\"url\":\"https:\/\/bearly-n.com\/\",\"name\":\"BearlyN, bijoux de caract\u00e8re\",\"description\":\"Bijoux de Caract\u00e8re\",\"publisher\":{\"@id\":\"https:\/\/bearly-n.com\/#organization\"},\"potentialAction\":[{\"@type\":\"SearchAction\",\"target\":{\"@type\":\"EntryPoint\",\"urlTemplate\":\"https:\/\/bearly-n.com\/?s={search_term_string}\"},\"query-input\":{\"@type\":\"PropertyValueSpecification\",\"valueRequired\":true,\"valueName\":\"search_term_string\"}}],\"inLanguage\":\"en-US\"},{\"@type\":\"Organization\",\"@id\":\"https:\/\/bearly-n.com\/#organization\",\"name\":\"BearlyN\",\"url\":\"https:\/\/bearly-n.com\/\",\"logo\":{\"@type\":\"ImageObject\",\"inLanguage\":\"en-US\",\"@id\":\"https:\/\/bearly-n.com\/#\/schema\/logo\/image\/\",\"url\":\"https:\/\/i1.wp.com\/bearly-n.com\/wp-content\/uploads\/2016\/12\/logo.jpg?fit=630%2C270&ssl=1\",\"contentUrl\":\"https:\/\/i1.wp.com\/bearly-n.com\/wp-content\/uploads\/2016\/12\/logo.jpg?fit=630%2C270&ssl=1\",\"width\":630,\"height\":270,\"caption\":\"BearlyN\"},\"image\":{\"@id\":\"https:\/\/bearly-n.com\/#\/schema\/logo\/image\/\"},\"sameAs\":[\"https:\/\/www.facebook.com\/Bearly-N-881942331934180\/\",\"http:\/\/bearlyn\",\"https:\/\/www.linkedin.com\/company\/bearly-n\/\",\"https:\/\/fr.pinterest.com\/Bearlynterest\/\"]}]}<\/script>\n<!-- \/ Yoast SEO plugin. -->","yoast_head_json":{"title":"Bracelet manchette en crocodile bleu, doublure cuir - BearlyN","description":"Craquez pour ce bracelet large en cuir de crocodile bleu tendre! Un bijou recouvert de cuir pr\u00e9cieux, qui donnera une touche de luxe \u00e0 toutes vos tenues !","robots":{"index":"index","follow":"follow","max-snippet":"max-snippet:-1","max-image-preview":"max-image-preview:large","max-video-preview":"max-video-preview:-1"},"canonical":"https:\/\/bearly-n.com\/en\/product\/bracelet-manchette-en-crocodile-bleu-doublure-cuir\/","og_locale":"en_US","og_type":"article","og_title":"Bracelet manchette en crocodile bleu, doublure cuir - BearlyN","og_description":"Craquez pour ce bracelet large en cuir de crocodile bleu tendre! Un bijou recouvert de cuir pr\u00e9cieux, qui donnera une touche de luxe \u00e0 toutes vos tenues !","og_url":"https:\/\/bearly-n.com\/en\/product\/bracelet-manchette-en-crocodile-bleu-doublure-cuir\/","og_site_name":"BearlyN","article_publisher":"https:\/\/www.facebook.com\/Bearly-N-881942331934180\/","og_image":[{"width":1800,"height":1500,"url":"https:\/\/i0.wp.com\/bearly-n.com\/wp-content\/uploads\/2019\/02\/E2-4.jpg?fit=1800%2C1500&ssl=1","type":"image\/jpeg"}],"twitter_card":"summary_large_image","twitter_misc":{"Est. reading time":"1 minute"},"schema":{"@context":"https:\/\/schema.org","@graph":[{"@type":"WebPage","@id":"https:\/\/bearly-n.com\/produit\/bracelet-manchette-en-crocodile-bleu-doublure-cuir\/","url":"https:\/\/bearly-n.com\/produit\/bracelet-manchette-en-crocodile-bleu-doublure-cuir\/","name":"Bracelet manchette en crocodile bleu, doublure cuir - BearlyN","isPartOf":{"@id":"https:\/\/bearly-n.com\/#website"},"primaryImageOfPage":{"@id":"https:\/\/bearly-n.com\/produit\/bracelet-manchette-en-crocodile-bleu-doublure-cuir\/#primaryimage"},"image":{"@id":"https:\/\/bearly-n.com\/produit\/bracelet-manchette-en-crocodile-bleu-doublure-cuir\/#primaryimage"},"thumbnailUrl":"https:\/\/i0.wp.com\/bearly-n.com\/wp-content\/uploads\/2019\/02\/E2-4.jpg?fit=1800%2C1500&ssl=1","datePublished":"2020-06-11T14:00:49+00:00","description":"Craquez pour ce bracelet large en cuir de crocodile bleu tendre! Un bijou recouvert de cuir pr\u00e9cieux, qui donnera une touche de luxe \u00e0 toutes vos tenues !","breadcrumb":{"@id":"https:\/\/bearly-n.com\/produit\/bracelet-manchette-en-crocodile-bleu-doublure-cuir\/#breadcrumb"},"inLanguage":"en-US","potentialAction":[{"@type":"ReadAction","target":["https:\/\/bearly-n.com\/produit\/bracelet-manchette-en-crocodile-bleu-doublure-cuir\/"]}]},{"@type":"ImageObject","inLanguage":"en-US","@id":"https:\/\/bearly-n.com\/produit\/bracelet-manchette-en-crocodile-bleu-doublure-cuir\/#primaryimage","url":"https:\/\/i0.wp.com\/bearly-n.com\/wp-content\/uploads\/2019\/02\/E2-4.jpg?fit=1800%2C1500&ssl=1","contentUrl":"https:\/\/i0.wp.com\/bearly-n.com\/wp-content\/uploads\/2019\/02\/E2-4.jpg?fit=1800%2C1500&ssl=1","width":1800,"height":1500,"caption":"large bracelet cuir de crocodile bleu_BearlyN"},{"@type":"BreadcrumbList","@id":"https:\/\/bearly-n.com\/produit\/bracelet-manchette-en-crocodile-bleu-doublure-cuir\/#breadcrumb","itemListElement":[{"@type":"ListItem","position":1,"name":"Accueil","item":"https:\/\/bearly-n.com\/"},{"@type":"ListItem","position":2,"name":"Boutique en ligne","item":"https:\/\/bearly-n.com\/en\/boutique-en-ligne\/"},{"@type":"ListItem","position":3,"name":"Bracelet manchette en crocodile bleu, doublure cuir"}]},{"@type":"WebSite","@id":"https:\/\/bearly-n.com\/#website","url":"https:\/\/bearly-n.com\/","name":"BearlyN, bijoux de caract\u00e8re","description":"Bijoux de Caract\u00e8re","publisher":{"@id":"https:\/\/bearly-n.com\/#organization"},"potentialAction":[{"@type":"SearchAction","target":{"@type":"EntryPoint","urlTemplate":"https:\/\/bearly-n.com\/?s={search_term_string}"},"query-input":{"@type":"PropertyValueSpecification","valueRequired":true,"valueName":"search_term_string"}}],"inLanguage":"en-US"},{"@type":"Organization","@id":"https:\/\/bearly-n.com\/#organization","name":"BearlyN","url":"https:\/\/bearly-n.com\/","logo":{"@type":"ImageObject","inLanguage":"en-US","@id":"https:\/\/bearly-n.com\/#\/schema\/logo\/image\/","url":"https:\/\/i1.wp.com\/bearly-n.com\/wp-content\/uploads\/2016\/12\/logo.jpg?fit=630%2C270&ssl=1","contentUrl":"https:\/\/i1.wp.com\/bearly-n.com\/wp-content\/uploads\/2016\/12\/logo.jpg?fit=630%2C270&ssl=1","width":630,"height":270,"caption":"BearlyN"},"image":{"@id":"https:\/\/bearly-n.com\/#\/schema\/logo\/image\/"},"sameAs":["https:\/\/www.facebook.com\/Bearly-N-881942331934180\/","http:\/\/bearlyn","https:\/\/www.linkedin.com\/company\/bearly-n\/","https:\/\/fr.pinterest.com\/Bearlynterest\/"]}]}},"jetpack_publicize_connections":[],"jetpack_sharing_enabled":true,"jetpack_likes_enabled":true,"_links":{"self":[{"href":"https:\/\/bearly-n.com\/en\/wp-json\/wp\/v2\/product\/7030","targetHints":{"allow":["GET"]}}],"collection":[{"href":"https:\/\/bearly-n.com\/en\/wp-json\/wp\/v2\/product"}],"about":[{"href":"https:\/\/bearly-n.com\/en\/wp-json\/wp\/v2\/types\/product"}],"replies":[{"embeddable":true,"href":"https:\/\/bearly-n.com\/en\/wp-json\/wp\/v2\/comments?post=7030"}],"version-history":[{"count":1,"href":"https:\/\/bearly-n.com\/en\/wp-json\/wp\/v2\/product\/7030\/revisions"}],"predecessor-version":[{"id":7031,"href":"https:\/\/bearly-n.com\/en\/wp-json\/wp\/v2\/product\/7030\/revisions\/7031"}],"wp:featuredmedia":[{"embeddable":true,"href":"https:\/\/bearly-n.com\/en\/wp-json\/wp\/v2\/media\/3889"}],"wp:attachment":[{"href":"https:\/\/bearly-n.com\/en\/wp-json\/wp\/v2\/media?parent=7030"}],"wp:term":[{"taxonomy":"product_brand","embeddable":true,"href":"https:\/\/bearly-n.com\/en\/wp-json\/wp\/v2\/product_brand?post=7030"},{"taxonomy":"product_cat","embeddable":true,"href":"https:\/\/bearly-n.com\/en\/wp-json\/wp\/v2\/product_cat?post=7030"},{"taxonomy":"product_tag","embeddable":true,"href":"https:\/\/bearly-n.com\/en\/wp-json\/wp\/v2\/product_tag?post=7030"}],"curies":[{"name":"wp","href":"https:\/\/api.w.org\/{rel}","templated":true}]}}