{"id":7020,"date":"2020-06-09T16:53:07","date_gmt":"2020-06-09T14:53:07","guid":{"rendered":"https:\/\/bearly-n.com\/?post_type=product&#038;p=7020"},"modified":"2020-06-09T15:08:11","modified_gmt":"2020-06-09T13:08:11","slug":"pendentif-demi-lune-fee-en-laiton-noir-et-bleu","status":"publish","type":"product","link":"https:\/\/bearly-n.com\/en\/product\/pendentif-demi-lune-fee-en-laiton-noir-et-bleu\/","title":{"rendered":"Pendentif demi-lune f\u00e9e en laiton, noir et bleu"},"content":{"rendered":"<p class=\"wt-text-caption wt-mb-xs-1 wt-text-gray\"><span style=\"font-size: 0.9rem;\">Half-Moon est un pendentif tir\u00e9 de la collection <strong><a href=\"https:\/\/bearly-n.com\/en\/boutique-en-ligne\/collection-once-upon-a-time\/\">Once Upon A Time<\/a><\/strong><\/span><\/p>\n<div id=\"wt-content-toggle-product-details-read-more\" class=\"wt-content-toggle__body wt-content-toggle__body--truncated-03 wt-content-toggle__body--truncated\" aria-hidden=\"false\">\n<p class=\"wt-text-body-01 wt-break-word\" data-product-details-description-text-content=\"\">-Pendentif avec une f\u00e9e en laiton, l&rsquo;estampe mesure 42 x 30 mm; le pendentif mesure 6 cm de haut par 12 cm de large;<br \/>\n-cabochons en verre teint\u00e9s \u00e0 la main, \u00e0 l&rsquo;aide de flapies duochromes, oscillant du bleu au vert;<br \/>\n&#8211; sertissage des cabochons et broderie de perles de verre de couleur noire, quelques touches de bleu et de vert et de cristaux de Swarovski pour une touche de myst\u00e8re;<br \/>\n-doubl\u00e9 de cuir noir, sign\u00e9 BearlyN par marquage \u00e0 chaud;<br \/>\n-finitions brod\u00e9es d&rsquo;un rang de perles, b\u00e9li\u00e8re tiss\u00e9e.<\/p>\n<p>Le pendentif est accompagn\u00e9 d&rsquo;un collier multi-cordons (coton et organza noirs &#8211; 44 cm) avec fermoir chainette, pour l&rsquo;ajuster \u00e0 la longueur d\u00e9sir\u00e9e.<\/p>\n<p>Livr\u00e9 dans son \u00e9crin, pr\u00eat \u00e0 offrir.<\/p>\n<\/div>","protected":false},"excerpt":{"rendered":"<p>Tir\u00e9 de la collection Once Upon A Time<\/p>\n<ul>\n<li>F\u00e9e en laiton<\/li>\n<li>cabochons de verre teint\u00e9s de flakies virant du vert au bleu<\/li>\n<li>broderie de perles de verre noires et cristaux de Swarovski<\/li>\n<\/ul>\n<p>Livraison en France offerte, colis suivi<\/p>","protected":false},"featured_media":7014,"comment_status":"open","ping_status":"closed","template":"","meta":{"_price":"255","_stock":"1","_tribe_ticket_header":"","_tribe_default_ticket_provider":"","_tribe_ticket_capacity":"1","_ticket_start_date":"","_ticket_end_date":"","_tribe_ticket_show_description":"","_tribe_ticket_show_not_going":false,"_tribe_ticket_use_global_stock":"","_tribe_ticket_global_stock_level":"","_global_stock_mode":"","_global_stock_cap":"","_tribe_rsvp_for_event":"","_tribe_ticket_going_count":"","_tribe_ticket_not_going_count":"","_tribe_tickets_list":"[]","_tribe_ticket_has_attendee_info_fields":false,"jetpack_post_was_ever_published":false,"jetpack_publicize_message":"","jetpack_publicize_feature_enabled":true,"jetpack_social_post_already_shared":true,"jetpack_social_options":{"image_generator_settings":{"template":"highway","default_image_id":0,"font":"","enabled":false},"version":2}},"product_brand":[],"product_cat":[108,110],"product_tag":[],"class_list":{"0":"post-7020","1":"product","2":"type-product","3":"status-publish","4":"has-post-thumbnail","6":"product_cat-pendentifs","7":"product_cat-medaillon","8":"product_shipping_class-gratuite","9":"pa_couleur-bleu","10":"pa_couleur-noir","11":"pa_couleur-vert","13":"first","14":"instock","15":"shipping-taxable","16":"purchasable","17":"product-type-simple"},"yoast_head":"<!-- This site is optimized with the Yoast SEO plugin v26.2 - https:\/\/yoast.com\/wordpress\/plugins\/seo\/ -->\n<title>Pendentif demi-lune f\u00e9e en laiton, noir et bleu - BearlyN<\/title>\n<meta name=\"description\" content=\"Tir\u00e9 de la collection Once Upon A Time, un pendentif en demi-lune orn\u00e9 d&#039;une f\u00e9e en laiton et de cabochons oscillants entre le bleu et le vert, broderie noire\" \/>\n<meta name=\"robots\" content=\"index, follow, max-snippet:-1, max-image-preview:large, max-video-preview:-1\" \/>\n<link rel=\"canonical\" href=\"https:\/\/bearly-n.com\/en\/product\/pendentif-demi-lune-fee-en-laiton-noir-et-bleu\/\" \/>\n<meta property=\"og:locale\" content=\"en_US\" \/>\n<meta property=\"og:type\" content=\"article\" \/>\n<meta property=\"og:title\" content=\"Pendentif demi-lune f\u00e9e en laiton, noir et bleu - BearlyN\" \/>\n<meta property=\"og:description\" content=\"Tir\u00e9 de la collection Once Upon A Time, un pendentif en demi-lune orn\u00e9 d&#039;une f\u00e9e en laiton et de cabochons oscillants entre le bleu et le vert, broderie noire\" \/>\n<meta property=\"og:url\" content=\"https:\/\/bearly-n.com\/en\/product\/pendentif-demi-lune-fee-en-laiton-noir-et-bleu\/\" \/>\n<meta property=\"og:site_name\" content=\"BearlyN\" \/>\n<meta property=\"article:publisher\" content=\"https:\/\/www.facebook.com\/Bearly-N-881942331934180\/\" \/>\n<meta property=\"og:image\" content=\"https:\/\/i0.wp.com\/bearly-n.com\/wp-content\/uploads\/2020\/06\/pendentif-f\u00e9e-demi-lune_BearlyN.jpg?fit=2000%2C2000&ssl=1\" \/>\n\t<meta property=\"og:image:width\" content=\"2000\" \/>\n\t<meta property=\"og:image:height\" content=\"2000\" \/>\n\t<meta property=\"og:image:type\" content=\"image\/jpeg\" \/>\n<meta name=\"twitter:card\" content=\"summary_large_image\" \/>\n<meta name=\"twitter:label1\" content=\"Est. reading time\" \/>\n\t<meta name=\"twitter:data1\" content=\"1 minute\" \/>\n<script type=\"application\/ld+json\" class=\"yoast-schema-graph\">{\"@context\":\"https:\/\/schema.org\",\"@graph\":[{\"@type\":\"WebPage\",\"@id\":\"https:\/\/bearly-n.com\/produit\/pendentif-demi-lune-fee-en-laiton-noir-et-bleu\/\",\"url\":\"https:\/\/bearly-n.com\/produit\/pendentif-demi-lune-fee-en-laiton-noir-et-bleu\/\",\"name\":\"Pendentif demi-lune f\u00e9e en laiton, noir et bleu - BearlyN\",\"isPartOf\":{\"@id\":\"https:\/\/bearly-n.com\/#website\"},\"primaryImageOfPage\":{\"@id\":\"https:\/\/bearly-n.com\/produit\/pendentif-demi-lune-fee-en-laiton-noir-et-bleu\/#primaryimage\"},\"image\":{\"@id\":\"https:\/\/bearly-n.com\/produit\/pendentif-demi-lune-fee-en-laiton-noir-et-bleu\/#primaryimage\"},\"thumbnailUrl\":\"https:\/\/i0.wp.com\/bearly-n.com\/wp-content\/uploads\/2020\/06\/pendentif-f%C3%A9e-demi-lune_BearlyN.jpg?fit=2000%2C2000&ssl=1\",\"datePublished\":\"2020-06-09T14:53:07+00:00\",\"description\":\"Tir\u00e9 de la collection Once Upon A Time, un pendentif en demi-lune orn\u00e9 d'une f\u00e9e en laiton et de cabochons oscillants entre le bleu et le vert, broderie noire\",\"breadcrumb\":{\"@id\":\"https:\/\/bearly-n.com\/produit\/pendentif-demi-lune-fee-en-laiton-noir-et-bleu\/#breadcrumb\"},\"inLanguage\":\"en-US\",\"potentialAction\":[{\"@type\":\"ReadAction\",\"target\":[\"https:\/\/bearly-n.com\/produit\/pendentif-demi-lune-fee-en-laiton-noir-et-bleu\/\"]}]},{\"@type\":\"ImageObject\",\"inLanguage\":\"en-US\",\"@id\":\"https:\/\/bearly-n.com\/produit\/pendentif-demi-lune-fee-en-laiton-noir-et-bleu\/#primaryimage\",\"url\":\"https:\/\/i0.wp.com\/bearly-n.com\/wp-content\/uploads\/2020\/06\/pendentif-f%C3%A9e-demi-lune_BearlyN.jpg?fit=2000%2C2000&ssl=1\",\"contentUrl\":\"https:\/\/i0.wp.com\/bearly-n.com\/wp-content\/uploads\/2020\/06\/pendentif-f%C3%A9e-demi-lune_BearlyN.jpg?fit=2000%2C2000&ssl=1\",\"width\":2000,\"height\":2000,\"caption\":\"pendentif f\u00e9e demi-lune_BearlyN\"},{\"@type\":\"BreadcrumbList\",\"@id\":\"https:\/\/bearly-n.com\/produit\/pendentif-demi-lune-fee-en-laiton-noir-et-bleu\/#breadcrumb\",\"itemListElement\":[{\"@type\":\"ListItem\",\"position\":1,\"name\":\"Accueil\",\"item\":\"https:\/\/bearly-n.com\/\"},{\"@type\":\"ListItem\",\"position\":2,\"name\":\"Boutique en ligne\",\"item\":\"https:\/\/bearly-n.com\/en\/boutique-en-ligne\/\"},{\"@type\":\"ListItem\",\"position\":3,\"name\":\"Pendentif demi-lune f\u00e9e en laiton, noir et bleu\"}]},{\"@type\":\"WebSite\",\"@id\":\"https:\/\/bearly-n.com\/#website\",\"url\":\"https:\/\/bearly-n.com\/\",\"name\":\"BearlyN, bijoux de caract\u00e8re\",\"description\":\"Bijoux de Caract\u00e8re\",\"publisher\":{\"@id\":\"https:\/\/bearly-n.com\/#organization\"},\"potentialAction\":[{\"@type\":\"SearchAction\",\"target\":{\"@type\":\"EntryPoint\",\"urlTemplate\":\"https:\/\/bearly-n.com\/?s={search_term_string}\"},\"query-input\":{\"@type\":\"PropertyValueSpecification\",\"valueRequired\":true,\"valueName\":\"search_term_string\"}}],\"inLanguage\":\"en-US\"},{\"@type\":\"Organization\",\"@id\":\"https:\/\/bearly-n.com\/#organization\",\"name\":\"BearlyN\",\"url\":\"https:\/\/bearly-n.com\/\",\"logo\":{\"@type\":\"ImageObject\",\"inLanguage\":\"en-US\",\"@id\":\"https:\/\/bearly-n.com\/#\/schema\/logo\/image\/\",\"url\":\"https:\/\/i1.wp.com\/bearly-n.com\/wp-content\/uploads\/2016\/12\/logo.jpg?fit=630%2C270&ssl=1\",\"contentUrl\":\"https:\/\/i1.wp.com\/bearly-n.com\/wp-content\/uploads\/2016\/12\/logo.jpg?fit=630%2C270&ssl=1\",\"width\":630,\"height\":270,\"caption\":\"BearlyN\"},\"image\":{\"@id\":\"https:\/\/bearly-n.com\/#\/schema\/logo\/image\/\"},\"sameAs\":[\"https:\/\/www.facebook.com\/Bearly-N-881942331934180\/\",\"http:\/\/bearlyn\",\"https:\/\/www.linkedin.com\/company\/bearly-n\/\",\"https:\/\/fr.pinterest.com\/Bearlynterest\/\"]}]}<\/script>\n<!-- \/ Yoast SEO plugin. -->","yoast_head_json":{"title":"Pendentif demi-lune f\u00e9e en laiton, noir et bleu - BearlyN","description":"Tir\u00e9 de la collection Once Upon A Time, un pendentif en demi-lune orn\u00e9 d'une f\u00e9e en laiton et de cabochons oscillants entre le bleu et le vert, broderie noire","robots":{"index":"index","follow":"follow","max-snippet":"max-snippet:-1","max-image-preview":"max-image-preview:large","max-video-preview":"max-video-preview:-1"},"canonical":"https:\/\/bearly-n.com\/en\/product\/pendentif-demi-lune-fee-en-laiton-noir-et-bleu\/","og_locale":"en_US","og_type":"article","og_title":"Pendentif demi-lune f\u00e9e en laiton, noir et bleu - BearlyN","og_description":"Tir\u00e9 de la collection Once Upon A Time, un pendentif en demi-lune orn\u00e9 d'une f\u00e9e en laiton et de cabochons oscillants entre le bleu et le vert, broderie noire","og_url":"https:\/\/bearly-n.com\/en\/product\/pendentif-demi-lune-fee-en-laiton-noir-et-bleu\/","og_site_name":"BearlyN","article_publisher":"https:\/\/www.facebook.com\/Bearly-N-881942331934180\/","og_image":[{"width":2000,"height":2000,"url":"https:\/\/i0.wp.com\/bearly-n.com\/wp-content\/uploads\/2020\/06\/pendentif-f\u00e9e-demi-lune_BearlyN.jpg?fit=2000%2C2000&ssl=1","type":"image\/jpeg"}],"twitter_card":"summary_large_image","twitter_misc":{"Est. reading time":"1 minute"},"schema":{"@context":"https:\/\/schema.org","@graph":[{"@type":"WebPage","@id":"https:\/\/bearly-n.com\/produit\/pendentif-demi-lune-fee-en-laiton-noir-et-bleu\/","url":"https:\/\/bearly-n.com\/produit\/pendentif-demi-lune-fee-en-laiton-noir-et-bleu\/","name":"Pendentif demi-lune f\u00e9e en laiton, noir et bleu - BearlyN","isPartOf":{"@id":"https:\/\/bearly-n.com\/#website"},"primaryImageOfPage":{"@id":"https:\/\/bearly-n.com\/produit\/pendentif-demi-lune-fee-en-laiton-noir-et-bleu\/#primaryimage"},"image":{"@id":"https:\/\/bearly-n.com\/produit\/pendentif-demi-lune-fee-en-laiton-noir-et-bleu\/#primaryimage"},"thumbnailUrl":"https:\/\/i0.wp.com\/bearly-n.com\/wp-content\/uploads\/2020\/06\/pendentif-f%C3%A9e-demi-lune_BearlyN.jpg?fit=2000%2C2000&ssl=1","datePublished":"2020-06-09T14:53:07+00:00","description":"Tir\u00e9 de la collection Once Upon A Time, un pendentif en demi-lune orn\u00e9 d'une f\u00e9e en laiton et de cabochons oscillants entre le bleu et le vert, broderie noire","breadcrumb":{"@id":"https:\/\/bearly-n.com\/produit\/pendentif-demi-lune-fee-en-laiton-noir-et-bleu\/#breadcrumb"},"inLanguage":"en-US","potentialAction":[{"@type":"ReadAction","target":["https:\/\/bearly-n.com\/produit\/pendentif-demi-lune-fee-en-laiton-noir-et-bleu\/"]}]},{"@type":"ImageObject","inLanguage":"en-US","@id":"https:\/\/bearly-n.com\/produit\/pendentif-demi-lune-fee-en-laiton-noir-et-bleu\/#primaryimage","url":"https:\/\/i0.wp.com\/bearly-n.com\/wp-content\/uploads\/2020\/06\/pendentif-f%C3%A9e-demi-lune_BearlyN.jpg?fit=2000%2C2000&ssl=1","contentUrl":"https:\/\/i0.wp.com\/bearly-n.com\/wp-content\/uploads\/2020\/06\/pendentif-f%C3%A9e-demi-lune_BearlyN.jpg?fit=2000%2C2000&ssl=1","width":2000,"height":2000,"caption":"pendentif f\u00e9e demi-lune_BearlyN"},{"@type":"BreadcrumbList","@id":"https:\/\/bearly-n.com\/produit\/pendentif-demi-lune-fee-en-laiton-noir-et-bleu\/#breadcrumb","itemListElement":[{"@type":"ListItem","position":1,"name":"Accueil","item":"https:\/\/bearly-n.com\/"},{"@type":"ListItem","position":2,"name":"Boutique en ligne","item":"https:\/\/bearly-n.com\/en\/boutique-en-ligne\/"},{"@type":"ListItem","position":3,"name":"Pendentif demi-lune f\u00e9e en laiton, noir et bleu"}]},{"@type":"WebSite","@id":"https:\/\/bearly-n.com\/#website","url":"https:\/\/bearly-n.com\/","name":"BearlyN, bijoux de caract\u00e8re","description":"Bijoux de Caract\u00e8re","publisher":{"@id":"https:\/\/bearly-n.com\/#organization"},"potentialAction":[{"@type":"SearchAction","target":{"@type":"EntryPoint","urlTemplate":"https:\/\/bearly-n.com\/?s={search_term_string}"},"query-input":{"@type":"PropertyValueSpecification","valueRequired":true,"valueName":"search_term_string"}}],"inLanguage":"en-US"},{"@type":"Organization","@id":"https:\/\/bearly-n.com\/#organization","name":"BearlyN","url":"https:\/\/bearly-n.com\/","logo":{"@type":"ImageObject","inLanguage":"en-US","@id":"https:\/\/bearly-n.com\/#\/schema\/logo\/image\/","url":"https:\/\/i1.wp.com\/bearly-n.com\/wp-content\/uploads\/2016\/12\/logo.jpg?fit=630%2C270&ssl=1","contentUrl":"https:\/\/i1.wp.com\/bearly-n.com\/wp-content\/uploads\/2016\/12\/logo.jpg?fit=630%2C270&ssl=1","width":630,"height":270,"caption":"BearlyN"},"image":{"@id":"https:\/\/bearly-n.com\/#\/schema\/logo\/image\/"},"sameAs":["https:\/\/www.facebook.com\/Bearly-N-881942331934180\/","http:\/\/bearlyn","https:\/\/www.linkedin.com\/company\/bearly-n\/","https:\/\/fr.pinterest.com\/Bearlynterest\/"]}]}},"jetpack_publicize_connections":[],"jetpack_sharing_enabled":true,"jetpack_likes_enabled":true,"_links":{"self":[{"href":"https:\/\/bearly-n.com\/en\/wp-json\/wp\/v2\/product\/7020","targetHints":{"allow":["GET"]}}],"collection":[{"href":"https:\/\/bearly-n.com\/en\/wp-json\/wp\/v2\/product"}],"about":[{"href":"https:\/\/bearly-n.com\/en\/wp-json\/wp\/v2\/types\/product"}],"replies":[{"embeddable":true,"href":"https:\/\/bearly-n.com\/en\/wp-json\/wp\/v2\/comments?post=7020"}],"version-history":[{"count":2,"href":"https:\/\/bearly-n.com\/en\/wp-json\/wp\/v2\/product\/7020\/revisions"}],"predecessor-version":[{"id":7022,"href":"https:\/\/bearly-n.com\/en\/wp-json\/wp\/v2\/product\/7020\/revisions\/7022"}],"wp:featuredmedia":[{"embeddable":true,"href":"https:\/\/bearly-n.com\/en\/wp-json\/wp\/v2\/media\/7014"}],"wp:attachment":[{"href":"https:\/\/bearly-n.com\/en\/wp-json\/wp\/v2\/media?parent=7020"}],"wp:term":[{"taxonomy":"product_brand","embeddable":true,"href":"https:\/\/bearly-n.com\/en\/wp-json\/wp\/v2\/product_brand?post=7020"},{"taxonomy":"product_cat","embeddable":true,"href":"https:\/\/bearly-n.com\/en\/wp-json\/wp\/v2\/product_cat?post=7020"},{"taxonomy":"product_tag","embeddable":true,"href":"https:\/\/bearly-n.com\/en\/wp-json\/wp\/v2\/product_tag?post=7020"}],"curies":[{"name":"wp","href":"https:\/\/api.w.org\/{rel}","templated":true}]}}