{"id":6997,"date":"2020-06-11T11:50:23","date_gmt":"2020-06-11T09:50:23","guid":{"rendered":"https:\/\/bearly-n.com\/?post_type=product&#038;p=6997"},"modified":"2025-04-08T09:52:11","modified_gmt":"2025-04-08T07:52:11","slug":"pendentif-carre-brode-de-perles-blanc-rose","status":"publish","type":"product","link":"https:\/\/bearly-n.com\/en\/product\/pendentif-carre-brode-de-perles-blanc-rose\/","title":{"rendered":"Pendentif Carr\u00e9 brod\u00e9 de Perles, blanc et rose"},"content":{"rendered":"<p>Les Petits Carr\u00e9s sont des pendentifs carr\u00e9s brod\u00e9 de perles. Un petit carr\u00e9 de bead embroidery en m\u00e9daillon sur un lien de cuir ou de coton , ferm\u00e9 par un fermoir cha\u00eenette m\u00e9tallique assorti.<\/p>\n<p>Les Petits Carr\u00e9s sont faciles \u00e0 porter, des bijoux de forme g\u00e9om\u00e9trique joyeux et p\u00e9tillants. La forme carr\u00e9e donne une touche moderne \u00e0 la broderie.<\/p>\n<p>Sur chaque morceau de broderie, on retrouve un cabochon de verre teint\u00e9 \u00e0 la main par mes soins. Il est serti de perles de verres (Miyuki), et accompagn\u00e9 de divers \u00e9lements qui varient de pendentifs en pendentifs.Les pendentifs mesurent 3 x 3 cm, les colliers approximativement 44 cm.<\/p>\n<p>Les carr\u00e9s de broderie sont plac\u00e9s dans un serti de forme carr\u00e9e. Les b\u00e9li\u00e8res sont tiss\u00e9es et brod\u00e9es.<br \/>\nAu dos, il y a un carr\u00e9 de cuir (tannage v\u00e9g\u00e9tal) sign\u00e9 BearlyN par marquage \u00e0 chaud, et un cadre en acier inoxydable; pour un contact sans danger avec la peau.<\/p>\n<p>Le m\u00e9daillon est mont\u00e9 sur un cordon de coton blanc ferm\u00e9 par un fermoir chainette.<\/p>\n<p>Toutes les \u00e9tapes de r\u00e9alisation sont r\u00e9alis\u00e9es \u00e0 la main.<\/p>\n<p>Il s&rsquo;agit d&rsquo;un produit fini et unique; vous recevrez celui de la photo. Il est pr\u00eat \u00e0 \u00eatre envoy\u00e9 dans sa boite.<br \/>\nEnvie de voir d&rsquo;autres pendentifs ? Jetez un \u0153il au reste de la<a href=\"https:\/\/bearly-n.com\/en\/product-category\/pendentifs\/les-petits-carres\/\"> collection de Petits Carr\u00e9s<\/a><\/p>","protected":false},"excerpt":{"rendered":"<p>Les Petits Carr\u00e9s, une petite collection de pendentifs brod\u00e9s<\/p>\n<p>Pendentifs brod\u00e9s de 3 x 3 cm<\/p>\n<ul>\n<li>Broderie de perles en volume.<\/li>\n<li>Perles de verre blanches et cristaux de Swarovski roses.<\/li>\n<li>Doubl\u00e9 de cuir fauve (Veau-France-Tannage v\u00e9g\u00e9tal)<\/li>\n<\/ul>","protected":false},"featured_media":6988,"comment_status":"open","ping_status":"closed","template":"","meta":{"_price":"44","_stock":"1","_tribe_ticket_header":"","_tribe_default_ticket_provider":"","_tribe_ticket_capacity":"1","_ticket_start_date":"","_ticket_end_date":"","_tribe_ticket_show_description":"","_tribe_ticket_show_not_going":false,"_tribe_ticket_use_global_stock":"","_tribe_ticket_global_stock_level":"","_global_stock_mode":"","_global_stock_cap":"","_tribe_rsvp_for_event":"","_tribe_ticket_going_count":"","_tribe_ticket_not_going_count":"","_tribe_tickets_list":"[]","_tribe_ticket_has_attendee_info_fields":false,"jetpack_post_was_ever_published":false,"jetpack_publicize_message":"","jetpack_publicize_feature_enabled":true,"jetpack_social_post_already_shared":true,"jetpack_social_options":{"image_generator_settings":{"template":"highway","default_image_id":0,"font":"","enabled":false},"version":2}},"product_brand":[],"product_cat":[111],"product_tag":[],"class_list":{"0":"post-6997","1":"product","2":"type-product","3":"status-publish","4":"has-post-thumbnail","6":"product_cat-les-petits-carres","7":"product_shipping_class-forfait-50-a-250-g","8":"pa_couleur-blanc","9":"pa_couleur-rose","11":"first","12":"instock","13":"shipping-taxable","14":"purchasable","15":"product-type-simple"},"yoast_head":"<!-- This site is optimized with the Yoast SEO plugin v26.2 - https:\/\/yoast.com\/wordpress\/plugins\/seo\/ -->\n<title>Pendentif Carr\u00e9 brod\u00e9 de Perles, blanc et rose - BearlyN<\/title>\n<meta name=\"description\" content=\"Petit Carr\u00e9 blanc et rose, pendentif orn\u00e9 d&#039;une broderie en volume constitu\u00e9e de perles de verre blanches et de cristaux de Swarovski en variation de roses.\" \/>\n<meta name=\"robots\" content=\"index, follow, max-snippet:-1, max-image-preview:large, max-video-preview:-1\" \/>\n<link rel=\"canonical\" href=\"https:\/\/bearly-n.com\/en\/product\/pendentif-carre-brode-de-perles-blanc-rose\/\" \/>\n<meta property=\"og:locale\" content=\"en_US\" \/>\n<meta property=\"og:type\" content=\"article\" \/>\n<meta property=\"og:title\" content=\"Pendentif Carr\u00e9 brod\u00e9 de Perles, blanc et rose - BearlyN\" \/>\n<meta property=\"og:description\" content=\"Petit Carr\u00e9 blanc et rose, pendentif orn\u00e9 d&#039;une broderie en volume constitu\u00e9e de perles de verre blanches et de cristaux de Swarovski en variation de roses.\" \/>\n<meta property=\"og:url\" content=\"https:\/\/bearly-n.com\/en\/product\/pendentif-carre-brode-de-perles-blanc-rose\/\" \/>\n<meta property=\"og:site_name\" content=\"BearlyN\" \/>\n<meta property=\"article:publisher\" content=\"https:\/\/www.facebook.com\/Bearly-N-881942331934180\/\" \/>\n<meta property=\"article:modified_time\" content=\"2025-04-08T07:52:11+00:00\" \/>\n<meta property=\"og:image\" content=\"https:\/\/bearly-n.com\/wp-content\/uploads\/2020\/06\/petit-carr\u00e9-brod\u00e9-blanc-et-rose_BearlyN.jpg\" \/>\n\t<meta property=\"og:image:width\" content=\"2000\" \/>\n\t<meta property=\"og:image:height\" content=\"2000\" \/>\n\t<meta property=\"og:image:type\" content=\"image\/jpeg\" \/>\n<meta name=\"twitter:card\" content=\"summary_large_image\" \/>\n<meta name=\"twitter:label1\" content=\"Est. reading time\" \/>\n\t<meta name=\"twitter:data1\" content=\"1 minute\" \/>\n<script type=\"application\/ld+json\" class=\"yoast-schema-graph\">{\"@context\":\"https:\/\/schema.org\",\"@graph\":[{\"@type\":\"WebPage\",\"@id\":\"https:\/\/bearly-n.com\/produit\/pendentif-carre-brode-de-perles-blanc-rose\/\",\"url\":\"https:\/\/bearly-n.com\/produit\/pendentif-carre-brode-de-perles-blanc-rose\/\",\"name\":\"Pendentif Carr\u00e9 brod\u00e9 de Perles, blanc et rose - BearlyN\",\"isPartOf\":{\"@id\":\"https:\/\/bearly-n.com\/#website\"},\"primaryImageOfPage\":{\"@id\":\"https:\/\/bearly-n.com\/produit\/pendentif-carre-brode-de-perles-blanc-rose\/#primaryimage\"},\"image\":{\"@id\":\"https:\/\/bearly-n.com\/produit\/pendentif-carre-brode-de-perles-blanc-rose\/#primaryimage\"},\"thumbnailUrl\":\"https:\/\/i0.wp.com\/bearly-n.com\/wp-content\/uploads\/2020\/06\/petit-carr%C3%A9-brod%C3%A9-blanc-et-rose_BearlyN.jpg?fit=2000%2C2000&ssl=1\",\"datePublished\":\"2020-06-11T09:50:23+00:00\",\"dateModified\":\"2025-04-08T07:52:11+00:00\",\"description\":\"Petit Carr\u00e9 blanc et rose, pendentif orn\u00e9 d'une broderie en volume constitu\u00e9e de perles de verre blanches et de cristaux de Swarovski en variation de roses.\",\"breadcrumb\":{\"@id\":\"https:\/\/bearly-n.com\/produit\/pendentif-carre-brode-de-perles-blanc-rose\/#breadcrumb\"},\"inLanguage\":\"en-US\",\"potentialAction\":[{\"@type\":\"ReadAction\",\"target\":[\"https:\/\/bearly-n.com\/produit\/pendentif-carre-brode-de-perles-blanc-rose\/\"]}]},{\"@type\":\"ImageObject\",\"inLanguage\":\"en-US\",\"@id\":\"https:\/\/bearly-n.com\/produit\/pendentif-carre-brode-de-perles-blanc-rose\/#primaryimage\",\"url\":\"https:\/\/i0.wp.com\/bearly-n.com\/wp-content\/uploads\/2020\/06\/petit-carr%C3%A9-brod%C3%A9-blanc-et-rose_BearlyN.jpg?fit=2000%2C2000&ssl=1\",\"contentUrl\":\"https:\/\/i0.wp.com\/bearly-n.com\/wp-content\/uploads\/2020\/06\/petit-carr%C3%A9-brod%C3%A9-blanc-et-rose_BearlyN.jpg?fit=2000%2C2000&ssl=1\",\"width\":2000,\"height\":2000,\"caption\":\"petit carr\u00e9 brod\u00e9 blanc et rose_BearlyN\"},{\"@type\":\"BreadcrumbList\",\"@id\":\"https:\/\/bearly-n.com\/produit\/pendentif-carre-brode-de-perles-blanc-rose\/#breadcrumb\",\"itemListElement\":[{\"@type\":\"ListItem\",\"position\":1,\"name\":\"Accueil\",\"item\":\"https:\/\/bearly-n.com\/\"},{\"@type\":\"ListItem\",\"position\":2,\"name\":\"Boutique en ligne\",\"item\":\"https:\/\/bearly-n.com\/en\/boutique-en-ligne\/\"},{\"@type\":\"ListItem\",\"position\":3,\"name\":\"Pendentif Carr\u00e9 brod\u00e9 de Perles, blanc et rose\"}]},{\"@type\":\"WebSite\",\"@id\":\"https:\/\/bearly-n.com\/#website\",\"url\":\"https:\/\/bearly-n.com\/\",\"name\":\"BearlyN, bijoux de caract\u00e8re\",\"description\":\"Bijoux de Caract\u00e8re\",\"publisher\":{\"@id\":\"https:\/\/bearly-n.com\/#organization\"},\"potentialAction\":[{\"@type\":\"SearchAction\",\"target\":{\"@type\":\"EntryPoint\",\"urlTemplate\":\"https:\/\/bearly-n.com\/?s={search_term_string}\"},\"query-input\":{\"@type\":\"PropertyValueSpecification\",\"valueRequired\":true,\"valueName\":\"search_term_string\"}}],\"inLanguage\":\"en-US\"},{\"@type\":\"Organization\",\"@id\":\"https:\/\/bearly-n.com\/#organization\",\"name\":\"BearlyN\",\"url\":\"https:\/\/bearly-n.com\/\",\"logo\":{\"@type\":\"ImageObject\",\"inLanguage\":\"en-US\",\"@id\":\"https:\/\/bearly-n.com\/#\/schema\/logo\/image\/\",\"url\":\"https:\/\/i1.wp.com\/bearly-n.com\/wp-content\/uploads\/2016\/12\/logo.jpg?fit=630%2C270&ssl=1\",\"contentUrl\":\"https:\/\/i1.wp.com\/bearly-n.com\/wp-content\/uploads\/2016\/12\/logo.jpg?fit=630%2C270&ssl=1\",\"width\":630,\"height\":270,\"caption\":\"BearlyN\"},\"image\":{\"@id\":\"https:\/\/bearly-n.com\/#\/schema\/logo\/image\/\"},\"sameAs\":[\"https:\/\/www.facebook.com\/Bearly-N-881942331934180\/\",\"http:\/\/bearlyn\",\"https:\/\/www.linkedin.com\/company\/bearly-n\/\",\"https:\/\/fr.pinterest.com\/Bearlynterest\/\"]}]}<\/script>\n<!-- \/ Yoast SEO plugin. -->","yoast_head_json":{"title":"Pendentif Carr\u00e9 brod\u00e9 de Perles, blanc et rose - BearlyN","description":"Petit Carr\u00e9 blanc et rose, pendentif orn\u00e9 d'une broderie en volume constitu\u00e9e de perles de verre blanches et de cristaux de Swarovski en variation de roses.","robots":{"index":"index","follow":"follow","max-snippet":"max-snippet:-1","max-image-preview":"max-image-preview:large","max-video-preview":"max-video-preview:-1"},"canonical":"https:\/\/bearly-n.com\/en\/product\/pendentif-carre-brode-de-perles-blanc-rose\/","og_locale":"en_US","og_type":"article","og_title":"Pendentif Carr\u00e9 brod\u00e9 de Perles, blanc et rose - BearlyN","og_description":"Petit Carr\u00e9 blanc et rose, pendentif orn\u00e9 d'une broderie en volume constitu\u00e9e de perles de verre blanches et de cristaux de Swarovski en variation de roses.","og_url":"https:\/\/bearly-n.com\/en\/product\/pendentif-carre-brode-de-perles-blanc-rose\/","og_site_name":"BearlyN","article_publisher":"https:\/\/www.facebook.com\/Bearly-N-881942331934180\/","article_modified_time":"2025-04-08T07:52:11+00:00","og_image":[{"width":2000,"height":2000,"url":"https:\/\/bearly-n.com\/wp-content\/uploads\/2020\/06\/petit-carr\u00e9-brod\u00e9-blanc-et-rose_BearlyN.jpg","type":"image\/jpeg"}],"twitter_card":"summary_large_image","twitter_misc":{"Est. reading time":"1 minute"},"schema":{"@context":"https:\/\/schema.org","@graph":[{"@type":"WebPage","@id":"https:\/\/bearly-n.com\/produit\/pendentif-carre-brode-de-perles-blanc-rose\/","url":"https:\/\/bearly-n.com\/produit\/pendentif-carre-brode-de-perles-blanc-rose\/","name":"Pendentif Carr\u00e9 brod\u00e9 de Perles, blanc et rose - BearlyN","isPartOf":{"@id":"https:\/\/bearly-n.com\/#website"},"primaryImageOfPage":{"@id":"https:\/\/bearly-n.com\/produit\/pendentif-carre-brode-de-perles-blanc-rose\/#primaryimage"},"image":{"@id":"https:\/\/bearly-n.com\/produit\/pendentif-carre-brode-de-perles-blanc-rose\/#primaryimage"},"thumbnailUrl":"https:\/\/i0.wp.com\/bearly-n.com\/wp-content\/uploads\/2020\/06\/petit-carr%C3%A9-brod%C3%A9-blanc-et-rose_BearlyN.jpg?fit=2000%2C2000&ssl=1","datePublished":"2020-06-11T09:50:23+00:00","dateModified":"2025-04-08T07:52:11+00:00","description":"Petit Carr\u00e9 blanc et rose, pendentif orn\u00e9 d'une broderie en volume constitu\u00e9e de perles de verre blanches et de cristaux de Swarovski en variation de roses.","breadcrumb":{"@id":"https:\/\/bearly-n.com\/produit\/pendentif-carre-brode-de-perles-blanc-rose\/#breadcrumb"},"inLanguage":"en-US","potentialAction":[{"@type":"ReadAction","target":["https:\/\/bearly-n.com\/produit\/pendentif-carre-brode-de-perles-blanc-rose\/"]}]},{"@type":"ImageObject","inLanguage":"en-US","@id":"https:\/\/bearly-n.com\/produit\/pendentif-carre-brode-de-perles-blanc-rose\/#primaryimage","url":"https:\/\/i0.wp.com\/bearly-n.com\/wp-content\/uploads\/2020\/06\/petit-carr%C3%A9-brod%C3%A9-blanc-et-rose_BearlyN.jpg?fit=2000%2C2000&ssl=1","contentUrl":"https:\/\/i0.wp.com\/bearly-n.com\/wp-content\/uploads\/2020\/06\/petit-carr%C3%A9-brod%C3%A9-blanc-et-rose_BearlyN.jpg?fit=2000%2C2000&ssl=1","width":2000,"height":2000,"caption":"petit carr\u00e9 brod\u00e9 blanc et rose_BearlyN"},{"@type":"BreadcrumbList","@id":"https:\/\/bearly-n.com\/produit\/pendentif-carre-brode-de-perles-blanc-rose\/#breadcrumb","itemListElement":[{"@type":"ListItem","position":1,"name":"Accueil","item":"https:\/\/bearly-n.com\/"},{"@type":"ListItem","position":2,"name":"Boutique en ligne","item":"https:\/\/bearly-n.com\/en\/boutique-en-ligne\/"},{"@type":"ListItem","position":3,"name":"Pendentif Carr\u00e9 brod\u00e9 de Perles, blanc et rose"}]},{"@type":"WebSite","@id":"https:\/\/bearly-n.com\/#website","url":"https:\/\/bearly-n.com\/","name":"BearlyN, bijoux de caract\u00e8re","description":"Bijoux de Caract\u00e8re","publisher":{"@id":"https:\/\/bearly-n.com\/#organization"},"potentialAction":[{"@type":"SearchAction","target":{"@type":"EntryPoint","urlTemplate":"https:\/\/bearly-n.com\/?s={search_term_string}"},"query-input":{"@type":"PropertyValueSpecification","valueRequired":true,"valueName":"search_term_string"}}],"inLanguage":"en-US"},{"@type":"Organization","@id":"https:\/\/bearly-n.com\/#organization","name":"BearlyN","url":"https:\/\/bearly-n.com\/","logo":{"@type":"ImageObject","inLanguage":"en-US","@id":"https:\/\/bearly-n.com\/#\/schema\/logo\/image\/","url":"https:\/\/i1.wp.com\/bearly-n.com\/wp-content\/uploads\/2016\/12\/logo.jpg?fit=630%2C270&ssl=1","contentUrl":"https:\/\/i1.wp.com\/bearly-n.com\/wp-content\/uploads\/2016\/12\/logo.jpg?fit=630%2C270&ssl=1","width":630,"height":270,"caption":"BearlyN"},"image":{"@id":"https:\/\/bearly-n.com\/#\/schema\/logo\/image\/"},"sameAs":["https:\/\/www.facebook.com\/Bearly-N-881942331934180\/","http:\/\/bearlyn","https:\/\/www.linkedin.com\/company\/bearly-n\/","https:\/\/fr.pinterest.com\/Bearlynterest\/"]}]}},"jetpack_publicize_connections":[],"jetpack_sharing_enabled":true,"jetpack_likes_enabled":true,"_links":{"self":[{"href":"https:\/\/bearly-n.com\/en\/wp-json\/wp\/v2\/product\/6997","targetHints":{"allow":["GET"]}}],"collection":[{"href":"https:\/\/bearly-n.com\/en\/wp-json\/wp\/v2\/product"}],"about":[{"href":"https:\/\/bearly-n.com\/en\/wp-json\/wp\/v2\/types\/product"}],"replies":[{"embeddable":true,"href":"https:\/\/bearly-n.com\/en\/wp-json\/wp\/v2\/comments?post=6997"}],"version-history":[{"count":2,"href":"https:\/\/bearly-n.com\/en\/wp-json\/wp\/v2\/product\/6997\/revisions"}],"predecessor-version":[{"id":7113,"href":"https:\/\/bearly-n.com\/en\/wp-json\/wp\/v2\/product\/6997\/revisions\/7113"}],"wp:featuredmedia":[{"embeddable":true,"href":"https:\/\/bearly-n.com\/en\/wp-json\/wp\/v2\/media\/6988"}],"wp:attachment":[{"href":"https:\/\/bearly-n.com\/en\/wp-json\/wp\/v2\/media?parent=6997"}],"wp:term":[{"taxonomy":"product_brand","embeddable":true,"href":"https:\/\/bearly-n.com\/en\/wp-json\/wp\/v2\/product_brand?post=6997"},{"taxonomy":"product_cat","embeddable":true,"href":"https:\/\/bearly-n.com\/en\/wp-json\/wp\/v2\/product_cat?post=6997"},{"taxonomy":"product_tag","embeddable":true,"href":"https:\/\/bearly-n.com\/en\/wp-json\/wp\/v2\/product_tag?post=6997"}],"curies":[{"name":"wp","href":"https:\/\/api.w.org\/{rel}","templated":true}]}}