{"id":6816,"date":"2020-05-29T11:52:47","date_gmt":"2020-05-29T09:52:47","guid":{"rendered":"https:\/\/bearly-n.com\/?post_type=product&#038;p=6816"},"modified":"2020-06-08T17:50:18","modified_gmt":"2020-06-08T15:50:18","slug":"pendentif-rectangulaire-elephant-labradorite","status":"publish","type":"product","link":"https:\/\/bearly-n.com\/en\/product\/pendentif-rectangulaire-elephant-labradorite\/","title":{"rendered":"Collier pendentif rectangulaire avec \u00e9l\u00e9phant en \u00e9tain et labradorite"},"content":{"rendered":"<h2>Caract\u00e9ristiques principales du pendentif \u00e9l\u00e9phant de forme rectangle<\/h2>\n<p>Ce pendentif rectangulaire est tir\u00e9 de la <a href=\"https:\/\/bearly-n.com\/en\/la-collection-welcome-to-the-jungle\/\"><strong>Collection Welcome to The Jungle<\/strong><\/a><\/p>\n<ul>\n<li>d&rsquo;inspiration jungle et safari, ce pendentif au couleurs chaudes de l&rsquo;Afrique sera facile \u00e0 porter tout l&rsquo;\u00e9t\u00e9. Il peut \u00eatre port\u00e9 sur une chemise en lin ou une saharienne&#8230;Il s&rsquo;agit d&rsquo;une pi\u00e8ce forte, que ce soit par la taille du pendentif comme par l&rsquo;\u00e9l\u00e9phant et la puissance qu&rsquo;il d\u00e9gage.<\/li>\n<li>Un \u00e9l\u00e9phant en \u00e9tain du Wildlife designer Marvin Mc Cloud, riche en d\u00e9tails et tr\u00e8s expressif surplombe un beau cabochon en labradorite brune.<br \/>\nL&rsquo; ensemble du pendentif est brod\u00e9 de perles japonaises, dans des teintes de brun et de bronze. Quelques cabochons de verre teint\u00e9 et des cristaux de Swarovski viennent enrichir la broderie.<\/li>\n<li>Pour finir, l&rsquo;ensemble est doubl\u00e9 de cuir de veau brun ch\u00e2taigne (France-tannage v\u00e9g\u00e9tal), une rang\u00e9e de perles brunes vient parfaire la finition.<\/li>\n<\/ul>\n<p>Il s&rsquo;agit d&rsquo;une pi\u00e8ce unique. Toutes les \u00e9tapes de sa r\u00e9alisation ont \u00e9t\u00e9 effectu\u00e9es \u00e0 la main.<\/p>\n<h2>Dimensions du pendentif :<\/h2>\n<p>Le pendentif mesure 9&#215;5 cm.<\/p>\n<p>Le cabochon d&rsquo;\u0153il de fer, ou jaspe h\u00e9matoide, mesure \u00a04,5 x2,4 cm, il est serti de perles de verre (Miyuki) brun fonc\u00e9.<\/p>\n<p>El\u00e9phant en \u00e9tain sign\u00e9 Marvin Mc Cloud (4&#215;3 cm).<\/p>\n<p>Mont\u00e9 sur un collier multi-cordons en coton noir de 44 cm,\u00a0 avec un fermoir cha\u00eenette qui permet de l&rsquo;ajuster \u00e0 la longueur d\u00e9sir\u00e9e.<\/p>\n<h2>Entretien<\/h2>\n<ul>\n<li>Le cuir peut \u00eatre simplement nettoy\u00e9 avec un linge humide et un peu de savon glycerin\u00e9.<\/li>\n<li>La partie brod\u00e9e peut \u00eatre d\u00e9poussi\u00e9r\u00e9e \u00e0 l&rsquo;aide d&rsquo;un pinceau souple et d&rsquo;un chiffon l\u00e9g\u00e8rement humide.<\/li>\n<li><strong>Eviter le contact avec l&rsquo;eau.<\/strong><\/li>\n<\/ul>\n<h2>Accessoires fournis<\/h2>\n<p>Mes bijoux sont fournis avec une bo\u00eete noire en carton rigide, doubl\u00e9e de satin noir. L&#8217;emballage est soign\u00e9, cela en fait un produit pr\u00eat \u00e0 offrir&#8230;ou \u00e0 s&rsquo;offrir!<\/p>\n<p>&nbsp;<\/p>","protected":false},"excerpt":{"rendered":"<p>Collection <strong>\u00ab\u00a0Welcome To The Jungle\u00a0\u00bb<\/strong><\/p>\n<p>Pendentif ethnique, de forme rectangulaire, \u00e9l\u00e9phant en \u00e9tain sign\u00e9 Marvin Mc Cloud, cabochon de labradorite<\/p>\n<p>Pi\u00e8ce unique sign\u00e9e BearlyN.<\/p>\n<p>Frais de port offerts, envoi suivi.<\/p>","protected":false},"featured_media":6814,"comment_status":"open","ping_status":"closed","template":"","meta":{"_price":"204","_stock":"1","_tribe_ticket_header":"","_tribe_default_ticket_provider":"","_tribe_ticket_capacity":"1","_ticket_start_date":"","_ticket_end_date":"","_tribe_ticket_show_description":"","_tribe_ticket_show_not_going":false,"_tribe_ticket_use_global_stock":"","_tribe_ticket_global_stock_level":"","_global_stock_mode":"","_global_stock_cap":"","_tribe_rsvp_for_event":"","_tribe_ticket_going_count":"","_tribe_ticket_not_going_count":"","_tribe_tickets_list":"[]","_tribe_ticket_has_attendee_info_fields":false,"jetpack_post_was_ever_published":false,"jetpack_publicize_message":"","jetpack_publicize_feature_enabled":true,"jetpack_social_post_already_shared":true,"jetpack_social_options":{"image_generator_settings":{"template":"highway","default_image_id":0,"font":"","enabled":false},"version":2}},"product_brand":[],"product_cat":[108,110],"product_tag":[116,78,79],"class_list":{"0":"post-6816","1":"product","2":"type-product","3":"status-publish","4":"has-post-thumbnail","6":"product_cat-pendentifs","7":"product_cat-medaillon","8":"product_tag-medaillon","9":"product_tag-pendentif","10":"product_tag-welcome-to-the-jungle","11":"product_shipping_class-gratuite","12":"pa_couleur-brun","13":"pa_couleur-marron","15":"first","16":"instock","17":"sold-individually","18":"shipping-taxable","19":"purchasable","20":"product-type-simple"},"yoast_head":"<!-- This site is optimized with the Yoast SEO plugin v26.2 - https:\/\/yoast.com\/wordpress\/plugins\/seo\/ -->\n<title>Collier pendentif rectangulaire avec \u00e9l\u00e9phant en \u00e9tain et labradorite - BearlyN<\/title>\n<meta name=\"description\" content=\"Partez en safari avec ce pendentif rectangulaire orn\u00e9 d&#039;un \u00e9l\u00e9phant en \u00e9tain accompagn\u00e9 d&#039;une labradorite. Une pi\u00e8ce unique sign\u00e9e BearlyN.\" \/>\n<meta name=\"robots\" content=\"index, follow, max-snippet:-1, max-image-preview:large, max-video-preview:-1\" \/>\n<link rel=\"canonical\" href=\"https:\/\/bearly-n.com\/en\/product\/pendentif-rectangulaire-elephant-labradorite\/\" \/>\n<meta property=\"og:locale\" content=\"en_US\" \/>\n<meta property=\"og:type\" content=\"article\" \/>\n<meta property=\"og:title\" content=\"Collier pendentif rectangulaire avec \u00e9l\u00e9phant en \u00e9tain et labradorite - BearlyN\" \/>\n<meta property=\"og:description\" content=\"Partez en safari avec ce pendentif rectangulaire orn\u00e9 d&#039;un \u00e9l\u00e9phant en \u00e9tain accompagn\u00e9 d&#039;une labradorite. Une pi\u00e8ce unique sign\u00e9e BearlyN.\" \/>\n<meta property=\"og:url\" content=\"https:\/\/bearly-n.com\/en\/product\/pendentif-rectangulaire-elephant-labradorite\/\" \/>\n<meta property=\"og:site_name\" content=\"BearlyN\" \/>\n<meta property=\"article:publisher\" content=\"https:\/\/www.facebook.com\/Bearly-N-881942331934180\/\" \/>\n<meta property=\"article:modified_time\" content=\"2020-06-08T15:50:18+00:00\" \/>\n<meta property=\"og:image\" content=\"https:\/\/i0.wp.com\/bearly-n.com\/wp-content\/uploads\/2020\/05\/pendentif-rectangulaire-elephant_BearlyN-scaled.jpg?fit=1920%2C2560&ssl=1\" \/>\n\t<meta property=\"og:image:width\" content=\"1920\" \/>\n\t<meta property=\"og:image:height\" content=\"2560\" \/>\n\t<meta property=\"og:image:type\" content=\"image\/jpeg\" \/>\n<meta name=\"twitter:card\" content=\"summary_large_image\" \/>\n<meta name=\"twitter:label1\" content=\"Est. reading time\" \/>\n\t<meta name=\"twitter:data1\" content=\"2 minutes\" \/>\n<script type=\"application\/ld+json\" class=\"yoast-schema-graph\">{\"@context\":\"https:\/\/schema.org\",\"@graph\":[{\"@type\":\"WebPage\",\"@id\":\"https:\/\/bearly-n.com\/produit\/pendentif-rectangulaire-elephant-labradorite\/\",\"url\":\"https:\/\/bearly-n.com\/produit\/pendentif-rectangulaire-elephant-labradorite\/\",\"name\":\"Collier pendentif rectangulaire avec \u00e9l\u00e9phant en \u00e9tain et labradorite - BearlyN\",\"isPartOf\":{\"@id\":\"https:\/\/bearly-n.com\/#website\"},\"primaryImageOfPage\":{\"@id\":\"https:\/\/bearly-n.com\/produit\/pendentif-rectangulaire-elephant-labradorite\/#primaryimage\"},\"image\":{\"@id\":\"https:\/\/bearly-n.com\/produit\/pendentif-rectangulaire-elephant-labradorite\/#primaryimage\"},\"thumbnailUrl\":\"https:\/\/i0.wp.com\/bearly-n.com\/wp-content\/uploads\/2020\/05\/pendentif-rectangulaire-elephant_BearlyN-scaled.jpg?fit=1920%2C2560&ssl=1\",\"datePublished\":\"2020-05-29T09:52:47+00:00\",\"dateModified\":\"2020-06-08T15:50:18+00:00\",\"description\":\"Partez en safari avec ce pendentif rectangulaire orn\u00e9 d'un \u00e9l\u00e9phant en \u00e9tain accompagn\u00e9 d'une labradorite. Une pi\u00e8ce unique sign\u00e9e BearlyN.\",\"breadcrumb\":{\"@id\":\"https:\/\/bearly-n.com\/produit\/pendentif-rectangulaire-elephant-labradorite\/#breadcrumb\"},\"inLanguage\":\"en-US\",\"potentialAction\":[{\"@type\":\"ReadAction\",\"target\":[\"https:\/\/bearly-n.com\/produit\/pendentif-rectangulaire-elephant-labradorite\/\"]}]},{\"@type\":\"ImageObject\",\"inLanguage\":\"en-US\",\"@id\":\"https:\/\/bearly-n.com\/produit\/pendentif-rectangulaire-elephant-labradorite\/#primaryimage\",\"url\":\"https:\/\/i0.wp.com\/bearly-n.com\/wp-content\/uploads\/2020\/05\/pendentif-rectangulaire-elephant_BearlyN-scaled.jpg?fit=1920%2C2560&ssl=1\",\"contentUrl\":\"https:\/\/i0.wp.com\/bearly-n.com\/wp-content\/uploads\/2020\/05\/pendentif-rectangulaire-elephant_BearlyN-scaled.jpg?fit=1920%2C2560&ssl=1\",\"width\":1920,\"height\":2560,\"caption\":\"pendentif rectangulaire elephant_BearlyN\"},{\"@type\":\"BreadcrumbList\",\"@id\":\"https:\/\/bearly-n.com\/produit\/pendentif-rectangulaire-elephant-labradorite\/#breadcrumb\",\"itemListElement\":[{\"@type\":\"ListItem\",\"position\":1,\"name\":\"Accueil\",\"item\":\"https:\/\/bearly-n.com\/\"},{\"@type\":\"ListItem\",\"position\":2,\"name\":\"Boutique en ligne\",\"item\":\"https:\/\/bearly-n.com\/en\/boutique-en-ligne\/\"},{\"@type\":\"ListItem\",\"position\":3,\"name\":\"Collier pendentif rectangulaire avec \u00e9l\u00e9phant en \u00e9tain et labradorite\"}]},{\"@type\":\"WebSite\",\"@id\":\"https:\/\/bearly-n.com\/#website\",\"url\":\"https:\/\/bearly-n.com\/\",\"name\":\"BearlyN, bijoux de caract\u00e8re\",\"description\":\"Bijoux de Caract\u00e8re\",\"publisher\":{\"@id\":\"https:\/\/bearly-n.com\/#organization\"},\"potentialAction\":[{\"@type\":\"SearchAction\",\"target\":{\"@type\":\"EntryPoint\",\"urlTemplate\":\"https:\/\/bearly-n.com\/?s={search_term_string}\"},\"query-input\":{\"@type\":\"PropertyValueSpecification\",\"valueRequired\":true,\"valueName\":\"search_term_string\"}}],\"inLanguage\":\"en-US\"},{\"@type\":\"Organization\",\"@id\":\"https:\/\/bearly-n.com\/#organization\",\"name\":\"BearlyN\",\"url\":\"https:\/\/bearly-n.com\/\",\"logo\":{\"@type\":\"ImageObject\",\"inLanguage\":\"en-US\",\"@id\":\"https:\/\/bearly-n.com\/#\/schema\/logo\/image\/\",\"url\":\"https:\/\/i1.wp.com\/bearly-n.com\/wp-content\/uploads\/2016\/12\/logo.jpg?fit=630%2C270&ssl=1\",\"contentUrl\":\"https:\/\/i1.wp.com\/bearly-n.com\/wp-content\/uploads\/2016\/12\/logo.jpg?fit=630%2C270&ssl=1\",\"width\":630,\"height\":270,\"caption\":\"BearlyN\"},\"image\":{\"@id\":\"https:\/\/bearly-n.com\/#\/schema\/logo\/image\/\"},\"sameAs\":[\"https:\/\/www.facebook.com\/Bearly-N-881942331934180\/\",\"http:\/\/bearlyn\",\"https:\/\/www.linkedin.com\/company\/bearly-n\/\",\"https:\/\/fr.pinterest.com\/Bearlynterest\/\"]}]}<\/script>\n<!-- \/ Yoast SEO plugin. -->","yoast_head_json":{"title":"Collier pendentif rectangulaire avec \u00e9l\u00e9phant en \u00e9tain et labradorite - BearlyN","description":"Partez en safari avec ce pendentif rectangulaire orn\u00e9 d'un \u00e9l\u00e9phant en \u00e9tain accompagn\u00e9 d'une labradorite. Une pi\u00e8ce unique sign\u00e9e BearlyN.","robots":{"index":"index","follow":"follow","max-snippet":"max-snippet:-1","max-image-preview":"max-image-preview:large","max-video-preview":"max-video-preview:-1"},"canonical":"https:\/\/bearly-n.com\/en\/product\/pendentif-rectangulaire-elephant-labradorite\/","og_locale":"en_US","og_type":"article","og_title":"Collier pendentif rectangulaire avec \u00e9l\u00e9phant en \u00e9tain et labradorite - BearlyN","og_description":"Partez en safari avec ce pendentif rectangulaire orn\u00e9 d'un \u00e9l\u00e9phant en \u00e9tain accompagn\u00e9 d'une labradorite. Une pi\u00e8ce unique sign\u00e9e BearlyN.","og_url":"https:\/\/bearly-n.com\/en\/product\/pendentif-rectangulaire-elephant-labradorite\/","og_site_name":"BearlyN","article_publisher":"https:\/\/www.facebook.com\/Bearly-N-881942331934180\/","article_modified_time":"2020-06-08T15:50:18+00:00","og_image":[{"width":1920,"height":2560,"url":"https:\/\/i0.wp.com\/bearly-n.com\/wp-content\/uploads\/2020\/05\/pendentif-rectangulaire-elephant_BearlyN-scaled.jpg?fit=1920%2C2560&ssl=1","type":"image\/jpeg"}],"twitter_card":"summary_large_image","twitter_misc":{"Est. reading time":"2 minutes"},"schema":{"@context":"https:\/\/schema.org","@graph":[{"@type":"WebPage","@id":"https:\/\/bearly-n.com\/produit\/pendentif-rectangulaire-elephant-labradorite\/","url":"https:\/\/bearly-n.com\/produit\/pendentif-rectangulaire-elephant-labradorite\/","name":"Collier pendentif rectangulaire avec \u00e9l\u00e9phant en \u00e9tain et labradorite - BearlyN","isPartOf":{"@id":"https:\/\/bearly-n.com\/#website"},"primaryImageOfPage":{"@id":"https:\/\/bearly-n.com\/produit\/pendentif-rectangulaire-elephant-labradorite\/#primaryimage"},"image":{"@id":"https:\/\/bearly-n.com\/produit\/pendentif-rectangulaire-elephant-labradorite\/#primaryimage"},"thumbnailUrl":"https:\/\/i0.wp.com\/bearly-n.com\/wp-content\/uploads\/2020\/05\/pendentif-rectangulaire-elephant_BearlyN-scaled.jpg?fit=1920%2C2560&ssl=1","datePublished":"2020-05-29T09:52:47+00:00","dateModified":"2020-06-08T15:50:18+00:00","description":"Partez en safari avec ce pendentif rectangulaire orn\u00e9 d'un \u00e9l\u00e9phant en \u00e9tain accompagn\u00e9 d'une labradorite. Une pi\u00e8ce unique sign\u00e9e BearlyN.","breadcrumb":{"@id":"https:\/\/bearly-n.com\/produit\/pendentif-rectangulaire-elephant-labradorite\/#breadcrumb"},"inLanguage":"en-US","potentialAction":[{"@type":"ReadAction","target":["https:\/\/bearly-n.com\/produit\/pendentif-rectangulaire-elephant-labradorite\/"]}]},{"@type":"ImageObject","inLanguage":"en-US","@id":"https:\/\/bearly-n.com\/produit\/pendentif-rectangulaire-elephant-labradorite\/#primaryimage","url":"https:\/\/i0.wp.com\/bearly-n.com\/wp-content\/uploads\/2020\/05\/pendentif-rectangulaire-elephant_BearlyN-scaled.jpg?fit=1920%2C2560&ssl=1","contentUrl":"https:\/\/i0.wp.com\/bearly-n.com\/wp-content\/uploads\/2020\/05\/pendentif-rectangulaire-elephant_BearlyN-scaled.jpg?fit=1920%2C2560&ssl=1","width":1920,"height":2560,"caption":"pendentif rectangulaire elephant_BearlyN"},{"@type":"BreadcrumbList","@id":"https:\/\/bearly-n.com\/produit\/pendentif-rectangulaire-elephant-labradorite\/#breadcrumb","itemListElement":[{"@type":"ListItem","position":1,"name":"Accueil","item":"https:\/\/bearly-n.com\/"},{"@type":"ListItem","position":2,"name":"Boutique en ligne","item":"https:\/\/bearly-n.com\/en\/boutique-en-ligne\/"},{"@type":"ListItem","position":3,"name":"Collier pendentif rectangulaire avec \u00e9l\u00e9phant en \u00e9tain et labradorite"}]},{"@type":"WebSite","@id":"https:\/\/bearly-n.com\/#website","url":"https:\/\/bearly-n.com\/","name":"BearlyN, bijoux de caract\u00e8re","description":"Bijoux de Caract\u00e8re","publisher":{"@id":"https:\/\/bearly-n.com\/#organization"},"potentialAction":[{"@type":"SearchAction","target":{"@type":"EntryPoint","urlTemplate":"https:\/\/bearly-n.com\/?s={search_term_string}"},"query-input":{"@type":"PropertyValueSpecification","valueRequired":true,"valueName":"search_term_string"}}],"inLanguage":"en-US"},{"@type":"Organization","@id":"https:\/\/bearly-n.com\/#organization","name":"BearlyN","url":"https:\/\/bearly-n.com\/","logo":{"@type":"ImageObject","inLanguage":"en-US","@id":"https:\/\/bearly-n.com\/#\/schema\/logo\/image\/","url":"https:\/\/i1.wp.com\/bearly-n.com\/wp-content\/uploads\/2016\/12\/logo.jpg?fit=630%2C270&ssl=1","contentUrl":"https:\/\/i1.wp.com\/bearly-n.com\/wp-content\/uploads\/2016\/12\/logo.jpg?fit=630%2C270&ssl=1","width":630,"height":270,"caption":"BearlyN"},"image":{"@id":"https:\/\/bearly-n.com\/#\/schema\/logo\/image\/"},"sameAs":["https:\/\/www.facebook.com\/Bearly-N-881942331934180\/","http:\/\/bearlyn","https:\/\/www.linkedin.com\/company\/bearly-n\/","https:\/\/fr.pinterest.com\/Bearlynterest\/"]}]}},"jetpack_publicize_connections":[],"jetpack_sharing_enabled":true,"jetpack_likes_enabled":true,"_links":{"self":[{"href":"https:\/\/bearly-n.com\/en\/wp-json\/wp\/v2\/product\/6816","targetHints":{"allow":["GET"]}}],"collection":[{"href":"https:\/\/bearly-n.com\/en\/wp-json\/wp\/v2\/product"}],"about":[{"href":"https:\/\/bearly-n.com\/en\/wp-json\/wp\/v2\/types\/product"}],"replies":[{"embeddable":true,"href":"https:\/\/bearly-n.com\/en\/wp-json\/wp\/v2\/comments?post=6816"}],"version-history":[{"count":2,"href":"https:\/\/bearly-n.com\/en\/wp-json\/wp\/v2\/product\/6816\/revisions"}],"predecessor-version":[{"id":6818,"href":"https:\/\/bearly-n.com\/en\/wp-json\/wp\/v2\/product\/6816\/revisions\/6818"}],"wp:featuredmedia":[{"embeddable":true,"href":"https:\/\/bearly-n.com\/en\/wp-json\/wp\/v2\/media\/6814"}],"wp:attachment":[{"href":"https:\/\/bearly-n.com\/en\/wp-json\/wp\/v2\/media?parent=6816"}],"wp:term":[{"taxonomy":"product_brand","embeddable":true,"href":"https:\/\/bearly-n.com\/en\/wp-json\/wp\/v2\/product_brand?post=6816"},{"taxonomy":"product_cat","embeddable":true,"href":"https:\/\/bearly-n.com\/en\/wp-json\/wp\/v2\/product_cat?post=6816"},{"taxonomy":"product_tag","embeddable":true,"href":"https:\/\/bearly-n.com\/en\/wp-json\/wp\/v2\/product_tag?post=6816"}],"curies":[{"name":"wp","href":"https:\/\/api.w.org\/{rel}","templated":true}]}}