{"id":6657,"date":"2020-05-07T16:42:42","date_gmt":"2020-05-07T14:42:42","guid":{"rendered":"https:\/\/bearly-n.com\/?post_type=product&#038;p=6657"},"modified":"2021-09-14T14:48:50","modified_gmt":"2021-09-14T12:48:50","slug":"collier-pendentif-noir-et-vert-nacre","status":"publish","type":"product","link":"https:\/\/bearly-n.com\/en\/product\/collier-pendentif-noir-et-vert-nacre\/","title":{"rendered":"Collier pendentif noir et vert, en nacre et broderie de perles"},"content":{"rendered":"<p>Ce pendentif noir\u00a0 est tir\u00e9 de la Collection <a href=\"https:\/\/bearly-n.com\/en\/boutique-en-ligne\/collection-dark-scarabeus\/\">Dark Scarabeus<\/a><\/p>\n<ul>\n<li>Pendentif brod\u00e9 de perles de verre noires, autour d&rsquo;un cabochon rectangulaire de nacre verte. L&rsquo;ensemble mesure 6 x 3.5 cm<\/li>\n<li>Le cabochon est constitu\u00e9 d&rsquo;une plaque de nacre abalone de 3.5 x 2 cm Il est serti de perles de verre noires (Miyuki) et quelques cristaux de Swarovski verts.<\/li>\n<li>L&rsquo;ensemble est doubl\u00e9 de cuir de veau noir lisse, tannage v\u00e9g\u00e9tal (France), pour un contact agr\u00e9able et sans risque avec la peau. Le cuir est sign\u00e9 BearlyN par marquage \u00e0 chaud.<\/li>\n<li>Collier multi-cordon (coton et organza- 44 cm) avec une chainette pour ajuster la longueur.<\/li>\n<\/ul>\n<p>Il s&rsquo;agit d&rsquo;une pi\u00e8ce unique. Toutes les \u00e9tapes de sa r\u00e9alisation ont \u00e9t\u00e9 effectu\u00e9es \u00e0 la main.<\/p>\n<h2>Entretien<\/h2>\n<ul>\n<li>Le cuir peut \u00eatre simplement nettoy\u00e9 avec un linge humide et un peu de savon glyc\u00e9rin\u00e9.<\/li>\n<li>La partie brod\u00e9e peut \u00eatre d\u00e9poussi\u00e9r\u00e9e \u00e0 l&rsquo;aide d&rsquo;un pinceau souple et d&rsquo;un chiffon l\u00e9g\u00e8rement humide.<\/li>\n<li><strong>Eviter le contact avec l&rsquo;eau et le parfum.<\/strong><\/li>\n<\/ul>\n<h2>Accessoires fournis<\/h2>\n<p>Mes bijoux sont fournis avec une bo\u00eete noire en carton rigide, doubl\u00e9e de satin noir. L&#8217;emballage est soign\u00e9, cela en fait un produit pr\u00eat \u00e0 offrir&#8230;ou \u00e0 s&rsquo;offrir!<\/p>\n<p>&nbsp;<\/p>","protected":false},"excerpt":{"rendered":"<p>Collection\u00a0<strong>\u201cDark Scarabeus\u201d<\/strong><\/p>\n<p>Pendentif noir et vert brod\u00e9 autour d&rsquo;une plaque de nacre verte<\/p>\n<p>Pi\u00e8ce unique et sign\u00e9e BearlyN<\/p>\n<p>Frais de port offerts, coli suivi.<\/p>","protected":false},"featured_media":6659,"comment_status":"open","ping_status":"closed","template":"","meta":{"_price":"124","_stock":"1","_tribe_ticket_header":"","_tribe_default_ticket_provider":"","_tribe_ticket_capacity":"1","_ticket_start_date":"","_ticket_end_date":"","_tribe_ticket_show_description":"","_tribe_ticket_show_not_going":false,"_tribe_ticket_use_global_stock":"","_tribe_ticket_global_stock_level":"","_global_stock_mode":"","_global_stock_cap":"","_tribe_rsvp_for_event":"","_tribe_ticket_going_count":"","_tribe_ticket_not_going_count":"","_tribe_tickets_list":"[]","_tribe_ticket_has_attendee_info_fields":false,"jetpack_post_was_ever_published":false,"jetpack_publicize_message":"","jetpack_publicize_feature_enabled":true,"jetpack_social_post_already_shared":true,"jetpack_social_options":{"image_generator_settings":{"template":"highway","default_image_id":0,"font":"","enabled":false},"version":2}},"product_brand":[],"product_cat":[108,110],"product_tag":[81],"class_list":{"0":"post-6657","1":"product","2":"type-product","3":"status-publish","4":"has-post-thumbnail","6":"product_cat-pendentifs","7":"product_cat-medaillon","8":"product_tag-dark-scarabeus","9":"product_shipping_class-gratuite","10":"pa_couleur-noir","11":"pa_couleur-vert","13":"first","14":"instock","15":"sold-individually","16":"shipping-taxable","17":"purchasable","18":"product-type-simple"},"yoast_head":"<!-- This site is optimized with the Yoast SEO plugin v26.2 - https:\/\/yoast.com\/wordpress\/plugins\/seo\/ -->\n<title>Collier pendentif noir et vert, en nacre et broderie de perles - BearlyN<\/title>\n<meta name=\"description\" content=\"Pendentif noir et vert rectangulaire autour d&#039;une pi\u00e8ce de nacre. Brod\u00e9 de perles noires et doubl\u00e9 de cuir de veau noir. A porter au quotidien ou en soir\u00e9e.\" \/>\n<meta name=\"robots\" content=\"index, follow, max-snippet:-1, max-image-preview:large, max-video-preview:-1\" \/>\n<link rel=\"canonical\" href=\"https:\/\/bearly-n.com\/en\/product\/collier-pendentif-noir-et-vert-nacre\/\" \/>\n<meta property=\"og:locale\" content=\"en_US\" \/>\n<meta property=\"og:type\" content=\"article\" \/>\n<meta property=\"og:title\" content=\"Collier pendentif noir et vert, en nacre et broderie de perles - BearlyN\" \/>\n<meta property=\"og:description\" content=\"Pendentif noir et vert rectangulaire autour d&#039;une pi\u00e8ce de nacre. Brod\u00e9 de perles noires et doubl\u00e9 de cuir de veau noir. A porter au quotidien ou en soir\u00e9e.\" \/>\n<meta property=\"og:url\" content=\"https:\/\/bearly-n.com\/en\/product\/collier-pendentif-noir-et-vert-nacre\/\" \/>\n<meta property=\"og:site_name\" content=\"BearlyN\" \/>\n<meta property=\"article:publisher\" content=\"https:\/\/www.facebook.com\/Bearly-N-881942331934180\/\" \/>\n<meta property=\"article:modified_time\" content=\"2021-09-14T12:48:50+00:00\" \/>\n<meta property=\"og:image\" content=\"https:\/\/i0.wp.com\/bearly-n.com\/wp-content\/uploads\/2020\/05\/pendentif-en-nacre-brod\u00e9_BearlyN.jpg?fit=2000%2C2000&ssl=1\" \/>\n\t<meta property=\"og:image:width\" content=\"2000\" \/>\n\t<meta property=\"og:image:height\" content=\"2000\" \/>\n\t<meta property=\"og:image:type\" content=\"image\/jpeg\" \/>\n<meta name=\"twitter:card\" content=\"summary_large_image\" \/>\n<meta name=\"twitter:label1\" content=\"Est. reading time\" \/>\n\t<meta name=\"twitter:data1\" content=\"1 minute\" \/>\n<script type=\"application\/ld+json\" class=\"yoast-schema-graph\">{\"@context\":\"https:\/\/schema.org\",\"@graph\":[{\"@type\":\"WebPage\",\"@id\":\"https:\/\/bearly-n.com\/produit\/collier-pendentif-noir-et-vert-nacre\/\",\"url\":\"https:\/\/bearly-n.com\/produit\/collier-pendentif-noir-et-vert-nacre\/\",\"name\":\"Collier pendentif noir et vert, en nacre et broderie de perles - BearlyN\",\"isPartOf\":{\"@id\":\"https:\/\/bearly-n.com\/#website\"},\"primaryImageOfPage\":{\"@id\":\"https:\/\/bearly-n.com\/produit\/collier-pendentif-noir-et-vert-nacre\/#primaryimage\"},\"image\":{\"@id\":\"https:\/\/bearly-n.com\/produit\/collier-pendentif-noir-et-vert-nacre\/#primaryimage\"},\"thumbnailUrl\":\"https:\/\/i0.wp.com\/bearly-n.com\/wp-content\/uploads\/2020\/05\/pendentif-en-nacre-brod%C3%A9_BearlyN.jpg?fit=2000%2C2000&ssl=1\",\"datePublished\":\"2020-05-07T14:42:42+00:00\",\"dateModified\":\"2021-09-14T12:48:50+00:00\",\"description\":\"Pendentif noir et vert rectangulaire autour d'une pi\u00e8ce de nacre. Brod\u00e9 de perles noires et doubl\u00e9 de cuir de veau noir. A porter au quotidien ou en soir\u00e9e.\",\"breadcrumb\":{\"@id\":\"https:\/\/bearly-n.com\/produit\/collier-pendentif-noir-et-vert-nacre\/#breadcrumb\"},\"inLanguage\":\"en-US\",\"potentialAction\":[{\"@type\":\"ReadAction\",\"target\":[\"https:\/\/bearly-n.com\/produit\/collier-pendentif-noir-et-vert-nacre\/\"]}]},{\"@type\":\"ImageObject\",\"inLanguage\":\"en-US\",\"@id\":\"https:\/\/bearly-n.com\/produit\/collier-pendentif-noir-et-vert-nacre\/#primaryimage\",\"url\":\"https:\/\/i0.wp.com\/bearly-n.com\/wp-content\/uploads\/2020\/05\/pendentif-en-nacre-brod%C3%A9_BearlyN.jpg?fit=2000%2C2000&ssl=1\",\"contentUrl\":\"https:\/\/i0.wp.com\/bearly-n.com\/wp-content\/uploads\/2020\/05\/pendentif-en-nacre-brod%C3%A9_BearlyN.jpg?fit=2000%2C2000&ssl=1\",\"width\":2000,\"height\":2000,\"caption\":\"pendentif en nacre brod\u00e9_BearlyN\"},{\"@type\":\"BreadcrumbList\",\"@id\":\"https:\/\/bearly-n.com\/produit\/collier-pendentif-noir-et-vert-nacre\/#breadcrumb\",\"itemListElement\":[{\"@type\":\"ListItem\",\"position\":1,\"name\":\"Accueil\",\"item\":\"https:\/\/bearly-n.com\/\"},{\"@type\":\"ListItem\",\"position\":2,\"name\":\"Boutique en ligne\",\"item\":\"https:\/\/bearly-n.com\/en\/boutique-en-ligne\/\"},{\"@type\":\"ListItem\",\"position\":3,\"name\":\"Collier pendentif noir et vert, en nacre et broderie de perles\"}]},{\"@type\":\"WebSite\",\"@id\":\"https:\/\/bearly-n.com\/#website\",\"url\":\"https:\/\/bearly-n.com\/\",\"name\":\"BearlyN, bijoux de caract\u00e8re\",\"description\":\"Bijoux de Caract\u00e8re\",\"publisher\":{\"@id\":\"https:\/\/bearly-n.com\/#organization\"},\"potentialAction\":[{\"@type\":\"SearchAction\",\"target\":{\"@type\":\"EntryPoint\",\"urlTemplate\":\"https:\/\/bearly-n.com\/?s={search_term_string}\"},\"query-input\":{\"@type\":\"PropertyValueSpecification\",\"valueRequired\":true,\"valueName\":\"search_term_string\"}}],\"inLanguage\":\"en-US\"},{\"@type\":\"Organization\",\"@id\":\"https:\/\/bearly-n.com\/#organization\",\"name\":\"BearlyN\",\"url\":\"https:\/\/bearly-n.com\/\",\"logo\":{\"@type\":\"ImageObject\",\"inLanguage\":\"en-US\",\"@id\":\"https:\/\/bearly-n.com\/#\/schema\/logo\/image\/\",\"url\":\"https:\/\/i1.wp.com\/bearly-n.com\/wp-content\/uploads\/2016\/12\/logo.jpg?fit=630%2C270&ssl=1\",\"contentUrl\":\"https:\/\/i1.wp.com\/bearly-n.com\/wp-content\/uploads\/2016\/12\/logo.jpg?fit=630%2C270&ssl=1\",\"width\":630,\"height\":270,\"caption\":\"BearlyN\"},\"image\":{\"@id\":\"https:\/\/bearly-n.com\/#\/schema\/logo\/image\/\"},\"sameAs\":[\"https:\/\/www.facebook.com\/Bearly-N-881942331934180\/\",\"http:\/\/bearlyn\",\"https:\/\/www.linkedin.com\/company\/bearly-n\/\",\"https:\/\/fr.pinterest.com\/Bearlynterest\/\"]}]}<\/script>\n<!-- \/ Yoast SEO plugin. -->","yoast_head_json":{"title":"Collier pendentif noir et vert, en nacre et broderie de perles - BearlyN","description":"Pendentif noir et vert rectangulaire autour d'une pi\u00e8ce de nacre. Brod\u00e9 de perles noires et doubl\u00e9 de cuir de veau noir. A porter au quotidien ou en soir\u00e9e.","robots":{"index":"index","follow":"follow","max-snippet":"max-snippet:-1","max-image-preview":"max-image-preview:large","max-video-preview":"max-video-preview:-1"},"canonical":"https:\/\/bearly-n.com\/en\/product\/collier-pendentif-noir-et-vert-nacre\/","og_locale":"en_US","og_type":"article","og_title":"Collier pendentif noir et vert, en nacre et broderie de perles - BearlyN","og_description":"Pendentif noir et vert rectangulaire autour d'une pi\u00e8ce de nacre. Brod\u00e9 de perles noires et doubl\u00e9 de cuir de veau noir. A porter au quotidien ou en soir\u00e9e.","og_url":"https:\/\/bearly-n.com\/en\/product\/collier-pendentif-noir-et-vert-nacre\/","og_site_name":"BearlyN","article_publisher":"https:\/\/www.facebook.com\/Bearly-N-881942331934180\/","article_modified_time":"2021-09-14T12:48:50+00:00","og_image":[{"width":2000,"height":2000,"url":"https:\/\/i0.wp.com\/bearly-n.com\/wp-content\/uploads\/2020\/05\/pendentif-en-nacre-brod\u00e9_BearlyN.jpg?fit=2000%2C2000&ssl=1","type":"image\/jpeg"}],"twitter_card":"summary_large_image","twitter_misc":{"Est. reading time":"1 minute"},"schema":{"@context":"https:\/\/schema.org","@graph":[{"@type":"WebPage","@id":"https:\/\/bearly-n.com\/produit\/collier-pendentif-noir-et-vert-nacre\/","url":"https:\/\/bearly-n.com\/produit\/collier-pendentif-noir-et-vert-nacre\/","name":"Collier pendentif noir et vert, en nacre et broderie de perles - BearlyN","isPartOf":{"@id":"https:\/\/bearly-n.com\/#website"},"primaryImageOfPage":{"@id":"https:\/\/bearly-n.com\/produit\/collier-pendentif-noir-et-vert-nacre\/#primaryimage"},"image":{"@id":"https:\/\/bearly-n.com\/produit\/collier-pendentif-noir-et-vert-nacre\/#primaryimage"},"thumbnailUrl":"https:\/\/i0.wp.com\/bearly-n.com\/wp-content\/uploads\/2020\/05\/pendentif-en-nacre-brod%C3%A9_BearlyN.jpg?fit=2000%2C2000&ssl=1","datePublished":"2020-05-07T14:42:42+00:00","dateModified":"2021-09-14T12:48:50+00:00","description":"Pendentif noir et vert rectangulaire autour d'une pi\u00e8ce de nacre. Brod\u00e9 de perles noires et doubl\u00e9 de cuir de veau noir. A porter au quotidien ou en soir\u00e9e.","breadcrumb":{"@id":"https:\/\/bearly-n.com\/produit\/collier-pendentif-noir-et-vert-nacre\/#breadcrumb"},"inLanguage":"en-US","potentialAction":[{"@type":"ReadAction","target":["https:\/\/bearly-n.com\/produit\/collier-pendentif-noir-et-vert-nacre\/"]}]},{"@type":"ImageObject","inLanguage":"en-US","@id":"https:\/\/bearly-n.com\/produit\/collier-pendentif-noir-et-vert-nacre\/#primaryimage","url":"https:\/\/i0.wp.com\/bearly-n.com\/wp-content\/uploads\/2020\/05\/pendentif-en-nacre-brod%C3%A9_BearlyN.jpg?fit=2000%2C2000&ssl=1","contentUrl":"https:\/\/i0.wp.com\/bearly-n.com\/wp-content\/uploads\/2020\/05\/pendentif-en-nacre-brod%C3%A9_BearlyN.jpg?fit=2000%2C2000&ssl=1","width":2000,"height":2000,"caption":"pendentif en nacre brod\u00e9_BearlyN"},{"@type":"BreadcrumbList","@id":"https:\/\/bearly-n.com\/produit\/collier-pendentif-noir-et-vert-nacre\/#breadcrumb","itemListElement":[{"@type":"ListItem","position":1,"name":"Accueil","item":"https:\/\/bearly-n.com\/"},{"@type":"ListItem","position":2,"name":"Boutique en ligne","item":"https:\/\/bearly-n.com\/en\/boutique-en-ligne\/"},{"@type":"ListItem","position":3,"name":"Collier pendentif noir et vert, en nacre et broderie de perles"}]},{"@type":"WebSite","@id":"https:\/\/bearly-n.com\/#website","url":"https:\/\/bearly-n.com\/","name":"BearlyN, bijoux de caract\u00e8re","description":"Bijoux de Caract\u00e8re","publisher":{"@id":"https:\/\/bearly-n.com\/#organization"},"potentialAction":[{"@type":"SearchAction","target":{"@type":"EntryPoint","urlTemplate":"https:\/\/bearly-n.com\/?s={search_term_string}"},"query-input":{"@type":"PropertyValueSpecification","valueRequired":true,"valueName":"search_term_string"}}],"inLanguage":"en-US"},{"@type":"Organization","@id":"https:\/\/bearly-n.com\/#organization","name":"BearlyN","url":"https:\/\/bearly-n.com\/","logo":{"@type":"ImageObject","inLanguage":"en-US","@id":"https:\/\/bearly-n.com\/#\/schema\/logo\/image\/","url":"https:\/\/i1.wp.com\/bearly-n.com\/wp-content\/uploads\/2016\/12\/logo.jpg?fit=630%2C270&ssl=1","contentUrl":"https:\/\/i1.wp.com\/bearly-n.com\/wp-content\/uploads\/2016\/12\/logo.jpg?fit=630%2C270&ssl=1","width":630,"height":270,"caption":"BearlyN"},"image":{"@id":"https:\/\/bearly-n.com\/#\/schema\/logo\/image\/"},"sameAs":["https:\/\/www.facebook.com\/Bearly-N-881942331934180\/","http:\/\/bearlyn","https:\/\/www.linkedin.com\/company\/bearly-n\/","https:\/\/fr.pinterest.com\/Bearlynterest\/"]}]}},"jetpack_publicize_connections":[],"jetpack_sharing_enabled":true,"jetpack_likes_enabled":true,"_links":{"self":[{"href":"https:\/\/bearly-n.com\/en\/wp-json\/wp\/v2\/product\/6657","targetHints":{"allow":["GET"]}}],"collection":[{"href":"https:\/\/bearly-n.com\/en\/wp-json\/wp\/v2\/product"}],"about":[{"href":"https:\/\/bearly-n.com\/en\/wp-json\/wp\/v2\/types\/product"}],"replies":[{"embeddable":true,"href":"https:\/\/bearly-n.com\/en\/wp-json\/wp\/v2\/comments?post=6657"}],"version-history":[{"count":3,"href":"https:\/\/bearly-n.com\/en\/wp-json\/wp\/v2\/product\/6657\/revisions"}],"predecessor-version":[{"id":6664,"href":"https:\/\/bearly-n.com\/en\/wp-json\/wp\/v2\/product\/6657\/revisions\/6664"}],"wp:featuredmedia":[{"embeddable":true,"href":"https:\/\/bearly-n.com\/en\/wp-json\/wp\/v2\/media\/6659"}],"wp:attachment":[{"href":"https:\/\/bearly-n.com\/en\/wp-json\/wp\/v2\/media?parent=6657"}],"wp:term":[{"taxonomy":"product_brand","embeddable":true,"href":"https:\/\/bearly-n.com\/en\/wp-json\/wp\/v2\/product_brand?post=6657"},{"taxonomy":"product_cat","embeddable":true,"href":"https:\/\/bearly-n.com\/en\/wp-json\/wp\/v2\/product_cat?post=6657"},{"taxonomy":"product_tag","embeddable":true,"href":"https:\/\/bearly-n.com\/en\/wp-json\/wp\/v2\/product_tag?post=6657"}],"curies":[{"name":"wp","href":"https:\/\/api.w.org\/{rel}","templated":true}]}}