{"id":3791,"date":"2019-02-13T16:34:15","date_gmt":"2019-02-13T15:34:15","guid":{"rendered":"https:\/\/bearly-n.com\/?post_type=product&#038;p=3791"},"modified":"2020-06-10T16:29:18","modified_gmt":"2020-06-10T14:29:18","slug":"bracelet-autruche-blanc","status":"publish","type":"product","link":"https:\/\/bearly-n.com\/en\/product\/bracelet-autruche-blanc\/","title":{"rendered":"Bracelet en cuir d&rsquo;autruche blanc, doubl\u00e9 cuir havane, sign\u00e9 BearlyN"},"content":{"rendered":"<p>El\u00e9gant bracelet en cuir d\u2019autruche blanc, doubl\u00e9 de cuir de veau au tannage v\u00e9g\u00e9tal, pour un contact sans danger avec la peau. Les cuirs sont pos\u00e9s sur une manchette en laiton, ajustable \u00e0 toute taille de poignet par l\u00e9g\u00e8re pression. Les tranches sont brod\u00e9es d\u2019une rang\u00e9e de perles galvanis\u00e9es , pour une finition soign\u00e9e et raffin\u00e9e.<\/p>\n<p>Bracelet femme combinant des mati\u00e8res luxueuses, un bracelet raffin\u00e9 mais facile \u00e0 porter en toutes occasions, de jour comme en soir\u00e9e. Une tr\u00e8s belle pi\u00e8ce en cuir pr\u00e9cieux et exotique, l&rsquo;autruche \u00e9tant particuli\u00e8rement appr\u00e9ci\u00e9e pour sa texture perl\u00e9e, sa finesse et son toucher.<\/p>\n<p>Cuirs issus de chutes de production, bracelets r\u00e9alis\u00e9s en petite s\u00e9rie<\/p>\n<p>Bracelets pr\u00eats \u00e0 l\u2019envoi et pr\u00eats \u00e0 (s\u2019)offrir.<br \/>\nLivr\u00e9 dans son \u00e9crin, soigneusement emball\u00e9 de papier de soie.<\/p>","protected":false},"excerpt":{"rendered":"<p>Bracelet en cuir d\u2019autruche, couleur blanche<\/p>\n<p>Doubl\u00e9 de cuir de veau couleur havane (tannage v\u00e9g\u00e9tal-France).<\/p>\n<p>Largeur : 25 mm<\/p>\n<p>Finition brod\u00e9e de perles galvanis\u00e9es.<\/p>\n<p>Livraison rapide, colis suivi<\/p>","protected":false},"featured_media":3781,"comment_status":"open","ping_status":"closed","template":"","meta":{"_price":"98","_stock":null,"_tribe_ticket_header":"","_tribe_default_ticket_provider":"","_tribe_ticket_capacity":"0","_ticket_start_date":"","_ticket_end_date":"","_tribe_ticket_show_description":"","_tribe_ticket_show_not_going":false,"_tribe_ticket_use_global_stock":"","_tribe_ticket_global_stock_level":"","_global_stock_mode":"","_global_stock_cap":"","_tribe_rsvp_for_event":"","_tribe_ticket_going_count":"","_tribe_ticket_not_going_count":"","_tribe_tickets_list":"[]","_tribe_ticket_has_attendee_info_fields":false,"jetpack_post_was_ever_published":false,"jetpack_publicize_message":"","jetpack_publicize_feature_enabled":true,"jetpack_social_post_already_shared":true,"jetpack_social_options":{"image_generator_settings":{"template":"highway","default_image_id":0,"font":"","enabled":false},"version":2}},"product_brand":[],"product_cat":[112,114,330],"product_tag":[337,134],"class_list":{"0":"post-3791","1":"product","2":"type-product","3":"status-publish","4":"has-post-thumbnail","6":"product_cat-bracelets","7":"product_cat-manchettes","8":"product_cat-exotiques","9":"product_tag-cuir-dautruche","10":"product_tag-cuir-exotique","11":"product_shipping_class-forfait-50-a-250-g","12":"pa_couleur-blanc","14":"first","15":"instock","16":"shipping-taxable","17":"purchasable","18":"product-type-simple"},"yoast_head":"<!-- This site is optimized with the Yoast SEO plugin v26.2 - https:\/\/yoast.com\/wordpress\/plugins\/seo\/ -->\n<title>Bracelet en cuir d&#039;autruche blanc, doubl\u00e9 cuir havane, sign\u00e9 BearlyN - BearlyN<\/title>\n<meta name=\"description\" content=\"Bracelet manchette en cuir d&#039;autruche blanc, doubl\u00e9 de cuir de veau havane, finitions brod\u00e9es de perles, une pi\u00e8ce sign\u00e9e BearlyN\" \/>\n<meta name=\"robots\" content=\"index, follow, max-snippet:-1, max-image-preview:large, max-video-preview:-1\" \/>\n<link rel=\"canonical\" href=\"https:\/\/bearly-n.com\/en\/product\/bracelet-autruche-blanc\/\" \/>\n<meta property=\"og:locale\" content=\"en_US\" \/>\n<meta property=\"og:type\" content=\"article\" \/>\n<meta property=\"og:title\" content=\"Bracelet en cuir d&#039;autruche blanc, doubl\u00e9 cuir havane, sign\u00e9 BearlyN - BearlyN\" \/>\n<meta property=\"og:description\" content=\"Bracelet manchette en cuir d&#039;autruche blanc, doubl\u00e9 de cuir de veau havane, finitions brod\u00e9es de perles, une pi\u00e8ce sign\u00e9e BearlyN\" \/>\n<meta property=\"og:url\" content=\"https:\/\/bearly-n.com\/en\/product\/bracelet-autruche-blanc\/\" \/>\n<meta property=\"og:site_name\" content=\"BearlyN\" \/>\n<meta property=\"article:publisher\" content=\"https:\/\/www.facebook.com\/Bearly-N-881942331934180\/\" \/>\n<meta property=\"article:modified_time\" content=\"2020-06-10T14:29:18+00:00\" \/>\n<meta property=\"og:image\" content=\"https:\/\/i0.wp.com\/bearly-n.com\/wp-content\/uploads\/2019\/02\/bracelet-autruche-blanc3.jpg?fit=1800%2C1500&ssl=1\" \/>\n\t<meta property=\"og:image:width\" content=\"1800\" \/>\n\t<meta property=\"og:image:height\" content=\"1500\" \/>\n\t<meta property=\"og:image:type\" content=\"image\/jpeg\" \/>\n<meta name=\"twitter:card\" content=\"summary_large_image\" \/>\n<meta name=\"twitter:label1\" content=\"Est. reading time\" \/>\n\t<meta name=\"twitter:data1\" content=\"1 minute\" \/>\n<script type=\"application\/ld+json\" class=\"yoast-schema-graph\">{\"@context\":\"https:\/\/schema.org\",\"@graph\":[{\"@type\":\"WebPage\",\"@id\":\"https:\/\/bearly-n.com\/produit\/bracelet-autruche-blanc\/\",\"url\":\"https:\/\/bearly-n.com\/produit\/bracelet-autruche-blanc\/\",\"name\":\"Bracelet en cuir d'autruche blanc, doubl\u00e9 cuir havane, sign\u00e9 BearlyN - BearlyN\",\"isPartOf\":{\"@id\":\"https:\/\/bearly-n.com\/#website\"},\"primaryImageOfPage\":{\"@id\":\"https:\/\/bearly-n.com\/produit\/bracelet-autruche-blanc\/#primaryimage\"},\"image\":{\"@id\":\"https:\/\/bearly-n.com\/produit\/bracelet-autruche-blanc\/#primaryimage\"},\"thumbnailUrl\":\"https:\/\/i0.wp.com\/bearly-n.com\/wp-content\/uploads\/2019\/02\/bracelet-autruche-blanc3.jpg?fit=1800%2C1500&ssl=1\",\"datePublished\":\"2019-02-13T15:34:15+00:00\",\"dateModified\":\"2020-06-10T14:29:18+00:00\",\"description\":\"Bracelet manchette en cuir d'autruche blanc, doubl\u00e9 de cuir de veau havane, finitions brod\u00e9es de perles, une pi\u00e8ce sign\u00e9e BearlyN\",\"breadcrumb\":{\"@id\":\"https:\/\/bearly-n.com\/produit\/bracelet-autruche-blanc\/#breadcrumb\"},\"inLanguage\":\"en-US\",\"potentialAction\":[{\"@type\":\"ReadAction\",\"target\":[\"https:\/\/bearly-n.com\/produit\/bracelet-autruche-blanc\/\"]}]},{\"@type\":\"ImageObject\",\"inLanguage\":\"en-US\",\"@id\":\"https:\/\/bearly-n.com\/produit\/bracelet-autruche-blanc\/#primaryimage\",\"url\":\"https:\/\/i0.wp.com\/bearly-n.com\/wp-content\/uploads\/2019\/02\/bracelet-autruche-blanc3.jpg?fit=1800%2C1500&ssl=1\",\"contentUrl\":\"https:\/\/i0.wp.com\/bearly-n.com\/wp-content\/uploads\/2019\/02\/bracelet-autruche-blanc3.jpg?fit=1800%2C1500&ssl=1\",\"width\":1800,\"height\":1500,\"caption\":\"bracelet autruche blanc_BearlyN\"},{\"@type\":\"BreadcrumbList\",\"@id\":\"https:\/\/bearly-n.com\/produit\/bracelet-autruche-blanc\/#breadcrumb\",\"itemListElement\":[{\"@type\":\"ListItem\",\"position\":1,\"name\":\"Accueil\",\"item\":\"https:\/\/bearly-n.com\/\"},{\"@type\":\"ListItem\",\"position\":2,\"name\":\"Boutique en ligne\",\"item\":\"https:\/\/bearly-n.com\/en\/boutique-en-ligne\/\"},{\"@type\":\"ListItem\",\"position\":3,\"name\":\"Bracelet en cuir d&#8217;autruche blanc, doubl\u00e9 cuir havane, sign\u00e9 BearlyN\"}]},{\"@type\":\"WebSite\",\"@id\":\"https:\/\/bearly-n.com\/#website\",\"url\":\"https:\/\/bearly-n.com\/\",\"name\":\"BearlyN, bijoux de caract\u00e8re\",\"description\":\"Bijoux de Caract\u00e8re\",\"publisher\":{\"@id\":\"https:\/\/bearly-n.com\/#organization\"},\"potentialAction\":[{\"@type\":\"SearchAction\",\"target\":{\"@type\":\"EntryPoint\",\"urlTemplate\":\"https:\/\/bearly-n.com\/?s={search_term_string}\"},\"query-input\":{\"@type\":\"PropertyValueSpecification\",\"valueRequired\":true,\"valueName\":\"search_term_string\"}}],\"inLanguage\":\"en-US\"},{\"@type\":\"Organization\",\"@id\":\"https:\/\/bearly-n.com\/#organization\",\"name\":\"BearlyN\",\"url\":\"https:\/\/bearly-n.com\/\",\"logo\":{\"@type\":\"ImageObject\",\"inLanguage\":\"en-US\",\"@id\":\"https:\/\/bearly-n.com\/#\/schema\/logo\/image\/\",\"url\":\"https:\/\/i1.wp.com\/bearly-n.com\/wp-content\/uploads\/2016\/12\/logo.jpg?fit=630%2C270&ssl=1\",\"contentUrl\":\"https:\/\/i1.wp.com\/bearly-n.com\/wp-content\/uploads\/2016\/12\/logo.jpg?fit=630%2C270&ssl=1\",\"width\":630,\"height\":270,\"caption\":\"BearlyN\"},\"image\":{\"@id\":\"https:\/\/bearly-n.com\/#\/schema\/logo\/image\/\"},\"sameAs\":[\"https:\/\/www.facebook.com\/Bearly-N-881942331934180\/\",\"http:\/\/bearlyn\",\"https:\/\/www.linkedin.com\/company\/bearly-n\/\",\"https:\/\/fr.pinterest.com\/Bearlynterest\/\"]}]}<\/script>\n<!-- \/ Yoast SEO plugin. -->","yoast_head_json":{"title":"Bracelet en cuir d'autruche blanc, doubl\u00e9 cuir havane, sign\u00e9 BearlyN - BearlyN","description":"Bracelet manchette en cuir d'autruche blanc, doubl\u00e9 de cuir de veau havane, finitions brod\u00e9es de perles, une pi\u00e8ce sign\u00e9e BearlyN","robots":{"index":"index","follow":"follow","max-snippet":"max-snippet:-1","max-image-preview":"max-image-preview:large","max-video-preview":"max-video-preview:-1"},"canonical":"https:\/\/bearly-n.com\/en\/product\/bracelet-autruche-blanc\/","og_locale":"en_US","og_type":"article","og_title":"Bracelet en cuir d'autruche blanc, doubl\u00e9 cuir havane, sign\u00e9 BearlyN - BearlyN","og_description":"Bracelet manchette en cuir d'autruche blanc, doubl\u00e9 de cuir de veau havane, finitions brod\u00e9es de perles, une pi\u00e8ce sign\u00e9e BearlyN","og_url":"https:\/\/bearly-n.com\/en\/product\/bracelet-autruche-blanc\/","og_site_name":"BearlyN","article_publisher":"https:\/\/www.facebook.com\/Bearly-N-881942331934180\/","article_modified_time":"2020-06-10T14:29:18+00:00","og_image":[{"width":1800,"height":1500,"url":"https:\/\/i0.wp.com\/bearly-n.com\/wp-content\/uploads\/2019\/02\/bracelet-autruche-blanc3.jpg?fit=1800%2C1500&ssl=1","type":"image\/jpeg"}],"twitter_card":"summary_large_image","twitter_misc":{"Est. reading time":"1 minute"},"schema":{"@context":"https:\/\/schema.org","@graph":[{"@type":"WebPage","@id":"https:\/\/bearly-n.com\/produit\/bracelet-autruche-blanc\/","url":"https:\/\/bearly-n.com\/produit\/bracelet-autruche-blanc\/","name":"Bracelet en cuir d'autruche blanc, doubl\u00e9 cuir havane, sign\u00e9 BearlyN - BearlyN","isPartOf":{"@id":"https:\/\/bearly-n.com\/#website"},"primaryImageOfPage":{"@id":"https:\/\/bearly-n.com\/produit\/bracelet-autruche-blanc\/#primaryimage"},"image":{"@id":"https:\/\/bearly-n.com\/produit\/bracelet-autruche-blanc\/#primaryimage"},"thumbnailUrl":"https:\/\/i0.wp.com\/bearly-n.com\/wp-content\/uploads\/2019\/02\/bracelet-autruche-blanc3.jpg?fit=1800%2C1500&ssl=1","datePublished":"2019-02-13T15:34:15+00:00","dateModified":"2020-06-10T14:29:18+00:00","description":"Bracelet manchette en cuir d'autruche blanc, doubl\u00e9 de cuir de veau havane, finitions brod\u00e9es de perles, une pi\u00e8ce sign\u00e9e BearlyN","breadcrumb":{"@id":"https:\/\/bearly-n.com\/produit\/bracelet-autruche-blanc\/#breadcrumb"},"inLanguage":"en-US","potentialAction":[{"@type":"ReadAction","target":["https:\/\/bearly-n.com\/produit\/bracelet-autruche-blanc\/"]}]},{"@type":"ImageObject","inLanguage":"en-US","@id":"https:\/\/bearly-n.com\/produit\/bracelet-autruche-blanc\/#primaryimage","url":"https:\/\/i0.wp.com\/bearly-n.com\/wp-content\/uploads\/2019\/02\/bracelet-autruche-blanc3.jpg?fit=1800%2C1500&ssl=1","contentUrl":"https:\/\/i0.wp.com\/bearly-n.com\/wp-content\/uploads\/2019\/02\/bracelet-autruche-blanc3.jpg?fit=1800%2C1500&ssl=1","width":1800,"height":1500,"caption":"bracelet autruche blanc_BearlyN"},{"@type":"BreadcrumbList","@id":"https:\/\/bearly-n.com\/produit\/bracelet-autruche-blanc\/#breadcrumb","itemListElement":[{"@type":"ListItem","position":1,"name":"Accueil","item":"https:\/\/bearly-n.com\/"},{"@type":"ListItem","position":2,"name":"Boutique en ligne","item":"https:\/\/bearly-n.com\/en\/boutique-en-ligne\/"},{"@type":"ListItem","position":3,"name":"Bracelet en cuir d&#8217;autruche blanc, doubl\u00e9 cuir havane, sign\u00e9 BearlyN"}]},{"@type":"WebSite","@id":"https:\/\/bearly-n.com\/#website","url":"https:\/\/bearly-n.com\/","name":"BearlyN, bijoux de caract\u00e8re","description":"Bijoux de Caract\u00e8re","publisher":{"@id":"https:\/\/bearly-n.com\/#organization"},"potentialAction":[{"@type":"SearchAction","target":{"@type":"EntryPoint","urlTemplate":"https:\/\/bearly-n.com\/?s={search_term_string}"},"query-input":{"@type":"PropertyValueSpecification","valueRequired":true,"valueName":"search_term_string"}}],"inLanguage":"en-US"},{"@type":"Organization","@id":"https:\/\/bearly-n.com\/#organization","name":"BearlyN","url":"https:\/\/bearly-n.com\/","logo":{"@type":"ImageObject","inLanguage":"en-US","@id":"https:\/\/bearly-n.com\/#\/schema\/logo\/image\/","url":"https:\/\/i1.wp.com\/bearly-n.com\/wp-content\/uploads\/2016\/12\/logo.jpg?fit=630%2C270&ssl=1","contentUrl":"https:\/\/i1.wp.com\/bearly-n.com\/wp-content\/uploads\/2016\/12\/logo.jpg?fit=630%2C270&ssl=1","width":630,"height":270,"caption":"BearlyN"},"image":{"@id":"https:\/\/bearly-n.com\/#\/schema\/logo\/image\/"},"sameAs":["https:\/\/www.facebook.com\/Bearly-N-881942331934180\/","http:\/\/bearlyn","https:\/\/www.linkedin.com\/company\/bearly-n\/","https:\/\/fr.pinterest.com\/Bearlynterest\/"]}]}},"jetpack_publicize_connections":[],"jetpack_sharing_enabled":true,"jetpack_likes_enabled":true,"_links":{"self":[{"href":"https:\/\/bearly-n.com\/en\/wp-json\/wp\/v2\/product\/3791","targetHints":{"allow":["GET"]}}],"collection":[{"href":"https:\/\/bearly-n.com\/en\/wp-json\/wp\/v2\/product"}],"about":[{"href":"https:\/\/bearly-n.com\/en\/wp-json\/wp\/v2\/types\/product"}],"replies":[{"embeddable":true,"href":"https:\/\/bearly-n.com\/en\/wp-json\/wp\/v2\/comments?post=3791"}],"version-history":[{"count":1,"href":"https:\/\/bearly-n.com\/en\/wp-json\/wp\/v2\/product\/3791\/revisions"}],"predecessor-version":[{"id":4638,"href":"https:\/\/bearly-n.com\/en\/wp-json\/wp\/v2\/product\/3791\/revisions\/4638"}],"wp:featuredmedia":[{"embeddable":true,"href":"https:\/\/bearly-n.com\/en\/wp-json\/wp\/v2\/media\/3781"}],"wp:attachment":[{"href":"https:\/\/bearly-n.com\/en\/wp-json\/wp\/v2\/media?parent=3791"}],"wp:term":[{"taxonomy":"product_brand","embeddable":true,"href":"https:\/\/bearly-n.com\/en\/wp-json\/wp\/v2\/product_brand?post=3791"},{"taxonomy":"product_cat","embeddable":true,"href":"https:\/\/bearly-n.com\/en\/wp-json\/wp\/v2\/product_cat?post=3791"},{"taxonomy":"product_tag","embeddable":true,"href":"https:\/\/bearly-n.com\/en\/wp-json\/wp\/v2\/product_tag?post=3791"}],"curies":[{"name":"wp","href":"https:\/\/api.w.org\/{rel}","templated":true}]}}