{"id":3676,"date":"2018-12-01T12:10:42","date_gmt":"2018-12-01T11:10:42","guid":{"rendered":"https:\/\/bearly-n.com\/?post_type=product&#038;p=3676"},"modified":"2020-06-08T19:16:38","modified_gmt":"2020-06-08T17:16:38","slug":"pendentif-chouette-agate-dentritique","status":"publish","type":"product","link":"https:\/\/bearly-n.com\/en\/product\/pendentif-chouette-agate-dentritique\/","title":{"rendered":"Pendentif Harfang des Neiges, chouette en \u00e9tain et agate dentritique"},"content":{"rendered":"<h2>Caract\u00e9ristiques principales du pendentif Harfang des Neiges<\/h2>\n<p>Un<strong>\u00a0pendentif orn\u00e9 d&rsquo;une chouette,\u00a0<\/strong>tir\u00e9 de la\u00a0Collection Les Hivernales. Un Harfang des Neiges vole au milieu d&rsquo;un paysage enneig\u00e9, symbolis\u00e9 par un cabochon d&rsquo;agate dentritique<\/p>\n<ul>\n<li>Pendentif \u00e9thnique au style am\u00e9rindien, dans un esprit Dream Catcher, brod\u00e9 de perles de verre et de cristaux de Swarovski , dans des teintes blanches et quelques touches de noir.<\/li>\n<li>Chouette en \u00e9tain, sign\u00e9e Marvin McCloud, wildlife designer am\u00e9ricain. Il s&rsquo;agit d&rsquo;une pi\u00e8ce tr\u00e8s finement d\u00e9taill\u00e9e.<\/li>\n<li>Cabochon d&rsquo;agate dentritique (Hampi-Inde) de forme triangulaire, serti de perles de verre japonaises(Miyuki).<\/li>\n<li>La broderie de perles\u00a0 recouvre l\u2019int\u00e9gralit\u00e9 du pendentif , constitu\u00e9 d&rsquo;une forme libre de 6 x 6,5 cm.<\/li>\n<li>De nombreuses franges de perles de verre et de cristaux de Swarovski donnent vie \u00e0 l&rsquo;ensemble.<\/li>\n<li>Pour finir, l\u2019ensemble est doubl\u00e9 de cuir grain\u00e9 noir (France), sign\u00e9 \u00e0 chaud. Le tour de cou est compos\u00e9 d&rsquo;un collier multi-cordons de coton cir\u00e9 (44cm de long) et d&rsquo;un fermoir chainette pour ajuster la longueur selon ses souhaits.<\/li>\n<\/ul>\n<p>It is a unique piece. All the stages of its realization were carried out with the hand.<\/p>\n<h2>Entretien<\/h2>\n<ul>\n<li>Le cuir peut \u00eatre simplement nettoy\u00e9 avec un linge humide et un peu de savon glycerin\u00e9.<\/li>\n<li>The embroidered area can be dusted with a soft brush and a slightly damp cloth.<\/li>\n<li><strong>Avoid contact with water.<\/strong><\/li>\n<\/ul>\n<h2>Accessoires fournis<\/h2>\n<p>My jewelry comes with a black hard cardboard box, lined with black satin. The packaging is neat, which makes it a product ready to offer...or to offer yourself!<\/p>","protected":false},"excerpt":{"rendered":"<p>Collection\u00a0<strong>\u00ab Les Hivernales \u00bb<\/strong><\/p>\n<p>Pendentif \u00ab\u00a0dream catcher\u00a0\u00bb (capteur de r\u00eaves) compos\u00e9 d&rsquo;une chouette des neiges en \u00e9tain, d&rsquo;une agate dentritique et d&rsquo;une broderie de perles blanches et noires.<\/p>\n<p>Frais de port offerts, envoi suivi.<\/p>","protected":false},"featured_media":6703,"comment_status":"open","ping_status":"closed","template":"","meta":{"_price":"170","_stock":"1","_tribe_ticket_header":"","_tribe_default_ticket_provider":"","_tribe_ticket_capacity":"1","_ticket_start_date":"","_ticket_end_date":"","_tribe_ticket_show_description":"","_tribe_ticket_show_not_going":false,"_tribe_ticket_use_global_stock":"","_tribe_ticket_global_stock_level":"","_global_stock_mode":"","_global_stock_cap":"","_tribe_rsvp_for_event":"","_tribe_ticket_going_count":"","_tribe_ticket_not_going_count":"","_tribe_tickets_list":"[]","_tribe_ticket_has_attendee_info_fields":false,"jetpack_post_was_ever_published":false,"jetpack_publicize_message":"","jetpack_publicize_feature_enabled":true,"jetpack_social_post_already_shared":true,"jetpack_social_options":{"image_generator_settings":{"template":"highway","default_image_id":0,"font":"","enabled":false},"version":2}},"product_brand":[],"product_cat":[108,109],"product_tag":[239,228,227,226,147,152,230,68],"class_list":{"0":"post-3676","1":"product","2":"type-product","3":"status-publish","4":"has-post-thumbnail","6":"product_cat-pendentifs","7":"product_cat-pendentifs-a-franges","8":"product_tag-bearlyn","9":"product_tag-bijou-bestiaire","10":"product_tag-bijou-ethnique","11":"product_tag-bijoux-amerindiens","12":"product_tag-les-hivernales","13":"product_tag-marvin-mccloud","14":"product_tag-pendentif-rectangulaire","15":"product_tag-totem","16":"product_shipping_class-gratuite","17":"pa_couleur-blanc","18":"pa_couleur-noir","20":"first","21":"instock","22":"sold-individually","23":"shipping-taxable","24":"purchasable","25":"product-type-simple"},"yoast_head":"<!-- This site is optimized with the Yoast SEO plugin v26.2 - https:\/\/yoast.com\/wordpress\/plugins\/seo\/ -->\n<title>Pendentif Harfang des Neiges, chouette en \u00e9tain et agate dentritique - BearlyN<\/title>\n<meta name=\"description\" content=\"D\u00e9couvrez le pendentif Harfang des Neiges, une sc\u00e8ne hivernale dans laquelle la chouette vole au dessus d&#039;un paysage enneig\u00e9.\" \/>\n<meta name=\"robots\" content=\"index, follow, max-snippet:-1, max-image-preview:large, max-video-preview:-1\" \/>\n<link rel=\"canonical\" href=\"https:\/\/bearly-n.com\/en\/product\/pendentif-chouette-agate-dentritique\/\" \/>\n<meta property=\"og:locale\" content=\"en_US\" \/>\n<meta property=\"og:type\" content=\"article\" \/>\n<meta property=\"og:title\" content=\"Pendentif Harfang des Neiges, chouette en \u00e9tain et agate dentritique - BearlyN\" \/>\n<meta property=\"og:description\" content=\"D\u00e9couvrez le pendentif Harfang des Neiges, une sc\u00e8ne hivernale dans laquelle la chouette vole au dessus d&#039;un paysage enneig\u00e9.\" \/>\n<meta property=\"og:url\" content=\"https:\/\/bearly-n.com\/en\/product\/pendentif-chouette-agate-dentritique\/\" \/>\n<meta property=\"og:site_name\" content=\"BearlyN\" \/>\n<meta property=\"article:publisher\" content=\"https:\/\/www.facebook.com\/Bearly-N-881942331934180\/\" \/>\n<meta property=\"article:modified_time\" content=\"2020-06-08T17:16:38+00:00\" \/>\n<meta property=\"og:image\" content=\"https:\/\/bearly-n.com\/wp-content\/uploads\/2020\/05\/Pendentif-brod\u00e9-\u00e0-franges-harfang-des-neiges_BearlyN.jpg\" \/>\n\t<meta property=\"og:image:width\" content=\"2000\" \/>\n\t<meta property=\"og:image:height\" content=\"2000\" \/>\n\t<meta property=\"og:image:type\" content=\"image\/jpeg\" \/>\n<meta name=\"twitter:card\" content=\"summary_large_image\" \/>\n<meta name=\"twitter:label1\" content=\"Est. reading time\" \/>\n\t<meta name=\"twitter:data1\" content=\"1 minute\" \/>\n<script type=\"application\/ld+json\" class=\"yoast-schema-graph\">{\"@context\":\"https:\/\/schema.org\",\"@graph\":[{\"@type\":\"WebPage\",\"@id\":\"https:\/\/bearly-n.com\/produit\/pendentif-chouette-agate-dentritique\/\",\"url\":\"https:\/\/bearly-n.com\/produit\/pendentif-chouette-agate-dentritique\/\",\"name\":\"Pendentif Harfang des Neiges, chouette en \u00e9tain et agate dentritique - BearlyN\",\"isPartOf\":{\"@id\":\"https:\/\/bearly-n.com\/#website\"},\"primaryImageOfPage\":{\"@id\":\"https:\/\/bearly-n.com\/produit\/pendentif-chouette-agate-dentritique\/#primaryimage\"},\"image\":{\"@id\":\"https:\/\/bearly-n.com\/produit\/pendentif-chouette-agate-dentritique\/#primaryimage\"},\"thumbnailUrl\":\"https:\/\/i0.wp.com\/bearly-n.com\/wp-content\/uploads\/2020\/05\/Pendentif-brod%C3%A9-%C3%A0-franges-harfang-des-neiges_BearlyN.jpg?fit=2000%2C2000&ssl=1\",\"datePublished\":\"2018-12-01T11:10:42+00:00\",\"dateModified\":\"2020-06-08T17:16:38+00:00\",\"description\":\"D\u00e9couvrez le pendentif Harfang des Neiges, une sc\u00e8ne hivernale dans laquelle la chouette vole au dessus d'un paysage enneig\u00e9.\",\"breadcrumb\":{\"@id\":\"https:\/\/bearly-n.com\/produit\/pendentif-chouette-agate-dentritique\/#breadcrumb\"},\"inLanguage\":\"en-US\",\"potentialAction\":[{\"@type\":\"ReadAction\",\"target\":[\"https:\/\/bearly-n.com\/produit\/pendentif-chouette-agate-dentritique\/\"]}]},{\"@type\":\"ImageObject\",\"inLanguage\":\"en-US\",\"@id\":\"https:\/\/bearly-n.com\/produit\/pendentif-chouette-agate-dentritique\/#primaryimage\",\"url\":\"https:\/\/i0.wp.com\/bearly-n.com\/wp-content\/uploads\/2020\/05\/Pendentif-brod%C3%A9-%C3%A0-franges-harfang-des-neiges_BearlyN.jpg?fit=2000%2C2000&ssl=1\",\"contentUrl\":\"https:\/\/i0.wp.com\/bearly-n.com\/wp-content\/uploads\/2020\/05\/Pendentif-brod%C3%A9-%C3%A0-franges-harfang-des-neiges_BearlyN.jpg?fit=2000%2C2000&ssl=1\",\"width\":2000,\"height\":2000,\"caption\":\"Pendentif brod\u00e9 \u00e0 franges harfang des neiges_BearlyN\"},{\"@type\":\"BreadcrumbList\",\"@id\":\"https:\/\/bearly-n.com\/produit\/pendentif-chouette-agate-dentritique\/#breadcrumb\",\"itemListElement\":[{\"@type\":\"ListItem\",\"position\":1,\"name\":\"Accueil\",\"item\":\"https:\/\/bearly-n.com\/\"},{\"@type\":\"ListItem\",\"position\":2,\"name\":\"Boutique en ligne\",\"item\":\"https:\/\/bearly-n.com\/en\/boutique-en-ligne\/\"},{\"@type\":\"ListItem\",\"position\":3,\"name\":\"Pendentif Harfang des Neiges, chouette en \u00e9tain et agate dentritique\"}]},{\"@type\":\"WebSite\",\"@id\":\"https:\/\/bearly-n.com\/#website\",\"url\":\"https:\/\/bearly-n.com\/\",\"name\":\"BearlyN, bijoux de caract\u00e8re\",\"description\":\"Bijoux de Caract\u00e8re\",\"publisher\":{\"@id\":\"https:\/\/bearly-n.com\/#organization\"},\"potentialAction\":[{\"@type\":\"SearchAction\",\"target\":{\"@type\":\"EntryPoint\",\"urlTemplate\":\"https:\/\/bearly-n.com\/?s={search_term_string}\"},\"query-input\":{\"@type\":\"PropertyValueSpecification\",\"valueRequired\":true,\"valueName\":\"search_term_string\"}}],\"inLanguage\":\"en-US\"},{\"@type\":\"Organization\",\"@id\":\"https:\/\/bearly-n.com\/#organization\",\"name\":\"BearlyN\",\"url\":\"https:\/\/bearly-n.com\/\",\"logo\":{\"@type\":\"ImageObject\",\"inLanguage\":\"en-US\",\"@id\":\"https:\/\/bearly-n.com\/#\/schema\/logo\/image\/\",\"url\":\"https:\/\/i1.wp.com\/bearly-n.com\/wp-content\/uploads\/2016\/12\/logo.jpg?fit=630%2C270&ssl=1\",\"contentUrl\":\"https:\/\/i1.wp.com\/bearly-n.com\/wp-content\/uploads\/2016\/12\/logo.jpg?fit=630%2C270&ssl=1\",\"width\":630,\"height\":270,\"caption\":\"BearlyN\"},\"image\":{\"@id\":\"https:\/\/bearly-n.com\/#\/schema\/logo\/image\/\"},\"sameAs\":[\"https:\/\/www.facebook.com\/Bearly-N-881942331934180\/\",\"http:\/\/bearlyn\",\"https:\/\/www.linkedin.com\/company\/bearly-n\/\",\"https:\/\/fr.pinterest.com\/Bearlynterest\/\"]}]}<\/script>\n<!-- \/ Yoast SEO plugin. -->","yoast_head_json":{"title":"Pendentif Harfang des Neiges, chouette en \u00e9tain et agate dentritique - BearlyN","description":"D\u00e9couvrez le pendentif Harfang des Neiges, une sc\u00e8ne hivernale dans laquelle la chouette vole au dessus d'un paysage enneig\u00e9.","robots":{"index":"index","follow":"follow","max-snippet":"max-snippet:-1","max-image-preview":"max-image-preview:large","max-video-preview":"max-video-preview:-1"},"canonical":"https:\/\/bearly-n.com\/en\/product\/pendentif-chouette-agate-dentritique\/","og_locale":"en_US","og_type":"article","og_title":"Pendentif Harfang des Neiges, chouette en \u00e9tain et agate dentritique - BearlyN","og_description":"D\u00e9couvrez le pendentif Harfang des Neiges, une sc\u00e8ne hivernale dans laquelle la chouette vole au dessus d'un paysage enneig\u00e9.","og_url":"https:\/\/bearly-n.com\/en\/product\/pendentif-chouette-agate-dentritique\/","og_site_name":"BearlyN","article_publisher":"https:\/\/www.facebook.com\/Bearly-N-881942331934180\/","article_modified_time":"2020-06-08T17:16:38+00:00","og_image":[{"width":2000,"height":2000,"url":"https:\/\/bearly-n.com\/wp-content\/uploads\/2020\/05\/Pendentif-brod\u00e9-\u00e0-franges-harfang-des-neiges_BearlyN.jpg","type":"image\/jpeg"}],"twitter_card":"summary_large_image","twitter_misc":{"Est. reading time":"1 minute"},"schema":{"@context":"https:\/\/schema.org","@graph":[{"@type":"WebPage","@id":"https:\/\/bearly-n.com\/produit\/pendentif-chouette-agate-dentritique\/","url":"https:\/\/bearly-n.com\/produit\/pendentif-chouette-agate-dentritique\/","name":"Pendentif Harfang des Neiges, chouette en \u00e9tain et agate dentritique - BearlyN","isPartOf":{"@id":"https:\/\/bearly-n.com\/#website"},"primaryImageOfPage":{"@id":"https:\/\/bearly-n.com\/produit\/pendentif-chouette-agate-dentritique\/#primaryimage"},"image":{"@id":"https:\/\/bearly-n.com\/produit\/pendentif-chouette-agate-dentritique\/#primaryimage"},"thumbnailUrl":"https:\/\/i0.wp.com\/bearly-n.com\/wp-content\/uploads\/2020\/05\/Pendentif-brod%C3%A9-%C3%A0-franges-harfang-des-neiges_BearlyN.jpg?fit=2000%2C2000&ssl=1","datePublished":"2018-12-01T11:10:42+00:00","dateModified":"2020-06-08T17:16:38+00:00","description":"D\u00e9couvrez le pendentif Harfang des Neiges, une sc\u00e8ne hivernale dans laquelle la chouette vole au dessus d'un paysage enneig\u00e9.","breadcrumb":{"@id":"https:\/\/bearly-n.com\/produit\/pendentif-chouette-agate-dentritique\/#breadcrumb"},"inLanguage":"en-US","potentialAction":[{"@type":"ReadAction","target":["https:\/\/bearly-n.com\/produit\/pendentif-chouette-agate-dentritique\/"]}]},{"@type":"ImageObject","inLanguage":"en-US","@id":"https:\/\/bearly-n.com\/produit\/pendentif-chouette-agate-dentritique\/#primaryimage","url":"https:\/\/i0.wp.com\/bearly-n.com\/wp-content\/uploads\/2020\/05\/Pendentif-brod%C3%A9-%C3%A0-franges-harfang-des-neiges_BearlyN.jpg?fit=2000%2C2000&ssl=1","contentUrl":"https:\/\/i0.wp.com\/bearly-n.com\/wp-content\/uploads\/2020\/05\/Pendentif-brod%C3%A9-%C3%A0-franges-harfang-des-neiges_BearlyN.jpg?fit=2000%2C2000&ssl=1","width":2000,"height":2000,"caption":"Pendentif brod\u00e9 \u00e0 franges harfang des neiges_BearlyN"},{"@type":"BreadcrumbList","@id":"https:\/\/bearly-n.com\/produit\/pendentif-chouette-agate-dentritique\/#breadcrumb","itemListElement":[{"@type":"ListItem","position":1,"name":"Accueil","item":"https:\/\/bearly-n.com\/"},{"@type":"ListItem","position":2,"name":"Boutique en ligne","item":"https:\/\/bearly-n.com\/en\/boutique-en-ligne\/"},{"@type":"ListItem","position":3,"name":"Pendentif Harfang des Neiges, chouette en \u00e9tain et agate dentritique"}]},{"@type":"WebSite","@id":"https:\/\/bearly-n.com\/#website","url":"https:\/\/bearly-n.com\/","name":"BearlyN, bijoux de caract\u00e8re","description":"Bijoux de Caract\u00e8re","publisher":{"@id":"https:\/\/bearly-n.com\/#organization"},"potentialAction":[{"@type":"SearchAction","target":{"@type":"EntryPoint","urlTemplate":"https:\/\/bearly-n.com\/?s={search_term_string}"},"query-input":{"@type":"PropertyValueSpecification","valueRequired":true,"valueName":"search_term_string"}}],"inLanguage":"en-US"},{"@type":"Organization","@id":"https:\/\/bearly-n.com\/#organization","name":"BearlyN","url":"https:\/\/bearly-n.com\/","logo":{"@type":"ImageObject","inLanguage":"en-US","@id":"https:\/\/bearly-n.com\/#\/schema\/logo\/image\/","url":"https:\/\/i1.wp.com\/bearly-n.com\/wp-content\/uploads\/2016\/12\/logo.jpg?fit=630%2C270&ssl=1","contentUrl":"https:\/\/i1.wp.com\/bearly-n.com\/wp-content\/uploads\/2016\/12\/logo.jpg?fit=630%2C270&ssl=1","width":630,"height":270,"caption":"BearlyN"},"image":{"@id":"https:\/\/bearly-n.com\/#\/schema\/logo\/image\/"},"sameAs":["https:\/\/www.facebook.com\/Bearly-N-881942331934180\/","http:\/\/bearlyn","https:\/\/www.linkedin.com\/company\/bearly-n\/","https:\/\/fr.pinterest.com\/Bearlynterest\/"]}]}},"jetpack_publicize_connections":[],"jetpack_sharing_enabled":true,"jetpack_likes_enabled":true,"_links":{"self":[{"href":"https:\/\/bearly-n.com\/en\/wp-json\/wp\/v2\/product\/3676","targetHints":{"allow":["GET"]}}],"collection":[{"href":"https:\/\/bearly-n.com\/en\/wp-json\/wp\/v2\/product"}],"about":[{"href":"https:\/\/bearly-n.com\/en\/wp-json\/wp\/v2\/types\/product"}],"replies":[{"embeddable":true,"href":"https:\/\/bearly-n.com\/en\/wp-json\/wp\/v2\/comments?post=3676"}],"version-history":[{"count":1,"href":"https:\/\/bearly-n.com\/en\/wp-json\/wp\/v2\/product\/3676\/revisions"}],"predecessor-version":[{"id":6725,"href":"https:\/\/bearly-n.com\/en\/wp-json\/wp\/v2\/product\/3676\/revisions\/6725"}],"wp:featuredmedia":[{"embeddable":true,"href":"https:\/\/bearly-n.com\/en\/wp-json\/wp\/v2\/media\/6703"}],"wp:attachment":[{"href":"https:\/\/bearly-n.com\/en\/wp-json\/wp\/v2\/media?parent=3676"}],"wp:term":[{"taxonomy":"product_brand","embeddable":true,"href":"https:\/\/bearly-n.com\/en\/wp-json\/wp\/v2\/product_brand?post=3676"},{"taxonomy":"product_cat","embeddable":true,"href":"https:\/\/bearly-n.com\/en\/wp-json\/wp\/v2\/product_cat?post=3676"},{"taxonomy":"product_tag","embeddable":true,"href":"https:\/\/bearly-n.com\/en\/wp-json\/wp\/v2\/product_tag?post=3676"}],"curies":[{"name":"wp","href":"https:\/\/api.w.org\/{rel}","templated":true}]}}