{"id":3632,"date":"2018-11-16T12:25:01","date_gmt":"2018-11-16T11:25:01","guid":{"rendered":"https:\/\/bearly-n.com\/?post_type=product&#038;p=3632"},"modified":"2022-10-25T15:35:46","modified_gmt":"2022-10-25T13:35:46","slug":"bracelet-en-cuir-autruche-double-cuir-finitions-brodees","status":"publish","type":"product","link":"https:\/\/bearly-n.com\/en\/product\/bracelet-en-cuir-autruche-double-cuir-finitions-brodees\/","title":{"rendered":"Bracelet en cuir d&rsquo;autruche, doubl\u00e9 de cuir, finition broderie de perles"},"content":{"rendered":"<p>El\u00e9gant bracelet\u00a0 en cuir d&rsquo;autruche, doubl\u00e9 de cuir tannage v\u00e9g\u00e9tal. Les cuirs sont pos\u00e9s sur une manchette en laiton, ajustable \u00e0 toute taille de poignet par l\u00e9g\u00e8re pression. Les tranches sont brod\u00e9es d&rsquo;une rang\u00e9e de perles galvanis\u00e9es , pour une finition soign\u00e9e et raffin\u00e9e.<\/p>\n<p>Bracelet femme combinant des mati\u00e8res luxueuses, un bracelet raffin\u00e9 mais facile \u00e0 porter en toutes occasions, de jour comme en soir\u00e9e. Une tr\u00e8s belle pi\u00e8ce en cuir pr\u00e9cieux et exotique, \u00e0 offrir, en cadeau d&rsquo;anniversaire, ou pour No\u00ebl&#8230; ou \u00e0 s&rsquo;offrir!<\/p>\n<p><strong>Ce bracelet se d\u00e9cline en 7 teintes<\/strong>:<br \/>\n\u2022cuir d&rsquo;autruche fauve, doublure cuir fauve;<br \/>\n\u2022cuir d&rsquo;autruche noir, doublure noire;<br \/>\n\u2022cuir d&rsquo;autruche bleu jean, doublure fauve;<br \/>\n\u2022cuir d&rsquo;autruche lichen (bleu-gris clair), doublure fauve;<br \/>\n\u2022cuir d&rsquo;autruche rouge, doublure fauve;<br \/>\n\u2022cuir d&rsquo;autruche vert, doublure fauve;<br \/>\n\u2022cuir d&rsquo;autruche blanc, doublure fauve<\/p>\n<p>&nbsp;<\/p>\n<p>Cuirs issus de chutes de production .<\/p>\n<p>Bracelets pr\u00eats \u00e0 l&rsquo;envoi et pr\u00eats \u00e0 (s&rsquo;)offrir.<br \/>\nLivr\u00e9 dans son \u00e9crin, soigneusement emball\u00e9 de papier de soie.<\/p>","protected":false},"excerpt":{"rendered":"<p>Bracelet en cuir d&rsquo;autruche, 7 couleurs au choix.<\/p>\n<p>Lined with calf leather (vegetable tanning-France).<\/p>\n<ul>\n<li>Cuir d&rsquo;autruche<\/li>\n<li>doublure en cuir de veau<\/li>\n<li>tranches brod\u00e9es \u00e0 la main de perles galvanis\u00e9es<\/li>\n<li>Largeur : 25 mm<\/li>\n<li>s\u00e9rie limit\u00e9e<\/li>\n<li>Livraison rapide, colis suivi<\/li>\n<\/ul>\n<p>&nbsp;<\/p>\n<p>&nbsp;<\/p>","protected":false},"featured_media":3647,"comment_status":"open","ping_status":"closed","template":"","meta":{"_price":"98","_stock":"1","_tribe_ticket_header":"","_tribe_default_ticket_provider":"","_tribe_ticket_capacity":"1","_ticket_start_date":"","_ticket_end_date":"","_tribe_ticket_show_description":"","_tribe_ticket_show_not_going":false,"_tribe_ticket_use_global_stock":"","_tribe_ticket_global_stock_level":"","_global_stock_mode":"","_global_stock_cap":"","_tribe_rsvp_for_event":"","_tribe_ticket_going_count":"","_tribe_ticket_not_going_count":"","_tribe_tickets_list":"[]","_tribe_ticket_has_attendee_info_fields":false,"jetpack_post_was_ever_published":false,"jetpack_publicize_message":"","jetpack_publicize_feature_enabled":true,"jetpack_social_post_already_shared":true,"jetpack_social_options":{"image_generator_settings":{"template":"highway","default_image_id":0,"font":"","enabled":false},"version":2}},"product_brand":[],"product_cat":[112,114,330],"product_tag":[],"class_list":{"0":"post-3632","1":"product","2":"type-product","3":"status-publish","4":"has-post-thumbnail","6":"product_cat-bracelets","7":"product_cat-manchettes","8":"product_cat-exotiques","9":"product_shipping_class-forfait-50-a-250-g","11":"first","12":"instock","13":"sold-individually","14":"shipping-taxable","15":"purchasable","16":"product-type-variable"},"yoast_head":"<!-- This site is optimized with the Yoast SEO plugin v26.2 - https:\/\/yoast.com\/wordpress\/plugins\/seo\/ -->\n<title>Bracelet en cuir d&#039;autruche, doubl\u00e9 de cuir, finition broderie de perles - BearlyN<\/title>\n<meta name=\"description\" content=\"Choisissez votre bracelet en cuir d&#039;autruche. Des pi\u00e8ces haut de gamme, doubl\u00e9es cuir tann\u00e9 v\u00e9g\u00e9talement, et finitions brod\u00e9es de perles galvanis\u00e9es.\" \/>\n<meta name=\"robots\" content=\"index, follow, max-snippet:-1, max-image-preview:large, max-video-preview:-1\" \/>\n<link rel=\"canonical\" href=\"https:\/\/bearly-n.com\/en\/product\/bracelet-en-cuir-autruche-double-cuir-finitions-brodees\/\" \/>\n<meta property=\"og:locale\" content=\"en_US\" \/>\n<meta property=\"og:type\" content=\"article\" \/>\n<meta property=\"og:title\" content=\"Bracelet en cuir d&#039;autruche, doubl\u00e9 de cuir, finition broderie de perles - BearlyN\" \/>\n<meta property=\"og:description\" content=\"Choisissez votre bracelet en cuir d&#039;autruche. Des pi\u00e8ces haut de gamme, doubl\u00e9es cuir tann\u00e9 v\u00e9g\u00e9talement, et finitions brod\u00e9es de perles galvanis\u00e9es.\" \/>\n<meta property=\"og:url\" content=\"https:\/\/bearly-n.com\/en\/product\/bracelet-en-cuir-autruche-double-cuir-finitions-brodees\/\" \/>\n<meta property=\"og:site_name\" content=\"BearlyN\" \/>\n<meta property=\"article:publisher\" content=\"https:\/\/www.facebook.com\/Bearly-N-881942331934180\/\" \/>\n<meta property=\"article:modified_time\" content=\"2022-10-25T13:35:46+00:00\" \/>\n<meta property=\"og:image\" content=\"https:\/\/bearly-n.com\/wp-content\/uploads\/2018\/11\/bracelets-autruche.jpg\" \/>\n\t<meta property=\"og:image:width\" content=\"1800\" \/>\n\t<meta property=\"og:image:height\" content=\"1500\" \/>\n\t<meta property=\"og:image:type\" content=\"image\/jpeg\" \/>\n<meta name=\"twitter:card\" content=\"summary_large_image\" \/>\n<meta name=\"twitter:label1\" content=\"Est. reading time\" \/>\n\t<meta name=\"twitter:data1\" content=\"1 minute\" \/>\n<script type=\"application\/ld+json\" class=\"yoast-schema-graph\">{\"@context\":\"https:\/\/schema.org\",\"@graph\":[{\"@type\":\"WebPage\",\"@id\":\"https:\/\/bearly-n.com\/produit\/bracelet-en-cuir-autruche-double-cuir-finitions-brodees\/\",\"url\":\"https:\/\/bearly-n.com\/produit\/bracelet-en-cuir-autruche-double-cuir-finitions-brodees\/\",\"name\":\"Bracelet en cuir d'autruche, doubl\u00e9 de cuir, finition broderie de perles - BearlyN\",\"isPartOf\":{\"@id\":\"https:\/\/bearly-n.com\/#website\"},\"primaryImageOfPage\":{\"@id\":\"https:\/\/bearly-n.com\/produit\/bracelet-en-cuir-autruche-double-cuir-finitions-brodees\/#primaryimage\"},\"image\":{\"@id\":\"https:\/\/bearly-n.com\/produit\/bracelet-en-cuir-autruche-double-cuir-finitions-brodees\/#primaryimage\"},\"thumbnailUrl\":\"https:\/\/i0.wp.com\/bearly-n.com\/wp-content\/uploads\/2018\/11\/bracelets-autruche.jpg?fit=1800%2C1500&ssl=1\",\"datePublished\":\"2018-11-16T11:25:01+00:00\",\"dateModified\":\"2022-10-25T13:35:46+00:00\",\"description\":\"Choisissez votre bracelet en cuir d'autruche. Des pi\u00e8ces haut de gamme, doubl\u00e9es cuir tann\u00e9 v\u00e9g\u00e9talement, et finitions brod\u00e9es de perles galvanis\u00e9es.\",\"breadcrumb\":{\"@id\":\"https:\/\/bearly-n.com\/produit\/bracelet-en-cuir-autruche-double-cuir-finitions-brodees\/#breadcrumb\"},\"inLanguage\":\"en-US\",\"potentialAction\":[{\"@type\":\"ReadAction\",\"target\":[\"https:\/\/bearly-n.com\/produit\/bracelet-en-cuir-autruche-double-cuir-finitions-brodees\/\"]}]},{\"@type\":\"ImageObject\",\"inLanguage\":\"en-US\",\"@id\":\"https:\/\/bearly-n.com\/produit\/bracelet-en-cuir-autruche-double-cuir-finitions-brodees\/#primaryimage\",\"url\":\"https:\/\/i0.wp.com\/bearly-n.com\/wp-content\/uploads\/2018\/11\/bracelets-autruche.jpg?fit=1800%2C1500&ssl=1\",\"contentUrl\":\"https:\/\/i0.wp.com\/bearly-n.com\/wp-content\/uploads\/2018\/11\/bracelets-autruche.jpg?fit=1800%2C1500&ssl=1\",\"width\":1800,\"height\":1500,\"caption\":\"bracelets autruche_BearlyN\"},{\"@type\":\"BreadcrumbList\",\"@id\":\"https:\/\/bearly-n.com\/produit\/bracelet-en-cuir-autruche-double-cuir-finitions-brodees\/#breadcrumb\",\"itemListElement\":[{\"@type\":\"ListItem\",\"position\":1,\"name\":\"Accueil\",\"item\":\"https:\/\/bearly-n.com\/\"},{\"@type\":\"ListItem\",\"position\":2,\"name\":\"Boutique en ligne\",\"item\":\"https:\/\/bearly-n.com\/en\/boutique-en-ligne\/\"},{\"@type\":\"ListItem\",\"position\":3,\"name\":\"Bracelet en cuir d&rsquo;autruche, doubl\u00e9 de cuir, finition broderie de perles\"}]},{\"@type\":\"WebSite\",\"@id\":\"https:\/\/bearly-n.com\/#website\",\"url\":\"https:\/\/bearly-n.com\/\",\"name\":\"BearlyN, bijoux de caract\u00e8re\",\"description\":\"Bijoux de Caract\u00e8re\",\"publisher\":{\"@id\":\"https:\/\/bearly-n.com\/#organization\"},\"potentialAction\":[{\"@type\":\"SearchAction\",\"target\":{\"@type\":\"EntryPoint\",\"urlTemplate\":\"https:\/\/bearly-n.com\/?s={search_term_string}\"},\"query-input\":{\"@type\":\"PropertyValueSpecification\",\"valueRequired\":true,\"valueName\":\"search_term_string\"}}],\"inLanguage\":\"en-US\"},{\"@type\":\"Organization\",\"@id\":\"https:\/\/bearly-n.com\/#organization\",\"name\":\"BearlyN\",\"url\":\"https:\/\/bearly-n.com\/\",\"logo\":{\"@type\":\"ImageObject\",\"inLanguage\":\"en-US\",\"@id\":\"https:\/\/bearly-n.com\/#\/schema\/logo\/image\/\",\"url\":\"https:\/\/i1.wp.com\/bearly-n.com\/wp-content\/uploads\/2016\/12\/logo.jpg?fit=630%2C270&ssl=1\",\"contentUrl\":\"https:\/\/i1.wp.com\/bearly-n.com\/wp-content\/uploads\/2016\/12\/logo.jpg?fit=630%2C270&ssl=1\",\"width\":630,\"height\":270,\"caption\":\"BearlyN\"},\"image\":{\"@id\":\"https:\/\/bearly-n.com\/#\/schema\/logo\/image\/\"},\"sameAs\":[\"https:\/\/www.facebook.com\/Bearly-N-881942331934180\/\",\"http:\/\/bearlyn\",\"https:\/\/www.linkedin.com\/company\/bearly-n\/\",\"https:\/\/fr.pinterest.com\/Bearlynterest\/\"]}]}<\/script>\n<!-- \/ Yoast SEO plugin. -->","yoast_head_json":{"title":"Bracelet en cuir d'autruche, doubl\u00e9 de cuir, finition broderie de perles - BearlyN","description":"Choisissez votre bracelet en cuir d'autruche. Des pi\u00e8ces haut de gamme, doubl\u00e9es cuir tann\u00e9 v\u00e9g\u00e9talement, et finitions brod\u00e9es de perles galvanis\u00e9es.","robots":{"index":"index","follow":"follow","max-snippet":"max-snippet:-1","max-image-preview":"max-image-preview:large","max-video-preview":"max-video-preview:-1"},"canonical":"https:\/\/bearly-n.com\/en\/product\/bracelet-en-cuir-autruche-double-cuir-finitions-brodees\/","og_locale":"en_US","og_type":"article","og_title":"Bracelet en cuir d'autruche, doubl\u00e9 de cuir, finition broderie de perles - BearlyN","og_description":"Choisissez votre bracelet en cuir d'autruche. Des pi\u00e8ces haut de gamme, doubl\u00e9es cuir tann\u00e9 v\u00e9g\u00e9talement, et finitions brod\u00e9es de perles galvanis\u00e9es.","og_url":"https:\/\/bearly-n.com\/en\/product\/bracelet-en-cuir-autruche-double-cuir-finitions-brodees\/","og_site_name":"BearlyN","article_publisher":"https:\/\/www.facebook.com\/Bearly-N-881942331934180\/","article_modified_time":"2022-10-25T13:35:46+00:00","og_image":[{"width":1800,"height":1500,"url":"https:\/\/bearly-n.com\/wp-content\/uploads\/2018\/11\/bracelets-autruche.jpg","type":"image\/jpeg"}],"twitter_card":"summary_large_image","twitter_misc":{"Est. reading time":"1 minute"},"schema":{"@context":"https:\/\/schema.org","@graph":[{"@type":"WebPage","@id":"https:\/\/bearly-n.com\/produit\/bracelet-en-cuir-autruche-double-cuir-finitions-brodees\/","url":"https:\/\/bearly-n.com\/produit\/bracelet-en-cuir-autruche-double-cuir-finitions-brodees\/","name":"Bracelet en cuir d'autruche, doubl\u00e9 de cuir, finition broderie de perles - BearlyN","isPartOf":{"@id":"https:\/\/bearly-n.com\/#website"},"primaryImageOfPage":{"@id":"https:\/\/bearly-n.com\/produit\/bracelet-en-cuir-autruche-double-cuir-finitions-brodees\/#primaryimage"},"image":{"@id":"https:\/\/bearly-n.com\/produit\/bracelet-en-cuir-autruche-double-cuir-finitions-brodees\/#primaryimage"},"thumbnailUrl":"https:\/\/i0.wp.com\/bearly-n.com\/wp-content\/uploads\/2018\/11\/bracelets-autruche.jpg?fit=1800%2C1500&ssl=1","datePublished":"2018-11-16T11:25:01+00:00","dateModified":"2022-10-25T13:35:46+00:00","description":"Choisissez votre bracelet en cuir d'autruche. Des pi\u00e8ces haut de gamme, doubl\u00e9es cuir tann\u00e9 v\u00e9g\u00e9talement, et finitions brod\u00e9es de perles galvanis\u00e9es.","breadcrumb":{"@id":"https:\/\/bearly-n.com\/produit\/bracelet-en-cuir-autruche-double-cuir-finitions-brodees\/#breadcrumb"},"inLanguage":"en-US","potentialAction":[{"@type":"ReadAction","target":["https:\/\/bearly-n.com\/produit\/bracelet-en-cuir-autruche-double-cuir-finitions-brodees\/"]}]},{"@type":"ImageObject","inLanguage":"en-US","@id":"https:\/\/bearly-n.com\/produit\/bracelet-en-cuir-autruche-double-cuir-finitions-brodees\/#primaryimage","url":"https:\/\/i0.wp.com\/bearly-n.com\/wp-content\/uploads\/2018\/11\/bracelets-autruche.jpg?fit=1800%2C1500&ssl=1","contentUrl":"https:\/\/i0.wp.com\/bearly-n.com\/wp-content\/uploads\/2018\/11\/bracelets-autruche.jpg?fit=1800%2C1500&ssl=1","width":1800,"height":1500,"caption":"bracelets autruche_BearlyN"},{"@type":"BreadcrumbList","@id":"https:\/\/bearly-n.com\/produit\/bracelet-en-cuir-autruche-double-cuir-finitions-brodees\/#breadcrumb","itemListElement":[{"@type":"ListItem","position":1,"name":"Accueil","item":"https:\/\/bearly-n.com\/"},{"@type":"ListItem","position":2,"name":"Boutique en ligne","item":"https:\/\/bearly-n.com\/en\/boutique-en-ligne\/"},{"@type":"ListItem","position":3,"name":"Bracelet en cuir d&rsquo;autruche, doubl\u00e9 de cuir, finition broderie de perles"}]},{"@type":"WebSite","@id":"https:\/\/bearly-n.com\/#website","url":"https:\/\/bearly-n.com\/","name":"BearlyN, bijoux de caract\u00e8re","description":"Bijoux de Caract\u00e8re","publisher":{"@id":"https:\/\/bearly-n.com\/#organization"},"potentialAction":[{"@type":"SearchAction","target":{"@type":"EntryPoint","urlTemplate":"https:\/\/bearly-n.com\/?s={search_term_string}"},"query-input":{"@type":"PropertyValueSpecification","valueRequired":true,"valueName":"search_term_string"}}],"inLanguage":"en-US"},{"@type":"Organization","@id":"https:\/\/bearly-n.com\/#organization","name":"BearlyN","url":"https:\/\/bearly-n.com\/","logo":{"@type":"ImageObject","inLanguage":"en-US","@id":"https:\/\/bearly-n.com\/#\/schema\/logo\/image\/","url":"https:\/\/i1.wp.com\/bearly-n.com\/wp-content\/uploads\/2016\/12\/logo.jpg?fit=630%2C270&ssl=1","contentUrl":"https:\/\/i1.wp.com\/bearly-n.com\/wp-content\/uploads\/2016\/12\/logo.jpg?fit=630%2C270&ssl=1","width":630,"height":270,"caption":"BearlyN"},"image":{"@id":"https:\/\/bearly-n.com\/#\/schema\/logo\/image\/"},"sameAs":["https:\/\/www.facebook.com\/Bearly-N-881942331934180\/","http:\/\/bearlyn","https:\/\/www.linkedin.com\/company\/bearly-n\/","https:\/\/fr.pinterest.com\/Bearlynterest\/"]}]}},"jetpack_publicize_connections":[],"jetpack_sharing_enabled":true,"jetpack_likes_enabled":true,"_links":{"self":[{"href":"https:\/\/bearly-n.com\/en\/wp-json\/wp\/v2\/product\/3632","targetHints":{"allow":["GET"]}}],"collection":[{"href":"https:\/\/bearly-n.com\/en\/wp-json\/wp\/v2\/product"}],"about":[{"href":"https:\/\/bearly-n.com\/en\/wp-json\/wp\/v2\/types\/product"}],"replies":[{"embeddable":true,"href":"https:\/\/bearly-n.com\/en\/wp-json\/wp\/v2\/comments?post=3632"}],"version-history":[{"count":3,"href":"https:\/\/bearly-n.com\/en\/wp-json\/wp\/v2\/product\/3632\/revisions"}],"predecessor-version":[{"id":8051,"href":"https:\/\/bearly-n.com\/en\/wp-json\/wp\/v2\/product\/3632\/revisions\/8051"}],"wp:featuredmedia":[{"embeddable":true,"href":"https:\/\/bearly-n.com\/en\/wp-json\/wp\/v2\/media\/3647"}],"wp:attachment":[{"href":"https:\/\/bearly-n.com\/en\/wp-json\/wp\/v2\/media?parent=3632"}],"wp:term":[{"taxonomy":"product_brand","embeddable":true,"href":"https:\/\/bearly-n.com\/en\/wp-json\/wp\/v2\/product_brand?post=3632"},{"taxonomy":"product_cat","embeddable":true,"href":"https:\/\/bearly-n.com\/en\/wp-json\/wp\/v2\/product_cat?post=3632"},{"taxonomy":"product_tag","embeddable":true,"href":"https:\/\/bearly-n.com\/en\/wp-json\/wp\/v2\/product_tag?post=3632"}],"curies":[{"name":"wp","href":"https:\/\/api.w.org\/{rel}","templated":true}]}}