{"id":2073,"date":"2020-06-15T17:15:11","date_gmt":"2020-06-15T15:15:11","guid":{"rendered":"https:\/\/bearly-n.com\/?post_type=product&#038;p=2073"},"modified":"2022-07-01T22:39:10","modified_gmt":"2022-07-01T20:39:10","slug":"manchette-galuchat-orange-doublee-taurillon","status":"publish","type":"product","link":"https:\/\/bearly-n.com\/en\/product\/manchette-galuchat-orange-doublee-taurillon\/","title":{"rendered":"Manchette galuchat orange doubl\u00e9e de cuir de taurillon plomb"},"content":{"rendered":"<p>Des mati\u00e8res nobles et une teinte pleine de peps pour cette manchette en galuchat orange, \u00e0 porter en journ\u00e9e.<\/p>\n<ul>\n<li>Bracelet en laiton recouvert de la partie la plus pr\u00e9cieuse de ce cuir de galuchat non ponc\u00e9\u00a0 (raie pastenague); la partie avec les perles centrales.<\/li>\n<li>La manchette est doubl\u00e9e de cuir de taurillon couleur plomb, tannage v\u00e9g\u00e9tal (France) et sign\u00e9 BearlyN par marquage \u00e0 chaud.<\/li>\n<li>Un rang de perles de verre de teinte ivoire brod\u00e9es \u00e0 la main , vient habiller les tranches des cuirs, pour une finition \u00e9l\u00e9gante et agr\u00e9able.<\/li>\n<li>Le bracelet finit mesure 55 mm de large, il est ajustable par l\u00e9g\u00e8re pression \u00e0 toutes les tailles de poignet.<\/li>\n<\/ul>\n<p>Il s\u2019agit d\u2019une pi\u00e8ce unique, enti\u00e8rement r\u00e9alis\u00e9e \u00e0 la main.<\/p>","protected":false},"excerpt":{"rendered":"<p>Bracelet en<strong>\u00a0cuir exotique et pr\u00e9cieux:<\/strong><\/p>\n<ul>\n<li>Galuchat orange non ponc\u00e9, partie perl\u00e9e, la plus noble de la peau (cuir de raie);<\/li>\n<li>Doublure en cuir de taurillon plomb, tannage v\u00e9g\u00e9tal pour un contact sans risque avec la peau.<\/li>\n<li><strong>Taille universelle<\/strong>, ajustable par l\u00e9g\u00e8re pression<\/li>\n<\/ul>\n<p>Pi\u00e8ce sign\u00e9e et unique, livr\u00e9e dans son \u00e9crin: le cadeau parfait pour se faire plaisir ou pour faire plaisir \u00e0 ses amies.<\/p>\n<p>Frais de port offerts, colis suivi<\/p>","protected":false},"featured_media":2078,"comment_status":"open","ping_status":"closed","template":"","meta":{"_price":"231","_stock":"0","_tribe_ticket_header":"","_tribe_default_ticket_provider":"","_tribe_ticket_capacity":"1","_ticket_start_date":"","_ticket_end_date":"","_tribe_ticket_show_description":"","_tribe_ticket_show_not_going":false,"_tribe_ticket_use_global_stock":"","_tribe_ticket_global_stock_level":"","_global_stock_mode":"","_global_stock_cap":"","_tribe_rsvp_for_event":"","_tribe_ticket_going_count":"","_tribe_ticket_not_going_count":"","_tribe_tickets_list":"[]","_tribe_ticket_has_attendee_info_fields":false,"jetpack_post_was_ever_published":false,"jetpack_publicize_message":"","jetpack_publicize_feature_enabled":true,"jetpack_social_post_already_shared":true,"jetpack_social_options":{"image_generator_settings":{"template":"highway","default_image_id":0,"font":"","enabled":false},"version":2}},"product_brand":[],"product_cat":[112,113,330],"product_tag":[239,240,238,134,154,149,241,177],"class_list":{"0":"post-2073","1":"product","2":"type-product","3":"status-publish","4":"has-post-thumbnail","6":"product_cat-bracelets","7":"product_cat-manchettes-larges","8":"product_cat-exotiques","9":"product_tag-bearlyn","10":"product_tag-bracelet-orange","11":"product_tag-casual-chic","12":"product_tag-cuir-exotique","13":"product_tag-cuir-precieux","14":"product_tag-galuchat","15":"product_tag-manchette-orange","16":"product_tag-raie-pastenague","17":"product_shipping_class-gratuite","18":"pa_couleur-creme","19":"pa_couleur-gris","20":"pa_couleur-orange","22":"first","23":"outofstock","24":"sold-individually","25":"shipping-taxable","26":"purchasable","27":"product-type-simple"},"yoast_head":"<!-- This site is optimized with the Yoast SEO plugin v26.2 - https:\/\/yoast.com\/wordpress\/plugins\/seo\/ -->\n<title>Manchette galuchat orange doubl\u00e9e de cuir de taurillon plomb - BearlyN<\/title>\n<meta name=\"description\" content=\"Bracelet en cuir exotique et pr\u00e9cieux, galuchat orange, doubl\u00e9 de cuir de taurillon couleur plomb. Une manchette large pleine de peps, aux mati\u00e8res nobles\" \/>\n<meta name=\"robots\" content=\"index, follow, max-snippet:-1, max-image-preview:large, max-video-preview:-1\" \/>\n<link rel=\"canonical\" href=\"https:\/\/bearly-n.com\/en\/product\/manchette-galuchat-orange-doublee-taurillon\/\" \/>\n<meta property=\"og:locale\" content=\"en_US\" \/>\n<meta property=\"og:type\" content=\"article\" \/>\n<meta property=\"og:title\" content=\"Manchette galuchat orange doubl\u00e9e de cuir de taurillon plomb - BearlyN\" \/>\n<meta property=\"og:description\" content=\"Bracelet en cuir exotique et pr\u00e9cieux, galuchat orange, doubl\u00e9 de cuir de taurillon couleur plomb. Une manchette large pleine de peps, aux mati\u00e8res nobles\" \/>\n<meta property=\"og:url\" content=\"https:\/\/bearly-n.com\/en\/product\/manchette-galuchat-orange-doublee-taurillon\/\" \/>\n<meta property=\"og:site_name\" content=\"BearlyN\" \/>\n<meta property=\"article:publisher\" content=\"https:\/\/www.facebook.com\/Bearly-N-881942331934180\/\" \/>\n<meta property=\"article:modified_time\" content=\"2022-07-01T20:39:10+00:00\" \/>\n<meta property=\"og:image\" content=\"https:\/\/bearly-n.com\/wp-content\/uploads\/2018\/06\/1photo-principale_BearlyN.jpg\" \/>\n\t<meta property=\"og:image:width\" content=\"1024\" \/>\n\t<meta property=\"og:image:height\" content=\"999\" \/>\n\t<meta property=\"og:image:type\" content=\"image\/jpeg\" \/>\n<meta name=\"twitter:card\" content=\"summary_large_image\" \/>\n<meta name=\"twitter:label1\" content=\"Est. reading time\" \/>\n\t<meta name=\"twitter:data1\" content=\"1 minute\" \/>\n<script type=\"application\/ld+json\" class=\"yoast-schema-graph\">{\"@context\":\"https:\/\/schema.org\",\"@graph\":[{\"@type\":\"WebPage\",\"@id\":\"https:\/\/bearly-n.com\/produit\/manchette-galuchat-orange-doublee-taurillon\/\",\"url\":\"https:\/\/bearly-n.com\/produit\/manchette-galuchat-orange-doublee-taurillon\/\",\"name\":\"Manchette galuchat orange doubl\u00e9e de cuir de taurillon plomb - BearlyN\",\"isPartOf\":{\"@id\":\"https:\/\/bearly-n.com\/#website\"},\"primaryImageOfPage\":{\"@id\":\"https:\/\/bearly-n.com\/produit\/manchette-galuchat-orange-doublee-taurillon\/#primaryimage\"},\"image\":{\"@id\":\"https:\/\/bearly-n.com\/produit\/manchette-galuchat-orange-doublee-taurillon\/#primaryimage\"},\"thumbnailUrl\":\"https:\/\/i0.wp.com\/bearly-n.com\/wp-content\/uploads\/2018\/06\/1photo-principale_BearlyN.jpg?fit=1024%2C999&ssl=1\",\"datePublished\":\"2020-06-15T15:15:11+00:00\",\"dateModified\":\"2022-07-01T20:39:10+00:00\",\"description\":\"Bracelet en cuir exotique et pr\u00e9cieux, galuchat orange, doubl\u00e9 de cuir de taurillon couleur plomb. Une manchette large pleine de peps, aux mati\u00e8res nobles\",\"breadcrumb\":{\"@id\":\"https:\/\/bearly-n.com\/produit\/manchette-galuchat-orange-doublee-taurillon\/#breadcrumb\"},\"inLanguage\":\"en-US\",\"potentialAction\":[{\"@type\":\"ReadAction\",\"target\":[\"https:\/\/bearly-n.com\/produit\/manchette-galuchat-orange-doublee-taurillon\/\"]}]},{\"@type\":\"ImageObject\",\"inLanguage\":\"en-US\",\"@id\":\"https:\/\/bearly-n.com\/produit\/manchette-galuchat-orange-doublee-taurillon\/#primaryimage\",\"url\":\"https:\/\/i0.wp.com\/bearly-n.com\/wp-content\/uploads\/2018\/06\/1photo-principale_BearlyN.jpg?fit=1024%2C999&ssl=1\",\"contentUrl\":\"https:\/\/i0.wp.com\/bearly-n.com\/wp-content\/uploads\/2018\/06\/1photo-principale_BearlyN.jpg?fit=1024%2C999&ssl=1\",\"width\":1024,\"height\":999,\"caption\":\"photo principale_BearlyN\"},{\"@type\":\"BreadcrumbList\",\"@id\":\"https:\/\/bearly-n.com\/produit\/manchette-galuchat-orange-doublee-taurillon\/#breadcrumb\",\"itemListElement\":[{\"@type\":\"ListItem\",\"position\":1,\"name\":\"Accueil\",\"item\":\"https:\/\/bearly-n.com\/\"},{\"@type\":\"ListItem\",\"position\":2,\"name\":\"Boutique en ligne\",\"item\":\"https:\/\/bearly-n.com\/en\/boutique-en-ligne\/\"},{\"@type\":\"ListItem\",\"position\":3,\"name\":\"Manchette galuchat orange doubl\u00e9e de cuir de taurillon plomb\"}]},{\"@type\":\"WebSite\",\"@id\":\"https:\/\/bearly-n.com\/#website\",\"url\":\"https:\/\/bearly-n.com\/\",\"name\":\"BearlyN, bijoux de caract\u00e8re\",\"description\":\"Bijoux de Caract\u00e8re\",\"publisher\":{\"@id\":\"https:\/\/bearly-n.com\/#organization\"},\"potentialAction\":[{\"@type\":\"SearchAction\",\"target\":{\"@type\":\"EntryPoint\",\"urlTemplate\":\"https:\/\/bearly-n.com\/?s={search_term_string}\"},\"query-input\":{\"@type\":\"PropertyValueSpecification\",\"valueRequired\":true,\"valueName\":\"search_term_string\"}}],\"inLanguage\":\"en-US\"},{\"@type\":\"Organization\",\"@id\":\"https:\/\/bearly-n.com\/#organization\",\"name\":\"BearlyN\",\"url\":\"https:\/\/bearly-n.com\/\",\"logo\":{\"@type\":\"ImageObject\",\"inLanguage\":\"en-US\",\"@id\":\"https:\/\/bearly-n.com\/#\/schema\/logo\/image\/\",\"url\":\"https:\/\/i1.wp.com\/bearly-n.com\/wp-content\/uploads\/2016\/12\/logo.jpg?fit=630%2C270&ssl=1\",\"contentUrl\":\"https:\/\/i1.wp.com\/bearly-n.com\/wp-content\/uploads\/2016\/12\/logo.jpg?fit=630%2C270&ssl=1\",\"width\":630,\"height\":270,\"caption\":\"BearlyN\"},\"image\":{\"@id\":\"https:\/\/bearly-n.com\/#\/schema\/logo\/image\/\"},\"sameAs\":[\"https:\/\/www.facebook.com\/Bearly-N-881942331934180\/\",\"http:\/\/bearlyn\",\"https:\/\/www.linkedin.com\/company\/bearly-n\/\",\"https:\/\/fr.pinterest.com\/Bearlynterest\/\"]}]}<\/script>\n<!-- \/ Yoast SEO plugin. -->","yoast_head_json":{"title":"Manchette galuchat orange doubl\u00e9e de cuir de taurillon plomb - BearlyN","description":"Bracelet en cuir exotique et pr\u00e9cieux, galuchat orange, doubl\u00e9 de cuir de taurillon couleur plomb. Une manchette large pleine de peps, aux mati\u00e8res nobles","robots":{"index":"index","follow":"follow","max-snippet":"max-snippet:-1","max-image-preview":"max-image-preview:large","max-video-preview":"max-video-preview:-1"},"canonical":"https:\/\/bearly-n.com\/en\/product\/manchette-galuchat-orange-doublee-taurillon\/","og_locale":"en_US","og_type":"article","og_title":"Manchette galuchat orange doubl\u00e9e de cuir de taurillon plomb - BearlyN","og_description":"Bracelet en cuir exotique et pr\u00e9cieux, galuchat orange, doubl\u00e9 de cuir de taurillon couleur plomb. Une manchette large pleine de peps, aux mati\u00e8res nobles","og_url":"https:\/\/bearly-n.com\/en\/product\/manchette-galuchat-orange-doublee-taurillon\/","og_site_name":"BearlyN","article_publisher":"https:\/\/www.facebook.com\/Bearly-N-881942331934180\/","article_modified_time":"2022-07-01T20:39:10+00:00","og_image":[{"width":1024,"height":999,"url":"https:\/\/bearly-n.com\/wp-content\/uploads\/2018\/06\/1photo-principale_BearlyN.jpg","type":"image\/jpeg"}],"twitter_card":"summary_large_image","twitter_misc":{"Est. reading time":"1 minute"},"schema":{"@context":"https:\/\/schema.org","@graph":[{"@type":"WebPage","@id":"https:\/\/bearly-n.com\/produit\/manchette-galuchat-orange-doublee-taurillon\/","url":"https:\/\/bearly-n.com\/produit\/manchette-galuchat-orange-doublee-taurillon\/","name":"Manchette galuchat orange doubl\u00e9e de cuir de taurillon plomb - BearlyN","isPartOf":{"@id":"https:\/\/bearly-n.com\/#website"},"primaryImageOfPage":{"@id":"https:\/\/bearly-n.com\/produit\/manchette-galuchat-orange-doublee-taurillon\/#primaryimage"},"image":{"@id":"https:\/\/bearly-n.com\/produit\/manchette-galuchat-orange-doublee-taurillon\/#primaryimage"},"thumbnailUrl":"https:\/\/i0.wp.com\/bearly-n.com\/wp-content\/uploads\/2018\/06\/1photo-principale_BearlyN.jpg?fit=1024%2C999&ssl=1","datePublished":"2020-06-15T15:15:11+00:00","dateModified":"2022-07-01T20:39:10+00:00","description":"Bracelet en cuir exotique et pr\u00e9cieux, galuchat orange, doubl\u00e9 de cuir de taurillon couleur plomb. Une manchette large pleine de peps, aux mati\u00e8res nobles","breadcrumb":{"@id":"https:\/\/bearly-n.com\/produit\/manchette-galuchat-orange-doublee-taurillon\/#breadcrumb"},"inLanguage":"en-US","potentialAction":[{"@type":"ReadAction","target":["https:\/\/bearly-n.com\/produit\/manchette-galuchat-orange-doublee-taurillon\/"]}]},{"@type":"ImageObject","inLanguage":"en-US","@id":"https:\/\/bearly-n.com\/produit\/manchette-galuchat-orange-doublee-taurillon\/#primaryimage","url":"https:\/\/i0.wp.com\/bearly-n.com\/wp-content\/uploads\/2018\/06\/1photo-principale_BearlyN.jpg?fit=1024%2C999&ssl=1","contentUrl":"https:\/\/i0.wp.com\/bearly-n.com\/wp-content\/uploads\/2018\/06\/1photo-principale_BearlyN.jpg?fit=1024%2C999&ssl=1","width":1024,"height":999,"caption":"photo principale_BearlyN"},{"@type":"BreadcrumbList","@id":"https:\/\/bearly-n.com\/produit\/manchette-galuchat-orange-doublee-taurillon\/#breadcrumb","itemListElement":[{"@type":"ListItem","position":1,"name":"Accueil","item":"https:\/\/bearly-n.com\/"},{"@type":"ListItem","position":2,"name":"Boutique en ligne","item":"https:\/\/bearly-n.com\/en\/boutique-en-ligne\/"},{"@type":"ListItem","position":3,"name":"Manchette galuchat orange doubl\u00e9e de cuir de taurillon plomb"}]},{"@type":"WebSite","@id":"https:\/\/bearly-n.com\/#website","url":"https:\/\/bearly-n.com\/","name":"BearlyN, bijoux de caract\u00e8re","description":"Bijoux de Caract\u00e8re","publisher":{"@id":"https:\/\/bearly-n.com\/#organization"},"potentialAction":[{"@type":"SearchAction","target":{"@type":"EntryPoint","urlTemplate":"https:\/\/bearly-n.com\/?s={search_term_string}"},"query-input":{"@type":"PropertyValueSpecification","valueRequired":true,"valueName":"search_term_string"}}],"inLanguage":"en-US"},{"@type":"Organization","@id":"https:\/\/bearly-n.com\/#organization","name":"BearlyN","url":"https:\/\/bearly-n.com\/","logo":{"@type":"ImageObject","inLanguage":"en-US","@id":"https:\/\/bearly-n.com\/#\/schema\/logo\/image\/","url":"https:\/\/i1.wp.com\/bearly-n.com\/wp-content\/uploads\/2016\/12\/logo.jpg?fit=630%2C270&ssl=1","contentUrl":"https:\/\/i1.wp.com\/bearly-n.com\/wp-content\/uploads\/2016\/12\/logo.jpg?fit=630%2C270&ssl=1","width":630,"height":270,"caption":"BearlyN"},"image":{"@id":"https:\/\/bearly-n.com\/#\/schema\/logo\/image\/"},"sameAs":["https:\/\/www.facebook.com\/Bearly-N-881942331934180\/","http:\/\/bearlyn","https:\/\/www.linkedin.com\/company\/bearly-n\/","https:\/\/fr.pinterest.com\/Bearlynterest\/"]}]}},"jetpack_publicize_connections":[],"jetpack_sharing_enabled":true,"jetpack_likes_enabled":true,"_links":{"self":[{"href":"https:\/\/bearly-n.com\/en\/wp-json\/wp\/v2\/product\/2073","targetHints":{"allow":["GET"]}}],"collection":[{"href":"https:\/\/bearly-n.com\/en\/wp-json\/wp\/v2\/product"}],"about":[{"href":"https:\/\/bearly-n.com\/en\/wp-json\/wp\/v2\/types\/product"}],"replies":[{"embeddable":true,"href":"https:\/\/bearly-n.com\/en\/wp-json\/wp\/v2\/comments?post=2073"}],"version-history":[{"count":4,"href":"https:\/\/bearly-n.com\/en\/wp-json\/wp\/v2\/product\/2073\/revisions"}],"predecessor-version":[{"id":8041,"href":"https:\/\/bearly-n.com\/en\/wp-json\/wp\/v2\/product\/2073\/revisions\/8041"}],"wp:featuredmedia":[{"embeddable":true,"href":"https:\/\/bearly-n.com\/en\/wp-json\/wp\/v2\/media\/2078"}],"wp:attachment":[{"href":"https:\/\/bearly-n.com\/en\/wp-json\/wp\/v2\/media?parent=2073"}],"wp:term":[{"taxonomy":"product_brand","embeddable":true,"href":"https:\/\/bearly-n.com\/en\/wp-json\/wp\/v2\/product_brand?post=2073"},{"taxonomy":"product_cat","embeddable":true,"href":"https:\/\/bearly-n.com\/en\/wp-json\/wp\/v2\/product_cat?post=2073"},{"taxonomy":"product_tag","embeddable":true,"href":"https:\/\/bearly-n.com\/en\/wp-json\/wp\/v2\/product_tag?post=2073"}],"curies":[{"name":"wp","href":"https:\/\/api.w.org\/{rel}","templated":true}]}}