{"id":2007,"date":"2018-12-01T08:00:41","date_gmt":"2018-12-01T07:00:41","guid":{"rendered":"https:\/\/bearly-n.com\/?post_type=product&#038;p=2007"},"modified":"2020-06-08T15:08:12","modified_gmt":"2020-06-08T13:08:12","slug":"plastron-inverso","status":"publish","type":"product","link":"https:\/\/bearly-n.com\/en\/product\/plastron-inverso\/","title":{"rendered":"Plastron InVerso, sertissage de galuchat et broderie de cristaux de Swarovski"},"content":{"rendered":"<h2>Caract\u00e9ristiques principales du plastron InVerso<\/h2>\n<p>Le<strong> plastron InVerso<\/strong> a \u00e9t\u00e9 r\u00e9alis\u00e9 \u00e0 l&rsquo;occasion d&rsquo;une exposition au Pavillon Anne de Bretagne (Blois), sur le th\u00e8me d<strong>&lsquo;<a href=\"https:\/\/bearly-n.com\/en\/exposition-etonnantes-textures\/\">Etonnantes Textures<\/a><\/strong>.<\/p>\n<ul>\n<li>une pi\u00e8ce d&rsquo;exeption, \u00e0 r\u00e9server pour les grands \u00e9venements.<\/li>\n<li>De grands aplats en galuchat (cuir de raie), non ponc\u00e9 et cr\u00e8me, sont sertis de perles galvanis\u00e9es de teinte bronze. Le galuchat est une peau pr\u00e9cieuse, r\u00e9put\u00e9e difficile \u00e0 travailler du fait des perles de silice qui la recouvre. La partie la plus recherch\u00e9e est celle avec les perles centrales, on les retrouve au centre du plastron InVerso.<\/li>\n<li>La broderie du plastron a \u00e9t\u00e9 r\u00e9alis\u00e9e en deux temps. Tout d&rsquo;abord, une trame de perles de verre a \u00e9t\u00e9 brod\u00e9e sur toute la surface. Puis, un deuxi\u00e8me passage, m\u00ealant des boucles perles de verre et cristaux de Swarovski a \u00e9t\u00e9 r\u00e9alis\u00e9, pour obtenir ce tapis dense. Plus de 500 cristaux de Swarovski ont \u00e9t\u00e9 utilis\u00e9s.<\/li>\n<li>Pour finir, l&rsquo;ensemble est doubl\u00e9 de cuir blanc (France) et enfin, un rang de perles, toujours brod\u00e9es, vient habiller les tranches.<\/li>\n<li>Fermoir crochet en laiton, garanti sans nickel.<\/li>\n<\/ul>\n<p>Il s&rsquo;agit d&rsquo;une pi\u00e8ce unique, qui a demand\u00e9 plus de 90 heures de travail. Toutes les \u00e9tapes de sa r\u00e9alisation ont \u00e9t\u00e9 effectu\u00e9es \u00e0 la main.<\/p>\n<h2>Entretien<\/h2>\n<ul>\n<li>Le cuir peut \u00eatre simplement nettoy\u00e9 avec un linge humide et un peu de savon glycerin\u00e9.<\/li>\n<li>La partie brod\u00e9e peut \u00eatre d\u00e9poussi\u00e9r\u00e9e \u00e0 l&rsquo;aide d&rsquo;un pinceau souple et d&rsquo;un chiffon l\u00e9g\u00e8rement humide.<\/li>\n<li><strong>Eviter le contact avec l&rsquo;eau.<\/strong><\/li>\n<\/ul>\n<h2>Accessoires fournis<\/h2>\n<p>Mes bijoux sont fournis avec une bo\u00eete noire en carton rigide, doubl\u00e9e de satin noir. L&#8217;emballage est soign\u00e9, cela en fait un produit pr\u00eat \u00e0 offrir&#8230;ou \u00e0 s&rsquo;offrir!<\/p>\n<p>&nbsp;<\/p>","protected":false},"excerpt":{"rendered":"<p>R\u00e9alis\u00e9 pour l&rsquo;exposition\u00a0\u00a0<strong>\u201cEtonnantes Textures\u201d<\/strong><\/p>\n<p>Plastron brod\u00e9 de perles de verre et de cristaux de Swarovski, autour de galuchat de teinte cr\u00e8me<\/p>\n<p>Free Shipping, Tracked Parcel<\/p>","protected":false},"featured_media":1390,"comment_status":"open","ping_status":"closed","template":"","meta":{"_price":"2110","_stock":"1","_tribe_ticket_header":"","_tribe_default_ticket_provider":"","_tribe_ticket_capacity":"1","_ticket_start_date":"","_ticket_end_date":"","_tribe_ticket_show_description":"","_tribe_ticket_show_not_going":false,"_tribe_ticket_use_global_stock":"","_tribe_ticket_global_stock_level":"","_global_stock_mode":"","_global_stock_cap":"","_tribe_rsvp_for_event":"","_tribe_ticket_going_count":"","_tribe_ticket_not_going_count":"","_tribe_tickets_list":"[]","_tribe_ticket_has_attendee_info_fields":false,"jetpack_post_was_ever_published":false,"jetpack_publicize_message":"","jetpack_publicize_feature_enabled":true,"jetpack_social_post_already_shared":true,"jetpack_social_options":{"image_generator_settings":{"template":"highway","default_image_id":0,"font":"","enabled":false},"version":2}},"product_brand":[],"product_cat":[105,107],"product_tag":[239,242,243,154,223,214,224,225],"class_list":{"0":"post-2007","1":"product","2":"type-product","3":"status-publish","4":"has-post-thumbnail","6":"product_cat-plastrons","7":"product_cat-plastrons-sans-franges","8":"product_tag-bearlyn","9":"product_tag-bijou-mariage","10":"product_tag-collier-mariee","11":"product_tag-cuir-precieux","12":"product_tag-galuchat-creme","13":"product_tag-plastron-brode","14":"product_tag-plastron-en-cristal","15":"product_tag-plastron-ivoire","16":"product_shipping_class-gratuite","17":"pa_couleur-creme","19":"first","20":"instock","21":"shipping-taxable","22":"purchasable","23":"product-type-simple"},"yoast_head":"<!-- This site is optimized with the Yoast SEO plugin v26.2 - https:\/\/yoast.com\/wordpress\/plugins\/seo\/ -->\n<title>Plastron InVerso, sertissage de galuchat et broderie de cristaux de Swarovski - BearlyN<\/title>\n<meta name=\"description\" content=\"Retrouvez le plastron InVerso , une pi\u00e8ce d&#039;exeption associant le galuchat et le cristal de Swarovski. Des mati\u00e8res pr\u00e9cieuses, pour de grandes occasions\" \/>\n<meta name=\"robots\" content=\"index, follow, max-snippet:-1, max-image-preview:large, max-video-preview:-1\" \/>\n<link rel=\"canonical\" href=\"https:\/\/bearly-n.com\/en\/product\/plastron-inverso\/\" \/>\n<meta property=\"og:locale\" content=\"en_US\" \/>\n<meta property=\"og:type\" content=\"article\" \/>\n<meta property=\"og:title\" content=\"Plastron InVerso, sertissage de galuchat et broderie de cristaux de Swarovski - BearlyN\" \/>\n<meta property=\"og:description\" content=\"Retrouvez le plastron InVerso , une pi\u00e8ce d&#039;exeption associant le galuchat et le cristal de Swarovski. Des mati\u00e8res pr\u00e9cieuses, pour de grandes occasions\" \/>\n<meta property=\"og:url\" content=\"https:\/\/bearly-n.com\/en\/product\/plastron-inverso\/\" \/>\n<meta property=\"og:site_name\" content=\"BearlyN\" \/>\n<meta property=\"article:publisher\" content=\"https:\/\/www.facebook.com\/Bearly-N-881942331934180\/\" \/>\n<meta property=\"article:modified_time\" content=\"2020-06-08T13:08:12+00:00\" \/>\n<meta property=\"og:image\" content=\"https:\/\/i0.wp.com\/bearly-n.com\/wp-content\/uploads\/2017\/10\/plastron-galuchat-vue-de-face.jpg?fit=1024%2C809&ssl=1\" \/>\n\t<meta property=\"og:image:width\" content=\"1024\" \/>\n\t<meta property=\"og:image:height\" content=\"809\" \/>\n\t<meta property=\"og:image:type\" content=\"image\/jpeg\" \/>\n<meta name=\"twitter:card\" content=\"summary_large_image\" \/>\n<meta name=\"twitter:label1\" content=\"Est. reading time\" \/>\n\t<meta name=\"twitter:data1\" content=\"1 minute\" \/>\n<script type=\"application\/ld+json\" class=\"yoast-schema-graph\">{\"@context\":\"https:\/\/schema.org\",\"@graph\":[{\"@type\":\"WebPage\",\"@id\":\"https:\/\/bearly-n.com\/produit\/plastron-inverso\/\",\"url\":\"https:\/\/bearly-n.com\/produit\/plastron-inverso\/\",\"name\":\"Plastron InVerso, sertissage de galuchat et broderie de cristaux de Swarovski - BearlyN\",\"isPartOf\":{\"@id\":\"https:\/\/bearly-n.com\/#website\"},\"primaryImageOfPage\":{\"@id\":\"https:\/\/bearly-n.com\/produit\/plastron-inverso\/#primaryimage\"},\"image\":{\"@id\":\"https:\/\/bearly-n.com\/produit\/plastron-inverso\/#primaryimage\"},\"thumbnailUrl\":\"https:\/\/i0.wp.com\/bearly-n.com\/wp-content\/uploads\/2017\/10\/plastron-galuchat-vue-de-face.jpg?fit=1024%2C809&ssl=1\",\"datePublished\":\"2018-12-01T07:00:41+00:00\",\"dateModified\":\"2020-06-08T13:08:12+00:00\",\"description\":\"Retrouvez le plastron InVerso , une pi\u00e8ce d'exeption associant le galuchat et le cristal de Swarovski. Des mati\u00e8res pr\u00e9cieuses, pour de grandes occasions\",\"breadcrumb\":{\"@id\":\"https:\/\/bearly-n.com\/produit\/plastron-inverso\/#breadcrumb\"},\"inLanguage\":\"en-US\",\"potentialAction\":[{\"@type\":\"ReadAction\",\"target\":[\"https:\/\/bearly-n.com\/produit\/plastron-inverso\/\"]}]},{\"@type\":\"ImageObject\",\"inLanguage\":\"en-US\",\"@id\":\"https:\/\/bearly-n.com\/produit\/plastron-inverso\/#primaryimage\",\"url\":\"https:\/\/i0.wp.com\/bearly-n.com\/wp-content\/uploads\/2017\/10\/plastron-galuchat-vue-de-face.jpg?fit=1024%2C809&ssl=1\",\"contentUrl\":\"https:\/\/i0.wp.com\/bearly-n.com\/wp-content\/uploads\/2017\/10\/plastron-galuchat-vue-de-face.jpg?fit=1024%2C809&ssl=1\",\"width\":1024,\"height\":809,\"caption\":\"plastron InVerso, galuchat et cristal\"},{\"@type\":\"BreadcrumbList\",\"@id\":\"https:\/\/bearly-n.com\/produit\/plastron-inverso\/#breadcrumb\",\"itemListElement\":[{\"@type\":\"ListItem\",\"position\":1,\"name\":\"Accueil\",\"item\":\"https:\/\/bearly-n.com\/\"},{\"@type\":\"ListItem\",\"position\":2,\"name\":\"Boutique en ligne\",\"item\":\"https:\/\/bearly-n.com\/en\/boutique-en-ligne\/\"},{\"@type\":\"ListItem\",\"position\":3,\"name\":\"Plastron InVerso, sertissage de galuchat et broderie de cristaux de Swarovski\"}]},{\"@type\":\"WebSite\",\"@id\":\"https:\/\/bearly-n.com\/#website\",\"url\":\"https:\/\/bearly-n.com\/\",\"name\":\"BearlyN, bijoux de caract\u00e8re\",\"description\":\"Bijoux de Caract\u00e8re\",\"publisher\":{\"@id\":\"https:\/\/bearly-n.com\/#organization\"},\"potentialAction\":[{\"@type\":\"SearchAction\",\"target\":{\"@type\":\"EntryPoint\",\"urlTemplate\":\"https:\/\/bearly-n.com\/?s={search_term_string}\"},\"query-input\":{\"@type\":\"PropertyValueSpecification\",\"valueRequired\":true,\"valueName\":\"search_term_string\"}}],\"inLanguage\":\"en-US\"},{\"@type\":\"Organization\",\"@id\":\"https:\/\/bearly-n.com\/#organization\",\"name\":\"BearlyN\",\"url\":\"https:\/\/bearly-n.com\/\",\"logo\":{\"@type\":\"ImageObject\",\"inLanguage\":\"en-US\",\"@id\":\"https:\/\/bearly-n.com\/#\/schema\/logo\/image\/\",\"url\":\"https:\/\/i1.wp.com\/bearly-n.com\/wp-content\/uploads\/2016\/12\/logo.jpg?fit=630%2C270&ssl=1\",\"contentUrl\":\"https:\/\/i1.wp.com\/bearly-n.com\/wp-content\/uploads\/2016\/12\/logo.jpg?fit=630%2C270&ssl=1\",\"width\":630,\"height\":270,\"caption\":\"BearlyN\"},\"image\":{\"@id\":\"https:\/\/bearly-n.com\/#\/schema\/logo\/image\/\"},\"sameAs\":[\"https:\/\/www.facebook.com\/Bearly-N-881942331934180\/\",\"http:\/\/bearlyn\",\"https:\/\/www.linkedin.com\/company\/bearly-n\/\",\"https:\/\/fr.pinterest.com\/Bearlynterest\/\"]}]}<\/script>\n<!-- \/ Yoast SEO plugin. -->","yoast_head_json":{"title":"Plastron InVerso, sertissage de galuchat et broderie de cristaux de Swarovski - BearlyN","description":"Retrouvez le plastron InVerso , une pi\u00e8ce d'exeption associant le galuchat et le cristal de Swarovski. Des mati\u00e8res pr\u00e9cieuses, pour de grandes occasions","robots":{"index":"index","follow":"follow","max-snippet":"max-snippet:-1","max-image-preview":"max-image-preview:large","max-video-preview":"max-video-preview:-1"},"canonical":"https:\/\/bearly-n.com\/en\/product\/plastron-inverso\/","og_locale":"en_US","og_type":"article","og_title":"Plastron InVerso, sertissage de galuchat et broderie de cristaux de Swarovski - BearlyN","og_description":"Retrouvez le plastron InVerso , une pi\u00e8ce d'exeption associant le galuchat et le cristal de Swarovski. Des mati\u00e8res pr\u00e9cieuses, pour de grandes occasions","og_url":"https:\/\/bearly-n.com\/en\/product\/plastron-inverso\/","og_site_name":"BearlyN","article_publisher":"https:\/\/www.facebook.com\/Bearly-N-881942331934180\/","article_modified_time":"2020-06-08T13:08:12+00:00","og_image":[{"width":1024,"height":809,"url":"https:\/\/i0.wp.com\/bearly-n.com\/wp-content\/uploads\/2017\/10\/plastron-galuchat-vue-de-face.jpg?fit=1024%2C809&ssl=1","type":"image\/jpeg"}],"twitter_card":"summary_large_image","twitter_misc":{"Est. reading time":"1 minute"},"schema":{"@context":"https:\/\/schema.org","@graph":[{"@type":"WebPage","@id":"https:\/\/bearly-n.com\/produit\/plastron-inverso\/","url":"https:\/\/bearly-n.com\/produit\/plastron-inverso\/","name":"Plastron InVerso, sertissage de galuchat et broderie de cristaux de Swarovski - BearlyN","isPartOf":{"@id":"https:\/\/bearly-n.com\/#website"},"primaryImageOfPage":{"@id":"https:\/\/bearly-n.com\/produit\/plastron-inverso\/#primaryimage"},"image":{"@id":"https:\/\/bearly-n.com\/produit\/plastron-inverso\/#primaryimage"},"thumbnailUrl":"https:\/\/i0.wp.com\/bearly-n.com\/wp-content\/uploads\/2017\/10\/plastron-galuchat-vue-de-face.jpg?fit=1024%2C809&ssl=1","datePublished":"2018-12-01T07:00:41+00:00","dateModified":"2020-06-08T13:08:12+00:00","description":"Retrouvez le plastron InVerso , une pi\u00e8ce d'exeption associant le galuchat et le cristal de Swarovski. Des mati\u00e8res pr\u00e9cieuses, pour de grandes occasions","breadcrumb":{"@id":"https:\/\/bearly-n.com\/produit\/plastron-inverso\/#breadcrumb"},"inLanguage":"en-US","potentialAction":[{"@type":"ReadAction","target":["https:\/\/bearly-n.com\/produit\/plastron-inverso\/"]}]},{"@type":"ImageObject","inLanguage":"en-US","@id":"https:\/\/bearly-n.com\/produit\/plastron-inverso\/#primaryimage","url":"https:\/\/i0.wp.com\/bearly-n.com\/wp-content\/uploads\/2017\/10\/plastron-galuchat-vue-de-face.jpg?fit=1024%2C809&ssl=1","contentUrl":"https:\/\/i0.wp.com\/bearly-n.com\/wp-content\/uploads\/2017\/10\/plastron-galuchat-vue-de-face.jpg?fit=1024%2C809&ssl=1","width":1024,"height":809,"caption":"plastron InVerso, galuchat et cristal"},{"@type":"BreadcrumbList","@id":"https:\/\/bearly-n.com\/produit\/plastron-inverso\/#breadcrumb","itemListElement":[{"@type":"ListItem","position":1,"name":"Accueil","item":"https:\/\/bearly-n.com\/"},{"@type":"ListItem","position":2,"name":"Boutique en ligne","item":"https:\/\/bearly-n.com\/en\/boutique-en-ligne\/"},{"@type":"ListItem","position":3,"name":"Plastron InVerso, sertissage de galuchat et broderie de cristaux de Swarovski"}]},{"@type":"WebSite","@id":"https:\/\/bearly-n.com\/#website","url":"https:\/\/bearly-n.com\/","name":"BearlyN, bijoux de caract\u00e8re","description":"Bijoux de Caract\u00e8re","publisher":{"@id":"https:\/\/bearly-n.com\/#organization"},"potentialAction":[{"@type":"SearchAction","target":{"@type":"EntryPoint","urlTemplate":"https:\/\/bearly-n.com\/?s={search_term_string}"},"query-input":{"@type":"PropertyValueSpecification","valueRequired":true,"valueName":"search_term_string"}}],"inLanguage":"en-US"},{"@type":"Organization","@id":"https:\/\/bearly-n.com\/#organization","name":"BearlyN","url":"https:\/\/bearly-n.com\/","logo":{"@type":"ImageObject","inLanguage":"en-US","@id":"https:\/\/bearly-n.com\/#\/schema\/logo\/image\/","url":"https:\/\/i1.wp.com\/bearly-n.com\/wp-content\/uploads\/2016\/12\/logo.jpg?fit=630%2C270&ssl=1","contentUrl":"https:\/\/i1.wp.com\/bearly-n.com\/wp-content\/uploads\/2016\/12\/logo.jpg?fit=630%2C270&ssl=1","width":630,"height":270,"caption":"BearlyN"},"image":{"@id":"https:\/\/bearly-n.com\/#\/schema\/logo\/image\/"},"sameAs":["https:\/\/www.facebook.com\/Bearly-N-881942331934180\/","http:\/\/bearlyn","https:\/\/www.linkedin.com\/company\/bearly-n\/","https:\/\/fr.pinterest.com\/Bearlynterest\/"]}]}},"jetpack_publicize_connections":[],"jetpack_sharing_enabled":true,"jetpack_likes_enabled":true,"_links":{"self":[{"href":"https:\/\/bearly-n.com\/en\/wp-json\/wp\/v2\/product\/2007","targetHints":{"allow":["GET"]}}],"collection":[{"href":"https:\/\/bearly-n.com\/en\/wp-json\/wp\/v2\/product"}],"about":[{"href":"https:\/\/bearly-n.com\/en\/wp-json\/wp\/v2\/types\/product"}],"replies":[{"embeddable":true,"href":"https:\/\/bearly-n.com\/en\/wp-json\/wp\/v2\/comments?post=2007"}],"version-history":[{"count":1,"href":"https:\/\/bearly-n.com\/en\/wp-json\/wp\/v2\/product\/2007\/revisions"}],"predecessor-version":[{"id":6935,"href":"https:\/\/bearly-n.com\/en\/wp-json\/wp\/v2\/product\/2007\/revisions\/6935"}],"wp:featuredmedia":[{"embeddable":true,"href":"https:\/\/bearly-n.com\/en\/wp-json\/wp\/v2\/media\/1390"}],"wp:attachment":[{"href":"https:\/\/bearly-n.com\/en\/wp-json\/wp\/v2\/media?parent=2007"}],"wp:term":[{"taxonomy":"product_brand","embeddable":true,"href":"https:\/\/bearly-n.com\/en\/wp-json\/wp\/v2\/product_brand?post=2007"},{"taxonomy":"product_cat","embeddable":true,"href":"https:\/\/bearly-n.com\/en\/wp-json\/wp\/v2\/product_cat?post=2007"},{"taxonomy":"product_tag","embeddable":true,"href":"https:\/\/bearly-n.com\/en\/wp-json\/wp\/v2\/product_tag?post=2007"}],"curies":[{"name":"wp","href":"https:\/\/api.w.org\/{rel}","templated":true}]}}