{"id":1728,"date":"2018-12-01T13:06:25","date_gmt":"2018-12-01T12:06:25","guid":{"rendered":"http:\/\/bearly-n.com\/?post_type=product&#038;p=1728"},"modified":"2021-09-14T14:50:32","modified_gmt":"2021-09-14T12:50:32","slug":"bracelet-chromatic-gunmetal","status":"publish","type":"product","link":"https:\/\/bearly-n.com\/en\/product\/bracelet-chromatic-gunmetal\/","title":{"rendered":"Bracelet Chromatic, broderie de perles en ton sur ton, doubl\u00e9 taurillon"},"content":{"rendered":"<h2>Caract\u00e9ristiques principales du bracelet Chromatic<\/h2>\n<p>Le<strong> bracelet Chromatic<\/strong> est tir\u00e9 de la Collection <strong>Les Hivernales<\/strong><\/p>\n<ul>\n<li>Bracelet brod\u00e9 de perles de verre autour de cabochons de cristal de Swarovski et de verre teint\u00e9, en ton sur ton gunm\u00e9tal (gris soutenu m\u00e9tallique)<\/li>\n<li>Le cabochon central en cristal de Swarovski, d\u00e9sign\u00e9 par Iris Van Herpen, c\u00e9l\u00e8bre cr\u00e9atrice de mode avant-gardiste. Ce cabochon, <a href=\"https:\/\/www.swarovski-professional.com\/en-WORLD\/trends-and-inspirations\/spotlight-on-products\/growing-crystal\">\u00ab\u00a0Growing Crystal\u00a0\u00bb <\/a>pr\u00e9sente une cavit\u00e9 d\u00e9corative \u00e0 la fa\u00e7on des g\u00e9odes de pierres. Chacune des petites asp\u00e9rit\u00e9s maximise la r\u00e9fraction de la lumi\u00e8re.\u00a0 Il est serti de perles de verre (Miyuki).<br \/>\nLes autres cabochons sont en verre, teint\u00e9s \u00e0 la main , \u00a0de diff\u00e9rentes tailles, dans des teintes de gris holographique . Ils sont \u00e9galement\u00a0sertis de perles de verre. La broderie de perles et de cristaux de Swarovski recouvre l&rsquo;int\u00e9gralit\u00e9 du bracelet. La broderie est pos\u00e9e sur un bracelet en laiton de 3 cm de large, ajustable en taille par l\u00e9g\u00e8re pression.<\/li>\n<li>Pour finir, l&rsquo;ensemble est doubl\u00e9 de cuir de taurillon couleur plomb (France), signature au marquage \u00e0 chaud \u00e0 l&rsquo;int\u00e9rieur du bracelet.<\/li>\n<\/ul>\n<p>Il s&rsquo;agit d&rsquo;une pi\u00e8ce unique. Toutes les \u00e9tapes de sa r\u00e9alisation ont \u00e9t\u00e9 effectu\u00e9es \u00e0 la main.<\/p>\n<h2>Entretien<\/h2>\n<ul>\n<li>Le cuir peut \u00eatre simplement nettoy\u00e9 avec un linge humide et un peu de savon glycerin\u00e9.<\/li>\n<li>La partie brod\u00e9e peut \u00eatre d\u00e9poussi\u00e9r\u00e9e \u00e0 l&rsquo;aide d&rsquo;un pinceau souple et d&rsquo;un chiffon l\u00e9g\u00e8rement humide.<\/li>\n<li><strong>Eviter le contact avec l&rsquo;eau.<\/strong><\/li>\n<\/ul>\n<h2>Accessoires fournis<\/h2>\n<p>Mes bijoux sont fournis avec une bo\u00eete noire en carton rigide, doubl\u00e9e de satin noir. L&#8217;emballage est soign\u00e9, cela en fait un produit pr\u00eat \u00e0 offrir&#8230;ou \u00e0 s&rsquo;offrir!<\/p>\n<p>&nbsp;<\/p>","protected":false},"excerpt":{"rendered":"<p>Collection\u00a0<strong>\u201cLes Hivernales\u201d<\/strong><\/p>\n<p>Bracelet brod\u00e9 en ton sur ton, perles , cabochons de verre et cristal de Swarovski dans les teintes gunm\u00e9tal. Doubl\u00e9 de taurillon couleur plomb.<\/p>\n<p>Free Shipping, Tracked Parcel<\/p>","protected":false},"featured_media":1732,"comment_status":"open","ping_status":"closed","template":"","meta":{"_price":"219","_stock":"1","_tribe_ticket_header":"","_tribe_default_ticket_provider":"","_tribe_ticket_capacity":"1","_ticket_start_date":"","_ticket_end_date":"","_tribe_ticket_show_description":"","_tribe_ticket_show_not_going":false,"_tribe_ticket_use_global_stock":"","_tribe_ticket_global_stock_level":"","_global_stock_mode":"","_global_stock_cap":"","_tribe_rsvp_for_event":"","_tribe_ticket_going_count":"","_tribe_ticket_not_going_count":"","_tribe_tickets_list":"[]","_tribe_ticket_has_attendee_info_fields":false,"jetpack_post_was_ever_published":false,"jetpack_publicize_message":"","jetpack_publicize_feature_enabled":true,"jetpack_social_post_already_shared":true,"jetpack_social_options":{"image_generator_settings":{"template":"highway","default_image_id":0,"font":"","enabled":false},"version":2}},"product_brand":[],"product_cat":[112,114],"product_tag":[221,239,255,118,187,147],"class_list":{"0":"post-1728","1":"product","2":"type-product","3":"status-publish","4":"has-post-thumbnail","6":"product_cat-bracelets","7":"product_cat-manchettes","8":"product_tag-bead-embroidery","9":"product_tag-bearlyn","10":"product_tag-bracelet-chrome","11":"product_tag-bracelet-manchette","12":"product_tag-cristal-de-swarovski","13":"product_tag-les-hivernales","14":"product_shipping_class-gratuite","15":"pa_couleur-anthracite","17":"first","18":"instock","19":"sold-individually","20":"shipping-taxable","21":"purchasable","22":"product-type-simple"},"yoast_head":"<!-- This site is optimized with the Yoast SEO plugin v26.2 - https:\/\/yoast.com\/wordpress\/plugins\/seo\/ -->\n<title>Bracelet Chromatic, broderie de perles en ton sur ton, doubl\u00e9 taurillon - BearlyN<\/title>\n<meta name=\"description\" content=\"Bracelet brod\u00e9 en ton sur ton gris chrome, perles de verre et cristaux de Swarovski. Une belle pi\u00e8ce unique qui vous accompagnera toute l&#039;ann\u00e9e.\" \/>\n<meta name=\"robots\" content=\"index, follow, max-snippet:-1, max-image-preview:large, max-video-preview:-1\" \/>\n<link rel=\"canonical\" href=\"https:\/\/bearly-n.com\/en\/product\/bracelet-chromatic-gunmetal\/\" \/>\n<meta property=\"og:locale\" content=\"en_US\" \/>\n<meta property=\"og:type\" content=\"article\" \/>\n<meta property=\"og:title\" content=\"Bracelet Chromatic, broderie de perles en ton sur ton, doubl\u00e9 taurillon - BearlyN\" \/>\n<meta property=\"og:description\" content=\"Bracelet brod\u00e9 en ton sur ton gris chrome, perles de verre et cristaux de Swarovski. Une belle pi\u00e8ce unique qui vous accompagnera toute l&#039;ann\u00e9e.\" \/>\n<meta property=\"og:url\" content=\"https:\/\/bearly-n.com\/en\/product\/bracelet-chromatic-gunmetal\/\" \/>\n<meta property=\"og:site_name\" content=\"BearlyN\" \/>\n<meta property=\"article:publisher\" content=\"https:\/\/www.facebook.com\/Bearly-N-881942331934180\/\" \/>\n<meta property=\"article:modified_time\" content=\"2021-09-14T12:50:32+00:00\" \/>\n<meta property=\"og:image\" content=\"https:\/\/i0.wp.com\/bearly-n.com\/wp-content\/uploads\/2018\/05\/bracelet-Chromatic-par-BearlyN.jpg?fit=1024%2C936&ssl=1\" \/>\n\t<meta property=\"og:image:width\" content=\"1024\" \/>\n\t<meta property=\"og:image:height\" content=\"936\" \/>\n\t<meta property=\"og:image:type\" content=\"image\/jpeg\" \/>\n<meta name=\"twitter:card\" content=\"summary_large_image\" \/>\n<meta name=\"twitter:label1\" content=\"Est. reading time\" \/>\n\t<meta name=\"twitter:data1\" content=\"1 minute\" \/>\n<script type=\"application\/ld+json\" class=\"yoast-schema-graph\">{\"@context\":\"https:\/\/schema.org\",\"@graph\":[{\"@type\":\"WebPage\",\"@id\":\"https:\/\/bearly-n.com\/produit\/bracelet-chromatic-gunmetal\/\",\"url\":\"https:\/\/bearly-n.com\/produit\/bracelet-chromatic-gunmetal\/\",\"name\":\"Bracelet Chromatic, broderie de perles en ton sur ton, doubl\u00e9 taurillon - BearlyN\",\"isPartOf\":{\"@id\":\"https:\/\/bearly-n.com\/#website\"},\"primaryImageOfPage\":{\"@id\":\"https:\/\/bearly-n.com\/produit\/bracelet-chromatic-gunmetal\/#primaryimage\"},\"image\":{\"@id\":\"https:\/\/bearly-n.com\/produit\/bracelet-chromatic-gunmetal\/#primaryimage\"},\"thumbnailUrl\":\"https:\/\/i0.wp.com\/bearly-n.com\/wp-content\/uploads\/2018\/05\/bracelet-Chromatic-par-BearlyN.jpg?fit=1024%2C936&ssl=1\",\"datePublished\":\"2018-12-01T12:06:25+00:00\",\"dateModified\":\"2021-09-14T12:50:32+00:00\",\"description\":\"Bracelet brod\u00e9 en ton sur ton gris chrome, perles de verre et cristaux de Swarovski. Une belle pi\u00e8ce unique qui vous accompagnera toute l'ann\u00e9e.\",\"breadcrumb\":{\"@id\":\"https:\/\/bearly-n.com\/produit\/bracelet-chromatic-gunmetal\/#breadcrumb\"},\"inLanguage\":\"en-US\",\"potentialAction\":[{\"@type\":\"ReadAction\",\"target\":[\"https:\/\/bearly-n.com\/produit\/bracelet-chromatic-gunmetal\/\"]}]},{\"@type\":\"ImageObject\",\"inLanguage\":\"en-US\",\"@id\":\"https:\/\/bearly-n.com\/produit\/bracelet-chromatic-gunmetal\/#primaryimage\",\"url\":\"https:\/\/i0.wp.com\/bearly-n.com\/wp-content\/uploads\/2018\/05\/bracelet-Chromatic-par-BearlyN.jpg?fit=1024%2C936&ssl=1\",\"contentUrl\":\"https:\/\/i0.wp.com\/bearly-n.com\/wp-content\/uploads\/2018\/05\/bracelet-Chromatic-par-BearlyN.jpg?fit=1024%2C936&ssl=1\",\"width\":1024,\"height\":936,\"caption\":\"bracelet Chromatic par BearlyN\"},{\"@type\":\"BreadcrumbList\",\"@id\":\"https:\/\/bearly-n.com\/produit\/bracelet-chromatic-gunmetal\/#breadcrumb\",\"itemListElement\":[{\"@type\":\"ListItem\",\"position\":1,\"name\":\"Accueil\",\"item\":\"https:\/\/bearly-n.com\/\"},{\"@type\":\"ListItem\",\"position\":2,\"name\":\"Boutique en ligne\",\"item\":\"https:\/\/bearly-n.com\/en\/boutique-en-ligne\/\"},{\"@type\":\"ListItem\",\"position\":3,\"name\":\"Bracelet Chromatic, broderie de perles en ton sur ton, doubl\u00e9 taurillon\"}]},{\"@type\":\"WebSite\",\"@id\":\"https:\/\/bearly-n.com\/#website\",\"url\":\"https:\/\/bearly-n.com\/\",\"name\":\"BearlyN, bijoux de caract\u00e8re\",\"description\":\"Bijoux de Caract\u00e8re\",\"publisher\":{\"@id\":\"https:\/\/bearly-n.com\/#organization\"},\"potentialAction\":[{\"@type\":\"SearchAction\",\"target\":{\"@type\":\"EntryPoint\",\"urlTemplate\":\"https:\/\/bearly-n.com\/?s={search_term_string}\"},\"query-input\":{\"@type\":\"PropertyValueSpecification\",\"valueRequired\":true,\"valueName\":\"search_term_string\"}}],\"inLanguage\":\"en-US\"},{\"@type\":\"Organization\",\"@id\":\"https:\/\/bearly-n.com\/#organization\",\"name\":\"BearlyN\",\"url\":\"https:\/\/bearly-n.com\/\",\"logo\":{\"@type\":\"ImageObject\",\"inLanguage\":\"en-US\",\"@id\":\"https:\/\/bearly-n.com\/#\/schema\/logo\/image\/\",\"url\":\"https:\/\/i1.wp.com\/bearly-n.com\/wp-content\/uploads\/2016\/12\/logo.jpg?fit=630%2C270&ssl=1\",\"contentUrl\":\"https:\/\/i1.wp.com\/bearly-n.com\/wp-content\/uploads\/2016\/12\/logo.jpg?fit=630%2C270&ssl=1\",\"width\":630,\"height\":270,\"caption\":\"BearlyN\"},\"image\":{\"@id\":\"https:\/\/bearly-n.com\/#\/schema\/logo\/image\/\"},\"sameAs\":[\"https:\/\/www.facebook.com\/Bearly-N-881942331934180\/\",\"http:\/\/bearlyn\",\"https:\/\/www.linkedin.com\/company\/bearly-n\/\",\"https:\/\/fr.pinterest.com\/Bearlynterest\/\"]}]}<\/script>\n<!-- \/ Yoast SEO plugin. -->","yoast_head_json":{"title":"Bracelet Chromatic, broderie de perles en ton sur ton, doubl\u00e9 taurillon - BearlyN","description":"Bracelet brod\u00e9 en ton sur ton gris chrome, perles de verre et cristaux de Swarovski. Une belle pi\u00e8ce unique qui vous accompagnera toute l'ann\u00e9e.","robots":{"index":"index","follow":"follow","max-snippet":"max-snippet:-1","max-image-preview":"max-image-preview:large","max-video-preview":"max-video-preview:-1"},"canonical":"https:\/\/bearly-n.com\/en\/product\/bracelet-chromatic-gunmetal\/","og_locale":"en_US","og_type":"article","og_title":"Bracelet Chromatic, broderie de perles en ton sur ton, doubl\u00e9 taurillon - BearlyN","og_description":"Bracelet brod\u00e9 en ton sur ton gris chrome, perles de verre et cristaux de Swarovski. Une belle pi\u00e8ce unique qui vous accompagnera toute l'ann\u00e9e.","og_url":"https:\/\/bearly-n.com\/en\/product\/bracelet-chromatic-gunmetal\/","og_site_name":"BearlyN","article_publisher":"https:\/\/www.facebook.com\/Bearly-N-881942331934180\/","article_modified_time":"2021-09-14T12:50:32+00:00","og_image":[{"width":1024,"height":936,"url":"https:\/\/i0.wp.com\/bearly-n.com\/wp-content\/uploads\/2018\/05\/bracelet-Chromatic-par-BearlyN.jpg?fit=1024%2C936&ssl=1","type":"image\/jpeg"}],"twitter_card":"summary_large_image","twitter_misc":{"Est. reading time":"1 minute"},"schema":{"@context":"https:\/\/schema.org","@graph":[{"@type":"WebPage","@id":"https:\/\/bearly-n.com\/produit\/bracelet-chromatic-gunmetal\/","url":"https:\/\/bearly-n.com\/produit\/bracelet-chromatic-gunmetal\/","name":"Bracelet Chromatic, broderie de perles en ton sur ton, doubl\u00e9 taurillon - BearlyN","isPartOf":{"@id":"https:\/\/bearly-n.com\/#website"},"primaryImageOfPage":{"@id":"https:\/\/bearly-n.com\/produit\/bracelet-chromatic-gunmetal\/#primaryimage"},"image":{"@id":"https:\/\/bearly-n.com\/produit\/bracelet-chromatic-gunmetal\/#primaryimage"},"thumbnailUrl":"https:\/\/i0.wp.com\/bearly-n.com\/wp-content\/uploads\/2018\/05\/bracelet-Chromatic-par-BearlyN.jpg?fit=1024%2C936&ssl=1","datePublished":"2018-12-01T12:06:25+00:00","dateModified":"2021-09-14T12:50:32+00:00","description":"Bracelet brod\u00e9 en ton sur ton gris chrome, perles de verre et cristaux de Swarovski. Une belle pi\u00e8ce unique qui vous accompagnera toute l'ann\u00e9e.","breadcrumb":{"@id":"https:\/\/bearly-n.com\/produit\/bracelet-chromatic-gunmetal\/#breadcrumb"},"inLanguage":"en-US","potentialAction":[{"@type":"ReadAction","target":["https:\/\/bearly-n.com\/produit\/bracelet-chromatic-gunmetal\/"]}]},{"@type":"ImageObject","inLanguage":"en-US","@id":"https:\/\/bearly-n.com\/produit\/bracelet-chromatic-gunmetal\/#primaryimage","url":"https:\/\/i0.wp.com\/bearly-n.com\/wp-content\/uploads\/2018\/05\/bracelet-Chromatic-par-BearlyN.jpg?fit=1024%2C936&ssl=1","contentUrl":"https:\/\/i0.wp.com\/bearly-n.com\/wp-content\/uploads\/2018\/05\/bracelet-Chromatic-par-BearlyN.jpg?fit=1024%2C936&ssl=1","width":1024,"height":936,"caption":"bracelet Chromatic par BearlyN"},{"@type":"BreadcrumbList","@id":"https:\/\/bearly-n.com\/produit\/bracelet-chromatic-gunmetal\/#breadcrumb","itemListElement":[{"@type":"ListItem","position":1,"name":"Accueil","item":"https:\/\/bearly-n.com\/"},{"@type":"ListItem","position":2,"name":"Boutique en ligne","item":"https:\/\/bearly-n.com\/en\/boutique-en-ligne\/"},{"@type":"ListItem","position":3,"name":"Bracelet Chromatic, broderie de perles en ton sur ton, doubl\u00e9 taurillon"}]},{"@type":"WebSite","@id":"https:\/\/bearly-n.com\/#website","url":"https:\/\/bearly-n.com\/","name":"BearlyN, bijoux de caract\u00e8re","description":"Bijoux de Caract\u00e8re","publisher":{"@id":"https:\/\/bearly-n.com\/#organization"},"potentialAction":[{"@type":"SearchAction","target":{"@type":"EntryPoint","urlTemplate":"https:\/\/bearly-n.com\/?s={search_term_string}"},"query-input":{"@type":"PropertyValueSpecification","valueRequired":true,"valueName":"search_term_string"}}],"inLanguage":"en-US"},{"@type":"Organization","@id":"https:\/\/bearly-n.com\/#organization","name":"BearlyN","url":"https:\/\/bearly-n.com\/","logo":{"@type":"ImageObject","inLanguage":"en-US","@id":"https:\/\/bearly-n.com\/#\/schema\/logo\/image\/","url":"https:\/\/i1.wp.com\/bearly-n.com\/wp-content\/uploads\/2016\/12\/logo.jpg?fit=630%2C270&ssl=1","contentUrl":"https:\/\/i1.wp.com\/bearly-n.com\/wp-content\/uploads\/2016\/12\/logo.jpg?fit=630%2C270&ssl=1","width":630,"height":270,"caption":"BearlyN"},"image":{"@id":"https:\/\/bearly-n.com\/#\/schema\/logo\/image\/"},"sameAs":["https:\/\/www.facebook.com\/Bearly-N-881942331934180\/","http:\/\/bearlyn","https:\/\/www.linkedin.com\/company\/bearly-n\/","https:\/\/fr.pinterest.com\/Bearlynterest\/"]}]}},"jetpack_publicize_connections":[],"jetpack_sharing_enabled":true,"jetpack_likes_enabled":true,"_links":{"self":[{"href":"https:\/\/bearly-n.com\/en\/wp-json\/wp\/v2\/product\/1728","targetHints":{"allow":["GET"]}}],"collection":[{"href":"https:\/\/bearly-n.com\/en\/wp-json\/wp\/v2\/product"}],"about":[{"href":"https:\/\/bearly-n.com\/en\/wp-json\/wp\/v2\/types\/product"}],"replies":[{"embeddable":true,"href":"https:\/\/bearly-n.com\/en\/wp-json\/wp\/v2\/comments?post=1728"}],"version-history":[{"count":1,"href":"https:\/\/bearly-n.com\/en\/wp-json\/wp\/v2\/product\/1728\/revisions"}],"predecessor-version":[{"id":4639,"href":"https:\/\/bearly-n.com\/en\/wp-json\/wp\/v2\/product\/1728\/revisions\/4639"}],"wp:featuredmedia":[{"embeddable":true,"href":"https:\/\/bearly-n.com\/en\/wp-json\/wp\/v2\/media\/1732"}],"wp:attachment":[{"href":"https:\/\/bearly-n.com\/en\/wp-json\/wp\/v2\/media?parent=1728"}],"wp:term":[{"taxonomy":"product_brand","embeddable":true,"href":"https:\/\/bearly-n.com\/en\/wp-json\/wp\/v2\/product_brand?post=1728"},{"taxonomy":"product_cat","embeddable":true,"href":"https:\/\/bearly-n.com\/en\/wp-json\/wp\/v2\/product_cat?post=1728"},{"taxonomy":"product_tag","embeddable":true,"href":"https:\/\/bearly-n.com\/en\/wp-json\/wp\/v2\/product_tag?post=1728"}],"curies":[{"name":"wp","href":"https:\/\/api.w.org\/{rel}","templated":true}]}}