{"id":1611,"date":"2018-03-08T12:11:18","date_gmt":"2018-03-08T11:11:18","guid":{"rendered":"http:\/\/bearly-n.com\/?post_type=product&#038;p=1611"},"modified":"2020-06-15T16:20:03","modified_gmt":"2020-06-15T14:20:03","slug":"bracelet-galuchat-noir-ponce-et-cristal-de-swarovski","status":"publish","type":"product","link":"https:\/\/bearly-n.com\/en\/product\/bracelet-galuchat-noir-ponce-et-cristal-de-swarovski\/","title":{"rendered":"Bracelet galuchat noir ponc\u00e9 et cristal de Swarovski"},"content":{"rendered":"<h2>Caract\u00e9ristiques principales du bracelet galuchat noir et cristal de Swarovski<\/h2>\n<p>Le<strong>\u00a0bracelet galuchat noir ponc\u00e9<\/strong>\u00a0est tir\u00e9 de la collection \u201cDark Scarabeus\u201d\u00a0une collection de bijoux sombres et de teintes changeantes comme les \u00e9lytres des scarab\u00e9es.<\/p>\n<ul>\n<li>Un style glam-rock, envo\u00fbtant et myst\u00e9rieux<\/li>\n<li>Pierre \u00e0 coudre en cristal de Swarovski. Selon son orientation, elle se teinte de bleu, violet, vert. Brod\u00e9 de perles de verre, \u00e0 m\u00eame le cuir de galuchat.<\/li>\n<li>Cuir de galuchat (raie) ponc\u00e9 noir, lisse au toucher, une mati\u00e8re d&rsquo;exception et luxueuse.<\/li>\n<li>Doubl\u00e9 de cuir de veau Sweet noir, aspect mat, tr\u00e8s agr\u00e9able au toucher, sign\u00e9 BearlyN.<\/li>\n<li>Pour finir, l\u2019ensemble est pos\u00e9 de part et d&rsquo;autre d&rsquo;un bracelet en laiton, ajustable \u00e0 toutes les tailles de poignet par l\u00e9g\u00e8re pression, puis un rang de perles de verre est brod\u00e9 pour habiller les tranches de cuir et parfaire l&rsquo;ensemble.<\/li>\n<\/ul>\n<p>It is a unique piece. All the stages of its realization were carried out with the hand.<\/p>\n<h2>Entretien<\/h2>\n<ul>\n<li>vous pouvez nettoyer le cuir avec un linge humide et un peu de savon glyc\u00e9rin\u00e9.<\/li>\n<li>The embroidered area can be dusted with a soft brush and a slightly damp cloth.<\/li>\n<li><strong>Avoid contact with water.<\/strong><\/li>\n<\/ul>\n<h2>Accessoires fournis<\/h2>\n<p>My jewelry comes with a black hard cardboard box, lined with black satin. The packaging is neat, which makes it a product ready to offer...or to offer yourself!<\/p>","protected":false},"excerpt":{"rendered":"<p>Collection\u00a0<strong>\u00ab\u00a0Dark Scarabeus \u00bb.<\/strong><\/p>\n<p>Pierre \u00e0 coudre en cristal de Swarovski, brod\u00e9 sur une peau ponc\u00e9e de galuchat noir. Finitions brod\u00e9es de perles de verre japonaises et doublure en veau sweet noir.<\/p>\n<p>Frais de port offerts, envoi en colis suivi.<\/p>","protected":false},"featured_media":1612,"comment_status":"open","ping_status":"closed","template":"","meta":{"_price":"169","_stock":"1","_tribe_ticket_header":"","_tribe_default_ticket_provider":"","_tribe_ticket_capacity":"1","_ticket_start_date":"","_ticket_end_date":"","_tribe_ticket_show_description":"","_tribe_ticket_show_not_going":false,"_tribe_ticket_use_global_stock":"","_tribe_ticket_global_stock_level":"","_global_stock_mode":"","_global_stock_cap":"","_tribe_rsvp_for_event":"","_tribe_ticket_going_count":"","_tribe_ticket_not_going_count":"","_tribe_tickets_list":"[]","_tribe_ticket_has_attendee_info_fields":false,"jetpack_post_was_ever_published":false,"jetpack_publicize_message":"","jetpack_publicize_feature_enabled":true,"jetpack_social_post_already_shared":true,"jetpack_social_options":{"image_generator_settings":{"template":"highway","default_image_id":0,"font":"","enabled":false},"version":2}},"product_brand":[],"product_cat":[112,114,330],"product_tag":[134,81,149],"class_list":{"0":"post-1611","1":"product","2":"type-product","3":"status-publish","4":"has-post-thumbnail","6":"product_cat-bracelets","7":"product_cat-manchettes","8":"product_cat-exotiques","9":"product_tag-cuir-exotique","10":"product_tag-dark-scarabeus","11":"product_tag-galuchat","12":"product_shipping_class-gratuite","13":"pa_couleur-noir","15":"first","16":"instock","17":"shipping-taxable","18":"purchasable","19":"product-type-simple"},"yoast_head":"<!-- This site is optimized with the Yoast SEO plugin v26.2 - https:\/\/yoast.com\/wordpress\/plugins\/seo\/ -->\n<title>Bracelet galuchat noir ponc\u00e9 et cristal de Swarovski - BearlyN<\/title>\n<meta name=\"description\" content=\"Un produit d&#039;exeption sign\u00e9 BearlyN, avec ce bracelet galuchat noir brod\u00e9 d&#039;un cristal de Swarovski aux teintes changeantes. Un esprit glam-rock pour une pi\u00e8ce facile \u00e0 porter de jour comme de nuit, et agr\u00e9able au toucher avec sa doublure en veau noir.\" \/>\n<meta name=\"robots\" content=\"index, follow, max-snippet:-1, max-image-preview:large, max-video-preview:-1\" \/>\n<link rel=\"canonical\" href=\"https:\/\/bearly-n.com\/en\/product\/bracelet-galuchat-noir-ponce-et-cristal-de-swarovski\/\" \/>\n<meta property=\"og:locale\" content=\"en_US\" \/>\n<meta property=\"og:type\" content=\"article\" \/>\n<meta property=\"og:title\" content=\"Bracelet galuchat noir ponc\u00e9 et cristal de Swarovski - BearlyN\" \/>\n<meta property=\"og:description\" content=\"Un produit d&#039;exeption sign\u00e9 BearlyN, avec ce bracelet galuchat noir brod\u00e9 d&#039;un cristal de Swarovski aux teintes changeantes. Un esprit glam-rock pour une pi\u00e8ce facile \u00e0 porter de jour comme de nuit, et agr\u00e9able au toucher avec sa doublure en veau noir.\" \/>\n<meta property=\"og:url\" content=\"https:\/\/bearly-n.com\/en\/product\/bracelet-galuchat-noir-ponce-et-cristal-de-swarovski\/\" \/>\n<meta property=\"og:site_name\" content=\"BearlyN\" \/>\n<meta property=\"article:publisher\" content=\"https:\/\/www.facebook.com\/Bearly-N-881942331934180\/\" \/>\n<meta property=\"article:modified_time\" content=\"2020-06-15T14:20:03+00:00\" \/>\n<meta property=\"og:image\" content=\"https:\/\/i0.wp.com\/bearly-n.com\/wp-content\/uploads\/2018\/03\/BearlyN-bracelet-galuchat-noir-et-cristal.jpg?fit=1024%2C1024&ssl=1\" \/>\n\t<meta property=\"og:image:width\" content=\"1024\" \/>\n\t<meta property=\"og:image:height\" content=\"1024\" \/>\n\t<meta property=\"og:image:type\" content=\"image\/jpeg\" \/>\n<meta name=\"twitter:card\" content=\"summary_large_image\" \/>\n<meta name=\"twitter:label1\" content=\"Est. reading time\" \/>\n\t<meta name=\"twitter:data1\" content=\"1 minute\" \/>\n<script type=\"application\/ld+json\" class=\"yoast-schema-graph\">{\"@context\":\"https:\/\/schema.org\",\"@graph\":[{\"@type\":\"WebPage\",\"@id\":\"https:\/\/bearly-n.com\/produit\/bracelet-galuchat-noir-ponce-et-cristal-de-swarovski\/\",\"url\":\"https:\/\/bearly-n.com\/produit\/bracelet-galuchat-noir-ponce-et-cristal-de-swarovski\/\",\"name\":\"Bracelet galuchat noir ponc\u00e9 et cristal de Swarovski - BearlyN\",\"isPartOf\":{\"@id\":\"https:\/\/bearly-n.com\/#website\"},\"primaryImageOfPage\":{\"@id\":\"https:\/\/bearly-n.com\/produit\/bracelet-galuchat-noir-ponce-et-cristal-de-swarovski\/#primaryimage\"},\"image\":{\"@id\":\"https:\/\/bearly-n.com\/produit\/bracelet-galuchat-noir-ponce-et-cristal-de-swarovski\/#primaryimage\"},\"thumbnailUrl\":\"https:\/\/i0.wp.com\/bearly-n.com\/wp-content\/uploads\/2018\/03\/BearlyN-bracelet-galuchat-noir-et-cristal.jpg?fit=1024%2C1024&ssl=1\",\"datePublished\":\"2018-03-08T11:11:18+00:00\",\"dateModified\":\"2020-06-15T14:20:03+00:00\",\"description\":\"Un produit d'exeption sign\u00e9 BearlyN, avec ce bracelet galuchat noir brod\u00e9 d'un cristal de Swarovski aux teintes changeantes. Un esprit glam-rock pour une pi\u00e8ce facile \u00e0 porter de jour comme de nuit, et agr\u00e9able au toucher avec sa doublure en veau noir.\",\"breadcrumb\":{\"@id\":\"https:\/\/bearly-n.com\/produit\/bracelet-galuchat-noir-ponce-et-cristal-de-swarovski\/#breadcrumb\"},\"inLanguage\":\"en-US\",\"potentialAction\":[{\"@type\":\"ReadAction\",\"target\":[\"https:\/\/bearly-n.com\/produit\/bracelet-galuchat-noir-ponce-et-cristal-de-swarovski\/\"]}]},{\"@type\":\"ImageObject\",\"inLanguage\":\"en-US\",\"@id\":\"https:\/\/bearly-n.com\/produit\/bracelet-galuchat-noir-ponce-et-cristal-de-swarovski\/#primaryimage\",\"url\":\"https:\/\/i0.wp.com\/bearly-n.com\/wp-content\/uploads\/2018\/03\/BearlyN-bracelet-galuchat-noir-et-cristal.jpg?fit=1024%2C1024&ssl=1\",\"contentUrl\":\"https:\/\/i0.wp.com\/bearly-n.com\/wp-content\/uploads\/2018\/03\/BearlyN-bracelet-galuchat-noir-et-cristal.jpg?fit=1024%2C1024&ssl=1\",\"width\":1024,\"height\":1024,\"caption\":\"BearlyN-bracelet galuchat noir et cristal\"},{\"@type\":\"BreadcrumbList\",\"@id\":\"https:\/\/bearly-n.com\/produit\/bracelet-galuchat-noir-ponce-et-cristal-de-swarovski\/#breadcrumb\",\"itemListElement\":[{\"@type\":\"ListItem\",\"position\":1,\"name\":\"Accueil\",\"item\":\"https:\/\/bearly-n.com\/\"},{\"@type\":\"ListItem\",\"position\":2,\"name\":\"Boutique en ligne\",\"item\":\"https:\/\/bearly-n.com\/en\/boutique-en-ligne\/\"},{\"@type\":\"ListItem\",\"position\":3,\"name\":\"Bracelet galuchat noir ponc\u00e9 et cristal de Swarovski\"}]},{\"@type\":\"WebSite\",\"@id\":\"https:\/\/bearly-n.com\/#website\",\"url\":\"https:\/\/bearly-n.com\/\",\"name\":\"BearlyN, bijoux de caract\u00e8re\",\"description\":\"Bijoux de Caract\u00e8re\",\"publisher\":{\"@id\":\"https:\/\/bearly-n.com\/#organization\"},\"potentialAction\":[{\"@type\":\"SearchAction\",\"target\":{\"@type\":\"EntryPoint\",\"urlTemplate\":\"https:\/\/bearly-n.com\/?s={search_term_string}\"},\"query-input\":{\"@type\":\"PropertyValueSpecification\",\"valueRequired\":true,\"valueName\":\"search_term_string\"}}],\"inLanguage\":\"en-US\"},{\"@type\":\"Organization\",\"@id\":\"https:\/\/bearly-n.com\/#organization\",\"name\":\"BearlyN\",\"url\":\"https:\/\/bearly-n.com\/\",\"logo\":{\"@type\":\"ImageObject\",\"inLanguage\":\"en-US\",\"@id\":\"https:\/\/bearly-n.com\/#\/schema\/logo\/image\/\",\"url\":\"https:\/\/i1.wp.com\/bearly-n.com\/wp-content\/uploads\/2016\/12\/logo.jpg?fit=630%2C270&ssl=1\",\"contentUrl\":\"https:\/\/i1.wp.com\/bearly-n.com\/wp-content\/uploads\/2016\/12\/logo.jpg?fit=630%2C270&ssl=1\",\"width\":630,\"height\":270,\"caption\":\"BearlyN\"},\"image\":{\"@id\":\"https:\/\/bearly-n.com\/#\/schema\/logo\/image\/\"},\"sameAs\":[\"https:\/\/www.facebook.com\/Bearly-N-881942331934180\/\",\"http:\/\/bearlyn\",\"https:\/\/www.linkedin.com\/company\/bearly-n\/\",\"https:\/\/fr.pinterest.com\/Bearlynterest\/\"]}]}<\/script>\n<!-- \/ Yoast SEO plugin. -->","yoast_head_json":{"title":"Bracelet galuchat noir ponc\u00e9 et cristal de Swarovski - BearlyN","description":"Un produit d'exeption sign\u00e9 BearlyN, avec ce bracelet galuchat noir brod\u00e9 d'un cristal de Swarovski aux teintes changeantes. Un esprit glam-rock pour une pi\u00e8ce facile \u00e0 porter de jour comme de nuit, et agr\u00e9able au toucher avec sa doublure en veau noir.","robots":{"index":"index","follow":"follow","max-snippet":"max-snippet:-1","max-image-preview":"max-image-preview:large","max-video-preview":"max-video-preview:-1"},"canonical":"https:\/\/bearly-n.com\/en\/product\/bracelet-galuchat-noir-ponce-et-cristal-de-swarovski\/","og_locale":"en_US","og_type":"article","og_title":"Bracelet galuchat noir ponc\u00e9 et cristal de Swarovski - BearlyN","og_description":"Un produit d'exeption sign\u00e9 BearlyN, avec ce bracelet galuchat noir brod\u00e9 d'un cristal de Swarovski aux teintes changeantes. Un esprit glam-rock pour une pi\u00e8ce facile \u00e0 porter de jour comme de nuit, et agr\u00e9able au toucher avec sa doublure en veau noir.","og_url":"https:\/\/bearly-n.com\/en\/product\/bracelet-galuchat-noir-ponce-et-cristal-de-swarovski\/","og_site_name":"BearlyN","article_publisher":"https:\/\/www.facebook.com\/Bearly-N-881942331934180\/","article_modified_time":"2020-06-15T14:20:03+00:00","og_image":[{"width":1024,"height":1024,"url":"https:\/\/i0.wp.com\/bearly-n.com\/wp-content\/uploads\/2018\/03\/BearlyN-bracelet-galuchat-noir-et-cristal.jpg?fit=1024%2C1024&ssl=1","type":"image\/jpeg"}],"twitter_card":"summary_large_image","twitter_misc":{"Est. reading time":"1 minute"},"schema":{"@context":"https:\/\/schema.org","@graph":[{"@type":"WebPage","@id":"https:\/\/bearly-n.com\/produit\/bracelet-galuchat-noir-ponce-et-cristal-de-swarovski\/","url":"https:\/\/bearly-n.com\/produit\/bracelet-galuchat-noir-ponce-et-cristal-de-swarovski\/","name":"Bracelet galuchat noir ponc\u00e9 et cristal de Swarovski - BearlyN","isPartOf":{"@id":"https:\/\/bearly-n.com\/#website"},"primaryImageOfPage":{"@id":"https:\/\/bearly-n.com\/produit\/bracelet-galuchat-noir-ponce-et-cristal-de-swarovski\/#primaryimage"},"image":{"@id":"https:\/\/bearly-n.com\/produit\/bracelet-galuchat-noir-ponce-et-cristal-de-swarovski\/#primaryimage"},"thumbnailUrl":"https:\/\/i0.wp.com\/bearly-n.com\/wp-content\/uploads\/2018\/03\/BearlyN-bracelet-galuchat-noir-et-cristal.jpg?fit=1024%2C1024&ssl=1","datePublished":"2018-03-08T11:11:18+00:00","dateModified":"2020-06-15T14:20:03+00:00","description":"Un produit d'exeption sign\u00e9 BearlyN, avec ce bracelet galuchat noir brod\u00e9 d'un cristal de Swarovski aux teintes changeantes. Un esprit glam-rock pour une pi\u00e8ce facile \u00e0 porter de jour comme de nuit, et agr\u00e9able au toucher avec sa doublure en veau noir.","breadcrumb":{"@id":"https:\/\/bearly-n.com\/produit\/bracelet-galuchat-noir-ponce-et-cristal-de-swarovski\/#breadcrumb"},"inLanguage":"en-US","potentialAction":[{"@type":"ReadAction","target":["https:\/\/bearly-n.com\/produit\/bracelet-galuchat-noir-ponce-et-cristal-de-swarovski\/"]}]},{"@type":"ImageObject","inLanguage":"en-US","@id":"https:\/\/bearly-n.com\/produit\/bracelet-galuchat-noir-ponce-et-cristal-de-swarovski\/#primaryimage","url":"https:\/\/i0.wp.com\/bearly-n.com\/wp-content\/uploads\/2018\/03\/BearlyN-bracelet-galuchat-noir-et-cristal.jpg?fit=1024%2C1024&ssl=1","contentUrl":"https:\/\/i0.wp.com\/bearly-n.com\/wp-content\/uploads\/2018\/03\/BearlyN-bracelet-galuchat-noir-et-cristal.jpg?fit=1024%2C1024&ssl=1","width":1024,"height":1024,"caption":"BearlyN-bracelet galuchat noir et cristal"},{"@type":"BreadcrumbList","@id":"https:\/\/bearly-n.com\/produit\/bracelet-galuchat-noir-ponce-et-cristal-de-swarovski\/#breadcrumb","itemListElement":[{"@type":"ListItem","position":1,"name":"Accueil","item":"https:\/\/bearly-n.com\/"},{"@type":"ListItem","position":2,"name":"Boutique en ligne","item":"https:\/\/bearly-n.com\/en\/boutique-en-ligne\/"},{"@type":"ListItem","position":3,"name":"Bracelet galuchat noir ponc\u00e9 et cristal de Swarovski"}]},{"@type":"WebSite","@id":"https:\/\/bearly-n.com\/#website","url":"https:\/\/bearly-n.com\/","name":"BearlyN, bijoux de caract\u00e8re","description":"Bijoux de Caract\u00e8re","publisher":{"@id":"https:\/\/bearly-n.com\/#organization"},"potentialAction":[{"@type":"SearchAction","target":{"@type":"EntryPoint","urlTemplate":"https:\/\/bearly-n.com\/?s={search_term_string}"},"query-input":{"@type":"PropertyValueSpecification","valueRequired":true,"valueName":"search_term_string"}}],"inLanguage":"en-US"},{"@type":"Organization","@id":"https:\/\/bearly-n.com\/#organization","name":"BearlyN","url":"https:\/\/bearly-n.com\/","logo":{"@type":"ImageObject","inLanguage":"en-US","@id":"https:\/\/bearly-n.com\/#\/schema\/logo\/image\/","url":"https:\/\/i1.wp.com\/bearly-n.com\/wp-content\/uploads\/2016\/12\/logo.jpg?fit=630%2C270&ssl=1","contentUrl":"https:\/\/i1.wp.com\/bearly-n.com\/wp-content\/uploads\/2016\/12\/logo.jpg?fit=630%2C270&ssl=1","width":630,"height":270,"caption":"BearlyN"},"image":{"@id":"https:\/\/bearly-n.com\/#\/schema\/logo\/image\/"},"sameAs":["https:\/\/www.facebook.com\/Bearly-N-881942331934180\/","http:\/\/bearlyn","https:\/\/www.linkedin.com\/company\/bearly-n\/","https:\/\/fr.pinterest.com\/Bearlynterest\/"]}]}},"jetpack_publicize_connections":[],"jetpack_sharing_enabled":true,"jetpack_likes_enabled":true,"_links":{"self":[{"href":"https:\/\/bearly-n.com\/en\/wp-json\/wp\/v2\/product\/1611","targetHints":{"allow":["GET"]}}],"collection":[{"href":"https:\/\/bearly-n.com\/en\/wp-json\/wp\/v2\/product"}],"about":[{"href":"https:\/\/bearly-n.com\/en\/wp-json\/wp\/v2\/types\/product"}],"replies":[{"embeddable":true,"href":"https:\/\/bearly-n.com\/en\/wp-json\/wp\/v2\/comments?post=1611"}],"version-history":[{"count":1,"href":"https:\/\/bearly-n.com\/en\/wp-json\/wp\/v2\/product\/1611\/revisions"}],"predecessor-version":[{"id":6870,"href":"https:\/\/bearly-n.com\/en\/wp-json\/wp\/v2\/product\/1611\/revisions\/6870"}],"wp:featuredmedia":[{"embeddable":true,"href":"https:\/\/bearly-n.com\/en\/wp-json\/wp\/v2\/media\/1612"}],"wp:attachment":[{"href":"https:\/\/bearly-n.com\/en\/wp-json\/wp\/v2\/media?parent=1611"}],"wp:term":[{"taxonomy":"product_brand","embeddable":true,"href":"https:\/\/bearly-n.com\/en\/wp-json\/wp\/v2\/product_brand?post=1611"},{"taxonomy":"product_cat","embeddable":true,"href":"https:\/\/bearly-n.com\/en\/wp-json\/wp\/v2\/product_cat?post=1611"},{"taxonomy":"product_tag","embeddable":true,"href":"https:\/\/bearly-n.com\/en\/wp-json\/wp\/v2\/product_tag?post=1611"}],"curies":[{"name":"wp","href":"https:\/\/api.w.org\/{rel}","templated":true}]}}