{"id":1597,"date":"2018-01-29T12:47:39","date_gmt":"2018-01-29T11:47:39","guid":{"rendered":"http:\/\/bearly-n.com\/?post_type=product&#038;p=1597"},"modified":"2020-08-04T17:47:50","modified_gmt":"2020-08-04T15:47:50","slug":"bracelet-manchette-galuchat-creme-crazy-lace-agate","status":"publish","type":"product","link":"https:\/\/bearly-n.com\/en\/product\/bracelet-manchette-galuchat-creme-crazy-lace-agate\/","title":{"rendered":"bracelet manchette galuchat creme, crazy lace agate"},"content":{"rendered":"<p>Des mati\u00e8res nobles pour ce bracelet manchette en galuchat (non ponc\u00e9) de couleur cr\u00e8me, sign\u00e9 BearlyN. Il est orn\u00e9 d&rsquo;une Crazy Lace Agate druzzy m\u00ealant les teintes d&rsquo;ivoire, d&rsquo;ocre et de rouge. Un rang de perles de verre est brod\u00e9 autour du cabochon d&rsquo;Agate, directement sur le galuchat. Ensuite les autres rang\u00e9es de perles viennent le sertir sur le cuir.<\/p>\n<p>Le galuchat est alors mont\u00e9 sur une manchette en laiton,doubl\u00e9e de cuir de veau sweet (France) de teinte bordeaux, une finition mate et un toucher tr\u00e8s doux.\u00a0 Un rang de perles rouges est brod\u00e9 \u00e0 la main sur les tranches pour une finition soign\u00e9e.<\/p>\n<p>Ajustable \u00e0 toutes les tailles de poignet par l\u00e9g\u00e8re pression.<\/p>\n<p>&nbsp;<\/p>\n<h2>Composition:<\/h2>\n<p>Cuir de Galuchat<\/p>\n<p>cabochon de Crazy Lace Agate druzzy (Chihuahua-Mexique) de 30 x 40 mm<\/p>\n<p>Cuir de veau Sweet bordeaux<\/p>\n<p>Perles de verre japonaises (Miyuki)<\/p>\n<p>fabriqu\u00e9 en France<\/p>\n<p>taille: largeur 54 mm<\/p>\n<h2>Entretien<\/h2>\n<ul>\n<li>Le cuir peut \u00eatre simplement nettoy\u00e9 avec un linge humide et un peu de savon glyc\u00e9rin\u00e9.<\/li>\n<li>The embroidered area can be dusted with a soft brush and a slightly damp cloth.<\/li>\n<li><strong>\u00e9viter le contact avec l\u2019eau.<\/strong><\/li>\n<\/ul>\n<h2>Accessoires fournis<\/h2>\n<p>My jewelry comes with a black hard cardboard box, lined with black satin. The packaging is neat, which makes it a product ready to offer...or to offer yourself!<\/p>","protected":false},"excerpt":{"rendered":"<p>Manchette en galuchat cr\u00e8me et cabochon de Crazy Lace Agate, doubl\u00e9e de veau bordeau, un style \u00e9thnique et des mati\u00e8res nobles.<\/p>\n<p>Free Shipping, Tracked Parcel<\/p>","protected":false},"featured_media":1598,"comment_status":"open","ping_status":"closed","template":"","meta":{"_price":"215","_stock":"1","_tribe_ticket_header":"","_tribe_default_ticket_provider":"","_tribe_ticket_capacity":"1","_ticket_start_date":"","_ticket_end_date":"","_tribe_ticket_show_description":"","_tribe_ticket_show_not_going":false,"_tribe_ticket_use_global_stock":"","_tribe_ticket_global_stock_level":"","_global_stock_mode":"","_global_stock_cap":"","_tribe_rsvp_for_event":"","_tribe_ticket_going_count":"","_tribe_ticket_not_going_count":"","_tribe_tickets_list":"[]","_tribe_ticket_has_attendee_info_fields":false,"jetpack_post_was_ever_published":false,"jetpack_publicize_message":"","jetpack_publicize_feature_enabled":true,"jetpack_social_post_already_shared":true,"jetpack_social_options":{"image_generator_settings":{"template":"highway","default_image_id":0,"font":"","enabled":false},"version":2}},"product_brand":[],"product_cat":[112,113,330],"product_tag":[134,149,68],"class_list":{"0":"post-1597","1":"product","2":"type-product","3":"status-publish","4":"has-post-thumbnail","6":"product_cat-bracelets","7":"product_cat-manchettes-larges","8":"product_cat-exotiques","9":"product_tag-cuir-exotique","10":"product_tag-galuchat","11":"product_tag-totem","12":"product_shipping_class-gratuite","13":"pa_couleur-creme","15":"first","16":"instock","17":"shipping-taxable","18":"purchasable","19":"product-type-simple"},"yoast_head":"<!-- This site is optimized with the Yoast SEO plugin v26.2 - https:\/\/yoast.com\/wordpress\/plugins\/seo\/ -->\n<title>bracelet manchette galuchat creme, crazy lace agate - BearlyN<\/title>\n<meta name=\"description\" content=\"Bracelet manchette en galuchat cr\u00e8me,non ponc\u00e9, sign\u00e9 BearlyN. Orn\u00e9 d&#039;une Crazy Lace Agate sertie de perles de verre, doubl\u00e9 de cuir de veau bordeaux et tranches brod\u00e9es de perles de verre; c&#039;est une pi\u00e8ce unique. Ajustable \u00e0 toutes tailles de poignet, livraison offerte.\" \/>\n<meta name=\"robots\" content=\"index, follow, max-snippet:-1, max-image-preview:large, max-video-preview:-1\" \/>\n<link rel=\"canonical\" href=\"https:\/\/bearly-n.com\/en\/product\/bracelet-manchette-galuchat-creme-crazy-lace-agate\/\" \/>\n<meta property=\"og:locale\" content=\"en_US\" \/>\n<meta property=\"og:type\" content=\"article\" \/>\n<meta property=\"og:title\" content=\"bracelet manchette galuchat creme, crazy lace agate - BearlyN\" \/>\n<meta property=\"og:description\" content=\"Bracelet manchette en galuchat cr\u00e8me,non ponc\u00e9, sign\u00e9 BearlyN. Orn\u00e9 d&#039;une Crazy Lace Agate sertie de perles de verre, doubl\u00e9 de cuir de veau bordeaux et tranches brod\u00e9es de perles de verre; c&#039;est une pi\u00e8ce unique. Ajustable \u00e0 toutes tailles de poignet, livraison offerte.\" \/>\n<meta property=\"og:url\" content=\"https:\/\/bearly-n.com\/en\/product\/bracelet-manchette-galuchat-creme-crazy-lace-agate\/\" \/>\n<meta property=\"og:site_name\" content=\"BearlyN\" \/>\n<meta property=\"article:publisher\" content=\"https:\/\/www.facebook.com\/Bearly-N-881942331934180\/\" \/>\n<meta property=\"article:modified_time\" content=\"2020-08-04T15:47:50+00:00\" \/>\n<meta property=\"og:image\" content=\"https:\/\/i0.wp.com\/bearly-n.com\/wp-content\/uploads\/2018\/01\/Manchette-Crazy-Lace-Agate-et-Galuchat-cr\u00e8me-1400.jpg?fit=1024%2C903&ssl=1\" \/>\n\t<meta property=\"og:image:width\" content=\"1024\" \/>\n\t<meta property=\"og:image:height\" content=\"903\" \/>\n\t<meta property=\"og:image:type\" content=\"image\/jpeg\" \/>\n<meta name=\"twitter:card\" content=\"summary_large_image\" \/>\n<meta name=\"twitter:label1\" content=\"Est. reading time\" \/>\n\t<meta name=\"twitter:data1\" content=\"1 minute\" \/>\n<script type=\"application\/ld+json\" class=\"yoast-schema-graph\">{\"@context\":\"https:\/\/schema.org\",\"@graph\":[{\"@type\":\"WebPage\",\"@id\":\"https:\/\/bearly-n.com\/produit\/bracelet-manchette-galuchat-creme-crazy-lace-agate\/\",\"url\":\"https:\/\/bearly-n.com\/produit\/bracelet-manchette-galuchat-creme-crazy-lace-agate\/\",\"name\":\"bracelet manchette galuchat creme, crazy lace agate - BearlyN\",\"isPartOf\":{\"@id\":\"https:\/\/bearly-n.com\/#website\"},\"primaryImageOfPage\":{\"@id\":\"https:\/\/bearly-n.com\/produit\/bracelet-manchette-galuchat-creme-crazy-lace-agate\/#primaryimage\"},\"image\":{\"@id\":\"https:\/\/bearly-n.com\/produit\/bracelet-manchette-galuchat-creme-crazy-lace-agate\/#primaryimage\"},\"thumbnailUrl\":\"https:\/\/i0.wp.com\/bearly-n.com\/wp-content\/uploads\/2018\/01\/Manchette-Crazy-Lace-Agate-et-Galuchat-cr%C3%A8me-1400.jpg?fit=1024%2C903&ssl=1\",\"datePublished\":\"2018-01-29T11:47:39+00:00\",\"dateModified\":\"2020-08-04T15:47:50+00:00\",\"description\":\"Bracelet manchette en galuchat cr\u00e8me,non ponc\u00e9, sign\u00e9 BearlyN. Orn\u00e9 d'une Crazy Lace Agate sertie de perles de verre, doubl\u00e9 de cuir de veau bordeaux et tranches brod\u00e9es de perles de verre; c'est une pi\u00e8ce unique. Ajustable \u00e0 toutes tailles de poignet, livraison offerte.\",\"breadcrumb\":{\"@id\":\"https:\/\/bearly-n.com\/produit\/bracelet-manchette-galuchat-creme-crazy-lace-agate\/#breadcrumb\"},\"inLanguage\":\"en-US\",\"potentialAction\":[{\"@type\":\"ReadAction\",\"target\":[\"https:\/\/bearly-n.com\/produit\/bracelet-manchette-galuchat-creme-crazy-lace-agate\/\"]}]},{\"@type\":\"ImageObject\",\"inLanguage\":\"en-US\",\"@id\":\"https:\/\/bearly-n.com\/produit\/bracelet-manchette-galuchat-creme-crazy-lace-agate\/#primaryimage\",\"url\":\"https:\/\/i0.wp.com\/bearly-n.com\/wp-content\/uploads\/2018\/01\/Manchette-Crazy-Lace-Agate-et-Galuchat-cr%C3%A8me-1400.jpg?fit=1024%2C903&ssl=1\",\"contentUrl\":\"https:\/\/i0.wp.com\/bearly-n.com\/wp-content\/uploads\/2018\/01\/Manchette-Crazy-Lace-Agate-et-Galuchat-cr%C3%A8me-1400.jpg?fit=1024%2C903&ssl=1\",\"width\":1024,\"height\":903,\"caption\":\"Manchette Crazy Lace Agate et Galuchat cr\u00e8me\"},{\"@type\":\"BreadcrumbList\",\"@id\":\"https:\/\/bearly-n.com\/produit\/bracelet-manchette-galuchat-creme-crazy-lace-agate\/#breadcrumb\",\"itemListElement\":[{\"@type\":\"ListItem\",\"position\":1,\"name\":\"Accueil\",\"item\":\"https:\/\/bearly-n.com\/\"},{\"@type\":\"ListItem\",\"position\":2,\"name\":\"Boutique en ligne\",\"item\":\"https:\/\/bearly-n.com\/en\/boutique-en-ligne\/\"},{\"@type\":\"ListItem\",\"position\":3,\"name\":\"bracelet manchette galuchat creme, crazy lace agate\"}]},{\"@type\":\"WebSite\",\"@id\":\"https:\/\/bearly-n.com\/#website\",\"url\":\"https:\/\/bearly-n.com\/\",\"name\":\"BearlyN, bijoux de caract\u00e8re\",\"description\":\"Bijoux de Caract\u00e8re\",\"publisher\":{\"@id\":\"https:\/\/bearly-n.com\/#organization\"},\"potentialAction\":[{\"@type\":\"SearchAction\",\"target\":{\"@type\":\"EntryPoint\",\"urlTemplate\":\"https:\/\/bearly-n.com\/?s={search_term_string}\"},\"query-input\":{\"@type\":\"PropertyValueSpecification\",\"valueRequired\":true,\"valueName\":\"search_term_string\"}}],\"inLanguage\":\"en-US\"},{\"@type\":\"Organization\",\"@id\":\"https:\/\/bearly-n.com\/#organization\",\"name\":\"BearlyN\",\"url\":\"https:\/\/bearly-n.com\/\",\"logo\":{\"@type\":\"ImageObject\",\"inLanguage\":\"en-US\",\"@id\":\"https:\/\/bearly-n.com\/#\/schema\/logo\/image\/\",\"url\":\"https:\/\/i1.wp.com\/bearly-n.com\/wp-content\/uploads\/2016\/12\/logo.jpg?fit=630%2C270&ssl=1\",\"contentUrl\":\"https:\/\/i1.wp.com\/bearly-n.com\/wp-content\/uploads\/2016\/12\/logo.jpg?fit=630%2C270&ssl=1\",\"width\":630,\"height\":270,\"caption\":\"BearlyN\"},\"image\":{\"@id\":\"https:\/\/bearly-n.com\/#\/schema\/logo\/image\/\"},\"sameAs\":[\"https:\/\/www.facebook.com\/Bearly-N-881942331934180\/\",\"http:\/\/bearlyn\",\"https:\/\/www.linkedin.com\/company\/bearly-n\/\",\"https:\/\/fr.pinterest.com\/Bearlynterest\/\"]}]}<\/script>\n<!-- \/ Yoast SEO plugin. -->","yoast_head_json":{"title":"bracelet manchette galuchat creme, crazy lace agate - BearlyN","description":"Bracelet manchette en galuchat cr\u00e8me,non ponc\u00e9, sign\u00e9 BearlyN. Orn\u00e9 d'une Crazy Lace Agate sertie de perles de verre, doubl\u00e9 de cuir de veau bordeaux et tranches brod\u00e9es de perles de verre; c'est une pi\u00e8ce unique. Ajustable \u00e0 toutes tailles de poignet, livraison offerte.","robots":{"index":"index","follow":"follow","max-snippet":"max-snippet:-1","max-image-preview":"max-image-preview:large","max-video-preview":"max-video-preview:-1"},"canonical":"https:\/\/bearly-n.com\/en\/product\/bracelet-manchette-galuchat-creme-crazy-lace-agate\/","og_locale":"en_US","og_type":"article","og_title":"bracelet manchette galuchat creme, crazy lace agate - BearlyN","og_description":"Bracelet manchette en galuchat cr\u00e8me,non ponc\u00e9, sign\u00e9 BearlyN. Orn\u00e9 d'une Crazy Lace Agate sertie de perles de verre, doubl\u00e9 de cuir de veau bordeaux et tranches brod\u00e9es de perles de verre; c'est une pi\u00e8ce unique. Ajustable \u00e0 toutes tailles de poignet, livraison offerte.","og_url":"https:\/\/bearly-n.com\/en\/product\/bracelet-manchette-galuchat-creme-crazy-lace-agate\/","og_site_name":"BearlyN","article_publisher":"https:\/\/www.facebook.com\/Bearly-N-881942331934180\/","article_modified_time":"2020-08-04T15:47:50+00:00","og_image":[{"width":1024,"height":903,"url":"https:\/\/i0.wp.com\/bearly-n.com\/wp-content\/uploads\/2018\/01\/Manchette-Crazy-Lace-Agate-et-Galuchat-cr\u00e8me-1400.jpg?fit=1024%2C903&ssl=1","type":"image\/jpeg"}],"twitter_card":"summary_large_image","twitter_misc":{"Est. reading time":"1 minute"},"schema":{"@context":"https:\/\/schema.org","@graph":[{"@type":"WebPage","@id":"https:\/\/bearly-n.com\/produit\/bracelet-manchette-galuchat-creme-crazy-lace-agate\/","url":"https:\/\/bearly-n.com\/produit\/bracelet-manchette-galuchat-creme-crazy-lace-agate\/","name":"bracelet manchette galuchat creme, crazy lace agate - BearlyN","isPartOf":{"@id":"https:\/\/bearly-n.com\/#website"},"primaryImageOfPage":{"@id":"https:\/\/bearly-n.com\/produit\/bracelet-manchette-galuchat-creme-crazy-lace-agate\/#primaryimage"},"image":{"@id":"https:\/\/bearly-n.com\/produit\/bracelet-manchette-galuchat-creme-crazy-lace-agate\/#primaryimage"},"thumbnailUrl":"https:\/\/i0.wp.com\/bearly-n.com\/wp-content\/uploads\/2018\/01\/Manchette-Crazy-Lace-Agate-et-Galuchat-cr%C3%A8me-1400.jpg?fit=1024%2C903&ssl=1","datePublished":"2018-01-29T11:47:39+00:00","dateModified":"2020-08-04T15:47:50+00:00","description":"Bracelet manchette en galuchat cr\u00e8me,non ponc\u00e9, sign\u00e9 BearlyN. Orn\u00e9 d'une Crazy Lace Agate sertie de perles de verre, doubl\u00e9 de cuir de veau bordeaux et tranches brod\u00e9es de perles de verre; c'est une pi\u00e8ce unique. Ajustable \u00e0 toutes tailles de poignet, livraison offerte.","breadcrumb":{"@id":"https:\/\/bearly-n.com\/produit\/bracelet-manchette-galuchat-creme-crazy-lace-agate\/#breadcrumb"},"inLanguage":"en-US","potentialAction":[{"@type":"ReadAction","target":["https:\/\/bearly-n.com\/produit\/bracelet-manchette-galuchat-creme-crazy-lace-agate\/"]}]},{"@type":"ImageObject","inLanguage":"en-US","@id":"https:\/\/bearly-n.com\/produit\/bracelet-manchette-galuchat-creme-crazy-lace-agate\/#primaryimage","url":"https:\/\/i0.wp.com\/bearly-n.com\/wp-content\/uploads\/2018\/01\/Manchette-Crazy-Lace-Agate-et-Galuchat-cr%C3%A8me-1400.jpg?fit=1024%2C903&ssl=1","contentUrl":"https:\/\/i0.wp.com\/bearly-n.com\/wp-content\/uploads\/2018\/01\/Manchette-Crazy-Lace-Agate-et-Galuchat-cr%C3%A8me-1400.jpg?fit=1024%2C903&ssl=1","width":1024,"height":903,"caption":"Manchette Crazy Lace Agate et Galuchat cr\u00e8me"},{"@type":"BreadcrumbList","@id":"https:\/\/bearly-n.com\/produit\/bracelet-manchette-galuchat-creme-crazy-lace-agate\/#breadcrumb","itemListElement":[{"@type":"ListItem","position":1,"name":"Accueil","item":"https:\/\/bearly-n.com\/"},{"@type":"ListItem","position":2,"name":"Boutique en ligne","item":"https:\/\/bearly-n.com\/en\/boutique-en-ligne\/"},{"@type":"ListItem","position":3,"name":"bracelet manchette galuchat creme, crazy lace agate"}]},{"@type":"WebSite","@id":"https:\/\/bearly-n.com\/#website","url":"https:\/\/bearly-n.com\/","name":"BearlyN, bijoux de caract\u00e8re","description":"Bijoux de Caract\u00e8re","publisher":{"@id":"https:\/\/bearly-n.com\/#organization"},"potentialAction":[{"@type":"SearchAction","target":{"@type":"EntryPoint","urlTemplate":"https:\/\/bearly-n.com\/?s={search_term_string}"},"query-input":{"@type":"PropertyValueSpecification","valueRequired":true,"valueName":"search_term_string"}}],"inLanguage":"en-US"},{"@type":"Organization","@id":"https:\/\/bearly-n.com\/#organization","name":"BearlyN","url":"https:\/\/bearly-n.com\/","logo":{"@type":"ImageObject","inLanguage":"en-US","@id":"https:\/\/bearly-n.com\/#\/schema\/logo\/image\/","url":"https:\/\/i1.wp.com\/bearly-n.com\/wp-content\/uploads\/2016\/12\/logo.jpg?fit=630%2C270&ssl=1","contentUrl":"https:\/\/i1.wp.com\/bearly-n.com\/wp-content\/uploads\/2016\/12\/logo.jpg?fit=630%2C270&ssl=1","width":630,"height":270,"caption":"BearlyN"},"image":{"@id":"https:\/\/bearly-n.com\/#\/schema\/logo\/image\/"},"sameAs":["https:\/\/www.facebook.com\/Bearly-N-881942331934180\/","http:\/\/bearlyn","https:\/\/www.linkedin.com\/company\/bearly-n\/","https:\/\/fr.pinterest.com\/Bearlynterest\/"]}]}},"jetpack_publicize_connections":[],"jetpack_sharing_enabled":true,"jetpack_likes_enabled":true,"_links":{"self":[{"href":"https:\/\/bearly-n.com\/en\/wp-json\/wp\/v2\/product\/1597","targetHints":{"allow":["GET"]}}],"collection":[{"href":"https:\/\/bearly-n.com\/en\/wp-json\/wp\/v2\/product"}],"about":[{"href":"https:\/\/bearly-n.com\/en\/wp-json\/wp\/v2\/types\/product"}],"replies":[{"embeddable":true,"href":"https:\/\/bearly-n.com\/en\/wp-json\/wp\/v2\/comments?post=1597"}],"version-history":[{"count":1,"href":"https:\/\/bearly-n.com\/en\/wp-json\/wp\/v2\/product\/1597\/revisions"}],"predecessor-version":[{"id":6909,"href":"https:\/\/bearly-n.com\/en\/wp-json\/wp\/v2\/product\/1597\/revisions\/6909"}],"wp:featuredmedia":[{"embeddable":true,"href":"https:\/\/bearly-n.com\/en\/wp-json\/wp\/v2\/media\/1598"}],"wp:attachment":[{"href":"https:\/\/bearly-n.com\/en\/wp-json\/wp\/v2\/media?parent=1597"}],"wp:term":[{"taxonomy":"product_brand","embeddable":true,"href":"https:\/\/bearly-n.com\/en\/wp-json\/wp\/v2\/product_brand?post=1597"},{"taxonomy":"product_cat","embeddable":true,"href":"https:\/\/bearly-n.com\/en\/wp-json\/wp\/v2\/product_cat?post=1597"},{"taxonomy":"product_tag","embeddable":true,"href":"https:\/\/bearly-n.com\/en\/wp-json\/wp\/v2\/product_tag?post=1597"}],"curies":[{"name":"wp","href":"https:\/\/api.w.org\/{rel}","templated":true}]}}