{"id":1529,"date":"2018-12-01T13:05:52","date_gmt":"2018-12-01T12:05:52","guid":{"rendered":"http:\/\/bearly-n.com\/?post_type=product&#038;p=1529"},"modified":"2020-06-08T15:05:46","modified_gmt":"2020-06-08T13:05:46","slug":"plastron-bear-in-mind","status":"publish","type":"product","link":"https:\/\/bearly-n.com\/en\/product\/plastron-bear-in-mind\/","title":{"rendered":"Collier plastron Bear In Mind, ours en os et cristaux de Swarovski"},"content":{"rendered":"<h2>Caract\u00e9ristiques principales du plastron Bear In Mind<\/h2>\n<p>Le<strong> plastron Bear In Mind<\/strong> est tir\u00e9 de la <a href=\"https:\/\/bearly-n.com\/en\/la-collection-totem-retour-aux-sources-du-bead-embroidery\/\">Collection Totem<\/a><\/p>\n<ul>\n<li>Avec sa broderie de perles et de cristaux de Swarovski dans les teintes dominantes de blanc et des touches de teal , le plastron Bear In Mind est portable en toutes occasions mais sera particuli\u00e8rement adapt\u00e9 aux mois hivernaux. \u00a0Sous une veste de tailleur ou en jean, ou \u00e0 exposer fi\u00e8rement sur un joli d\u00e9collet\u00e9 en soir\u00e9e, c&rsquo;est l&rsquo;accessoire indispensable pour apporter du caract\u00e8re \u00e0 toute tenue.<\/li>\n<li>Le collier est enti\u00e8rement brod\u00e9 \u00e0 la main autour d&rsquo;un ours polaire en os sculpt\u00e9 \u00e0 la main. Broderie en deux temps pour cr\u00e9\u00e9r le volume.<\/li>\n<li>Pour compl\u00e9ter ce plastron, j&rsquo;ai dispos\u00e9 des cabochons teint\u00e9s \u00e0 la main dans des teintes d&rsquo;aurore bor\u00e9ale dans une fausse sym\u00e9trie. Ils sont tous sertis par des perles de verre de Miyuki.<\/li>\n<li>Pour finir, l&rsquo;ensemble est doubl\u00e9 de cuir de veau blanc (France). Fermoir crochet en laiton, garanti sans nickel.<\/li>\n<\/ul>\n<p>Le plastron Bear In Mind est une pi\u00e8ce unique. Toutes les \u00e9tapes de sa r\u00e9alisation ont \u00e9t\u00e9 effectu\u00e9es \u00e0 la main.<\/p>\n<h2>Entretien<\/h2>\n<ul>\n<li>Le cuir peut \u00eatre simplement nettoy\u00e9 avec un linge humide et un peu de savon glycerin\u00e9.<\/li>\n<li>La partie brod\u00e9e peut \u00eatre d\u00e9poussi\u00e9r\u00e9e \u00e0 l&rsquo;aide d&rsquo;un pinceau souple et d&rsquo;un chiffon l\u00e9g\u00e8rement humide.<\/li>\n<li><strong>Eviter le contact avec l&rsquo;eau.<\/strong><\/li>\n<\/ul>\n<h2>Accessoires fournis<\/h2>\n<p>Mes bijoux sont fournis avec une bo\u00eete noire en carton rigide, doubl\u00e9e de satin noir. L&#8217;emballage est soign\u00e9, cela en fait un produit pr\u00eat \u00e0 offrir&#8230;ou \u00e0 s&rsquo;offrir!<\/p>\n<p>&nbsp;<\/p>\n<p>&nbsp;<\/p>","protected":false},"excerpt":{"rendered":"<p>Collection <strong>\u00ab\u00a0Totem\u00a0\u00bb<\/strong><\/p>\n<p>Collier plastron brod\u00e9 de cristaux de Swarovski autour d&rsquo;un ours polaire en os sculpt\u00e9 \u00e0 la main. Il est accompagn\u00e9 de cabochons teint\u00e9s \u00e0 la main.<\/p>\n<p>Free Shipping, Tracked Parcel<\/p>","protected":false},"featured_media":1530,"comment_status":"open","ping_status":"closed","template":"","meta":{"_price":"1226","_stock":"1","_tribe_ticket_header":"","_tribe_default_ticket_provider":"","_tribe_ticket_capacity":"1","_ticket_start_date":"","_ticket_end_date":"","_tribe_ticket_show_description":"","_tribe_ticket_show_not_going":false,"_tribe_ticket_use_global_stock":"","_tribe_ticket_global_stock_level":"","_global_stock_mode":"","_global_stock_cap":"","_tribe_rsvp_for_event":"","_tribe_ticket_going_count":"","_tribe_ticket_not_going_count":"","_tribe_tickets_list":"[]","_tribe_ticket_has_attendee_info_fields":false,"jetpack_post_was_ever_published":false,"jetpack_publicize_message":"","jetpack_publicize_feature_enabled":true,"jetpack_social_post_already_shared":true,"jetpack_social_options":{"image_generator_settings":{"template":"highway","default_image_id":0,"font":"","enabled":false},"version":2}},"product_brand":[],"product_cat":[105,107],"product_tag":[198,199,201,200,197,187,202,99,68,196],"class_list":{"0":"post-1529","1":"product","2":"type-product","3":"status-publish","4":"has-post-thumbnail","6":"product_cat-plastrons","7":"product_cat-plastrons-sans-franges","8":"product_tag-collier-blanc","9":"product_tag-collier-bleu","10":"product_tag-collier-brode","11":"product_tag-collier-ours","12":"product_tag-collier-plastron","13":"product_tag-cristal-de-swarovski","14":"product_tag-ours-polaire","15":"product_tag-plastron","16":"product_tag-totem","17":"product_tag-totem-ours","18":"pa_couleur-blanc","19":"pa_couleur-bleu","21":"first","22":"instock","23":"sold-individually","24":"shipping-taxable","25":"purchasable","26":"product-type-simple"},"yoast_head":"<!-- This site is optimized with the Yoast SEO plugin v26.2 - https:\/\/yoast.com\/wordpress\/plugins\/seo\/ -->\n<title>Collier plastron Bear In Mind, ours en os et cristaux de Swarovski - BearlyN<\/title>\n<meta name=\"description\" content=\"Des teintes polaires avec le plastron Bear In Mind et son ours en os sculpt\u00e9 \u00e0 la main, cristaux de Swarovski et cabochons teint\u00e9s \u00e0 la main.\" \/>\n<meta name=\"robots\" content=\"index, follow, max-snippet:-1, max-image-preview:large, max-video-preview:-1\" \/>\n<link rel=\"canonical\" href=\"https:\/\/bearly-n.com\/en\/product\/plastron-bear-in-mind\/\" \/>\n<meta property=\"og:locale\" content=\"en_US\" \/>\n<meta property=\"og:type\" content=\"article\" \/>\n<meta property=\"og:title\" content=\"Collier plastron Bear In Mind, ours en os et cristaux de Swarovski - BearlyN\" \/>\n<meta property=\"og:description\" content=\"Des teintes polaires avec le plastron Bear In Mind et son ours en os sculpt\u00e9 \u00e0 la main, cristaux de Swarovski et cabochons teint\u00e9s \u00e0 la main.\" \/>\n<meta property=\"og:url\" content=\"https:\/\/bearly-n.com\/en\/product\/plastron-bear-in-mind\/\" \/>\n<meta property=\"og:site_name\" content=\"BearlyN\" \/>\n<meta property=\"article:publisher\" content=\"https:\/\/www.facebook.com\/Bearly-N-881942331934180\/\" \/>\n<meta property=\"article:modified_time\" content=\"2020-06-08T13:05:46+00:00\" \/>\n<meta property=\"og:image\" content=\"https:\/\/i0.wp.com\/bearly-n.com\/wp-content\/uploads\/2018\/01\/Bear-In-Mind.jpg?fit=1024%2C768&ssl=1\" \/>\n\t<meta property=\"og:image:width\" content=\"1024\" \/>\n\t<meta property=\"og:image:height\" content=\"768\" \/>\n\t<meta property=\"og:image:type\" content=\"image\/jpeg\" \/>\n<meta name=\"twitter:card\" content=\"summary_large_image\" \/>\n<meta name=\"twitter:label1\" content=\"Est. reading time\" \/>\n\t<meta name=\"twitter:data1\" content=\"1 minute\" \/>\n<script type=\"application\/ld+json\" class=\"yoast-schema-graph\">{\"@context\":\"https:\/\/schema.org\",\"@graph\":[{\"@type\":\"WebPage\",\"@id\":\"https:\/\/bearly-n.com\/produit\/plastron-bear-in-mind\/\",\"url\":\"https:\/\/bearly-n.com\/produit\/plastron-bear-in-mind\/\",\"name\":\"Collier plastron Bear In Mind, ours en os et cristaux de Swarovski - BearlyN\",\"isPartOf\":{\"@id\":\"https:\/\/bearly-n.com\/#website\"},\"primaryImageOfPage\":{\"@id\":\"https:\/\/bearly-n.com\/produit\/plastron-bear-in-mind\/#primaryimage\"},\"image\":{\"@id\":\"https:\/\/bearly-n.com\/produit\/plastron-bear-in-mind\/#primaryimage\"},\"thumbnailUrl\":\"https:\/\/i0.wp.com\/bearly-n.com\/wp-content\/uploads\/2018\/01\/Bear-In-Mind.jpg?fit=1024%2C768&ssl=1\",\"datePublished\":\"2018-12-01T12:05:52+00:00\",\"dateModified\":\"2020-06-08T13:05:46+00:00\",\"description\":\"Des teintes polaires avec le plastron Bear In Mind et son ours en os sculpt\u00e9 \u00e0 la main, cristaux de Swarovski et cabochons teint\u00e9s \u00e0 la main.\",\"breadcrumb\":{\"@id\":\"https:\/\/bearly-n.com\/produit\/plastron-bear-in-mind\/#breadcrumb\"},\"inLanguage\":\"en-US\",\"potentialAction\":[{\"@type\":\"ReadAction\",\"target\":[\"https:\/\/bearly-n.com\/produit\/plastron-bear-in-mind\/\"]}]},{\"@type\":\"ImageObject\",\"inLanguage\":\"en-US\",\"@id\":\"https:\/\/bearly-n.com\/produit\/plastron-bear-in-mind\/#primaryimage\",\"url\":\"https:\/\/i0.wp.com\/bearly-n.com\/wp-content\/uploads\/2018\/01\/Bear-In-Mind.jpg?fit=1024%2C768&ssl=1\",\"contentUrl\":\"https:\/\/i0.wp.com\/bearly-n.com\/wp-content\/uploads\/2018\/01\/Bear-In-Mind.jpg?fit=1024%2C768&ssl=1\",\"width\":1024,\"height\":768,\"caption\":\"plastron Bear In Mind\"},{\"@type\":\"BreadcrumbList\",\"@id\":\"https:\/\/bearly-n.com\/produit\/plastron-bear-in-mind\/#breadcrumb\",\"itemListElement\":[{\"@type\":\"ListItem\",\"position\":1,\"name\":\"Accueil\",\"item\":\"https:\/\/bearly-n.com\/\"},{\"@type\":\"ListItem\",\"position\":2,\"name\":\"Boutique en ligne\",\"item\":\"https:\/\/bearly-n.com\/en\/boutique-en-ligne\/\"},{\"@type\":\"ListItem\",\"position\":3,\"name\":\"Collier plastron Bear In Mind, ours en os et cristaux de Swarovski\"}]},{\"@type\":\"WebSite\",\"@id\":\"https:\/\/bearly-n.com\/#website\",\"url\":\"https:\/\/bearly-n.com\/\",\"name\":\"BearlyN, bijoux de caract\u00e8re\",\"description\":\"Bijoux de Caract\u00e8re\",\"publisher\":{\"@id\":\"https:\/\/bearly-n.com\/#organization\"},\"potentialAction\":[{\"@type\":\"SearchAction\",\"target\":{\"@type\":\"EntryPoint\",\"urlTemplate\":\"https:\/\/bearly-n.com\/?s={search_term_string}\"},\"query-input\":{\"@type\":\"PropertyValueSpecification\",\"valueRequired\":true,\"valueName\":\"search_term_string\"}}],\"inLanguage\":\"en-US\"},{\"@type\":\"Organization\",\"@id\":\"https:\/\/bearly-n.com\/#organization\",\"name\":\"BearlyN\",\"url\":\"https:\/\/bearly-n.com\/\",\"logo\":{\"@type\":\"ImageObject\",\"inLanguage\":\"en-US\",\"@id\":\"https:\/\/bearly-n.com\/#\/schema\/logo\/image\/\",\"url\":\"https:\/\/i1.wp.com\/bearly-n.com\/wp-content\/uploads\/2016\/12\/logo.jpg?fit=630%2C270&ssl=1\",\"contentUrl\":\"https:\/\/i1.wp.com\/bearly-n.com\/wp-content\/uploads\/2016\/12\/logo.jpg?fit=630%2C270&ssl=1\",\"width\":630,\"height\":270,\"caption\":\"BearlyN\"},\"image\":{\"@id\":\"https:\/\/bearly-n.com\/#\/schema\/logo\/image\/\"},\"sameAs\":[\"https:\/\/www.facebook.com\/Bearly-N-881942331934180\/\",\"http:\/\/bearlyn\",\"https:\/\/www.linkedin.com\/company\/bearly-n\/\",\"https:\/\/fr.pinterest.com\/Bearlynterest\/\"]}]}<\/script>\n<!-- \/ Yoast SEO plugin. -->","yoast_head_json":{"title":"Collier plastron Bear In Mind, ours en os et cristaux de Swarovski - BearlyN","description":"Des teintes polaires avec le plastron Bear In Mind et son ours en os sculpt\u00e9 \u00e0 la main, cristaux de Swarovski et cabochons teint\u00e9s \u00e0 la main.","robots":{"index":"index","follow":"follow","max-snippet":"max-snippet:-1","max-image-preview":"max-image-preview:large","max-video-preview":"max-video-preview:-1"},"canonical":"https:\/\/bearly-n.com\/en\/product\/plastron-bear-in-mind\/","og_locale":"en_US","og_type":"article","og_title":"Collier plastron Bear In Mind, ours en os et cristaux de Swarovski - BearlyN","og_description":"Des teintes polaires avec le plastron Bear In Mind et son ours en os sculpt\u00e9 \u00e0 la main, cristaux de Swarovski et cabochons teint\u00e9s \u00e0 la main.","og_url":"https:\/\/bearly-n.com\/en\/product\/plastron-bear-in-mind\/","og_site_name":"BearlyN","article_publisher":"https:\/\/www.facebook.com\/Bearly-N-881942331934180\/","article_modified_time":"2020-06-08T13:05:46+00:00","og_image":[{"width":1024,"height":768,"url":"https:\/\/i0.wp.com\/bearly-n.com\/wp-content\/uploads\/2018\/01\/Bear-In-Mind.jpg?fit=1024%2C768&ssl=1","type":"image\/jpeg"}],"twitter_card":"summary_large_image","twitter_misc":{"Est. reading time":"1 minute"},"schema":{"@context":"https:\/\/schema.org","@graph":[{"@type":"WebPage","@id":"https:\/\/bearly-n.com\/produit\/plastron-bear-in-mind\/","url":"https:\/\/bearly-n.com\/produit\/plastron-bear-in-mind\/","name":"Collier plastron Bear In Mind, ours en os et cristaux de Swarovski - BearlyN","isPartOf":{"@id":"https:\/\/bearly-n.com\/#website"},"primaryImageOfPage":{"@id":"https:\/\/bearly-n.com\/produit\/plastron-bear-in-mind\/#primaryimage"},"image":{"@id":"https:\/\/bearly-n.com\/produit\/plastron-bear-in-mind\/#primaryimage"},"thumbnailUrl":"https:\/\/i0.wp.com\/bearly-n.com\/wp-content\/uploads\/2018\/01\/Bear-In-Mind.jpg?fit=1024%2C768&ssl=1","datePublished":"2018-12-01T12:05:52+00:00","dateModified":"2020-06-08T13:05:46+00:00","description":"Des teintes polaires avec le plastron Bear In Mind et son ours en os sculpt\u00e9 \u00e0 la main, cristaux de Swarovski et cabochons teint\u00e9s \u00e0 la main.","breadcrumb":{"@id":"https:\/\/bearly-n.com\/produit\/plastron-bear-in-mind\/#breadcrumb"},"inLanguage":"en-US","potentialAction":[{"@type":"ReadAction","target":["https:\/\/bearly-n.com\/produit\/plastron-bear-in-mind\/"]}]},{"@type":"ImageObject","inLanguage":"en-US","@id":"https:\/\/bearly-n.com\/produit\/plastron-bear-in-mind\/#primaryimage","url":"https:\/\/i0.wp.com\/bearly-n.com\/wp-content\/uploads\/2018\/01\/Bear-In-Mind.jpg?fit=1024%2C768&ssl=1","contentUrl":"https:\/\/i0.wp.com\/bearly-n.com\/wp-content\/uploads\/2018\/01\/Bear-In-Mind.jpg?fit=1024%2C768&ssl=1","width":1024,"height":768,"caption":"plastron Bear In Mind"},{"@type":"BreadcrumbList","@id":"https:\/\/bearly-n.com\/produit\/plastron-bear-in-mind\/#breadcrumb","itemListElement":[{"@type":"ListItem","position":1,"name":"Accueil","item":"https:\/\/bearly-n.com\/"},{"@type":"ListItem","position":2,"name":"Boutique en ligne","item":"https:\/\/bearly-n.com\/en\/boutique-en-ligne\/"},{"@type":"ListItem","position":3,"name":"Collier plastron Bear In Mind, ours en os et cristaux de Swarovski"}]},{"@type":"WebSite","@id":"https:\/\/bearly-n.com\/#website","url":"https:\/\/bearly-n.com\/","name":"BearlyN, bijoux de caract\u00e8re","description":"Bijoux de Caract\u00e8re","publisher":{"@id":"https:\/\/bearly-n.com\/#organization"},"potentialAction":[{"@type":"SearchAction","target":{"@type":"EntryPoint","urlTemplate":"https:\/\/bearly-n.com\/?s={search_term_string}"},"query-input":{"@type":"PropertyValueSpecification","valueRequired":true,"valueName":"search_term_string"}}],"inLanguage":"en-US"},{"@type":"Organization","@id":"https:\/\/bearly-n.com\/#organization","name":"BearlyN","url":"https:\/\/bearly-n.com\/","logo":{"@type":"ImageObject","inLanguage":"en-US","@id":"https:\/\/bearly-n.com\/#\/schema\/logo\/image\/","url":"https:\/\/i1.wp.com\/bearly-n.com\/wp-content\/uploads\/2016\/12\/logo.jpg?fit=630%2C270&ssl=1","contentUrl":"https:\/\/i1.wp.com\/bearly-n.com\/wp-content\/uploads\/2016\/12\/logo.jpg?fit=630%2C270&ssl=1","width":630,"height":270,"caption":"BearlyN"},"image":{"@id":"https:\/\/bearly-n.com\/#\/schema\/logo\/image\/"},"sameAs":["https:\/\/www.facebook.com\/Bearly-N-881942331934180\/","http:\/\/bearlyn","https:\/\/www.linkedin.com\/company\/bearly-n\/","https:\/\/fr.pinterest.com\/Bearlynterest\/"]}]}},"jetpack_publicize_connections":[],"jetpack_sharing_enabled":true,"jetpack_likes_enabled":true,"_links":{"self":[{"href":"https:\/\/bearly-n.com\/en\/wp-json\/wp\/v2\/product\/1529","targetHints":{"allow":["GET"]}}],"collection":[{"href":"https:\/\/bearly-n.com\/en\/wp-json\/wp\/v2\/product"}],"about":[{"href":"https:\/\/bearly-n.com\/en\/wp-json\/wp\/v2\/types\/product"}],"replies":[{"embeddable":true,"href":"https:\/\/bearly-n.com\/en\/wp-json\/wp\/v2\/comments?post=1529"}],"version-history":[{"count":1,"href":"https:\/\/bearly-n.com\/en\/wp-json\/wp\/v2\/product\/1529\/revisions"}],"predecessor-version":[{"id":6913,"href":"https:\/\/bearly-n.com\/en\/wp-json\/wp\/v2\/product\/1529\/revisions\/6913"}],"wp:featuredmedia":[{"embeddable":true,"href":"https:\/\/bearly-n.com\/en\/wp-json\/wp\/v2\/media\/1530"}],"wp:attachment":[{"href":"https:\/\/bearly-n.com\/en\/wp-json\/wp\/v2\/media?parent=1529"}],"wp:term":[{"taxonomy":"product_brand","embeddable":true,"href":"https:\/\/bearly-n.com\/en\/wp-json\/wp\/v2\/product_brand?post=1529"},{"taxonomy":"product_cat","embeddable":true,"href":"https:\/\/bearly-n.com\/en\/wp-json\/wp\/v2\/product_cat?post=1529"},{"taxonomy":"product_tag","embeddable":true,"href":"https:\/\/bearly-n.com\/en\/wp-json\/wp\/v2\/product_tag?post=1529"}],"curies":[{"name":"wp","href":"https:\/\/api.w.org\/{rel}","templated":true}]}}