{"id":1361,"date":"2017-09-30T07:35:51","date_gmt":"2017-09-30T06:35:51","guid":{"rendered":"https:\/\/bearly-n.com\/?post_type=product&#038;p=1361"},"modified":"2020-08-04T17:23:55","modified_gmt":"2020-08-04T15:23:55","slug":"bracelet-manchette-ours-bearlyn","status":"publish","type":"product","link":"https:\/\/bearly-n.com\/en\/product\/bracelet-manchette-ours-bearlyn\/","title":{"rendered":"Large bracelet manchette ours, The Old Sequoia"},"content":{"rendered":"<h2>Caract\u00e9ristiques principales du bracelet manchette ours \u00ab\u00a0The Old Sequoia\u00a0\u00bb<\/h2>\n<p>Le<strong> bracelet manchette \u00ab\u00a0The Old Sequoia\u00a0\u00bb<\/strong>\u00a0est tir\u00e9 de <a href=\"https:\/\/bearly-n.com\/en\/a-forest-collection\/\" target=\"_blank\" rel=\"noopener noreferrer\">\u00ab\u00a0A Forest Collection\u00a0\u00bb<\/a>, une collection de bijoux inspir\u00e9e par la nature, et en particulier par la for\u00eat et ses couleurs automnales.<\/p>\n<ul>\n<li>Avec sa couleur dominante brun-tabac, ce large bracelet sera facile \u00e0 porter avec bon nombre de tenues.<\/li>\n<li>Au centre d&rsquo;une broderie de perles brunes (perles japonaises Miyuki), on retrouve un ours en laiton (Etats-Unis).<br \/>\nLes cabochons sont en verre, teint\u00e9s \u00e0 la main \u00e0 l&rsquo;aide de flakies aux teintes changeantes (bleu-vert) , de diff\u00e9rentes tailles. Ils sont \u00e9galement\u00a0sertis de perles de verre. La broderie de perles recouvre l&rsquo;int\u00e9gralit\u00e9 du bracelet, elle est agr\u00e9ment\u00e9e de quelques cristaux de Swarovski pour une touche d&rsquo;\u00e9clat.<\/li>\n<li>La broderie est pos\u00e9e sur un bracelet en laiton de 50 x 16 mm, ajustable par l\u00e9g\u00e8re pression \u00e0 toutes les tailles de poignet.<\/li>\n<li>Pour finir, l&rsquo;ensemble est doubl\u00e9 de cuir brun (France). Un dernier rang de perles vient parfaire la finition des tranches du bracelet.<\/li>\n<\/ul>\n<p>Il s&rsquo;agit d&rsquo;une pi\u00e8ce unique. Toutes les \u00e9tapes de sa r\u00e9alisation ont \u00e9t\u00e9 effectu\u00e9es \u00e0 la main.<\/p>\n<h2>Entretien<\/h2>\n<ul>\n<li>Le cuir peut \u00eatre simplement nettoy\u00e9 avec un linge humide et un peu de savon glycerin\u00e9.<\/li>\n<li>La partie brod\u00e9e peut \u00eatre d\u00e9poussi\u00e9r\u00e9e \u00e0 l&rsquo;aide d&rsquo;un pinceau souple et d&rsquo;un chiffon l\u00e9g\u00e8rement humide.<\/li>\n<li><strong>Eviter le contact avec l&rsquo;eau.<\/strong><\/li>\n<\/ul>\n<h2>Accessoires fournis<\/h2>\n<p>Mes bijoux sont fournis avec une bo\u00eete noire en carton rigide, doubl\u00e9e de satin noir. L&#8217;emballage est soign\u00e9, cela en fait un produit pr\u00eat \u00e0 offrir&#8230;ou \u00e0 s&rsquo;offrir!<\/p>\n<p>&nbsp;<\/p>","protected":false},"excerpt":{"rendered":"<p>Collection\u00a0<strong>\u00ab\u00a0A Forest Collection \u00bb.<\/strong><\/p>\n<p>Bracelet brod\u00e9 de perles et ours en laiton. Teintes brun tabac, or\u00a0 et reflets changeants bleu-vert, doubl\u00e9 de cuir brun .<\/p>\n<p>Frais de port offerts, envoi en colis suivi.<\/p>","protected":false},"featured_media":1362,"comment_status":"open","ping_status":"closed","template":"","meta":{"_price":"289","_stock":"1","_tribe_ticket_header":"","_tribe_default_ticket_provider":"","_tribe_ticket_capacity":"1","_ticket_start_date":"","_ticket_end_date":"","_tribe_ticket_show_description":"","_tribe_ticket_show_not_going":false,"_tribe_ticket_use_global_stock":"","_tribe_ticket_global_stock_level":"","_global_stock_mode":"","_global_stock_cap":"","_tribe_rsvp_for_event":"","_tribe_ticket_going_count":"","_tribe_ticket_not_going_count":"","_tribe_tickets_list":"[]","_tribe_ticket_has_attendee_info_fields":false,"jetpack_post_was_ever_published":false,"jetpack_publicize_message":"","jetpack_publicize_feature_enabled":true,"jetpack_social_post_already_shared":true,"jetpack_social_options":{"image_generator_settings":{"template":"highway","default_image_id":0,"font":"","enabled":false},"version":2}},"product_brand":[],"product_cat":[112,113],"product_tag":[83,118],"class_list":{"0":"post-1361","1":"product","2":"type-product","3":"status-publish","4":"has-post-thumbnail","6":"product_cat-bracelets","7":"product_cat-manchettes-larges","8":"product_tag-a-forest-collection","9":"product_tag-bracelet-manchette","10":"product_shipping_class-gratuite","11":"pa_couleur-brun","13":"first","14":"instock","15":"sold-individually","16":"shipping-taxable","17":"purchasable","18":"product-type-simple"},"yoast_head":"<!-- This site is optimized with the Yoast SEO plugin v26.2 - https:\/\/yoast.com\/wordpress\/plugins\/seo\/ -->\n<title>Large bracelet manchette ours, The Old Sequoia - BearlyN<\/title>\n<meta name=\"description\" content=\"D\u00e9couvrez le bracelet manchette ours &quot;The Old Sequoia&quot;. Un ours en laiton au coeur d&#039;une broderie de perles tabac et des accents de couleurs automnales\" \/>\n<meta name=\"robots\" content=\"index, follow, max-snippet:-1, max-image-preview:large, max-video-preview:-1\" \/>\n<link rel=\"canonical\" href=\"https:\/\/bearly-n.com\/en\/product\/bracelet-manchette-ours-bearlyn\/\" \/>\n<meta property=\"og:locale\" content=\"en_US\" \/>\n<meta property=\"og:type\" content=\"article\" \/>\n<meta property=\"og:title\" content=\"Large bracelet manchette ours, The Old Sequoia - BearlyN\" \/>\n<meta property=\"og:description\" content=\"D\u00e9couvrez le bracelet manchette ours &quot;The Old Sequoia&quot;. Un ours en laiton au coeur d&#039;une broderie de perles tabac et des accents de couleurs automnales\" \/>\n<meta property=\"og:url\" content=\"https:\/\/bearly-n.com\/en\/product\/bracelet-manchette-ours-bearlyn\/\" \/>\n<meta property=\"og:site_name\" content=\"BearlyN\" \/>\n<meta property=\"article:publisher\" content=\"https:\/\/www.facebook.com\/Bearly-N-881942331934180\/\" \/>\n<meta property=\"article:modified_time\" content=\"2020-08-04T15:23:55+00:00\" \/>\n<meta property=\"og:image\" content=\"https:\/\/i0.wp.com\/bearly-n.com\/wp-content\/uploads\/2017\/09\/2016-10-27-the-old-sequoia.jpg?fit=1024%2C768&ssl=1\" \/>\n\t<meta property=\"og:image:width\" content=\"1024\" \/>\n\t<meta property=\"og:image:height\" content=\"768\" \/>\n\t<meta property=\"og:image:type\" content=\"image\/jpeg\" \/>\n<meta name=\"twitter:card\" content=\"summary_large_image\" \/>\n<meta name=\"twitter:label1\" content=\"Est. reading time\" \/>\n\t<meta name=\"twitter:data1\" content=\"1 minute\" \/>\n<script type=\"application\/ld+json\" class=\"yoast-schema-graph\">{\"@context\":\"https:\/\/schema.org\",\"@graph\":[{\"@type\":\"WebPage\",\"@id\":\"https:\/\/bearly-n.com\/produit\/bracelet-manchette-ours-bearlyn\/\",\"url\":\"https:\/\/bearly-n.com\/produit\/bracelet-manchette-ours-bearlyn\/\",\"name\":\"Large bracelet manchette ours, The Old Sequoia - BearlyN\",\"isPartOf\":{\"@id\":\"https:\/\/bearly-n.com\/#website\"},\"primaryImageOfPage\":{\"@id\":\"https:\/\/bearly-n.com\/produit\/bracelet-manchette-ours-bearlyn\/#primaryimage\"},\"image\":{\"@id\":\"https:\/\/bearly-n.com\/produit\/bracelet-manchette-ours-bearlyn\/#primaryimage\"},\"thumbnailUrl\":\"https:\/\/i0.wp.com\/bearly-n.com\/wp-content\/uploads\/2017\/09\/2016-10-27-the-old-sequoia.jpg?fit=1024%2C768&ssl=1\",\"datePublished\":\"2017-09-30T06:35:51+00:00\",\"dateModified\":\"2020-08-04T15:23:55+00:00\",\"description\":\"D\u00e9couvrez le bracelet manchette ours \\\"The Old Sequoia\\\". Un ours en laiton au coeur d'une broderie de perles tabac et des accents de couleurs automnales\",\"breadcrumb\":{\"@id\":\"https:\/\/bearly-n.com\/produit\/bracelet-manchette-ours-bearlyn\/#breadcrumb\"},\"inLanguage\":\"en-US\",\"potentialAction\":[{\"@type\":\"ReadAction\",\"target\":[\"https:\/\/bearly-n.com\/produit\/bracelet-manchette-ours-bearlyn\/\"]}]},{\"@type\":\"ImageObject\",\"inLanguage\":\"en-US\",\"@id\":\"https:\/\/bearly-n.com\/produit\/bracelet-manchette-ours-bearlyn\/#primaryimage\",\"url\":\"https:\/\/i0.wp.com\/bearly-n.com\/wp-content\/uploads\/2017\/09\/2016-10-27-the-old-sequoia.jpg?fit=1024%2C768&ssl=1\",\"contentUrl\":\"https:\/\/i0.wp.com\/bearly-n.com\/wp-content\/uploads\/2017\/09\/2016-10-27-the-old-sequoia.jpg?fit=1024%2C768&ssl=1\",\"width\":1024,\"height\":768,\"caption\":\"bracelet manchette ours\"},{\"@type\":\"BreadcrumbList\",\"@id\":\"https:\/\/bearly-n.com\/produit\/bracelet-manchette-ours-bearlyn\/#breadcrumb\",\"itemListElement\":[{\"@type\":\"ListItem\",\"position\":1,\"name\":\"Accueil\",\"item\":\"https:\/\/bearly-n.com\/\"},{\"@type\":\"ListItem\",\"position\":2,\"name\":\"Boutique en ligne\",\"item\":\"https:\/\/bearly-n.com\/en\/boutique-en-ligne\/\"},{\"@type\":\"ListItem\",\"position\":3,\"name\":\"Large bracelet manchette ours, The Old Sequoia\"}]},{\"@type\":\"WebSite\",\"@id\":\"https:\/\/bearly-n.com\/#website\",\"url\":\"https:\/\/bearly-n.com\/\",\"name\":\"BearlyN, bijoux de caract\u00e8re\",\"description\":\"Bijoux de Caract\u00e8re\",\"publisher\":{\"@id\":\"https:\/\/bearly-n.com\/#organization\"},\"potentialAction\":[{\"@type\":\"SearchAction\",\"target\":{\"@type\":\"EntryPoint\",\"urlTemplate\":\"https:\/\/bearly-n.com\/?s={search_term_string}\"},\"query-input\":{\"@type\":\"PropertyValueSpecification\",\"valueRequired\":true,\"valueName\":\"search_term_string\"}}],\"inLanguage\":\"en-US\"},{\"@type\":\"Organization\",\"@id\":\"https:\/\/bearly-n.com\/#organization\",\"name\":\"BearlyN\",\"url\":\"https:\/\/bearly-n.com\/\",\"logo\":{\"@type\":\"ImageObject\",\"inLanguage\":\"en-US\",\"@id\":\"https:\/\/bearly-n.com\/#\/schema\/logo\/image\/\",\"url\":\"https:\/\/i1.wp.com\/bearly-n.com\/wp-content\/uploads\/2016\/12\/logo.jpg?fit=630%2C270&ssl=1\",\"contentUrl\":\"https:\/\/i1.wp.com\/bearly-n.com\/wp-content\/uploads\/2016\/12\/logo.jpg?fit=630%2C270&ssl=1\",\"width\":630,\"height\":270,\"caption\":\"BearlyN\"},\"image\":{\"@id\":\"https:\/\/bearly-n.com\/#\/schema\/logo\/image\/\"},\"sameAs\":[\"https:\/\/www.facebook.com\/Bearly-N-881942331934180\/\",\"http:\/\/bearlyn\",\"https:\/\/www.linkedin.com\/company\/bearly-n\/\",\"https:\/\/fr.pinterest.com\/Bearlynterest\/\"]}]}<\/script>\n<!-- \/ Yoast SEO plugin. -->","yoast_head_json":{"title":"Large bracelet manchette ours, The Old Sequoia - BearlyN","description":"D\u00e9couvrez le bracelet manchette ours \"The Old Sequoia\". Un ours en laiton au coeur d'une broderie de perles tabac et des accents de couleurs automnales","robots":{"index":"index","follow":"follow","max-snippet":"max-snippet:-1","max-image-preview":"max-image-preview:large","max-video-preview":"max-video-preview:-1"},"canonical":"https:\/\/bearly-n.com\/en\/product\/bracelet-manchette-ours-bearlyn\/","og_locale":"en_US","og_type":"article","og_title":"Large bracelet manchette ours, The Old Sequoia - BearlyN","og_description":"D\u00e9couvrez le bracelet manchette ours \"The Old Sequoia\". Un ours en laiton au coeur d'une broderie de perles tabac et des accents de couleurs automnales","og_url":"https:\/\/bearly-n.com\/en\/product\/bracelet-manchette-ours-bearlyn\/","og_site_name":"BearlyN","article_publisher":"https:\/\/www.facebook.com\/Bearly-N-881942331934180\/","article_modified_time":"2020-08-04T15:23:55+00:00","og_image":[{"width":1024,"height":768,"url":"https:\/\/i0.wp.com\/bearly-n.com\/wp-content\/uploads\/2017\/09\/2016-10-27-the-old-sequoia.jpg?fit=1024%2C768&ssl=1","type":"image\/jpeg"}],"twitter_card":"summary_large_image","twitter_misc":{"Est. reading time":"1 minute"},"schema":{"@context":"https:\/\/schema.org","@graph":[{"@type":"WebPage","@id":"https:\/\/bearly-n.com\/produit\/bracelet-manchette-ours-bearlyn\/","url":"https:\/\/bearly-n.com\/produit\/bracelet-manchette-ours-bearlyn\/","name":"Large bracelet manchette ours, The Old Sequoia - BearlyN","isPartOf":{"@id":"https:\/\/bearly-n.com\/#website"},"primaryImageOfPage":{"@id":"https:\/\/bearly-n.com\/produit\/bracelet-manchette-ours-bearlyn\/#primaryimage"},"image":{"@id":"https:\/\/bearly-n.com\/produit\/bracelet-manchette-ours-bearlyn\/#primaryimage"},"thumbnailUrl":"https:\/\/i0.wp.com\/bearly-n.com\/wp-content\/uploads\/2017\/09\/2016-10-27-the-old-sequoia.jpg?fit=1024%2C768&ssl=1","datePublished":"2017-09-30T06:35:51+00:00","dateModified":"2020-08-04T15:23:55+00:00","description":"D\u00e9couvrez le bracelet manchette ours \"The Old Sequoia\". Un ours en laiton au coeur d'une broderie de perles tabac et des accents de couleurs automnales","breadcrumb":{"@id":"https:\/\/bearly-n.com\/produit\/bracelet-manchette-ours-bearlyn\/#breadcrumb"},"inLanguage":"en-US","potentialAction":[{"@type":"ReadAction","target":["https:\/\/bearly-n.com\/produit\/bracelet-manchette-ours-bearlyn\/"]}]},{"@type":"ImageObject","inLanguage":"en-US","@id":"https:\/\/bearly-n.com\/produit\/bracelet-manchette-ours-bearlyn\/#primaryimage","url":"https:\/\/i0.wp.com\/bearly-n.com\/wp-content\/uploads\/2017\/09\/2016-10-27-the-old-sequoia.jpg?fit=1024%2C768&ssl=1","contentUrl":"https:\/\/i0.wp.com\/bearly-n.com\/wp-content\/uploads\/2017\/09\/2016-10-27-the-old-sequoia.jpg?fit=1024%2C768&ssl=1","width":1024,"height":768,"caption":"bracelet manchette ours"},{"@type":"BreadcrumbList","@id":"https:\/\/bearly-n.com\/produit\/bracelet-manchette-ours-bearlyn\/#breadcrumb","itemListElement":[{"@type":"ListItem","position":1,"name":"Accueil","item":"https:\/\/bearly-n.com\/"},{"@type":"ListItem","position":2,"name":"Boutique en ligne","item":"https:\/\/bearly-n.com\/en\/boutique-en-ligne\/"},{"@type":"ListItem","position":3,"name":"Large bracelet manchette ours, The Old Sequoia"}]},{"@type":"WebSite","@id":"https:\/\/bearly-n.com\/#website","url":"https:\/\/bearly-n.com\/","name":"BearlyN, bijoux de caract\u00e8re","description":"Bijoux de Caract\u00e8re","publisher":{"@id":"https:\/\/bearly-n.com\/#organization"},"potentialAction":[{"@type":"SearchAction","target":{"@type":"EntryPoint","urlTemplate":"https:\/\/bearly-n.com\/?s={search_term_string}"},"query-input":{"@type":"PropertyValueSpecification","valueRequired":true,"valueName":"search_term_string"}}],"inLanguage":"en-US"},{"@type":"Organization","@id":"https:\/\/bearly-n.com\/#organization","name":"BearlyN","url":"https:\/\/bearly-n.com\/","logo":{"@type":"ImageObject","inLanguage":"en-US","@id":"https:\/\/bearly-n.com\/#\/schema\/logo\/image\/","url":"https:\/\/i1.wp.com\/bearly-n.com\/wp-content\/uploads\/2016\/12\/logo.jpg?fit=630%2C270&ssl=1","contentUrl":"https:\/\/i1.wp.com\/bearly-n.com\/wp-content\/uploads\/2016\/12\/logo.jpg?fit=630%2C270&ssl=1","width":630,"height":270,"caption":"BearlyN"},"image":{"@id":"https:\/\/bearly-n.com\/#\/schema\/logo\/image\/"},"sameAs":["https:\/\/www.facebook.com\/Bearly-N-881942331934180\/","http:\/\/bearlyn","https:\/\/www.linkedin.com\/company\/bearly-n\/","https:\/\/fr.pinterest.com\/Bearlynterest\/"]}]}},"jetpack_publicize_connections":[],"jetpack_sharing_enabled":true,"jetpack_likes_enabled":true,"_links":{"self":[{"href":"https:\/\/bearly-n.com\/en\/wp-json\/wp\/v2\/product\/1361","targetHints":{"allow":["GET"]}}],"collection":[{"href":"https:\/\/bearly-n.com\/en\/wp-json\/wp\/v2\/product"}],"about":[{"href":"https:\/\/bearly-n.com\/en\/wp-json\/wp\/v2\/types\/product"}],"replies":[{"embeddable":true,"href":"https:\/\/bearly-n.com\/en\/wp-json\/wp\/v2\/comments?post=1361"}],"version-history":[{"count":1,"href":"https:\/\/bearly-n.com\/en\/wp-json\/wp\/v2\/product\/1361\/revisions"}],"predecessor-version":[{"id":4838,"href":"https:\/\/bearly-n.com\/en\/wp-json\/wp\/v2\/product\/1361\/revisions\/4838"}],"wp:featuredmedia":[{"embeddable":true,"href":"https:\/\/bearly-n.com\/en\/wp-json\/wp\/v2\/media\/1362"}],"wp:attachment":[{"href":"https:\/\/bearly-n.com\/en\/wp-json\/wp\/v2\/media?parent=1361"}],"wp:term":[{"taxonomy":"product_brand","embeddable":true,"href":"https:\/\/bearly-n.com\/en\/wp-json\/wp\/v2\/product_brand?post=1361"},{"taxonomy":"product_cat","embeddable":true,"href":"https:\/\/bearly-n.com\/en\/wp-json\/wp\/v2\/product_cat?post=1361"},{"taxonomy":"product_tag","embeddable":true,"href":"https:\/\/bearly-n.com\/en\/wp-json\/wp\/v2\/product_tag?post=1361"}],"curies":[{"name":"wp","href":"https:\/\/api.w.org\/{rel}","templated":true}]}}