{"id":1286,"date":"2017-08-11T19:00:31","date_gmt":"2017-08-11T18:00:31","guid":{"rendered":"https:\/\/bearly-n.com\/?post_type=product&#038;p=1286"},"modified":"2022-08-01T22:23:39","modified_gmt":"2022-08-01T20:23:39","slug":"pendentif-ethnique-rhinoceros","status":"publish","type":"product","link":"https:\/\/bearly-n.com\/en\/product\/pendentif-ethnique-rhinoceros\/","title":{"rendered":"Pendentif ethnique, rhinoc\u00e9ros et oeil de fer"},"content":{"rendered":"<h2>Caract\u00e9ristiques principales du pendentif ethnique rhinoceros<\/h2>\n<p>Ce pendentif rhinoceros est tir\u00e9 de la <a href=\"https:\/\/bearly-n.com\/en\/la-collection-welcome-to-the-jungle\/\"><strong>Collection Welcome to The Jungle<\/strong><\/a><\/p>\n<ul>\n<li>de style ethnique, ce pendentif au couleurs chaudes de l&rsquo;Afrique sera facile \u00e0 porter tout l&rsquo;\u00e9t\u00e9, pour un look safari il peut \u00eatre port\u00e9 sur une chemise en lin ou une saharienne&#8230;Il s&rsquo;agit d&rsquo;une pi\u00e8ce forte, que ce soit par la taille du pendentif comme par le rhinoceros et la puissance qu&rsquo;il d\u00e9gage.<\/li>\n<li>Un beau cabochon en oeil de fer (Australie) surplombe une estampe en m\u00e9tal argent\u00e9 repr\u00e9sentant un rhinoc\u00e9ros (USA).<br \/>\nL&rsquo; ensemble du pendentif est brod\u00e9 de perles japonaises, dans des teintes de brun, de rouge et de bronze. Quelques perles d&rsquo;oeil de tigre viennent enrichir la broderie aux motifs ethnique.<\/li>\n<li>Pour finir, l&rsquo;ensemble est doubl\u00e9 de cuir de veau lisse, rouge carmin (France), une rang\u00e9e de perles rouges vient parfaire la finition.<\/li>\n<li>Mont\u00e9 sur un lien de cuir noir et un tube courb\u00e9 en m\u00e9tal argent\u00e9, fermoir cha\u00eenette en m\u00e9tal argent\u00e9 vieilli, garanti sans nickel.<\/li>\n<\/ul>\n<p>Il s&rsquo;agit d&rsquo;une pi\u00e8ce unique. Toutes les \u00e9tapes de sa r\u00e9alisation ont \u00e9t\u00e9 effectu\u00e9es \u00e0 la main.<\/p>\n<h2>Dimensions du pendentif :<\/h2>\n<p>Le pendentif mesure 13&#215;9 cm.<\/p>\n<p>Le cabochon d&rsquo;\u0153il de fer, ou jaspe h\u00e9matoide, mesure \u00a04,5 x 3.4 cm, il est serti de perles de verre (Miyuki) brun fonc\u00e9.<\/p>\n<p>Rhinoc\u00e9ros en m\u00e9tal argent\u00e9, mesurant (7 x 4 cm).<\/p>\n<p>Mont\u00e9 sur un lien de cuir noir (diam 4mm) de 46 cm,<\/p>\n<h2>Entretien<\/h2>\n<ul>\n<li>Le cuir peut \u00eatre simplement nettoy\u00e9 avec un linge humide et un peu de savon glycerin\u00e9.<\/li>\n<li>La partie brod\u00e9e peut \u00eatre d\u00e9poussi\u00e9r\u00e9e \u00e0 l&rsquo;aide d&rsquo;un pinceau souple et d&rsquo;un chiffon l\u00e9g\u00e8rement humide.<\/li>\n<li><strong>Eviter le contact avec l&rsquo;eau.<\/strong><\/li>\n<\/ul>\n<h2>Accessoires fournis<\/h2>\n<p>Mes bijoux sont fournis avec une bo\u00eete noire en carton rigide, doubl\u00e9e de satin noir. L&#8217;emballage est soign\u00e9, cela en fait un produit pr\u00eat \u00e0 offrir&#8230;ou \u00e0 s&rsquo;offrir!<\/p>\n<p>&nbsp;<\/p>","protected":false},"excerpt":{"rendered":"<p>Collection <strong>\u00ab\u00a0Welcome To The Jungle\u00a0\u00bb<\/strong><\/p>\n<p>Pendentif ethnique, de forme oblongue, rhinoceros en m\u00e9tal argent\u00e9, cabochon d&rsquo;oeil de fer.<\/p>\n<p>Frais de port offerts, envoi suivi.<\/p>","protected":false},"featured_media":897,"comment_status":"open","ping_status":"closed","template":"","meta":{"_price":"294","_stock":"0","_tribe_ticket_header":"","_tribe_default_ticket_provider":"","_tribe_ticket_capacity":"1","_ticket_start_date":"","_ticket_end_date":"","_tribe_ticket_show_description":"","_tribe_ticket_show_not_going":false,"_tribe_ticket_use_global_stock":"","_tribe_ticket_global_stock_level":"","_global_stock_mode":"","_global_stock_cap":"","_tribe_rsvp_for_event":"","_tribe_ticket_going_count":"","_tribe_ticket_not_going_count":"","_tribe_tickets_list":"[]","_tribe_ticket_has_attendee_info_fields":false,"jetpack_post_was_ever_published":false,"jetpack_publicize_message":"","jetpack_publicize_feature_enabled":true,"jetpack_social_post_already_shared":true,"jetpack_social_options":{"image_generator_settings":{"template":"highway","default_image_id":0,"font":"","enabled":false},"version":2}},"product_brand":[],"product_cat":[108,110],"product_tag":[116,78,79],"class_list":{"0":"post-1286","1":"product","2":"type-product","3":"status-publish","4":"has-post-thumbnail","6":"product_cat-pendentifs","7":"product_cat-medaillon","8":"product_tag-medaillon","9":"product_tag-pendentif","10":"product_tag-welcome-to-the-jungle","11":"product_shipping_class-gratuite","12":"pa_couleur-brun","13":"pa_couleur-marron","14":"pa_couleur-rouge","16":"first","17":"outofstock","18":"sold-individually","19":"shipping-taxable","20":"purchasable","21":"product-type-simple"},"yoast_head":"<!-- This site is optimized with the Yoast SEO plugin v26.2 - https:\/\/yoast.com\/wordpress\/plugins\/seo\/ -->\n<title>Pendentif ethnique, rhinoc\u00e9ros et oeil de fer - BearlyN<\/title>\n<meta name=\"description\" content=\"Partez en safari avec ce pendentif brod\u00e9 de style ethnique. Un oeil de fer accompagne un rhinoceros, toutes les couleurs de l&#039;Afrique \u00e0 porter \u00e0 son cou.\" \/>\n<meta name=\"robots\" content=\"index, follow, max-snippet:-1, max-image-preview:large, max-video-preview:-1\" \/>\n<link rel=\"canonical\" href=\"https:\/\/bearly-n.com\/en\/product\/pendentif-ethnique-rhinoceros\/\" \/>\n<meta property=\"og:locale\" content=\"en_US\" \/>\n<meta property=\"og:type\" content=\"article\" \/>\n<meta property=\"og:title\" content=\"Pendentif ethnique, rhinoc\u00e9ros et oeil de fer - BearlyN\" \/>\n<meta property=\"og:description\" content=\"Partez en safari avec ce pendentif brod\u00e9 de style ethnique. Un oeil de fer accompagne un rhinoceros, toutes les couleurs de l&#039;Afrique \u00e0 porter \u00e0 son cou.\" \/>\n<meta property=\"og:url\" content=\"https:\/\/bearly-n.com\/en\/product\/pendentif-ethnique-rhinoceros\/\" \/>\n<meta property=\"og:site_name\" content=\"BearlyN\" \/>\n<meta property=\"article:publisher\" content=\"https:\/\/www.facebook.com\/Bearly-N-881942331934180\/\" \/>\n<meta property=\"article:modified_time\" content=\"2022-08-01T20:23:39+00:00\" \/>\n<meta property=\"og:image\" content=\"https:\/\/i0.wp.com\/bearly-n.com\/wp-content\/uploads\/2017\/05\/principale-rhino.jpg?fit=768%2C1024&ssl=1\" \/>\n\t<meta property=\"og:image:width\" content=\"768\" \/>\n\t<meta property=\"og:image:height\" content=\"1024\" \/>\n\t<meta property=\"og:image:type\" content=\"image\/jpeg\" \/>\n<meta name=\"twitter:card\" content=\"summary_large_image\" \/>\n<meta name=\"twitter:label1\" content=\"Est. reading time\" \/>\n\t<meta name=\"twitter:data1\" content=\"2 minutes\" \/>\n<script type=\"application\/ld+json\" class=\"yoast-schema-graph\">{\"@context\":\"https:\/\/schema.org\",\"@graph\":[{\"@type\":\"WebPage\",\"@id\":\"https:\/\/bearly-n.com\/produit\/pendentif-ethnique-rhinoceros\/\",\"url\":\"https:\/\/bearly-n.com\/produit\/pendentif-ethnique-rhinoceros\/\",\"name\":\"Pendentif ethnique, rhinoc\u00e9ros et oeil de fer - BearlyN\",\"isPartOf\":{\"@id\":\"https:\/\/bearly-n.com\/#website\"},\"primaryImageOfPage\":{\"@id\":\"https:\/\/bearly-n.com\/produit\/pendentif-ethnique-rhinoceros\/#primaryimage\"},\"image\":{\"@id\":\"https:\/\/bearly-n.com\/produit\/pendentif-ethnique-rhinoceros\/#primaryimage\"},\"thumbnailUrl\":\"https:\/\/i0.wp.com\/bearly-n.com\/wp-content\/uploads\/2017\/05\/principale-rhino.jpg?fit=768%2C1024&ssl=1\",\"datePublished\":\"2017-08-11T18:00:31+00:00\",\"dateModified\":\"2022-08-01T20:23:39+00:00\",\"description\":\"Partez en safari avec ce pendentif brod\u00e9 de style ethnique. Un oeil de fer accompagne un rhinoceros, toutes les couleurs de l'Afrique \u00e0 porter \u00e0 son cou.\",\"breadcrumb\":{\"@id\":\"https:\/\/bearly-n.com\/produit\/pendentif-ethnique-rhinoceros\/#breadcrumb\"},\"inLanguage\":\"en-US\",\"potentialAction\":[{\"@type\":\"ReadAction\",\"target\":[\"https:\/\/bearly-n.com\/produit\/pendentif-ethnique-rhinoceros\/\"]}]},{\"@type\":\"ImageObject\",\"inLanguage\":\"en-US\",\"@id\":\"https:\/\/bearly-n.com\/produit\/pendentif-ethnique-rhinoceros\/#primaryimage\",\"url\":\"https:\/\/i0.wp.com\/bearly-n.com\/wp-content\/uploads\/2017\/05\/principale-rhino.jpg?fit=768%2C1024&ssl=1\",\"contentUrl\":\"https:\/\/i0.wp.com\/bearly-n.com\/wp-content\/uploads\/2017\/05\/principale-rhino.jpg?fit=768%2C1024&ssl=1\",\"width\":768,\"height\":1024,\"caption\":\"pendentif brod\u00e9 rhinoceros\"},{\"@type\":\"BreadcrumbList\",\"@id\":\"https:\/\/bearly-n.com\/produit\/pendentif-ethnique-rhinoceros\/#breadcrumb\",\"itemListElement\":[{\"@type\":\"ListItem\",\"position\":1,\"name\":\"Accueil\",\"item\":\"https:\/\/bearly-n.com\/\"},{\"@type\":\"ListItem\",\"position\":2,\"name\":\"Boutique en ligne\",\"item\":\"https:\/\/bearly-n.com\/en\/boutique-en-ligne\/\"},{\"@type\":\"ListItem\",\"position\":3,\"name\":\"Pendentif ethnique, rhinoc\u00e9ros et oeil de fer\"}]},{\"@type\":\"WebSite\",\"@id\":\"https:\/\/bearly-n.com\/#website\",\"url\":\"https:\/\/bearly-n.com\/\",\"name\":\"BearlyN, bijoux de caract\u00e8re\",\"description\":\"Bijoux de Caract\u00e8re\",\"publisher\":{\"@id\":\"https:\/\/bearly-n.com\/#organization\"},\"potentialAction\":[{\"@type\":\"SearchAction\",\"target\":{\"@type\":\"EntryPoint\",\"urlTemplate\":\"https:\/\/bearly-n.com\/?s={search_term_string}\"},\"query-input\":{\"@type\":\"PropertyValueSpecification\",\"valueRequired\":true,\"valueName\":\"search_term_string\"}}],\"inLanguage\":\"en-US\"},{\"@type\":\"Organization\",\"@id\":\"https:\/\/bearly-n.com\/#organization\",\"name\":\"BearlyN\",\"url\":\"https:\/\/bearly-n.com\/\",\"logo\":{\"@type\":\"ImageObject\",\"inLanguage\":\"en-US\",\"@id\":\"https:\/\/bearly-n.com\/#\/schema\/logo\/image\/\",\"url\":\"https:\/\/i1.wp.com\/bearly-n.com\/wp-content\/uploads\/2016\/12\/logo.jpg?fit=630%2C270&ssl=1\",\"contentUrl\":\"https:\/\/i1.wp.com\/bearly-n.com\/wp-content\/uploads\/2016\/12\/logo.jpg?fit=630%2C270&ssl=1\",\"width\":630,\"height\":270,\"caption\":\"BearlyN\"},\"image\":{\"@id\":\"https:\/\/bearly-n.com\/#\/schema\/logo\/image\/\"},\"sameAs\":[\"https:\/\/www.facebook.com\/Bearly-N-881942331934180\/\",\"http:\/\/bearlyn\",\"https:\/\/www.linkedin.com\/company\/bearly-n\/\",\"https:\/\/fr.pinterest.com\/Bearlynterest\/\"]}]}<\/script>\n<!-- \/ Yoast SEO plugin. -->","yoast_head_json":{"title":"Pendentif ethnique, rhinoc\u00e9ros et oeil de fer - BearlyN","description":"Partez en safari avec ce pendentif brod\u00e9 de style ethnique. Un oeil de fer accompagne un rhinoceros, toutes les couleurs de l'Afrique \u00e0 porter \u00e0 son cou.","robots":{"index":"index","follow":"follow","max-snippet":"max-snippet:-1","max-image-preview":"max-image-preview:large","max-video-preview":"max-video-preview:-1"},"canonical":"https:\/\/bearly-n.com\/en\/product\/pendentif-ethnique-rhinoceros\/","og_locale":"en_US","og_type":"article","og_title":"Pendentif ethnique, rhinoc\u00e9ros et oeil de fer - BearlyN","og_description":"Partez en safari avec ce pendentif brod\u00e9 de style ethnique. Un oeil de fer accompagne un rhinoceros, toutes les couleurs de l'Afrique \u00e0 porter \u00e0 son cou.","og_url":"https:\/\/bearly-n.com\/en\/product\/pendentif-ethnique-rhinoceros\/","og_site_name":"BearlyN","article_publisher":"https:\/\/www.facebook.com\/Bearly-N-881942331934180\/","article_modified_time":"2022-08-01T20:23:39+00:00","og_image":[{"width":768,"height":1024,"url":"https:\/\/i0.wp.com\/bearly-n.com\/wp-content\/uploads\/2017\/05\/principale-rhino.jpg?fit=768%2C1024&ssl=1","type":"image\/jpeg"}],"twitter_card":"summary_large_image","twitter_misc":{"Est. reading time":"2 minutes"},"schema":{"@context":"https:\/\/schema.org","@graph":[{"@type":"WebPage","@id":"https:\/\/bearly-n.com\/produit\/pendentif-ethnique-rhinoceros\/","url":"https:\/\/bearly-n.com\/produit\/pendentif-ethnique-rhinoceros\/","name":"Pendentif ethnique, rhinoc\u00e9ros et oeil de fer - BearlyN","isPartOf":{"@id":"https:\/\/bearly-n.com\/#website"},"primaryImageOfPage":{"@id":"https:\/\/bearly-n.com\/produit\/pendentif-ethnique-rhinoceros\/#primaryimage"},"image":{"@id":"https:\/\/bearly-n.com\/produit\/pendentif-ethnique-rhinoceros\/#primaryimage"},"thumbnailUrl":"https:\/\/i0.wp.com\/bearly-n.com\/wp-content\/uploads\/2017\/05\/principale-rhino.jpg?fit=768%2C1024&ssl=1","datePublished":"2017-08-11T18:00:31+00:00","dateModified":"2022-08-01T20:23:39+00:00","description":"Partez en safari avec ce pendentif brod\u00e9 de style ethnique. Un oeil de fer accompagne un rhinoceros, toutes les couleurs de l'Afrique \u00e0 porter \u00e0 son cou.","breadcrumb":{"@id":"https:\/\/bearly-n.com\/produit\/pendentif-ethnique-rhinoceros\/#breadcrumb"},"inLanguage":"en-US","potentialAction":[{"@type":"ReadAction","target":["https:\/\/bearly-n.com\/produit\/pendentif-ethnique-rhinoceros\/"]}]},{"@type":"ImageObject","inLanguage":"en-US","@id":"https:\/\/bearly-n.com\/produit\/pendentif-ethnique-rhinoceros\/#primaryimage","url":"https:\/\/i0.wp.com\/bearly-n.com\/wp-content\/uploads\/2017\/05\/principale-rhino.jpg?fit=768%2C1024&ssl=1","contentUrl":"https:\/\/i0.wp.com\/bearly-n.com\/wp-content\/uploads\/2017\/05\/principale-rhino.jpg?fit=768%2C1024&ssl=1","width":768,"height":1024,"caption":"pendentif brod\u00e9 rhinoceros"},{"@type":"BreadcrumbList","@id":"https:\/\/bearly-n.com\/produit\/pendentif-ethnique-rhinoceros\/#breadcrumb","itemListElement":[{"@type":"ListItem","position":1,"name":"Accueil","item":"https:\/\/bearly-n.com\/"},{"@type":"ListItem","position":2,"name":"Boutique en ligne","item":"https:\/\/bearly-n.com\/en\/boutique-en-ligne\/"},{"@type":"ListItem","position":3,"name":"Pendentif ethnique, rhinoc\u00e9ros et oeil de fer"}]},{"@type":"WebSite","@id":"https:\/\/bearly-n.com\/#website","url":"https:\/\/bearly-n.com\/","name":"BearlyN, bijoux de caract\u00e8re","description":"Bijoux de Caract\u00e8re","publisher":{"@id":"https:\/\/bearly-n.com\/#organization"},"potentialAction":[{"@type":"SearchAction","target":{"@type":"EntryPoint","urlTemplate":"https:\/\/bearly-n.com\/?s={search_term_string}"},"query-input":{"@type":"PropertyValueSpecification","valueRequired":true,"valueName":"search_term_string"}}],"inLanguage":"en-US"},{"@type":"Organization","@id":"https:\/\/bearly-n.com\/#organization","name":"BearlyN","url":"https:\/\/bearly-n.com\/","logo":{"@type":"ImageObject","inLanguage":"en-US","@id":"https:\/\/bearly-n.com\/#\/schema\/logo\/image\/","url":"https:\/\/i1.wp.com\/bearly-n.com\/wp-content\/uploads\/2016\/12\/logo.jpg?fit=630%2C270&ssl=1","contentUrl":"https:\/\/i1.wp.com\/bearly-n.com\/wp-content\/uploads\/2016\/12\/logo.jpg?fit=630%2C270&ssl=1","width":630,"height":270,"caption":"BearlyN"},"image":{"@id":"https:\/\/bearly-n.com\/#\/schema\/logo\/image\/"},"sameAs":["https:\/\/www.facebook.com\/Bearly-N-881942331934180\/","http:\/\/bearlyn","https:\/\/www.linkedin.com\/company\/bearly-n\/","https:\/\/fr.pinterest.com\/Bearlynterest\/"]}]}},"jetpack_publicize_connections":[],"jetpack_sharing_enabled":true,"jetpack_likes_enabled":true,"_links":{"self":[{"href":"https:\/\/bearly-n.com\/en\/wp-json\/wp\/v2\/product\/1286","targetHints":{"allow":["GET"]}}],"collection":[{"href":"https:\/\/bearly-n.com\/en\/wp-json\/wp\/v2\/product"}],"about":[{"href":"https:\/\/bearly-n.com\/en\/wp-json\/wp\/v2\/types\/product"}],"replies":[{"embeddable":true,"href":"https:\/\/bearly-n.com\/en\/wp-json\/wp\/v2\/comments?post=1286"}],"version-history":[{"count":1,"href":"https:\/\/bearly-n.com\/en\/wp-json\/wp\/v2\/product\/1286\/revisions"}],"predecessor-version":[{"id":6864,"href":"https:\/\/bearly-n.com\/en\/wp-json\/wp\/v2\/product\/1286\/revisions\/6864"}],"wp:featuredmedia":[{"embeddable":true,"href":"https:\/\/bearly-n.com\/en\/wp-json\/wp\/v2\/media\/897"}],"wp:attachment":[{"href":"https:\/\/bearly-n.com\/en\/wp-json\/wp\/v2\/media?parent=1286"}],"wp:term":[{"taxonomy":"product_brand","embeddable":true,"href":"https:\/\/bearly-n.com\/en\/wp-json\/wp\/v2\/product_brand?post=1286"},{"taxonomy":"product_cat","embeddable":true,"href":"https:\/\/bearly-n.com\/en\/wp-json\/wp\/v2\/product_cat?post=1286"},{"taxonomy":"product_tag","embeddable":true,"href":"https:\/\/bearly-n.com\/en\/wp-json\/wp\/v2\/product_tag?post=1286"}],"curies":[{"name":"wp","href":"https:\/\/api.w.org\/{rel}","templated":true}]}}