{"id":1066,"date":"2017-07-14T17:02:07","date_gmt":"2017-07-14T15:02:07","guid":{"rendered":"https:\/\/bearly-n.com\/?post_type=product&#038;p=1066"},"modified":"2021-10-26T18:22:33","modified_gmt":"2021-10-26T16:22:33","slug":"collier-plastron-style-ethnique","status":"publish","type":"product","link":"https:\/\/bearly-n.com\/en\/product\/collier-plastron-style-ethnique\/","title":{"rendered":"Collier plastron Welcome To The Jungle, bijou de style ethnique"},"content":{"rendered":"<h2>Caract\u00e9ristiques principales du collier plastron Welcome To The Jungle<\/h2>\n<p>Le<strong> collier plastron Welcome To The Jungle<\/strong> est\u00a0enti\u00e8rement brod\u00e9 et doubl\u00e9 \u00e0 la main. \u00a0Il s&rsquo;agit d&rsquo;une pi\u00e8ce artisanale et unique; une pi\u00e8ce phare\u00a0de la<a href=\"https:\/\/bearly-n.com\/en\/la-collection-welcome-to-the-jungle\/\" target=\"_blank\" rel=\"noopener noreferrer\"> collection du m\u00eame nom<\/a>, qui nous plonge dans les f\u00f4rets les plus profondes d&rsquo;Amazonie. Il est directement inspir\u00e9 des plastrons de c\u00e9remonie, un look ethnique mais facile \u00e0 d\u00e9caler.<\/p>\n<ul>\n<li>Les franges apportent vie et l\u00e9g\u00e8ret\u00e9 \u00e0 ce plastron. Associ\u00e9 \u00e0 une chemise blanche, en lin ou en jean, pour un look casual chic, il\u00a0sera facile \u00e0 porter au quotidien.<\/li>\n<li>Le cabochon central est sculpt\u00e9 \u00e0 la main par un artisan des Etats-Unis , dans de l&rsquo;os bovin. Il repr\u00e9sente un colibri butinant des fleurs .\u00a0Il est serti de perles de verre (Miyuki) et de cristaux de Swarovski vert chartreuse. Trois Skulls en howlite donnent du caract\u00e8re \u00e0 ce plastron.<br \/>\nLes autres cabochons sont en verre, teint\u00e9s \u00e0 la main \u00e0 l&rsquo;aide de vernis cr\u00e8me holographique. Ils sont \u00e9galement\u00a0sertis de perles de verre. La broderie de perles et de cristaux de Swarovski recouvre l&rsquo;int\u00e9gralit\u00e9 du collier.<\/li>\n<li>Pour finir, l&rsquo;ensemble est doubl\u00e9 de cuir brique \u00a0(veau-France). Il est agr\u00e9able \u00e0 porter en contact direct avec la peau. Fermoir crochet en laiton, garanti sans nickel. Tour de cou: 39 cm, hauteur maximale (de l&rsquo;extr\u00e9mit\u00e9 des franges \u00e0 la parie int\u00e9rieure du collier : \u00a0cm)<\/li>\n<\/ul>\n<p>Evidement, il s&rsquo;agit d&rsquo;une pi\u00e8ce unique. Toutes les \u00e9tapes de sa r\u00e9alisation ont \u00e9t\u00e9 effectu\u00e9es \u00e0 la main et repr\u00e9sentent pr\u00e8s de 60 heures de travail.<\/p>\n<h2>Entretien<\/h2>\n<ul>\n<li>Le cuir peut \u00eatre simplement nettoy\u00e9 avec un linge humide et un peu de savon glycerin\u00e9.<\/li>\n<li>La partie brod\u00e9e peut \u00eatre d\u00e9poussi\u00e9r\u00e9e \u00e0 l&rsquo;aide d&rsquo;un pinceau souple et d&rsquo;un chiffon l\u00e9g\u00e8rement humide.<\/li>\n<li><strong>Eviter le contact avec l&rsquo;eau.<\/strong><\/li>\n<\/ul>\n<h2>Accessoires fournis<\/h2>\n<p>Mes bijoux sont fournis avec une bo\u00eete noire en carton rigide, doubl\u00e9e de satin noir. L&#8217;emballage est soign\u00e9, cela en fait un produit pr\u00eat \u00e0 offrir&#8230;ou \u00e0 s&rsquo;offrir!<\/p>\n<p>&nbsp;<\/p>\n<p>&nbsp;<\/p>\n<p>&nbsp;<\/p>","protected":false},"excerpt":{"rendered":"<p><strong>Collection Welcome To The Jungle<\/strong><\/p>\n<p>Collier plastron \u00e0 franges, brod\u00e9 dans des teintes ivoire et de touches de vert chartreuse,colibri en os pour un look ethnique de tendance am\u00e9rindienne.<\/p>\n<p>Livraison offerte pour ce produit. Colis suivi.<\/p>","protected":false},"featured_media":953,"comment_status":"open","ping_status":"closed","template":"","meta":{"_price":"1300","_stock":"1","_tribe_ticket_header":"","_tribe_default_ticket_provider":"","_tribe_ticket_capacity":"1","_ticket_start_date":"","_ticket_end_date":"","_tribe_ticket_show_description":"","_tribe_ticket_show_not_going":false,"_tribe_ticket_use_global_stock":"","_tribe_ticket_global_stock_level":"","_global_stock_mode":"","_global_stock_cap":"","_tribe_rsvp_for_event":"","_tribe_ticket_going_count":"","_tribe_ticket_not_going_count":"","_tribe_tickets_list":"[]","_tribe_ticket_has_attendee_info_fields":false,"jetpack_post_was_ever_published":false,"jetpack_publicize_message":"","jetpack_publicize_feature_enabled":true,"jetpack_social_post_already_shared":true,"jetpack_social_options":{"image_generator_settings":{"template":"highway","default_image_id":0,"font":"","enabled":false},"version":2}},"product_brand":[],"product_cat":[105,106],"product_tag":[215,197,205,213,214,79],"class_list":{"0":"post-1066","1":"product","2":"type-product","3":"status-publish","4":"has-post-thumbnail","6":"product_cat-plastrons","7":"product_cat-plastrons-a-franges","8":"product_tag-bijoux-ethniques","9":"product_tag-collier-plastron","10":"product_tag-plastron-a-franges","11":"product_tag-plastron-amerindien","12":"product_tag-plastron-brode","13":"product_tag-welcome-to-the-jungle","14":"product_shipping_class-gratuite","15":"pa_couleur-creme","16":"pa_couleur-vert","18":"first","19":"instock","20":"sold-individually","21":"shipping-taxable","22":"purchasable","23":"product-type-simple"},"yoast_head":"<!-- This site is optimized with the Yoast SEO plugin v26.2 - https:\/\/yoast.com\/wordpress\/plugins\/seo\/ -->\n<title>Collier plastron Welcome To The Jungle, bijou de style ethnique - BearlyN<\/title>\n<meta name=\"description\" content=\"Entrez dans les profondeurs de la jungle amazonienne avec le collier plastron Welcome To The Jungle, pi\u00e8ce ma\u00eetresse de la collection du m\u00eame nom.\" \/>\n<meta name=\"robots\" content=\"index, follow, max-snippet:-1, max-image-preview:large, max-video-preview:-1\" \/>\n<link rel=\"canonical\" href=\"https:\/\/bearly-n.com\/en\/product\/collier-plastron-style-ethnique\/\" \/>\n<meta property=\"og:locale\" content=\"en_US\" \/>\n<meta property=\"og:type\" content=\"article\" \/>\n<meta property=\"og:title\" content=\"Collier plastron Welcome To The Jungle, bijou de style ethnique - BearlyN\" \/>\n<meta property=\"og:description\" content=\"Entrez dans les profondeurs de la jungle amazonienne avec le collier plastron Welcome To The Jungle, pi\u00e8ce ma\u00eetresse de la collection du m\u00eame nom.\" \/>\n<meta property=\"og:url\" content=\"https:\/\/bearly-n.com\/en\/product\/collier-plastron-style-ethnique\/\" \/>\n<meta property=\"og:site_name\" content=\"BearlyN\" \/>\n<meta property=\"article:publisher\" content=\"https:\/\/www.facebook.com\/Bearly-N-881942331934180\/\" \/>\n<meta property=\"article:modified_time\" content=\"2021-10-26T16:22:33+00:00\" \/>\n<meta property=\"og:image\" content=\"https:\/\/bearly-n.com\/wp-content\/uploads\/2017\/06\/Welcome-to-the-Jungle-FB.jpg\" \/>\n\t<meta property=\"og:image:width\" content=\"1024\" \/>\n\t<meta property=\"og:image:height\" content=\"1024\" \/>\n\t<meta property=\"og:image:type\" content=\"image\/jpeg\" \/>\n<meta name=\"twitter:card\" content=\"summary_large_image\" \/>\n<meta name=\"twitter:label1\" content=\"Est. reading time\" \/>\n\t<meta name=\"twitter:data1\" content=\"2 minutes\" \/>\n<script type=\"application\/ld+json\" class=\"yoast-schema-graph\">{\"@context\":\"https:\/\/schema.org\",\"@graph\":[{\"@type\":\"WebPage\",\"@id\":\"https:\/\/bearly-n.com\/produit\/collier-plastron-style-ethnique\/\",\"url\":\"https:\/\/bearly-n.com\/produit\/collier-plastron-style-ethnique\/\",\"name\":\"Collier plastron Welcome To The Jungle, bijou de style ethnique - BearlyN\",\"isPartOf\":{\"@id\":\"https:\/\/bearly-n.com\/#website\"},\"primaryImageOfPage\":{\"@id\":\"https:\/\/bearly-n.com\/produit\/collier-plastron-style-ethnique\/#primaryimage\"},\"image\":{\"@id\":\"https:\/\/bearly-n.com\/produit\/collier-plastron-style-ethnique\/#primaryimage\"},\"thumbnailUrl\":\"https:\/\/i0.wp.com\/bearly-n.com\/wp-content\/uploads\/2017\/06\/Welcome-to-the-Jungle-FB.jpg?fit=1024%2C1024&ssl=1\",\"datePublished\":\"2017-07-14T15:02:07+00:00\",\"dateModified\":\"2021-10-26T16:22:33+00:00\",\"description\":\"Entrez dans les profondeurs de la jungle amazonienne avec le collier plastron Welcome To The Jungle, pi\u00e8ce ma\u00eetresse de la collection du m\u00eame nom.\",\"breadcrumb\":{\"@id\":\"https:\/\/bearly-n.com\/produit\/collier-plastron-style-ethnique\/#breadcrumb\"},\"inLanguage\":\"en-US\",\"potentialAction\":[{\"@type\":\"ReadAction\",\"target\":[\"https:\/\/bearly-n.com\/produit\/collier-plastron-style-ethnique\/\"]}]},{\"@type\":\"ImageObject\",\"inLanguage\":\"en-US\",\"@id\":\"https:\/\/bearly-n.com\/produit\/collier-plastron-style-ethnique\/#primaryimage\",\"url\":\"https:\/\/i0.wp.com\/bearly-n.com\/wp-content\/uploads\/2017\/06\/Welcome-to-the-Jungle-FB.jpg?fit=1024%2C1024&ssl=1\",\"contentUrl\":\"https:\/\/i0.wp.com\/bearly-n.com\/wp-content\/uploads\/2017\/06\/Welcome-to-the-Jungle-FB.jpg?fit=1024%2C1024&ssl=1\",\"width\":1024,\"height\":1024,\"caption\":\"collier plastron Welcome To The Jungle\"},{\"@type\":\"BreadcrumbList\",\"@id\":\"https:\/\/bearly-n.com\/produit\/collier-plastron-style-ethnique\/#breadcrumb\",\"itemListElement\":[{\"@type\":\"ListItem\",\"position\":1,\"name\":\"Accueil\",\"item\":\"https:\/\/bearly-n.com\/\"},{\"@type\":\"ListItem\",\"position\":2,\"name\":\"Boutique en ligne\",\"item\":\"https:\/\/bearly-n.com\/en\/boutique-en-ligne\/\"},{\"@type\":\"ListItem\",\"position\":3,\"name\":\"Collier plastron Welcome To The Jungle, bijou de style ethnique\"}]},{\"@type\":\"WebSite\",\"@id\":\"https:\/\/bearly-n.com\/#website\",\"url\":\"https:\/\/bearly-n.com\/\",\"name\":\"BearlyN, bijoux de caract\u00e8re\",\"description\":\"Bijoux de Caract\u00e8re\",\"publisher\":{\"@id\":\"https:\/\/bearly-n.com\/#organization\"},\"potentialAction\":[{\"@type\":\"SearchAction\",\"target\":{\"@type\":\"EntryPoint\",\"urlTemplate\":\"https:\/\/bearly-n.com\/?s={search_term_string}\"},\"query-input\":{\"@type\":\"PropertyValueSpecification\",\"valueRequired\":true,\"valueName\":\"search_term_string\"}}],\"inLanguage\":\"en-US\"},{\"@type\":\"Organization\",\"@id\":\"https:\/\/bearly-n.com\/#organization\",\"name\":\"BearlyN\",\"url\":\"https:\/\/bearly-n.com\/\",\"logo\":{\"@type\":\"ImageObject\",\"inLanguage\":\"en-US\",\"@id\":\"https:\/\/bearly-n.com\/#\/schema\/logo\/image\/\",\"url\":\"https:\/\/i1.wp.com\/bearly-n.com\/wp-content\/uploads\/2016\/12\/logo.jpg?fit=630%2C270&ssl=1\",\"contentUrl\":\"https:\/\/i1.wp.com\/bearly-n.com\/wp-content\/uploads\/2016\/12\/logo.jpg?fit=630%2C270&ssl=1\",\"width\":630,\"height\":270,\"caption\":\"BearlyN\"},\"image\":{\"@id\":\"https:\/\/bearly-n.com\/#\/schema\/logo\/image\/\"},\"sameAs\":[\"https:\/\/www.facebook.com\/Bearly-N-881942331934180\/\",\"http:\/\/bearlyn\",\"https:\/\/www.linkedin.com\/company\/bearly-n\/\",\"https:\/\/fr.pinterest.com\/Bearlynterest\/\"]}]}<\/script>\n<!-- \/ Yoast SEO plugin. -->","yoast_head_json":{"title":"Collier plastron Welcome To The Jungle, bijou de style ethnique - BearlyN","description":"Entrez dans les profondeurs de la jungle amazonienne avec le collier plastron Welcome To The Jungle, pi\u00e8ce ma\u00eetresse de la collection du m\u00eame nom.","robots":{"index":"index","follow":"follow","max-snippet":"max-snippet:-1","max-image-preview":"max-image-preview:large","max-video-preview":"max-video-preview:-1"},"canonical":"https:\/\/bearly-n.com\/en\/product\/collier-plastron-style-ethnique\/","og_locale":"en_US","og_type":"article","og_title":"Collier plastron Welcome To The Jungle, bijou de style ethnique - BearlyN","og_description":"Entrez dans les profondeurs de la jungle amazonienne avec le collier plastron Welcome To The Jungle, pi\u00e8ce ma\u00eetresse de la collection du m\u00eame nom.","og_url":"https:\/\/bearly-n.com\/en\/product\/collier-plastron-style-ethnique\/","og_site_name":"BearlyN","article_publisher":"https:\/\/www.facebook.com\/Bearly-N-881942331934180\/","article_modified_time":"2021-10-26T16:22:33+00:00","og_image":[{"width":1024,"height":1024,"url":"https:\/\/bearly-n.com\/wp-content\/uploads\/2017\/06\/Welcome-to-the-Jungle-FB.jpg","type":"image\/jpeg"}],"twitter_card":"summary_large_image","twitter_misc":{"Est. reading time":"2 minutes"},"schema":{"@context":"https:\/\/schema.org","@graph":[{"@type":"WebPage","@id":"https:\/\/bearly-n.com\/produit\/collier-plastron-style-ethnique\/","url":"https:\/\/bearly-n.com\/produit\/collier-plastron-style-ethnique\/","name":"Collier plastron Welcome To The Jungle, bijou de style ethnique - BearlyN","isPartOf":{"@id":"https:\/\/bearly-n.com\/#website"},"primaryImageOfPage":{"@id":"https:\/\/bearly-n.com\/produit\/collier-plastron-style-ethnique\/#primaryimage"},"image":{"@id":"https:\/\/bearly-n.com\/produit\/collier-plastron-style-ethnique\/#primaryimage"},"thumbnailUrl":"https:\/\/i0.wp.com\/bearly-n.com\/wp-content\/uploads\/2017\/06\/Welcome-to-the-Jungle-FB.jpg?fit=1024%2C1024&ssl=1","datePublished":"2017-07-14T15:02:07+00:00","dateModified":"2021-10-26T16:22:33+00:00","description":"Entrez dans les profondeurs de la jungle amazonienne avec le collier plastron Welcome To The Jungle, pi\u00e8ce ma\u00eetresse de la collection du m\u00eame nom.","breadcrumb":{"@id":"https:\/\/bearly-n.com\/produit\/collier-plastron-style-ethnique\/#breadcrumb"},"inLanguage":"en-US","potentialAction":[{"@type":"ReadAction","target":["https:\/\/bearly-n.com\/produit\/collier-plastron-style-ethnique\/"]}]},{"@type":"ImageObject","inLanguage":"en-US","@id":"https:\/\/bearly-n.com\/produit\/collier-plastron-style-ethnique\/#primaryimage","url":"https:\/\/i0.wp.com\/bearly-n.com\/wp-content\/uploads\/2017\/06\/Welcome-to-the-Jungle-FB.jpg?fit=1024%2C1024&ssl=1","contentUrl":"https:\/\/i0.wp.com\/bearly-n.com\/wp-content\/uploads\/2017\/06\/Welcome-to-the-Jungle-FB.jpg?fit=1024%2C1024&ssl=1","width":1024,"height":1024,"caption":"collier plastron Welcome To The Jungle"},{"@type":"BreadcrumbList","@id":"https:\/\/bearly-n.com\/produit\/collier-plastron-style-ethnique\/#breadcrumb","itemListElement":[{"@type":"ListItem","position":1,"name":"Accueil","item":"https:\/\/bearly-n.com\/"},{"@type":"ListItem","position":2,"name":"Boutique en ligne","item":"https:\/\/bearly-n.com\/en\/boutique-en-ligne\/"},{"@type":"ListItem","position":3,"name":"Collier plastron Welcome To The Jungle, bijou de style ethnique"}]},{"@type":"WebSite","@id":"https:\/\/bearly-n.com\/#website","url":"https:\/\/bearly-n.com\/","name":"BearlyN, bijoux de caract\u00e8re","description":"Bijoux de Caract\u00e8re","publisher":{"@id":"https:\/\/bearly-n.com\/#organization"},"potentialAction":[{"@type":"SearchAction","target":{"@type":"EntryPoint","urlTemplate":"https:\/\/bearly-n.com\/?s={search_term_string}"},"query-input":{"@type":"PropertyValueSpecification","valueRequired":true,"valueName":"search_term_string"}}],"inLanguage":"en-US"},{"@type":"Organization","@id":"https:\/\/bearly-n.com\/#organization","name":"BearlyN","url":"https:\/\/bearly-n.com\/","logo":{"@type":"ImageObject","inLanguage":"en-US","@id":"https:\/\/bearly-n.com\/#\/schema\/logo\/image\/","url":"https:\/\/i1.wp.com\/bearly-n.com\/wp-content\/uploads\/2016\/12\/logo.jpg?fit=630%2C270&ssl=1","contentUrl":"https:\/\/i1.wp.com\/bearly-n.com\/wp-content\/uploads\/2016\/12\/logo.jpg?fit=630%2C270&ssl=1","width":630,"height":270,"caption":"BearlyN"},"image":{"@id":"https:\/\/bearly-n.com\/#\/schema\/logo\/image\/"},"sameAs":["https:\/\/www.facebook.com\/Bearly-N-881942331934180\/","http:\/\/bearlyn","https:\/\/www.linkedin.com\/company\/bearly-n\/","https:\/\/fr.pinterest.com\/Bearlynterest\/"]}]}},"jetpack_publicize_connections":[],"jetpack_sharing_enabled":true,"jetpack_likes_enabled":true,"_links":{"self":[{"href":"https:\/\/bearly-n.com\/en\/wp-json\/wp\/v2\/product\/1066","targetHints":{"allow":["GET"]}}],"collection":[{"href":"https:\/\/bearly-n.com\/en\/wp-json\/wp\/v2\/product"}],"about":[{"href":"https:\/\/bearly-n.com\/en\/wp-json\/wp\/v2\/types\/product"}],"replies":[{"embeddable":true,"href":"https:\/\/bearly-n.com\/en\/wp-json\/wp\/v2\/comments?post=1066"}],"version-history":[{"count":1,"href":"https:\/\/bearly-n.com\/en\/wp-json\/wp\/v2\/product\/1066\/revisions"}],"predecessor-version":[{"id":6918,"href":"https:\/\/bearly-n.com\/en\/wp-json\/wp\/v2\/product\/1066\/revisions\/6918"}],"wp:featuredmedia":[{"embeddable":true,"href":"https:\/\/bearly-n.com\/en\/wp-json\/wp\/v2\/media\/953"}],"wp:attachment":[{"href":"https:\/\/bearly-n.com\/en\/wp-json\/wp\/v2\/media?parent=1066"}],"wp:term":[{"taxonomy":"product_brand","embeddable":true,"href":"https:\/\/bearly-n.com\/en\/wp-json\/wp\/v2\/product_brand?post=1066"},{"taxonomy":"product_cat","embeddable":true,"href":"https:\/\/bearly-n.com\/en\/wp-json\/wp\/v2\/product_cat?post=1066"},{"taxonomy":"product_tag","embeddable":true,"href":"https:\/\/bearly-n.com\/en\/wp-json\/wp\/v2\/product_tag?post=1066"}],"curies":[{"name":"wp","href":"https:\/\/api.w.org\/{rel}","templated":true}]}}