{"id":972,"date":"2017-07-08T10:29:12","date_gmt":"2017-07-08T09:29:12","guid":{"rendered":"https:\/\/bearly-n.com\/?page_id=972"},"modified":"2022-06-24T14:45:06","modified_gmt":"2022-06-24T12:45:06","slug":"conditions-generales-de-vente","status":"publish","type":"page","link":"https:\/\/bearly-n.com\/en\/conditions-generales-de-vente\/","title":{"rendered":"Conditions G\u00e9n\u00e9rales de Vente"},"content":{"rendered":"<div data-elementor-type=\"wp-page\" data-elementor-id=\"972\" class=\"elementor elementor-972\">\n\t\t\t\t\t\t<section class=\"elementor-section elementor-top-section elementor-element elementor-element-1a361962 elementor-section-boxed elementor-section-height-default elementor-section-height-default\" data-id=\"1a361962\" data-element_type=\"section\">\n\t\t\t\t\t\t<div class=\"elementor-container elementor-column-gap-default\">\n\t\t\t\t\t<div class=\"elementor-column elementor-col-100 elementor-top-column elementor-element elementor-element-6768a43\" data-id=\"6768a43\" data-element_type=\"column\">\n\t\t\t<div class=\"elementor-widget-wrap elementor-element-populated\">\n\t\t\t\t\t\t<div class=\"elementor-element elementor-element-16bf3041 elementor-widget elementor-widget-text-editor\" data-id=\"16bf3041\" data-element_type=\"widget\" data-widget_type=\"text-editor.default\">\n\t\t\t\t<div class=\"elementor-widget-container\">\n\t\t\t\t\t\t\t\t\t<p style=\"text-align: left;\">Bearly-N<\/p><p style=\"text-align: left;\">9, rue de la Fontaine \u00a041150 Mesland (France)<\/p><div id=\"inread_ms\" class=\"pub_content_display\"><div id=\"div_inread_article\"><div id=\"sas_28990\"><p>T\u00e9l: 06.22.45.20.60<br \/>SIRET : 819 949 066 00016<\/p><div class=\"page\" title=\"Page 1\"><div class=\"layoutArea\"><div class=\"column\"><p>Entreprise individuelle, non soumise \u00e0 la TVA<\/p><\/div><\/div><\/div><p>Immatricul\u00e9e au R\u00e9pertoire des M\u00e9tiers<br \/>Contact: \u00a0bearlyn@outlook.fr<\/p><p><span style=\"font-size: 0.9rem;\">Date de derni\u00e8re mise \u00e0 jour 02\/05\/2022<\/span><\/p><\/div><\/div><\/div><h2>Conditions G\u00e9n\u00e9rales de Vente appliqu\u00e9es sur bearly-n.com<\/h2><h3 class=\"question\">Article 1 &#8211; Objet<\/h3><p>Les pr\u00e9sentes conditions r\u00e9gissent les ventes par la micro-entreprise Bearly-N (bearly-n.com) de bijoux artisanaux en bead embroidery.<\/p><p>Chaque produit fait l&rsquo;objet d&rsquo;un descriptif et de photographies qui se veulent les plus fid\u00e8les possibles, mais qui ne peuvent garantir une similitude parfaite avec le produit, notament en ce qui concerne les couleurs. Photographies et textes n&rsquo;ont donc qu&rsquo;une valeur indicative et ne sauraient entrer dans le champ contractuel.<\/p><h3 class=\"question\">Article 2 &#8211; Prix<\/h3><p>Les prix de nos produits sont indiqu\u00e9s en euros, francs de TVA (art. 293 B du Code G\u00e9n\u00e9ral des Imp\u00f4ts) et hors frais de traitement et d&rsquo;exp\u00e9dition.<\/p><p>En cas de commande vers un pays autre que la France m\u00e9tropolitaine vous \u00eates l&rsquo;importateur du ou des produits concern\u00e9s. Des droits de douane ou autres taxes locales ou droits d&rsquo;importation ou taxes d&rsquo;\u00e9tat sont susceptibles d&rsquo;\u00eatre exigibles. Ces droits et sommes ne rel\u00e8vent pas du ressort de Bearly-N. Ils seront \u00e0 votre charge et rel\u00e8vent de votre enti\u00e8re responsabilit\u00e9, tant en termes de d\u00e9clarations que de paiements aux autorit\u00e9s et organismes comp\u00e9tents de votre pays. Nous vous conseillons de vous renseigner sur ces aspects aupr\u00e8s de vos autorit\u00e9s locales.<\/p><p>Toutes les commandes quelle que soit leur origine sont payables en euros.<\/p><p>BearlyN se r\u00e9serve le droit de modifier ses prix \u00e0 tout moment, mais le produit sera factur\u00e9 sur la base du tarif en vigueur au moment de la validation de la commande et sous r\u00e9serve de disponibilit\u00e9.<\/p><p>Les produits demeurent la propri\u00e9t\u00e9 du vendeur Bearly-N jusqu&rsquo;au paiement complet du prix.<\/p><p>Attention : d\u00e8s que vous prenez possession physiquement des produits command\u00e9s, les risques de perte ou d&rsquo;endommagement des produits vous sont transf\u00e9r\u00e9s.<\/p><h3 class=\"question\">Article 3 &#8211; Modalit\u00e9s de paiement<\/h3><p>Le client a la possibilit\u00e9 de payer par carte bancaire via le syst\u00e8me de paiement en ligne s\u00e9curis\u00e9 Paypal. Il n\u2019est pas n\u00e9cessaire d&rsquo;ouvrir un compte Paypal. Dans ce cas, lors du paiement, le client est redirig\u00e9 vers la page d\u00e9di\u00e9e de Paypal o\u00f9 il devra entrer les donn\u00e9es li\u00e9es \u00e0 sa carte bancaire. Dans le cas o\u00f9 le client poss\u00e8de d\u00e9j\u00e0 un compte Paypal, le client sera redirig\u00e9 automatiquement vers le site de Paypal, il lui suffira alors de s\u2019identifier et de confirmer le paiement. bearly-n.com d\u00e9cline toute responsabilit\u00e9 et ne pourra en aucun cas \u00eatre tenu pour responsable des litiges intervenant entre l&rsquo;acheteur et le site de paiement s\u00e9curis\u00e9 Paypal. Toute r\u00e9clamation sera faite aupr\u00e8s de Paypal.<\/p><p>Conform\u00e9ment aux dispositions de l&rsquo;article L.121-19 du Code de la consommation, le client recevra, lors de la livraison, pour chacun des articles, la confirmation \u00e9crite du prix pay\u00e9 et des frais de livraison sous la forme d&rsquo;une facture jointe au colis. Pour toute exp\u00e9dition hors de la France m\u00e9tropolitaine, les \u00e9ventuels frais de douanes ou taxes locales restent \u00e0 l&rsquo;enti\u00e8re charge du destinataire. Les prix de vente peuvent \u00eatre modifi\u00e9s \u00e0 tout moment par la responsable de bearly-n.com. Ces modifications seront affich\u00e9es sur le site.<\/p><h3 class=\"question\">Article 4 &#8211; Validation de votre commande<\/h3><p>Toute commande figurant sur le site Internet bearly-n.com suppose l&rsquo;adh\u00e9sion aux pr\u00e9sentes Conditions G\u00e9n\u00e9rales. Toute confirmation de commande entra\u00eene votre adh\u00e9sion pleine et enti\u00e8re aux pr\u00e9sentes conditions g\u00e9n\u00e9rales de vente, sans exception ni r\u00e9serve.<\/p><p>L&rsquo;ensemble des donn\u00e9es fournies et la confirmation enregistr\u00e9e vaudront preuve de la transaction.<\/p><p>Vous d\u00e9clarez en avoir parfaite connaissance.<\/p><p>La confirmation de commande vaudra signature et acceptation des op\u00e9rations effectu\u00e9es.<\/p><p>Un r\u00e9capitulatif des informations de votre commande et des pr\u00e9sentes Conditions G\u00e9n\u00e9rales, vous sera communiqu\u00e9 en format PDF\u00a0<em>via\u00a0<\/em>l&rsquo;adresse e-mail de confirmation de votre commande.<\/p><h3 class=\"question\">Article 5 &#8211; Paiement<\/h3><p>Le fait de valider votre commande implique pour vous l&rsquo;obligation de payer le prix indiqu\u00e9.<\/p><p>Le d\u00e9bit de la carte n&rsquo;est effectu\u00e9 qu&rsquo;au moment de l&rsquo;exp\u00e9dition de la commande. En cas de livraisons fractionn\u00e9es, seuls les produits exp\u00e9di\u00e9s sont d\u00e9bit\u00e9s.<\/p><h3 class=\"question\">Article 6 &#8211; R\u00e9tractation<\/h3><p>Conform\u00e9ment aux dispositions de l&rsquo;article L.121-21 du Code de la Consommation, vous disposez d&rsquo;un d\u00e9lai de r\u00e9tractation de 14 jours \u00e0 compter de la r\u00e9ception de vos produits pour exercer votre droit de r\u00e9traction sans avoir \u00e0 justifier de motifs ni \u00e0 payer de p\u00e9nalit\u00e9.\u00a0<\/p><p>Les retours sont \u00e0 effectuer dans leur \u00e9tat d&rsquo;origine et complets (emballage, accessoires, notice). Dans ce cadre, votre responsabilit\u00e9 est engag\u00e9e. Tout dommage subi par le produit \u00e0 cette occasion peut \u00eatre de nature \u00e0 faire \u00e9chec au droit de r\u00e9tractation. Veuillez remplir et joindre <strong><a href=\"https:\/\/bearly-n.com\/wp-content\/uploads\/2022\/06\/FORMULAIRE-DE-RETRACTATION.pdf\">ce formulaire de r\u00e9tractation <\/a><\/strong>\u00e0 votre demande<\/p><p>Les frais de retour sont \u00e0 votre charge.<\/p><p>En cas d&rsquo;exercice du droit de r\u00e9tractation, la soci\u00e9t\u00e9 Bearly-N proc\u00e9dera au remboursement des sommes vers\u00e9es, dans un d\u00e9lai de 14 jours suivant la notification de votre demande et\u00a0<em>via<\/em>\u00a0le m\u00eame moyen de paiement que celui utilis\u00e9 lors de la commande.<\/p><p>Toute demande de retour devra \u00eatre signal\u00e9e au pr\u00e9alable par le client soit par e-mail soit par le formulaire de contact mis \u00e0 disposition. Attention, tout produit qui aura \u00e9t\u00e9 utilis\u00e9 par le client, incomplet, endommag\u00e9 ou dont l&#8217;emballage est ab\u00eem\u00e9, ne sera ni repris, ni \u00e9chang\u00e9, ni rembours\u00e9. Les frais de retour restent \u00e0 la charge du client qui est responsable des conditions de retour de la commande.<\/p><p>EXCEPTIONS AU DROIT DE RETRACTATION<\/p><p>Conform\u00e9ment aux dispositions de l&rsquo;article L.121-21-8 du Code de la Consommation, le droit de r\u00e9tractation ne s&rsquo;applique pas \u00e0 :<\/p><ul><li>La fourniture de services pleinement ex\u00e9cut\u00e9s avant la fin du d\u00e9lai de r\u00e9tractation et dont l&rsquo;ex\u00e9cution a commenc\u00e9 apr\u00e8s accord pr\u00e9alable expr\u00e8s du consommateur et renoncement expr\u00e8s \u00e0 son droit de r\u00e9tractation.<\/li><li>La fourniture de biens ou de services dont le prix d\u00e9pend de fluctuations sur le march\u00e9 financier \u00e9chappant au contr\u00f4le du professionnel et susceptibles de se produire pendant le d\u00e9lai de r\u00e9tractation.<\/li><li><strong>La fourniture de biens confectionn\u00e9s selon les sp\u00e9cifications du consommateur ou nettement personnalis\u00e9s.<\/strong><\/li><li>La fourniture de biens susceptibles de se d\u00e9t\u00e9riorer ou de se p\u00e9rimer rapidement.<\/li><li>La fourniture de biens qui ont \u00e9t\u00e9 descell\u00e9s par le consommateur apr\u00e8s la livraison et qui ne peuvent \u00eatre renvoy\u00e9s pour des raisons d&rsquo;hygi\u00e8ne ou de protection de la sant\u00e9.<\/li><li>La fourniture de biens qui, apr\u00e8s avoir \u00e9t\u00e9 livr\u00e9s et de par leur nature, sont m\u00e9lang\u00e9s de mani\u00e8re indissociable avec d&rsquo;autres articles ;<\/li><li>La fourniture de boissons alcoolis\u00e9es dont la livraison est diff\u00e9r\u00e9e au-del\u00e0 de trente jours et dont la valeur convenue \u00e0 la conclusion du contrat d\u00e9pend de fluctuations sur le march\u00e9 \u00e9chappant au contr\u00f4le du professionnel.<\/li><li>La fourniture d&rsquo;enregistrements audio ou vid\u00e9o ou de logiciels informatiques lorsqu&rsquo;ils ont \u00e9t\u00e9 descell\u00e9s par le consommateur apr\u00e8s la livraison.<\/li><li>La fourniture d&rsquo;un journal, d&rsquo;un p\u00e9riodique ou d&rsquo;un magazine, sauf pour les contrats d&rsquo;abonnement \u00e0 ces publications.<\/li><li>Les transactions conclues lors d&rsquo;une ench\u00e8re publique.<\/li><li>La fourniture d&rsquo;un contenu num\u00e9rique non fourni sur un support mat\u00e9riel dont l&rsquo;ex\u00e9cution a commenc\u00e9 apr\u00e8s accord pr\u00e9alable expr\u00e8s du consommateur et renoncement expr\u00e8s \u00e0 son droit de r\u00e9tractation.<\/li><\/ul><h3 class=\"question\">Article 7- Disponibilit\u00e9<\/h3><p>Nos produits sont propos\u00e9s tant qu&rsquo;ils sont visibles sur le site bearly-n.com et en exemplaires uniques.\u00a0Par cons\u00e9quent Bearly-n se r\u00e9serve le droit de refuser les commandes de 2 articles identiques.<br \/>En cas d&rsquo;indisponibilit\u00e9 de produit apr\u00e8s passation de votre commande, nous vous en informerons par mail. Votre commande sera automatiquement annul\u00e9e et aucun d\u00e9bit bancaire ne sera effectu\u00e9.<\/p><h3 class=\"question\">Article 8 &#8211; Livraison<\/h3><p>Les produits sont livr\u00e9s \u00e0 l&rsquo;adresse de livraison indiqu\u00e9e au cours du processus de commande, dans le d\u00e9lai indiqu\u00e9 sur la page de validation de la commande.<\/p><p>En cas de retard d&rsquo;exp\u00e9dition, un mail vous sera adress\u00e9 pour vous informer d&rsquo;une \u00e9ventuelle cons\u00e9quence sur le d\u00e9lai de livraison qui vous a \u00e9t\u00e9 indiqu\u00e9.<\/p><p>Conform\u00e9ment aux dispositions l\u00e9gales, en cas de retard de livraison, vous b\u00e9n\u00e9ficiez de la possibilit\u00e9 d&rsquo;annuler la commande dans les conditions et modalit\u00e9s d\u00e9finies \u00e0 l&rsquo;article L 138-2 du Code de la Consommation. Si entre temps vous recevez le produit nous proc\u00e9derons \u00e0 son remboursement et aux frais d&rsquo;acheminement dans les conditions de l&rsquo;article L 138-3 du Code de la Consommation.<\/p><p>En cas de livraisons par transporteur, Bearly-N ne peut \u00eatre tenue pour responsable de retard de livraison d\u00fb exclusivement \u00e0 une indisponibilit\u00e9 du client apr\u00e8s plusieurs propositions de rendez-vous.<\/p><h3 class=\"question\">Article 9 &#8211; Garantie<\/h3><p>Tous nos produits b\u00e9n\u00e9ficient de la garantie l\u00e9gale de conformit\u00e9 et de la garantie des vices cach\u00e9s, pr\u00e9vues par les articles 1641 et suivants du Code civil. En cas de non-conformit\u00e9 d&rsquo;un produit vendu, il pourra \u00eatre retourn\u00e9, \u00e9chang\u00e9 ou rembours\u00e9.<\/p><p>Toutes les r\u00e9clamations, demandes d&rsquo;\u00e9change ou de remboursement doivent s&rsquo;effectuer par mail ou voie postale dans le d\u00e9lai de 30 jours de la livraison.<\/p><p>Les produits doivent nous \u00eatre retourn\u00e9s dans l&rsquo;\u00e9tat dans lequel vous les avez re\u00e7us avec l&rsquo;ensemble des \u00e9l\u00e9ments (accessoires, emballage, notice&#8230;). Les frais d&rsquo;envoi vous seront rembours\u00e9s sur la base du tarif factur\u00e9 et les frais de retour vous seront rembours\u00e9s sur pr\u00e9sentation des justificatifs.<\/p><p>Les dispositions de cet Article ne vous emp\u00eachent pas de b\u00e9n\u00e9ficier du droit de r\u00e9tractation pr\u00e9vu \u00e0 l&rsquo;article 6.<\/p><h3 class=\"question\">Article 10 &#8211; Responsabilit\u00e9<\/h3><p>Les produits propos\u00e9s sont conformes \u00e0 la l\u00e9gislation fran\u00e7aise en vigueur. La responsabilit\u00e9 de la soci\u00e9t\u00e9 Bearly-N ne saurait \u00eatre engag\u00e9e en cas de non-respect de la l\u00e9gislation du pays o\u00f9 le produit est livr\u00e9. Il vous appartient de v\u00e9rifier aupr\u00e8s des autorit\u00e9s locales les possibilit\u00e9s d&rsquo;importation ou d&rsquo;utilisation des produits ou services que vous envisagez de commander.<\/p><p>Par ailleurs, la soci\u00e9t\u00e9 Bearly-N ne saurait \u00eatre tenue pour responsable des dommages r\u00e9sultant d&rsquo;une mauvaise utilisation du produit achet\u00e9.<\/p><p>Enfin la responsabilit\u00e9 de la soci\u00e9t\u00e9 Bearly-N ne saurait \u00eatre engag\u00e9e pour tous les inconv\u00e9nients ou dommages inh\u00e9rents \u00e0 l&rsquo;utilisation du r\u00e9seau Internet, notamment une rupture de service, une intrusion ext\u00e9rieure ou la pr\u00e9sence de virus informatiques.<\/p><h3 class=\"question\">Article 11 &#8211; Droit applicable en cas de litiges<\/h3><p>La langue du pr\u00e9sent contrat est la langue fran\u00e7aise. Les pr\u00e9sentes conditions de vente sont soumises \u00e0 la loi fran\u00e7aise. En cas de litige, les tribunaux fran\u00e7ais seront les seuls comp\u00e9tents.<\/p><h3 class=\"question\">Article 12 &#8211; Propri\u00e9t\u00e9 intellectuelle<\/h3><p>Tous les \u00e9l\u00e9ments du site bearly-n.com sont et restent la propri\u00e9t\u00e9 intellectuelle et exclusive de la soci\u00e9t\u00e9 BearlyN. Nul n&rsquo;est autoris\u00e9 \u00e0 reproduire, exploiter, rediffuser, ou utiliser \u00e0 quelque titre que ce soit, m\u00eame partiellement, des \u00e9l\u00e9ments du site qu&rsquo;ils soient logiciels, visuels ou sonores. Tout lien simple ou par hypertexte est strictement interdit sans un accord \u00e9crit expr\u00e8s de la soci\u00e9t\u00e9 BearlyN.<\/p><h3 class=\"question\">Article 13 &#8211; Donn\u00e9es personnelles<\/h3><p>La soci\u00e9t\u00e9 Bearly-N se r\u00e9serve le droit de collecter les informations nominatives et les donn\u00e9es personnelles vous concernant. Elles sont n\u00e9cessaires \u00e0 la gestion de votre commande, ainsi qu&rsquo;\u00e0 l&rsquo;am\u00e9lioration des services et des informations que nous vous adressons.<\/p><p>Elles peuvent aussi \u00eatre transmises aux soci\u00e9t\u00e9s qui contribuent \u00e0 ces relations, telles que celles charg\u00e9es de l&rsquo;ex\u00e9cution des services et commandes pour leur gestion, ex\u00e9cution, traitement et paiement.<\/p><p>Ces informations et donn\u00e9es sont \u00e9galement conserv\u00e9es \u00e0 des fins de s\u00e9curit\u00e9, afin de respecter les obligations l\u00e9gales et r\u00e9glementaires.<\/p><p>Conform\u00e9ment \u00e0 la loi du 6 janvier 1978, vous disposez d&rsquo;un droit d&rsquo;acc\u00e8s, de rectification et d&rsquo;opposition aux informations nominatives et aux donn\u00e9es personnelles vous concernant, directement sur le site Internet.<\/p><h3 class=\"question\">Article 14 &#8211; Archivage Preuve<\/h3><p>La soci\u00e9t\u00e9 Bearly-N archivera les bons de commandes et les factures sur un support fiable et durable constituant une copie fid\u00e8le conform\u00e9ment aux dispositions de l&rsquo;article 1348 du Code civil.<\/p><p>Les registres informatis\u00e9s de la soci\u00e9t\u00e9 BearlyN seront consid\u00e9r\u00e9s par toutes les parties concern\u00e9es comme preuve des communications, commandes, paiements et transactions intervenus entre les parties.<\/p><div id=\"divVideoStepAdBottom\" class=\"divVideoStep\">\u00a0<\/div><h2 style=\"text-align: left;\">\u00a0<\/h2><div class=\"small-wrapper\"><div class=\"onerow rte\"><div class=\"col12\"><h2 style=\"text-align: left;\">\u00a0<\/h2><p style=\"text-align: left;\"><strong>La boutique se r\u00e9serve le droit d&rsquo;annuler une commande si elle soup\u00e7onne une fraude d&rsquo;identit\u00e9, une multiplication d&#8217;email ou une tentative d&rsquo;abus<\/strong><\/p><\/div><\/div><\/div>\t\t\t\t\t\t\t\t<\/div>\n\t\t\t\t<\/div>\n\t\t\t\t\t<\/div>\n\t\t<\/div>\n\t\t\t\t\t<\/div>\n\t\t<\/section>\n\t\t\t\t<\/div>","protected":false},"excerpt":{"rendered":"<p>Bearly-N 9, rue de la Fontaine \u00a041150 Mesland (France) T\u00e9l: 06.22.45.20.60SIRET : 819 949 066 00016 Entreprise individuelle, non soumise&#8230;<\/p>","protected":false},"author":1,"featured_media":0,"parent":0,"menu_order":0,"comment_status":"closed","ping_status":"closed","template":"","meta":{"_price":"","_stock":"","_tribe_ticket_header":"","_tribe_default_ticket_provider":"","_tribe_ticket_capacity":"0","_ticket_start_date":"","_ticket_end_date":"","_tribe_ticket_show_description":"","_tribe_ticket_show_not_going":false,"_tribe_ticket_use_global_stock":"","_tribe_ticket_global_stock_level":"","_global_stock_mode":"","_global_stock_cap":"","_tribe_rsvp_for_event":"","_tribe_ticket_going_count":"","_tribe_ticket_not_going_count":"","_tribe_tickets_list":"[]","_tribe_ticket_has_attendee_info_fields":false,"jetpack_post_was_ever_published":false,"footnotes":""},"class_list":["post-972","page","type-page","status-publish","hentry"],"yoast_head":"<!-- This site is optimized with the Yoast SEO plugin v26.2 - https:\/\/yoast.com\/wordpress\/plugins\/seo\/ -->\n<title>Conditions G\u00e9n\u00e9rales de Vente - BearlyN<\/title>\n<meta name=\"description\" content=\"conditions g\u00e9n\u00e9rales de vente du site bearly-n.com.\" \/>\n<meta name=\"robots\" content=\"index, follow, max-snippet:-1, max-image-preview:large, max-video-preview:-1\" \/>\n<link rel=\"canonical\" href=\"https:\/\/bearly-n.com\/en\/conditions-generales-de-vente\/\" \/>\n<meta property=\"og:locale\" content=\"en_US\" \/>\n<meta property=\"og:type\" content=\"article\" \/>\n<meta property=\"og:title\" content=\"Conditions G\u00e9n\u00e9rales de Vente - BearlyN\" \/>\n<meta property=\"og:description\" content=\"conditions g\u00e9n\u00e9rales de vente du site bearly-n.com.\" \/>\n<meta property=\"og:url\" content=\"https:\/\/bearly-n.com\/en\/conditions-generales-de-vente\/\" \/>\n<meta property=\"og:site_name\" content=\"BearlyN\" \/>\n<meta property=\"article:publisher\" content=\"https:\/\/www.facebook.com\/Bearly-N-881942331934180\/\" \/>\n<meta property=\"article:modified_time\" content=\"2022-06-24T12:45:06+00:00\" \/>\n<meta property=\"og:image\" content=\"https:\/\/i0.wp.com\/bearly-n.com\/wp-content\/uploads\/2016\/12\/BearlyN-avatar-blanc-300x300px.jpg?fit=300%2C300&ssl=1\" \/>\n\t<meta property=\"og:image:width\" content=\"300\" \/>\n\t<meta property=\"og:image:height\" content=\"300\" \/>\n\t<meta property=\"og:image:type\" content=\"image\/jpeg\" \/>\n<meta name=\"twitter:card\" content=\"summary_large_image\" \/>\n<meta name=\"twitter:label1\" content=\"Est. reading time\" \/>\n\t<meta name=\"twitter:data1\" content=\"10 minutes\" \/>\n<script type=\"application\/ld+json\" class=\"yoast-schema-graph\">{\"@context\":\"https:\/\/schema.org\",\"@graph\":[{\"@type\":\"WebPage\",\"@id\":\"https:\/\/bearly-n.com\/conditions-generales-de-vente\/\",\"url\":\"https:\/\/bearly-n.com\/conditions-generales-de-vente\/\",\"name\":\"Conditions G\u00e9n\u00e9rales de Vente - BearlyN\",\"isPartOf\":{\"@id\":\"https:\/\/bearly-n.com\/#website\"},\"datePublished\":\"2017-07-08T09:29:12+00:00\",\"dateModified\":\"2022-06-24T12:45:06+00:00\",\"description\":\"conditions g\u00e9n\u00e9rales de vente du site bearly-n.com.\",\"breadcrumb\":{\"@id\":\"https:\/\/bearly-n.com\/conditions-generales-de-vente\/#breadcrumb\"},\"inLanguage\":\"en-US\",\"potentialAction\":[{\"@type\":\"ReadAction\",\"target\":[\"https:\/\/bearly-n.com\/conditions-generales-de-vente\/\"]}]},{\"@type\":\"BreadcrumbList\",\"@id\":\"https:\/\/bearly-n.com\/conditions-generales-de-vente\/#breadcrumb\",\"itemListElement\":[{\"@type\":\"ListItem\",\"position\":1,\"name\":\"Accueil\",\"item\":\"https:\/\/bearly-n.com\/\"},{\"@type\":\"ListItem\",\"position\":2,\"name\":\"Conditions G\u00e9n\u00e9rales de Vente\"}]},{\"@type\":\"WebSite\",\"@id\":\"https:\/\/bearly-n.com\/#website\",\"url\":\"https:\/\/bearly-n.com\/\",\"name\":\"BearlyN, bijoux de caract\u00e8re\",\"description\":\"Bijoux de Caract\u00e8re\",\"publisher\":{\"@id\":\"https:\/\/bearly-n.com\/#organization\"},\"potentialAction\":[{\"@type\":\"SearchAction\",\"target\":{\"@type\":\"EntryPoint\",\"urlTemplate\":\"https:\/\/bearly-n.com\/?s={search_term_string}\"},\"query-input\":{\"@type\":\"PropertyValueSpecification\",\"valueRequired\":true,\"valueName\":\"search_term_string\"}}],\"inLanguage\":\"en-US\"},{\"@type\":\"Organization\",\"@id\":\"https:\/\/bearly-n.com\/#organization\",\"name\":\"BearlyN\",\"url\":\"https:\/\/bearly-n.com\/\",\"logo\":{\"@type\":\"ImageObject\",\"inLanguage\":\"en-US\",\"@id\":\"https:\/\/bearly-n.com\/#\/schema\/logo\/image\/\",\"url\":\"https:\/\/i1.wp.com\/bearly-n.com\/wp-content\/uploads\/2016\/12\/logo.jpg?fit=630%2C270&ssl=1\",\"contentUrl\":\"https:\/\/i1.wp.com\/bearly-n.com\/wp-content\/uploads\/2016\/12\/logo.jpg?fit=630%2C270&ssl=1\",\"width\":630,\"height\":270,\"caption\":\"BearlyN\"},\"image\":{\"@id\":\"https:\/\/bearly-n.com\/#\/schema\/logo\/image\/\"},\"sameAs\":[\"https:\/\/www.facebook.com\/Bearly-N-881942331934180\/\",\"http:\/\/bearlyn\",\"https:\/\/www.linkedin.com\/company\/bearly-n\/\",\"https:\/\/fr.pinterest.com\/Bearlynterest\/\"]}]}<\/script>\n<!-- \/ Yoast SEO plugin. -->","yoast_head_json":{"title":"Conditions G\u00e9n\u00e9rales de Vente - BearlyN","description":"conditions g\u00e9n\u00e9rales de vente du site bearly-n.com.","robots":{"index":"index","follow":"follow","max-snippet":"max-snippet:-1","max-image-preview":"max-image-preview:large","max-video-preview":"max-video-preview:-1"},"canonical":"https:\/\/bearly-n.com\/en\/conditions-generales-de-vente\/","og_locale":"en_US","og_type":"article","og_title":"Conditions G\u00e9n\u00e9rales de Vente - BearlyN","og_description":"conditions g\u00e9n\u00e9rales de vente du site bearly-n.com.","og_url":"https:\/\/bearly-n.com\/en\/conditions-generales-de-vente\/","og_site_name":"BearlyN","article_publisher":"https:\/\/www.facebook.com\/Bearly-N-881942331934180\/","article_modified_time":"2022-06-24T12:45:06+00:00","og_image":[{"width":300,"height":300,"url":"https:\/\/i0.wp.com\/bearly-n.com\/wp-content\/uploads\/2016\/12\/BearlyN-avatar-blanc-300x300px.jpg?fit=300%2C300&ssl=1","type":"image\/jpeg"}],"twitter_card":"summary_large_image","twitter_misc":{"Est. reading time":"10 minutes"},"schema":{"@context":"https:\/\/schema.org","@graph":[{"@type":"WebPage","@id":"https:\/\/bearly-n.com\/conditions-generales-de-vente\/","url":"https:\/\/bearly-n.com\/conditions-generales-de-vente\/","name":"Conditions G\u00e9n\u00e9rales de Vente - BearlyN","isPartOf":{"@id":"https:\/\/bearly-n.com\/#website"},"datePublished":"2017-07-08T09:29:12+00:00","dateModified":"2022-06-24T12:45:06+00:00","description":"conditions g\u00e9n\u00e9rales de vente du site bearly-n.com.","breadcrumb":{"@id":"https:\/\/bearly-n.com\/conditions-generales-de-vente\/#breadcrumb"},"inLanguage":"en-US","potentialAction":[{"@type":"ReadAction","target":["https:\/\/bearly-n.com\/conditions-generales-de-vente\/"]}]},{"@type":"BreadcrumbList","@id":"https:\/\/bearly-n.com\/conditions-generales-de-vente\/#breadcrumb","itemListElement":[{"@type":"ListItem","position":1,"name":"Accueil","item":"https:\/\/bearly-n.com\/"},{"@type":"ListItem","position":2,"name":"Conditions G\u00e9n\u00e9rales de Vente"}]},{"@type":"WebSite","@id":"https:\/\/bearly-n.com\/#website","url":"https:\/\/bearly-n.com\/","name":"BearlyN, bijoux de caract\u00e8re","description":"Bijoux de Caract\u00e8re","publisher":{"@id":"https:\/\/bearly-n.com\/#organization"},"potentialAction":[{"@type":"SearchAction","target":{"@type":"EntryPoint","urlTemplate":"https:\/\/bearly-n.com\/?s={search_term_string}"},"query-input":{"@type":"PropertyValueSpecification","valueRequired":true,"valueName":"search_term_string"}}],"inLanguage":"en-US"},{"@type":"Organization","@id":"https:\/\/bearly-n.com\/#organization","name":"BearlyN","url":"https:\/\/bearly-n.com\/","logo":{"@type":"ImageObject","inLanguage":"en-US","@id":"https:\/\/bearly-n.com\/#\/schema\/logo\/image\/","url":"https:\/\/i1.wp.com\/bearly-n.com\/wp-content\/uploads\/2016\/12\/logo.jpg?fit=630%2C270&ssl=1","contentUrl":"https:\/\/i1.wp.com\/bearly-n.com\/wp-content\/uploads\/2016\/12\/logo.jpg?fit=630%2C270&ssl=1","width":630,"height":270,"caption":"BearlyN"},"image":{"@id":"https:\/\/bearly-n.com\/#\/schema\/logo\/image\/"},"sameAs":["https:\/\/www.facebook.com\/Bearly-N-881942331934180\/","http:\/\/bearlyn","https:\/\/www.linkedin.com\/company\/bearly-n\/","https:\/\/fr.pinterest.com\/Bearlynterest\/"]}]}},"jetpack_sharing_enabled":true,"jetpack_shortlink":"https:\/\/wp.me\/P8oIQX-fG","jetpack_likes_enabled":true,"_links":{"self":[{"href":"https:\/\/bearly-n.com\/en\/wp-json\/wp\/v2\/pages\/972","targetHints":{"allow":["GET"]}}],"collection":[{"href":"https:\/\/bearly-n.com\/en\/wp-json\/wp\/v2\/pages"}],"about":[{"href":"https:\/\/bearly-n.com\/en\/wp-json\/wp\/v2\/types\/page"}],"author":[{"embeddable":true,"href":"https:\/\/bearly-n.com\/en\/wp-json\/wp\/v2\/users\/1"}],"replies":[{"embeddable":true,"href":"https:\/\/bearly-n.com\/en\/wp-json\/wp\/v2\/comments?post=972"}],"version-history":[{"count":15,"href":"https:\/\/bearly-n.com\/en\/wp-json\/wp\/v2\/pages\/972\/revisions"}],"predecessor-version":[{"id":9621,"href":"https:\/\/bearly-n.com\/en\/wp-json\/wp\/v2\/pages\/972\/revisions\/9621"}],"wp:attachment":[{"href":"https:\/\/bearly-n.com\/en\/wp-json\/wp\/v2\/media?parent=972"}],"curies":[{"name":"wp","href":"https:\/\/api.w.org\/{rel}","templated":true}]}}