{"id":61,"date":"2018-05-29T06:00:53","date_gmt":"2018-05-29T06:00:53","guid":{"rendered":"http:\/\/demo.roadthemes.com\/makali\/?page_id=61"},"modified":"2021-10-26T17:43:15","modified_gmt":"2021-10-26T15:43:15","slug":"contact-bearlyn","status":"publish","type":"page","link":"https:\/\/bearly-n.com\/en\/contact-bearlyn\/","title":{"rendered":"Contact"},"content":{"rendered":"<div data-elementor-type=\"wp-page\" data-elementor-id=\"61\" class=\"elementor elementor-61\">\n\t\t\t\t\t\t<section class=\"elementor-section elementor-top-section elementor-element elementor-element-d35c86c elementor-section-boxed elementor-section-height-default elementor-section-height-default\" data-id=\"d35c86c\" data-element_type=\"section\">\n\t\t\t\t\t\t<div class=\"elementor-container elementor-column-gap-default\">\n\t\t\t\t\t<div class=\"elementor-column elementor-col-50 elementor-top-column elementor-element elementor-element-d8cccf2\" data-id=\"d8cccf2\" data-element_type=\"column\">\n\t\t\t<div class=\"elementor-widget-wrap elementor-element-populated\">\n\t\t\t\t\t\t<div class=\"elementor-element elementor-element-e657ed4 elementor-widget elementor-widget-text-editor\" data-id=\"e657ed4\" data-element_type=\"widget\" data-widget_type=\"text-editor.default\">\n\t\t\t\t<div class=\"elementor-widget-container\">\n\t\t\t\t\t\t\t\t\t<h2>Send Your Message<\/h2><p>\n<div class=\"wpcf7 no-js\" id=\"wpcf7-f1806-o1\" lang=\"fr-FR\" dir=\"ltr\" data-wpcf7-id=\"1806\">\n<div class=\"screen-reader-response\"><p role=\"status\" aria-live=\"polite\" aria-atomic=\"true\"><\/p> <ul><\/ul><\/div>\n<form action=\"\/en\/wp-json\/wp\/v2\/pages\/61#wpcf7-f1806-o1\" method=\"post\" class=\"wpcf7-form init\" aria-label=\"Formulaire de contact\" novalidate=\"novalidate\" data-status=\"init\" data-trp-original-action=\"\/en\/wp-json\/wp\/v2\/pages\/61#wpcf7-f1806-o1\">\n<fieldset class=\"hidden-fields-container\"><input type=\"hidden\" name=\"_wpcf7\" value=\"1806\" \/><input type=\"hidden\" name=\"_wpcf7_version\" value=\"6.1.2\" \/><input type=\"hidden\" name=\"_wpcf7_locale\" value=\"fr_FR\" \/><input type=\"hidden\" name=\"_wpcf7_unit_tag\" value=\"wpcf7-f1806-o1\" \/><input type=\"hidden\" name=\"_wpcf7_container_post\" value=\"0\" \/><input type=\"hidden\" name=\"_wpcf7_posted_data_hash\" value=\"\" \/>\n<\/fieldset>\n<p><label> Your Name (required)<br \/>\n<span class=\"wpcf7-form-control-wrap\" data-name=\"your-name\"><input size=\"40\" maxlength=\"400\" class=\"wpcf7-form-control wpcf7-text wpcf7-validates-as-required\" aria-required=\"true\" aria-invalid=\"false\" value=\"\" type=\"text\" name=\"your-name\" \/><\/span> <\/label>\n<\/p>\n<p><label> Your email (required)<br \/>\n<span class=\"wpcf7-form-control-wrap\" data-name=\"your-email\"><input size=\"40\" maxlength=\"400\" class=\"wpcf7-form-control wpcf7-email wpcf7-validates-as-required wpcf7-text wpcf7-validates-as-email\" aria-required=\"true\" aria-invalid=\"false\" value=\"\" type=\"email\" name=\"your-email\" \/><\/span> <\/label>\n<\/p>\n<p><label> Object<br \/>\n<span class=\"wpcf7-form-control-wrap\" data-name=\"your-subject\"><input size=\"40\" maxlength=\"400\" class=\"wpcf7-form-control wpcf7-text\" aria-invalid=\"false\" value=\"\" type=\"text\" name=\"your-subject\" \/><\/span> <\/label>\n<\/p>\n<p><label> Your Message<br \/>\n<span class=\"wpcf7-form-control-wrap\" data-name=\"your-message\"><textarea cols=\"40\" rows=\"10\" maxlength=\"2000\" class=\"wpcf7-form-control wpcf7-textarea\" aria-invalid=\"false\" name=\"your-message\"><\/textarea><\/span> <\/label>\n<\/p>\n<p><input class=\"wpcf7-form-control wpcf7-submit has-spinner\" type=\"submit\" value=\"Send\" \/>\n<\/p><p style=\"display: none !important;\" class=\"akismet-fields-container\" data-prefix=\"_wpcf7_ak_\"><label>&#916;<textarea name=\"_wpcf7_ak_hp_textarea\" cols=\"45\" rows=\"8\" maxlength=\"100\"><\/textarea><\/label><input type=\"hidden\" id=\"ak_js_1\" name=\"_wpcf7_ak_js\" value=\"5\"\/><script>document.getElementById( \"ak_js_1\" ).setAttribute( \"value\", ( new Date() ).getTime() );<\/script><\/p><div class=\"wpcf7-response-output\" aria-hidden=\"true\"><\/div>\n<input type=\"hidden\" name=\"trp-form-language\" value=\"en\"\/><\/form>\n<\/div>\n<\/p>\t\t\t\t\t\t\t\t<\/div>\n\t\t\t\t<\/div>\n\t\t\t\t\t<\/div>\n\t\t<\/div>\n\t\t\t\t<div class=\"elementor-column elementor-col-50 elementor-top-column elementor-element elementor-element-9d838bd\" data-id=\"9d838bd\" data-element_type=\"column\">\n\t\t\t<div class=\"elementor-widget-wrap elementor-element-populated\">\n\t\t\t\t\t\t<div class=\"elementor-element elementor-element-8b04e96 elementor-widget elementor-widget-text-editor\" data-id=\"8b04e96\" data-element_type=\"widget\" data-widget_type=\"text-editor.default\">\n\t\t\t\t<div class=\"elementor-widget-container\">\n\t\t\t\t\t\t\t\t\t<h2><span style=\"color: #c1b17c;\">Contact me<\/span><\/h2><ul><li><h3><span style=\"color: #c1b17c;\"><img decoding=\"async\" data-attachment-id=\"675\" data-permalink=\"https:\/\/bearly-n.com\/en\/contact-icon1\/\" data-orig-file=\"https:\/\/i0.wp.com\/bearly-n.com\/wp-content\/uploads\/2018\/07\/contact-icon1.png?fit=34%2C40&amp;ssl=1\" data-orig-size=\"34,40\" data-comments-opened=\"1\" data-image-meta=\"{&quot;aperture&quot;:&quot;0&quot;,&quot;credit&quot;:&quot;&quot;,&quot;camera&quot;:&quot;&quot;,&quot;caption&quot;:&quot;&quot;,&quot;created_timestamp&quot;:&quot;0&quot;,&quot;copyright&quot;:&quot;&quot;,&quot;focal_length&quot;:&quot;0&quot;,&quot;iso&quot;:&quot;0&quot;,&quot;shutter_speed&quot;:&quot;0&quot;,&quot;title&quot;:&quot;&quot;,&quot;orientation&quot;:&quot;0&quot;}\" data-image-title=\"contact-icon1\" data-image-description=\"\" data-image-caption=\"\" data-medium-file=\"https:\/\/i0.wp.com\/bearly-n.com\/wp-content\/uploads\/2018\/07\/contact-icon1.png?fit=34%2C40&amp;ssl=1\" data-large-file=\"https:\/\/i0.wp.com\/bearly-n.com\/wp-content\/uploads\/2018\/07\/contact-icon1.png?fit=34%2C40&amp;ssl=1\" data-recalc-dims=\"1\" class=\"alignnone size-full wp-image-675\" src=\"https:\/\/i0.wp.com\/bearly-n.com\/wp-content\/uploads\/2018\/07\/contact-icon1.png?resize=34%2C40&#038;ssl=1\" alt=\"\" width=\"34\" height=\"40\" \/> Address<\/span><\/h3><\/li><\/ul><p><span style=\"color: #c1b17c;\">9, rue de la Fontaine-41150 Mesland (France)<\/span><\/p><ul><li><h3><span style=\"color: #c1b17c;\"><img decoding=\"async\" data-attachment-id=\"5194\" data-permalink=\"https:\/\/bearly-n.com\/en\/?attachment_id=5194\" data-orig-file=\"https:\/\/i0.wp.com\/bearly-n.com\/wp-content\/uploads\/2018\/07\/contact-icon2.png?fit=36%2C40&amp;ssl=1\" data-orig-size=\"36,40\" data-comments-opened=\"1\" data-image-meta=\"{&quot;aperture&quot;:&quot;0&quot;,&quot;credit&quot;:&quot;&quot;,&quot;camera&quot;:&quot;&quot;,&quot;caption&quot;:&quot;&quot;,&quot;created_timestamp&quot;:&quot;0&quot;,&quot;copyright&quot;:&quot;&quot;,&quot;focal_length&quot;:&quot;0&quot;,&quot;iso&quot;:&quot;0&quot;,&quot;shutter_speed&quot;:&quot;0&quot;,&quot;title&quot;:&quot;&quot;,&quot;orientation&quot;:&quot;0&quot;}\" data-image-title=\"contact-icon2\" data-image-description=\"\" data-image-caption=\"\" data-medium-file=\"https:\/\/i0.wp.com\/bearly-n.com\/wp-content\/uploads\/2018\/07\/contact-icon2.png?fit=36%2C40&amp;ssl=1\" data-large-file=\"https:\/\/i0.wp.com\/bearly-n.com\/wp-content\/uploads\/2018\/07\/contact-icon2.png?fit=36%2C40&amp;ssl=1\" data-recalc-dims=\"1\" class=\"alignnone size-full wp-image-5194\" src=\"https:\/\/i0.wp.com\/bearly-n.com\/wp-content\/uploads\/2018\/07\/contact-icon2.png?resize=36%2C40&#038;ssl=1\" alt=\"\" width=\"36\" height=\"40\" \/> Phone<\/span><\/h3><\/li><\/ul><p><span style=\"color: #c1b17c;\">Mobile: 06 22 45 20 60<\/span><\/p><ul><li><h3><span style=\"color: #c1b17c;\"><img decoding=\"async\" data-attachment-id=\"5195\" data-permalink=\"https:\/\/bearly-n.com\/en\/?attachment_id=5195\" data-orig-file=\"https:\/\/i0.wp.com\/bearly-n.com\/wp-content\/uploads\/2018\/07\/contact-icon3.png?fit=38%2C42&amp;ssl=1\" data-orig-size=\"38,42\" data-comments-opened=\"1\" data-image-meta=\"{&quot;aperture&quot;:&quot;0&quot;,&quot;credit&quot;:&quot;&quot;,&quot;camera&quot;:&quot;&quot;,&quot;caption&quot;:&quot;&quot;,&quot;created_timestamp&quot;:&quot;0&quot;,&quot;copyright&quot;:&quot;&quot;,&quot;focal_length&quot;:&quot;0&quot;,&quot;iso&quot;:&quot;0&quot;,&quot;shutter_speed&quot;:&quot;0&quot;,&quot;title&quot;:&quot;&quot;,&quot;orientation&quot;:&quot;0&quot;}\" data-image-title=\"contact-icon3\" data-image-description=\"\" data-image-caption=\"\" data-medium-file=\"https:\/\/i0.wp.com\/bearly-n.com\/wp-content\/uploads\/2018\/07\/contact-icon3.png?fit=38%2C42&amp;ssl=1\" data-large-file=\"https:\/\/i0.wp.com\/bearly-n.com\/wp-content\/uploads\/2018\/07\/contact-icon3.png?fit=38%2C42&amp;ssl=1\" data-recalc-dims=\"1\" class=\"alignnone size-full wp-image-5195\" src=\"https:\/\/i0.wp.com\/bearly-n.com\/wp-content\/uploads\/2018\/07\/contact-icon3.png?resize=38%2C42&#038;ssl=1\" alt=\"\" width=\"38\" height=\"42\" \/> Email<\/span><\/h3><\/li><\/ul><p><span style=\"color: #c1b17c;\">bearlyn@outlook.fr<\/span><\/p>\t\t\t\t\t\t\t\t<\/div>\n\t\t\t\t<\/div>\n\t\t\t\t\t<\/div>\n\t\t<\/div>\n\t\t\t\t\t<\/div>\n\t\t<\/section>\n\t\t\t\t<\/div>","protected":false},"excerpt":{"rendered":"<p>Envoyer votre Message Me contacter Adresse 9, rue de la Fontaine-41150 Mesland (France) T\u00e9l\u00e9phone Mobile: 06 22 45 20 60&#8230;<\/p>","protected":false},"author":1,"featured_media":1118,"parent":0,"menu_order":0,"comment_status":"closed","ping_status":"closed","template":"elementor_header_footer","meta":{"_price":"","_stock":"","_tribe_ticket_header":"","_tribe_default_ticket_provider":"","_tribe_ticket_capacity":"0","_ticket_start_date":"","_ticket_end_date":"","_tribe_ticket_show_description":"","_tribe_ticket_show_not_going":false,"_tribe_ticket_use_global_stock":"","_tribe_ticket_global_stock_level":"","_global_stock_mode":"","_global_stock_cap":"","_tribe_rsvp_for_event":"","_tribe_ticket_going_count":"","_tribe_ticket_not_going_count":"","_tribe_tickets_list":"[]","_tribe_ticket_has_attendee_info_fields":false,"jetpack_post_was_ever_published":false,"footnotes":""},"class_list":["post-61","page","type-page","status-publish","has-post-thumbnail","hentry"],"yoast_head":"<!-- This site is optimized with the Yoast SEO plugin v26.2 - https:\/\/yoast.com\/wordpress\/plugins\/seo\/ -->\n<title>Contact - BearlyN<\/title>\n<meta name=\"description\" content=\"Contact. Merci de l&#039;int\u00e9r\u00eat que vous portez aux cr\u00e9ations et \u00e0 l&#039;atelier BearlyN. N&#039;h\u00e9sitez pas \u00e0 me contacter pour toute question concernant BearlyN.\" \/>\n<meta name=\"robots\" content=\"index, follow, max-snippet:-1, max-image-preview:large, max-video-preview:-1\" \/>\n<link rel=\"canonical\" href=\"https:\/\/bearly-n.com\/en\/contact-bearlyn\/\" \/>\n<meta property=\"og:locale\" content=\"en_US\" \/>\n<meta property=\"og:type\" content=\"article\" \/>\n<meta property=\"og:title\" content=\"Contact - BearlyN\" \/>\n<meta property=\"og:description\" content=\"Contact. Merci de l&#039;int\u00e9r\u00eat que vous portez aux cr\u00e9ations et \u00e0 l&#039;atelier BearlyN. N&#039;h\u00e9sitez pas \u00e0 me contacter pour toute question concernant BearlyN.\" \/>\n<meta property=\"og:url\" content=\"https:\/\/bearly-n.com\/en\/contact-bearlyn\/\" \/>\n<meta property=\"og:site_name\" content=\"BearlyN\" \/>\n<meta property=\"article:publisher\" content=\"https:\/\/www.facebook.com\/Bearly-N-881942331934180\/\" \/>\n<meta property=\"article:modified_time\" content=\"2021-10-26T15:43:15+00:00\" \/>\n<meta property=\"og:image\" content=\"https:\/\/i2.wp.com\/bearly-n.com\/wp-content\/uploads\/2017\/07\/BearlyN-avatar-blanc-300x300px.jpg?fit=300%2C300&ssl=1\" \/>\n\t<meta property=\"og:image:width\" content=\"300\" \/>\n\t<meta property=\"og:image:height\" content=\"300\" \/>\n\t<meta property=\"og:image:type\" content=\"image\/jpeg\" \/>\n<meta name=\"twitter:card\" content=\"summary_large_image\" \/>\n<meta name=\"twitter:label1\" content=\"Est. reading time\" \/>\n\t<meta name=\"twitter:data1\" content=\"1 minute\" \/>\n<script type=\"application\/ld+json\" class=\"yoast-schema-graph\">{\"@context\":\"https:\/\/schema.org\",\"@graph\":[{\"@type\":\"WebPage\",\"@id\":\"https:\/\/bearly-n.com\/contact-bearlyn\/\",\"url\":\"https:\/\/bearly-n.com\/contact-bearlyn\/\",\"name\":\"Contact - BearlyN\",\"isPartOf\":{\"@id\":\"https:\/\/bearly-n.com\/#website\"},\"primaryImageOfPage\":{\"@id\":\"https:\/\/bearly-n.com\/contact-bearlyn\/#primaryimage\"},\"image\":{\"@id\":\"https:\/\/bearly-n.com\/contact-bearlyn\/#primaryimage\"},\"thumbnailUrl\":\"https:\/\/i0.wp.com\/bearly-n.com\/wp-content\/uploads\/2017\/07\/BearlyN-avatar-blanc-300x300px.jpg?fit=300%2C300&ssl=1\",\"datePublished\":\"2018-05-29T06:00:53+00:00\",\"dateModified\":\"2021-10-26T15:43:15+00:00\",\"description\":\"Contact. Merci de l'int\u00e9r\u00eat que vous portez aux cr\u00e9ations et \u00e0 l'atelier BearlyN. N'h\u00e9sitez pas \u00e0 me contacter pour toute question concernant BearlyN.\",\"breadcrumb\":{\"@id\":\"https:\/\/bearly-n.com\/contact-bearlyn\/#breadcrumb\"},\"inLanguage\":\"en-US\",\"potentialAction\":[{\"@type\":\"ReadAction\",\"target\":[\"https:\/\/bearly-n.com\/contact-bearlyn\/\"]}]},{\"@type\":\"ImageObject\",\"inLanguage\":\"en-US\",\"@id\":\"https:\/\/bearly-n.com\/contact-bearlyn\/#primaryimage\",\"url\":\"https:\/\/i0.wp.com\/bearly-n.com\/wp-content\/uploads\/2017\/07\/BearlyN-avatar-blanc-300x300px.jpg?fit=300%2C300&ssl=1\",\"contentUrl\":\"https:\/\/i0.wp.com\/bearly-n.com\/wp-content\/uploads\/2017\/07\/BearlyN-avatar-blanc-300x300px.jpg?fit=300%2C300&ssl=1\",\"width\":300,\"height\":300,\"caption\":\"boutique en ligne_BearlyN\"},{\"@type\":\"BreadcrumbList\",\"@id\":\"https:\/\/bearly-n.com\/contact-bearlyn\/#breadcrumb\",\"itemListElement\":[{\"@type\":\"ListItem\",\"position\":1,\"name\":\"Accueil\",\"item\":\"https:\/\/bearly-n.com\/\"},{\"@type\":\"ListItem\",\"position\":2,\"name\":\"Contact\"}]},{\"@type\":\"WebSite\",\"@id\":\"https:\/\/bearly-n.com\/#website\",\"url\":\"https:\/\/bearly-n.com\/\",\"name\":\"BearlyN, bijoux de caract\u00e8re\",\"description\":\"Bijoux de Caract\u00e8re\",\"publisher\":{\"@id\":\"https:\/\/bearly-n.com\/#organization\"},\"potentialAction\":[{\"@type\":\"SearchAction\",\"target\":{\"@type\":\"EntryPoint\",\"urlTemplate\":\"https:\/\/bearly-n.com\/?s={search_term_string}\"},\"query-input\":{\"@type\":\"PropertyValueSpecification\",\"valueRequired\":true,\"valueName\":\"search_term_string\"}}],\"inLanguage\":\"en-US\"},{\"@type\":\"Organization\",\"@id\":\"https:\/\/bearly-n.com\/#organization\",\"name\":\"BearlyN\",\"url\":\"https:\/\/bearly-n.com\/\",\"logo\":{\"@type\":\"ImageObject\",\"inLanguage\":\"en-US\",\"@id\":\"https:\/\/bearly-n.com\/#\/schema\/logo\/image\/\",\"url\":\"https:\/\/i1.wp.com\/bearly-n.com\/wp-content\/uploads\/2016\/12\/logo.jpg?fit=630%2C270&ssl=1\",\"contentUrl\":\"https:\/\/i1.wp.com\/bearly-n.com\/wp-content\/uploads\/2016\/12\/logo.jpg?fit=630%2C270&ssl=1\",\"width\":630,\"height\":270,\"caption\":\"BearlyN\"},\"image\":{\"@id\":\"https:\/\/bearly-n.com\/#\/schema\/logo\/image\/\"},\"sameAs\":[\"https:\/\/www.facebook.com\/Bearly-N-881942331934180\/\",\"http:\/\/bearlyn\",\"https:\/\/www.linkedin.com\/company\/bearly-n\/\",\"https:\/\/fr.pinterest.com\/Bearlynterest\/\"]}]}<\/script>\n<!-- \/ Yoast SEO plugin. -->","yoast_head_json":{"title":"Contact - BearlyN","description":"Contact. Merci de l'int\u00e9r\u00eat que vous portez aux cr\u00e9ations et \u00e0 l'atelier BearlyN. N'h\u00e9sitez pas \u00e0 me contacter pour toute question concernant BearlyN.","robots":{"index":"index","follow":"follow","max-snippet":"max-snippet:-1","max-image-preview":"max-image-preview:large","max-video-preview":"max-video-preview:-1"},"canonical":"https:\/\/bearly-n.com\/en\/contact-bearlyn\/","og_locale":"en_US","og_type":"article","og_title":"Contact - BearlyN","og_description":"Contact. Merci de l'int\u00e9r\u00eat que vous portez aux cr\u00e9ations et \u00e0 l'atelier BearlyN. N'h\u00e9sitez pas \u00e0 me contacter pour toute question concernant BearlyN.","og_url":"https:\/\/bearly-n.com\/en\/contact-bearlyn\/","og_site_name":"BearlyN","article_publisher":"https:\/\/www.facebook.com\/Bearly-N-881942331934180\/","article_modified_time":"2021-10-26T15:43:15+00:00","og_image":[{"width":300,"height":300,"url":"https:\/\/i2.wp.com\/bearly-n.com\/wp-content\/uploads\/2017\/07\/BearlyN-avatar-blanc-300x300px.jpg?fit=300%2C300&ssl=1","type":"image\/jpeg"}],"twitter_card":"summary_large_image","twitter_misc":{"Est. reading time":"1 minute"},"schema":{"@context":"https:\/\/schema.org","@graph":[{"@type":"WebPage","@id":"https:\/\/bearly-n.com\/contact-bearlyn\/","url":"https:\/\/bearly-n.com\/contact-bearlyn\/","name":"Contact - BearlyN","isPartOf":{"@id":"https:\/\/bearly-n.com\/#website"},"primaryImageOfPage":{"@id":"https:\/\/bearly-n.com\/contact-bearlyn\/#primaryimage"},"image":{"@id":"https:\/\/bearly-n.com\/contact-bearlyn\/#primaryimage"},"thumbnailUrl":"https:\/\/i0.wp.com\/bearly-n.com\/wp-content\/uploads\/2017\/07\/BearlyN-avatar-blanc-300x300px.jpg?fit=300%2C300&ssl=1","datePublished":"2018-05-29T06:00:53+00:00","dateModified":"2021-10-26T15:43:15+00:00","description":"Contact. Merci de l'int\u00e9r\u00eat que vous portez aux cr\u00e9ations et \u00e0 l'atelier BearlyN. N'h\u00e9sitez pas \u00e0 me contacter pour toute question concernant BearlyN.","breadcrumb":{"@id":"https:\/\/bearly-n.com\/contact-bearlyn\/#breadcrumb"},"inLanguage":"en-US","potentialAction":[{"@type":"ReadAction","target":["https:\/\/bearly-n.com\/contact-bearlyn\/"]}]},{"@type":"ImageObject","inLanguage":"en-US","@id":"https:\/\/bearly-n.com\/contact-bearlyn\/#primaryimage","url":"https:\/\/i0.wp.com\/bearly-n.com\/wp-content\/uploads\/2017\/07\/BearlyN-avatar-blanc-300x300px.jpg?fit=300%2C300&ssl=1","contentUrl":"https:\/\/i0.wp.com\/bearly-n.com\/wp-content\/uploads\/2017\/07\/BearlyN-avatar-blanc-300x300px.jpg?fit=300%2C300&ssl=1","width":300,"height":300,"caption":"boutique en ligne_BearlyN"},{"@type":"BreadcrumbList","@id":"https:\/\/bearly-n.com\/contact-bearlyn\/#breadcrumb","itemListElement":[{"@type":"ListItem","position":1,"name":"Accueil","item":"https:\/\/bearly-n.com\/"},{"@type":"ListItem","position":2,"name":"Contact"}]},{"@type":"WebSite","@id":"https:\/\/bearly-n.com\/#website","url":"https:\/\/bearly-n.com\/","name":"BearlyN, bijoux de caract\u00e8re","description":"Bijoux de Caract\u00e8re","publisher":{"@id":"https:\/\/bearly-n.com\/#organization"},"potentialAction":[{"@type":"SearchAction","target":{"@type":"EntryPoint","urlTemplate":"https:\/\/bearly-n.com\/?s={search_term_string}"},"query-input":{"@type":"PropertyValueSpecification","valueRequired":true,"valueName":"search_term_string"}}],"inLanguage":"en-US"},{"@type":"Organization","@id":"https:\/\/bearly-n.com\/#organization","name":"BearlyN","url":"https:\/\/bearly-n.com\/","logo":{"@type":"ImageObject","inLanguage":"en-US","@id":"https:\/\/bearly-n.com\/#\/schema\/logo\/image\/","url":"https:\/\/i1.wp.com\/bearly-n.com\/wp-content\/uploads\/2016\/12\/logo.jpg?fit=630%2C270&ssl=1","contentUrl":"https:\/\/i1.wp.com\/bearly-n.com\/wp-content\/uploads\/2016\/12\/logo.jpg?fit=630%2C270&ssl=1","width":630,"height":270,"caption":"BearlyN"},"image":{"@id":"https:\/\/bearly-n.com\/#\/schema\/logo\/image\/"},"sameAs":["https:\/\/www.facebook.com\/Bearly-N-881942331934180\/","http:\/\/bearlyn","https:\/\/www.linkedin.com\/company\/bearly-n\/","https:\/\/fr.pinterest.com\/Bearlynterest\/"]}]}},"jetpack_sharing_enabled":true,"jetpack_shortlink":"https:\/\/wp.me\/P8oIQX-Z","jetpack_likes_enabled":true,"_links":{"self":[{"href":"https:\/\/bearly-n.com\/en\/wp-json\/wp\/v2\/pages\/61","targetHints":{"allow":["GET"]}}],"collection":[{"href":"https:\/\/bearly-n.com\/en\/wp-json\/wp\/v2\/pages"}],"about":[{"href":"https:\/\/bearly-n.com\/en\/wp-json\/wp\/v2\/types\/page"}],"author":[{"embeddable":true,"href":"https:\/\/bearly-n.com\/en\/wp-json\/wp\/v2\/users\/1"}],"replies":[{"embeddable":true,"href":"https:\/\/bearly-n.com\/en\/wp-json\/wp\/v2\/comments?post=61"}],"version-history":[{"count":10,"href":"https:\/\/bearly-n.com\/en\/wp-json\/wp\/v2\/pages\/61\/revisions"}],"predecessor-version":[{"id":9815,"href":"https:\/\/bearly-n.com\/en\/wp-json\/wp\/v2\/pages\/61\/revisions\/9815"}],"wp:featuredmedia":[{"embeddable":true,"href":"https:\/\/bearly-n.com\/en\/wp-json\/wp\/v2\/media\/1118"}],"wp:attachment":[{"href":"https:\/\/bearly-n.com\/en\/wp-json\/wp\/v2\/media?parent=61"}],"curies":[{"name":"wp","href":"https:\/\/api.w.org\/{rel}","templated":true}]}}