{"id":5994,"date":"2020-03-19T17:29:19","date_gmt":"2020-03-19T16:29:19","guid":{"rendered":"https:\/\/bearly-n.com\/?page_id=5994"},"modified":"2020-11-01T16:09:31","modified_gmt":"2020-11-01T15:09:31","slug":"collection-welcome-to-the-jungle","status":"publish","type":"page","link":"https:\/\/bearly-n.com\/en\/collection-welcome-to-the-jungle\/","title":{"rendered":"Collection-Welcome To The Jungle"},"content":{"rendered":"<div data-elementor-type=\"wp-page\" data-elementor-id=\"5994\" class=\"elementor elementor-5994\">\n\t\t\t\t\t\t<section class=\"elementor-section elementor-top-section elementor-element elementor-element-4fadb671 elementor-section-boxed elementor-section-height-default elementor-section-height-default\" data-id=\"4fadb671\" data-element_type=\"section\">\n\t\t\t\t\t\t<div class=\"elementor-container elementor-column-gap-default\">\n\t\t\t\t\t<div class=\"elementor-column elementor-col-100 elementor-top-column elementor-element elementor-element-22bbbabd\" data-id=\"22bbbabd\" data-element_type=\"column\">\n\t\t\t<div class=\"elementor-widget-wrap elementor-element-populated\">\n\t\t\t\t\t\t<div class=\"elementor-element elementor-element-2187ee95 elementor-widget elementor-widget-text-editor\" data-id=\"2187ee95\" data-element_type=\"widget\" data-widget_type=\"text-editor.default\">\n\t\t\t\t<div class=\"elementor-widget-container\">\n\t\t\t\t\t\t\t\t\t<p style=\"text-align: center;\">Partez en voyage. Explorez les f\u00f4rets les plus profondes. D\u00e9couvrez la collection Welcome To The Jungle!<\/p><p>Des bijoux brod\u00e9s qui vous ferons traverser l&rsquo;Amazonie , la savane &#8230;, un bestiaire sauvage \u00e0 d\u00e9caler pour affronter la jungle urbaine.<\/p><p><img fetchpriority=\"high\" decoding=\"async\" data-attachment-id=\"950\" data-permalink=\"https:\/\/bearly-n.com\/en\/la-collection-welcome-to-the-jungle\/fond-welcome-to-the-jungle\/\" data-orig-file=\"https:\/\/i0.wp.com\/bearly-n.com\/wp-content\/uploads\/2017\/06\/FOND-WELCOME-TO-THE-jUNGLE.jpg?fit=1024%2C358&amp;ssl=1\" data-orig-size=\"1024,358\" data-comments-opened=\"1\" data-image-meta=\"{&quot;aperture&quot;:&quot;0&quot;,&quot;credit&quot;:&quot;&quot;,&quot;camera&quot;:&quot;&quot;,&quot;caption&quot;:&quot;&quot;,&quot;created_timestamp&quot;:&quot;0&quot;,&quot;copyright&quot;:&quot;&quot;,&quot;focal_length&quot;:&quot;0&quot;,&quot;iso&quot;:&quot;0&quot;,&quot;shutter_speed&quot;:&quot;0&quot;,&quot;title&quot;:&quot;&quot;,&quot;orientation&quot;:&quot;0&quot;}\" data-image-title=\"FOND WELCOME TO THE jUNGLE\" data-image-description=\"\" data-image-caption=\"\" data-medium-file=\"https:\/\/i0.wp.com\/bearly-n.com\/wp-content\/uploads\/2017\/06\/FOND-WELCOME-TO-THE-jUNGLE.jpg?fit=300%2C105&amp;ssl=1\" data-large-file=\"https:\/\/i0.wp.com\/bearly-n.com\/wp-content\/uploads\/2017\/06\/FOND-WELCOME-TO-THE-jUNGLE.jpg?fit=1024%2C358&amp;ssl=1\" data-recalc-dims=\"1\" class=\"aligncenter wp-image-950 size-large\" src=\"https:\/\/i0.wp.com\/bearly-n.com\/wp-content\/uploads\/2017\/06\/FOND-WELCOME-TO-THE-jUNGLE.jpg?resize=1024%2C358&#038;ssl=1\" alt=\"image en-t\u00eate welcome to the Jungle\" width=\"1024\" height=\"358\" srcset=\"https:\/\/i0.wp.com\/bearly-n.com\/wp-content\/uploads\/2017\/06\/FOND-WELCOME-TO-THE-jUNGLE.jpg?w=1024&amp;ssl=1 1024w, https:\/\/i0.wp.com\/bearly-n.com\/wp-content\/uploads\/2017\/06\/FOND-WELCOME-TO-THE-jUNGLE.jpg?resize=600%2C210&amp;ssl=1 600w, https:\/\/i0.wp.com\/bearly-n.com\/wp-content\/uploads\/2017\/06\/FOND-WELCOME-TO-THE-jUNGLE.jpg?resize=300%2C105&amp;ssl=1 300w, https:\/\/i0.wp.com\/bearly-n.com\/wp-content\/uploads\/2017\/06\/FOND-WELCOME-TO-THE-jUNGLE.jpg?resize=768%2C269&amp;ssl=1 768w, https:\/\/i0.wp.com\/bearly-n.com\/wp-content\/uploads\/2017\/06\/FOND-WELCOME-TO-THE-jUNGLE.jpg?resize=425%2C149&amp;ssl=1 425w\" sizes=\"(max-width: 1000px) 100vw, 1000px\" \/><\/p>\t\t\t\t\t\t\t\t<\/div>\n\t\t\t\t<\/div>\n\t\t\t\t\t<\/div>\n\t\t<\/div>\n\t\t\t\t\t<\/div>\n\t\t<\/section>\n\t\t\t\t<section class=\"elementor-section elementor-top-section elementor-element elementor-element-55da72d elementor-section-boxed elementor-section-height-default elementor-section-height-default\" data-id=\"55da72d\" data-element_type=\"section\">\n\t\t\t\t\t\t<div class=\"elementor-container elementor-column-gap-default\">\n\t\t\t\t\t<div class=\"elementor-column elementor-col-100 elementor-top-column elementor-element elementor-element-9664711\" data-id=\"9664711\" data-element_type=\"column\">\n\t\t\t<div class=\"elementor-widget-wrap elementor-element-populated\">\n\t\t\t\t\t\t<div class=\"elementor-element elementor-element-8014a52 elementor-widget elementor-widget-heading\" data-id=\"8014a52\" data-element_type=\"widget\" data-widget_type=\"heading.default\">\n\t\t\t\t<div class=\"elementor-widget-container\">\n\t\t\t\t\t<h2 class=\"elementor-heading-title elementor-size-default\">D\u00e9couvrez les produits de la collection Welcome To The Jungle<\/h2>\t\t\t\t<\/div>\n\t\t\t\t<\/div>\n\t\t\t\t\t<\/div>\n\t\t<\/div>\n\t\t\t\t\t<\/div>\n\t\t<\/section>\n\t\t\t\t<section class=\"elementor-section elementor-top-section elementor-element elementor-element-14edada elementor-section-boxed elementor-section-height-default elementor-section-height-default\" data-id=\"14edada\" data-element_type=\"section\">\n\t\t\t\t\t\t<div class=\"elementor-container elementor-column-gap-default\">\n\t\t\t\t\t<div class=\"elementor-column elementor-col-100 elementor-top-column elementor-element elementor-element-07e8d50\" data-id=\"07e8d50\" data-element_type=\"column\">\n\t\t\t<div class=\"elementor-widget-wrap elementor-element-populated\">\n\t\t\t\t\t\t<div class=\"elementor-element elementor-element-0e57c71 elementor-widget elementor-widget-woocommerce-products\" data-id=\"0e57c71\" data-element_type=\"widget\" data-widget_type=\"woocommerce-products.default\">\n\t\t\t\t<div class=\"elementor-widget-container\">\n\t\t\t\t\t \t\t\t\t<\/div>\n\t\t\t\t<\/div>\n\t\t\t\t\t<\/div>\n\t\t<\/div>\n\t\t\t\t\t<\/div>\n\t\t<\/section>\n\t\t\t\t<\/div>","protected":false},"excerpt":{"rendered":"<p>Partez en voyage. Explorez les f\u00f4rets les plus profondes. D\u00e9couvrez la collection Welcome To The Jungle! Des bijoux brod\u00e9s qui&#8230;<\/p>","protected":false},"author":1,"featured_media":950,"parent":0,"menu_order":0,"comment_status":"closed","ping_status":"closed","template":"","meta":{"_price":"","_stock":"","_tribe_ticket_header":"","_tribe_default_ticket_provider":"","_tribe_ticket_capacity":"0","_ticket_start_date":"","_ticket_end_date":"","_tribe_ticket_show_description":"","_tribe_ticket_show_not_going":false,"_tribe_ticket_use_global_stock":"","_tribe_ticket_global_stock_level":"","_global_stock_mode":"","_global_stock_cap":"","_tribe_rsvp_for_event":"","_tribe_ticket_going_count":"","_tribe_ticket_not_going_count":"","_tribe_tickets_list":"[]","_tribe_ticket_has_attendee_info_fields":false,"jetpack_post_was_ever_published":false,"footnotes":""},"class_list":["post-5994","page","type-page","status-publish","has-post-thumbnail","hentry"],"yoast_head":"<!-- This site is optimized with the Yoast SEO plugin v26.2 - https:\/\/yoast.com\/wordpress\/plugins\/seo\/ -->\n<title>Collection-Welcome To The Jungle - BearlyN<\/title>\n<meta name=\"robots\" content=\"index, follow, max-snippet:-1, max-image-preview:large, max-video-preview:-1\" \/>\n<link rel=\"canonical\" href=\"https:\/\/bearly-n.com\/en\/collection-welcome-to-the-jungle\/\" \/>\n<meta property=\"og:locale\" content=\"en_US\" \/>\n<meta property=\"og:type\" content=\"article\" \/>\n<meta property=\"og:title\" content=\"Collection-Welcome To The Jungle - BearlyN\" \/>\n<meta property=\"og:description\" content=\"Partez en voyage. Explorez les f\u00f4rets les plus profondes. D\u00e9couvrez la collection Welcome To The Jungle! Des bijoux brod\u00e9s qui...\" \/>\n<meta property=\"og:url\" content=\"https:\/\/bearly-n.com\/en\/collection-welcome-to-the-jungle\/\" \/>\n<meta property=\"og:site_name\" content=\"BearlyN\" \/>\n<meta property=\"article:publisher\" content=\"https:\/\/www.facebook.com\/Bearly-N-881942331934180\/\" \/>\n<meta property=\"article:modified_time\" content=\"2020-11-01T15:09:31+00:00\" \/>\n<meta property=\"og:image\" content=\"https:\/\/i1.wp.com\/bearly-n.com\/wp-content\/uploads\/2017\/06\/FOND-WELCOME-TO-THE-jUNGLE.jpg?fit=1024%2C358&ssl=1\" \/>\n\t<meta property=\"og:image:width\" content=\"1024\" \/>\n\t<meta property=\"og:image:height\" content=\"358\" \/>\n\t<meta property=\"og:image:type\" content=\"image\/jpeg\" \/>\n<meta name=\"twitter:card\" content=\"summary_large_image\" \/>\n<script type=\"application\/ld+json\" class=\"yoast-schema-graph\">{\"@context\":\"https:\/\/schema.org\",\"@graph\":[{\"@type\":\"WebPage\",\"@id\":\"https:\/\/bearly-n.com\/collection-welcome-to-the-jungle\/\",\"url\":\"https:\/\/bearly-n.com\/collection-welcome-to-the-jungle\/\",\"name\":\"Collection-Welcome To The Jungle - BearlyN\",\"isPartOf\":{\"@id\":\"https:\/\/bearly-n.com\/#website\"},\"primaryImageOfPage\":{\"@id\":\"https:\/\/bearly-n.com\/collection-welcome-to-the-jungle\/#primaryimage\"},\"image\":{\"@id\":\"https:\/\/bearly-n.com\/collection-welcome-to-the-jungle\/#primaryimage\"},\"thumbnailUrl\":\"https:\/\/i0.wp.com\/bearly-n.com\/wp-content\/uploads\/2017\/06\/FOND-WELCOME-TO-THE-jUNGLE.jpg?fit=1024%2C358&ssl=1\",\"datePublished\":\"2020-03-19T16:29:19+00:00\",\"dateModified\":\"2020-11-01T15:09:31+00:00\",\"breadcrumb\":{\"@id\":\"https:\/\/bearly-n.com\/collection-welcome-to-the-jungle\/#breadcrumb\"},\"inLanguage\":\"en-US\",\"potentialAction\":[{\"@type\":\"ReadAction\",\"target\":[\"https:\/\/bearly-n.com\/collection-welcome-to-the-jungle\/\"]}]},{\"@type\":\"ImageObject\",\"inLanguage\":\"en-US\",\"@id\":\"https:\/\/bearly-n.com\/collection-welcome-to-the-jungle\/#primaryimage\",\"url\":\"https:\/\/i0.wp.com\/bearly-n.com\/wp-content\/uploads\/2017\/06\/FOND-WELCOME-TO-THE-jUNGLE.jpg?fit=1024%2C358&ssl=1\",\"contentUrl\":\"https:\/\/i0.wp.com\/bearly-n.com\/wp-content\/uploads\/2017\/06\/FOND-WELCOME-TO-THE-jUNGLE.jpg?fit=1024%2C358&ssl=1\",\"width\":1024,\"height\":358,\"caption\":\"image en-t\u00eate welcome to the Jungle\"},{\"@type\":\"BreadcrumbList\",\"@id\":\"https:\/\/bearly-n.com\/collection-welcome-to-the-jungle\/#breadcrumb\",\"itemListElement\":[{\"@type\":\"ListItem\",\"position\":1,\"name\":\"Accueil\",\"item\":\"https:\/\/bearly-n.com\/\"},{\"@type\":\"ListItem\",\"position\":2,\"name\":\"Collection-Welcome To The Jungle\"}]},{\"@type\":\"WebSite\",\"@id\":\"https:\/\/bearly-n.com\/#website\",\"url\":\"https:\/\/bearly-n.com\/\",\"name\":\"BearlyN, bijoux de caract\u00e8re\",\"description\":\"Bijoux de Caract\u00e8re\",\"publisher\":{\"@id\":\"https:\/\/bearly-n.com\/#organization\"},\"potentialAction\":[{\"@type\":\"SearchAction\",\"target\":{\"@type\":\"EntryPoint\",\"urlTemplate\":\"https:\/\/bearly-n.com\/?s={search_term_string}\"},\"query-input\":{\"@type\":\"PropertyValueSpecification\",\"valueRequired\":true,\"valueName\":\"search_term_string\"}}],\"inLanguage\":\"en-US\"},{\"@type\":\"Organization\",\"@id\":\"https:\/\/bearly-n.com\/#organization\",\"name\":\"BearlyN\",\"url\":\"https:\/\/bearly-n.com\/\",\"logo\":{\"@type\":\"ImageObject\",\"inLanguage\":\"en-US\",\"@id\":\"https:\/\/bearly-n.com\/#\/schema\/logo\/image\/\",\"url\":\"https:\/\/i1.wp.com\/bearly-n.com\/wp-content\/uploads\/2016\/12\/logo.jpg?fit=630%2C270&ssl=1\",\"contentUrl\":\"https:\/\/i1.wp.com\/bearly-n.com\/wp-content\/uploads\/2016\/12\/logo.jpg?fit=630%2C270&ssl=1\",\"width\":630,\"height\":270,\"caption\":\"BearlyN\"},\"image\":{\"@id\":\"https:\/\/bearly-n.com\/#\/schema\/logo\/image\/\"},\"sameAs\":[\"https:\/\/www.facebook.com\/Bearly-N-881942331934180\/\",\"http:\/\/bearlyn\",\"https:\/\/www.linkedin.com\/company\/bearly-n\/\",\"https:\/\/fr.pinterest.com\/Bearlynterest\/\"]}]}<\/script>\n<!-- \/ Yoast SEO plugin. -->","yoast_head_json":{"title":"Collection-Welcome To The Jungle - BearlyN","robots":{"index":"index","follow":"follow","max-snippet":"max-snippet:-1","max-image-preview":"max-image-preview:large","max-video-preview":"max-video-preview:-1"},"canonical":"https:\/\/bearly-n.com\/en\/collection-welcome-to-the-jungle\/","og_locale":"en_US","og_type":"article","og_title":"Collection-Welcome To The Jungle - BearlyN","og_description":"Partez en voyage. Explorez les f\u00f4rets les plus profondes. D\u00e9couvrez la collection Welcome To The Jungle! Des bijoux brod\u00e9s qui...","og_url":"https:\/\/bearly-n.com\/en\/collection-welcome-to-the-jungle\/","og_site_name":"BearlyN","article_publisher":"https:\/\/www.facebook.com\/Bearly-N-881942331934180\/","article_modified_time":"2020-11-01T15:09:31+00:00","og_image":[{"width":1024,"height":358,"url":"https:\/\/i1.wp.com\/bearly-n.com\/wp-content\/uploads\/2017\/06\/FOND-WELCOME-TO-THE-jUNGLE.jpg?fit=1024%2C358&ssl=1","type":"image\/jpeg"}],"twitter_card":"summary_large_image","schema":{"@context":"https:\/\/schema.org","@graph":[{"@type":"WebPage","@id":"https:\/\/bearly-n.com\/collection-welcome-to-the-jungle\/","url":"https:\/\/bearly-n.com\/collection-welcome-to-the-jungle\/","name":"Collection-Welcome To The Jungle - BearlyN","isPartOf":{"@id":"https:\/\/bearly-n.com\/#website"},"primaryImageOfPage":{"@id":"https:\/\/bearly-n.com\/collection-welcome-to-the-jungle\/#primaryimage"},"image":{"@id":"https:\/\/bearly-n.com\/collection-welcome-to-the-jungle\/#primaryimage"},"thumbnailUrl":"https:\/\/i0.wp.com\/bearly-n.com\/wp-content\/uploads\/2017\/06\/FOND-WELCOME-TO-THE-jUNGLE.jpg?fit=1024%2C358&ssl=1","datePublished":"2020-03-19T16:29:19+00:00","dateModified":"2020-11-01T15:09:31+00:00","breadcrumb":{"@id":"https:\/\/bearly-n.com\/collection-welcome-to-the-jungle\/#breadcrumb"},"inLanguage":"en-US","potentialAction":[{"@type":"ReadAction","target":["https:\/\/bearly-n.com\/collection-welcome-to-the-jungle\/"]}]},{"@type":"ImageObject","inLanguage":"en-US","@id":"https:\/\/bearly-n.com\/collection-welcome-to-the-jungle\/#primaryimage","url":"https:\/\/i0.wp.com\/bearly-n.com\/wp-content\/uploads\/2017\/06\/FOND-WELCOME-TO-THE-jUNGLE.jpg?fit=1024%2C358&ssl=1","contentUrl":"https:\/\/i0.wp.com\/bearly-n.com\/wp-content\/uploads\/2017\/06\/FOND-WELCOME-TO-THE-jUNGLE.jpg?fit=1024%2C358&ssl=1","width":1024,"height":358,"caption":"image en-t\u00eate welcome to the Jungle"},{"@type":"BreadcrumbList","@id":"https:\/\/bearly-n.com\/collection-welcome-to-the-jungle\/#breadcrumb","itemListElement":[{"@type":"ListItem","position":1,"name":"Accueil","item":"https:\/\/bearly-n.com\/"},{"@type":"ListItem","position":2,"name":"Collection-Welcome To The Jungle"}]},{"@type":"WebSite","@id":"https:\/\/bearly-n.com\/#website","url":"https:\/\/bearly-n.com\/","name":"BearlyN, bijoux de caract\u00e8re","description":"Bijoux de Caract\u00e8re","publisher":{"@id":"https:\/\/bearly-n.com\/#organization"},"potentialAction":[{"@type":"SearchAction","target":{"@type":"EntryPoint","urlTemplate":"https:\/\/bearly-n.com\/?s={search_term_string}"},"query-input":{"@type":"PropertyValueSpecification","valueRequired":true,"valueName":"search_term_string"}}],"inLanguage":"en-US"},{"@type":"Organization","@id":"https:\/\/bearly-n.com\/#organization","name":"BearlyN","url":"https:\/\/bearly-n.com\/","logo":{"@type":"ImageObject","inLanguage":"en-US","@id":"https:\/\/bearly-n.com\/#\/schema\/logo\/image\/","url":"https:\/\/i1.wp.com\/bearly-n.com\/wp-content\/uploads\/2016\/12\/logo.jpg?fit=630%2C270&ssl=1","contentUrl":"https:\/\/i1.wp.com\/bearly-n.com\/wp-content\/uploads\/2016\/12\/logo.jpg?fit=630%2C270&ssl=1","width":630,"height":270,"caption":"BearlyN"},"image":{"@id":"https:\/\/bearly-n.com\/#\/schema\/logo\/image\/"},"sameAs":["https:\/\/www.facebook.com\/Bearly-N-881942331934180\/","http:\/\/bearlyn","https:\/\/www.linkedin.com\/company\/bearly-n\/","https:\/\/fr.pinterest.com\/Bearlynterest\/"]}]}},"jetpack_sharing_enabled":true,"jetpack_shortlink":"https:\/\/wp.me\/P8oIQX-1yG","jetpack_likes_enabled":true,"_links":{"self":[{"href":"https:\/\/bearly-n.com\/en\/wp-json\/wp\/v2\/pages\/5994","targetHints":{"allow":["GET"]}}],"collection":[{"href":"https:\/\/bearly-n.com\/en\/wp-json\/wp\/v2\/pages"}],"about":[{"href":"https:\/\/bearly-n.com\/en\/wp-json\/wp\/v2\/types\/page"}],"author":[{"embeddable":true,"href":"https:\/\/bearly-n.com\/en\/wp-json\/wp\/v2\/users\/1"}],"replies":[{"embeddable":true,"href":"https:\/\/bearly-n.com\/en\/wp-json\/wp\/v2\/comments?post=5994"}],"version-history":[{"count":11,"href":"https:\/\/bearly-n.com\/en\/wp-json\/wp\/v2\/pages\/5994\/revisions"}],"predecessor-version":[{"id":9030,"href":"https:\/\/bearly-n.com\/en\/wp-json\/wp\/v2\/pages\/5994\/revisions\/9030"}],"wp:featuredmedia":[{"embeddable":true,"href":"https:\/\/bearly-n.com\/en\/wp-json\/wp\/v2\/media\/950"}],"wp:attachment":[{"href":"https:\/\/bearly-n.com\/en\/wp-json\/wp\/v2\/media?parent=5994"}],"curies":[{"name":"wp","href":"https:\/\/api.w.org\/{rel}","templated":true}]}}