{"id":2331,"date":"2019-11-11T18:03:11","date_gmt":"2019-11-11T17:03:11","guid":{"rendered":"https:\/\/demo.themeftc.com\/woo-osapa\/store\/store-listing\/"},"modified":"2020-10-13T11:39:12","modified_gmt":"2020-10-13T09:39:12","slug":"collection-a-forest","status":"publish","type":"page","link":"https:\/\/bearly-n.com\/en\/collection-a-forest\/","title":{"rendered":"Collection-A Forest"},"content":{"rendered":"<div data-elementor-type=\"wp-page\" data-elementor-id=\"2331\" class=\"elementor elementor-2331\">\n\t\t\t\t\t\t<section class=\"elementor-section elementor-top-section elementor-element elementor-element-1c5ca7e7 elementor-section-boxed elementor-section-height-default elementor-section-height-default\" data-id=\"1c5ca7e7\" data-element_type=\"section\">\n\t\t\t\t\t\t<div class=\"elementor-container elementor-column-gap-default\">\n\t\t\t\t\t<div class=\"elementor-column elementor-col-100 elementor-top-column elementor-element elementor-element-6ad4a4fc\" data-id=\"6ad4a4fc\" data-element_type=\"column\">\n\t\t\t<div class=\"elementor-widget-wrap elementor-element-populated\">\n\t\t\t\t\t\t<div class=\"elementor-element elementor-element-45372580 elementor-widget elementor-widget-text-editor\" data-id=\"45372580\" data-element_type=\"widget\" data-widget_type=\"text-editor.default\">\n\t\t\t\t<div class=\"elementor-widget-container\">\n\t\t\t\t\t\t\t\t\t<p>\u00a0<\/p><p style=\"text-align: center;\">D\u00e9couvrez la <strong>collection A Forest<\/strong> sign\u00e9e Bearlyn, inspir\u00e9e par les couleurs automnales et les promenades en for\u00eats<\/p><p><div style=\"width: 640px;\" class=\"wp-video\"><video class=\"wp-video-shortcode\" id=\"video-2331-1\" width=\"640\" height=\"360\" preload=\"metadata\" controls=\"controls\"><source type=\"video\/mp4\" src=\"https:\/\/bearly-n.com\/wp-content\/uploads\/2016\/12\/A-Forest-d\u00e9finitif-.mp4?_=1\" \/><a href=\"https:\/\/bearly-n.com\/wp-content\/uploads\/2016\/12\/A-Forest-d\u00e9finitif-.mp4\">https:\/\/bearly-n.com\/wp-content\/uploads\/2016\/12\/A-Forest-d\u00e9finitif-.mp4<\/a><\/video><\/div><\/p><p>D\u00e9couvrez les produits de la collection A Forest<\/p>\t\t\t\t\t\t\t\t<\/div>\n\t\t\t\t<\/div>\n\t\t\t\t\t<\/div>\n\t\t<\/div>\n\t\t\t\t\t<\/div>\n\t\t<\/section>\n\t\t\t\t<section class=\"elementor-section elementor-top-section elementor-element elementor-element-276bfd2 elementor-section-boxed elementor-section-height-default elementor-section-height-default\" data-id=\"276bfd2\" data-element_type=\"section\">\n\t\t\t\t\t\t<div class=\"elementor-container elementor-column-gap-default\">\n\t\t\t\t\t<div class=\"elementor-column elementor-col-100 elementor-top-column elementor-element elementor-element-3954cd1\" data-id=\"3954cd1\" data-element_type=\"column\">\n\t\t\t<div class=\"elementor-widget-wrap elementor-element-populated\">\n\t\t\t\t\t\t<div class=\"elementor-element elementor-element-5234214 elementor-widget elementor-widget-heading\" data-id=\"5234214\" data-element_type=\"widget\" data-widget_type=\"heading.default\">\n\t\t\t\t<div class=\"elementor-widget-container\">\n\t\t\t\t\t<h2 class=\"elementor-heading-title elementor-size-default\">D\u00e9couvrez les produits de la collection A Forest<\/h2>\t\t\t\t<\/div>\n\t\t\t\t<\/div>\n\t\t\t\t\t<\/div>\n\t\t<\/div>\n\t\t\t\t\t<\/div>\n\t\t<\/section>\n\t\t\t\t<section class=\"elementor-section elementor-top-section elementor-element elementor-element-41ddf26 elementor-section-boxed elementor-section-height-default elementor-section-height-default\" data-id=\"41ddf26\" data-element_type=\"section\">\n\t\t\t\t\t\t<div class=\"elementor-container elementor-column-gap-default\">\n\t\t\t\t\t<div class=\"elementor-column elementor-col-100 elementor-top-column elementor-element elementor-element-0855443\" data-id=\"0855443\" data-element_type=\"column\">\n\t\t\t<div class=\"elementor-widget-wrap elementor-element-populated\">\n\t\t\t\t\t\t<div class=\"elementor-element elementor-element-a82965c elementor-widget elementor-widget-woocommerce-products\" data-id=\"a82965c\" data-element_type=\"widget\" data-widget_type=\"woocommerce-products.default\">\n\t\t\t\t<div class=\"elementor-widget-container\">\n\t\t\t\t\t \t\t\t\t<\/div>\n\t\t\t\t<\/div>\n\t\t\t\t\t<\/div>\n\t\t<\/div>\n\t\t\t\t\t<\/div>\n\t\t<\/section>\n\t\t\t\t<\/div>","protected":false},"excerpt":{"rendered":"<p>\u00a0 D\u00e9couvrez la collection A Forest sign\u00e9e Bearlyn, inspir\u00e9e par les couleurs automnales et les promenades en for\u00eats D\u00e9couvrez les&#8230;<\/p>","protected":false},"author":1,"featured_media":6028,"parent":0,"menu_order":0,"comment_status":"closed","ping_status":"closed","template":"","meta":{"_price":"","_stock":"","_tribe_ticket_header":"","_tribe_default_ticket_provider":"","_tribe_ticket_capacity":"0","_ticket_start_date":"","_ticket_end_date":"","_tribe_ticket_show_description":"","_tribe_ticket_show_not_going":false,"_tribe_ticket_use_global_stock":"","_tribe_ticket_global_stock_level":"","_global_stock_mode":"","_global_stock_cap":"","_tribe_rsvp_for_event":"","_tribe_ticket_going_count":"","_tribe_ticket_not_going_count":"","_tribe_tickets_list":"[]","_tribe_ticket_has_attendee_info_fields":false,"jetpack_post_was_ever_published":false,"footnotes":""},"class_list":["post-2331","page","type-page","status-publish","has-post-thumbnail","hentry"],"yoast_head":"<!-- This site is optimized with the Yoast SEO plugin v26.2 - https:\/\/yoast.com\/wordpress\/plugins\/seo\/ -->\n<title>Collection-A Forest - BearlyN<\/title>\n<meta name=\"description\" content=\"D\u00e9couvrez la collection de bijoux A Forest, une collection d&#039;automne inspir\u00e9e par la nature. Plastrons, pendentifs et bracelets aux teintes changeantes.\" \/>\n<meta name=\"robots\" content=\"index, follow, max-snippet:-1, max-image-preview:large, max-video-preview:-1\" \/>\n<link rel=\"canonical\" href=\"https:\/\/bearly-n.com\/en\/collection-a-forest\/\" \/>\n<meta property=\"og:locale\" content=\"en_US\" \/>\n<meta property=\"og:type\" content=\"article\" \/>\n<meta property=\"og:title\" content=\"Collection-A Forest - BearlyN\" \/>\n<meta property=\"og:description\" content=\"D\u00e9couvrez la collection de bijoux A Forest, une collection d&#039;automne inspir\u00e9e par la nature. Plastrons, pendentifs et bracelets aux teintes changeantes.\" \/>\n<meta property=\"og:url\" content=\"https:\/\/bearly-n.com\/en\/collection-a-forest\/\" \/>\n<meta property=\"og:site_name\" content=\"BearlyN\" \/>\n<meta property=\"article:publisher\" content=\"https:\/\/www.facebook.com\/Bearly-N-881942331934180\/\" \/>\n<meta property=\"article:modified_time\" content=\"2020-10-13T09:39:12+00:00\" \/>\n<meta property=\"og:image\" content=\"https:\/\/i2.wp.com\/bearly-n.com\/wp-content\/uploads\/2019\/11\/Fond-A-Forest-Collection.png?fit=1180%2C412&ssl=1\" \/>\n\t<meta property=\"og:image:width\" content=\"1180\" \/>\n\t<meta property=\"og:image:height\" content=\"412\" \/>\n\t<meta property=\"og:image:type\" content=\"image\/png\" \/>\n<meta name=\"twitter:card\" content=\"summary_large_image\" \/>\n<script type=\"application\/ld+json\" class=\"yoast-schema-graph\">{\"@context\":\"https:\/\/schema.org\",\"@graph\":[{\"@type\":\"WebPage\",\"@id\":\"https:\/\/bearly-n.com\/en\/collection-a-forest\/\",\"url\":\"https:\/\/bearly-n.com\/en\/collection-a-forest\/\",\"name\":\"Collection-A Forest - BearlyN\",\"isPartOf\":{\"@id\":\"https:\/\/bearly-n.com\/#website\"},\"primaryImageOfPage\":{\"@id\":\"https:\/\/bearly-n.com\/en\/collection-a-forest\/#primaryimage\"},\"image\":{\"@id\":\"https:\/\/bearly-n.com\/en\/collection-a-forest\/#primaryimage\"},\"thumbnailUrl\":\"https:\/\/i0.wp.com\/bearly-n.com\/wp-content\/uploads\/2019\/11\/Fond-A-Forest-Collection.png?fit=1180%2C412&ssl=1\",\"datePublished\":\"2019-11-11T17:03:11+00:00\",\"dateModified\":\"2020-10-13T09:39:12+00:00\",\"description\":\"D\u00e9couvrez la collection de bijoux A Forest, une collection d'automne inspir\u00e9e par la nature. Plastrons, pendentifs et bracelets aux teintes changeantes.\",\"breadcrumb\":{\"@id\":\"https:\/\/bearly-n.com\/en\/collection-a-forest\/#breadcrumb\"},\"inLanguage\":\"en-US\",\"potentialAction\":[{\"@type\":\"ReadAction\",\"target\":[\"https:\/\/bearly-n.com\/en\/collection-a-forest\/\"]}]},{\"@type\":\"ImageObject\",\"inLanguage\":\"en-US\",\"@id\":\"https:\/\/bearly-n.com\/en\/collection-a-forest\/#primaryimage\",\"url\":\"https:\/\/i0.wp.com\/bearly-n.com\/wp-content\/uploads\/2019\/11\/Fond-A-Forest-Collection.png?fit=1180%2C412&ssl=1\",\"contentUrl\":\"https:\/\/i0.wp.com\/bearly-n.com\/wp-content\/uploads\/2019\/11\/Fond-A-Forest-Collection.png?fit=1180%2C412&ssl=1\",\"width\":1180,\"height\":412,\"caption\":\"Collection A Forest par BearlyN\"},{\"@type\":\"BreadcrumbList\",\"@id\":\"https:\/\/bearly-n.com\/en\/collection-a-forest\/#breadcrumb\",\"itemListElement\":[{\"@type\":\"ListItem\",\"position\":1,\"name\":\"Accueil\",\"item\":\"https:\/\/bearly-n.com\/\"},{\"@type\":\"ListItem\",\"position\":2,\"name\":\"Collection-A Forest\"}]},{\"@type\":\"WebSite\",\"@id\":\"https:\/\/bearly-n.com\/#website\",\"url\":\"https:\/\/bearly-n.com\/\",\"name\":\"BearlyN, bijoux de caract\u00e8re\",\"description\":\"Bijoux de Caract\u00e8re\",\"publisher\":{\"@id\":\"https:\/\/bearly-n.com\/#organization\"},\"potentialAction\":[{\"@type\":\"SearchAction\",\"target\":{\"@type\":\"EntryPoint\",\"urlTemplate\":\"https:\/\/bearly-n.com\/?s={search_term_string}\"},\"query-input\":{\"@type\":\"PropertyValueSpecification\",\"valueRequired\":true,\"valueName\":\"search_term_string\"}}],\"inLanguage\":\"en-US\"},{\"@type\":\"Organization\",\"@id\":\"https:\/\/bearly-n.com\/#organization\",\"name\":\"BearlyN\",\"url\":\"https:\/\/bearly-n.com\/\",\"logo\":{\"@type\":\"ImageObject\",\"inLanguage\":\"en-US\",\"@id\":\"https:\/\/bearly-n.com\/#\/schema\/logo\/image\/\",\"url\":\"https:\/\/i1.wp.com\/bearly-n.com\/wp-content\/uploads\/2016\/12\/logo.jpg?fit=630%2C270&ssl=1\",\"contentUrl\":\"https:\/\/i1.wp.com\/bearly-n.com\/wp-content\/uploads\/2016\/12\/logo.jpg?fit=630%2C270&ssl=1\",\"width\":630,\"height\":270,\"caption\":\"BearlyN\"},\"image\":{\"@id\":\"https:\/\/bearly-n.com\/#\/schema\/logo\/image\/\"},\"sameAs\":[\"https:\/\/www.facebook.com\/Bearly-N-881942331934180\/\",\"http:\/\/bearlyn\",\"https:\/\/www.linkedin.com\/company\/bearly-n\/\",\"https:\/\/fr.pinterest.com\/Bearlynterest\/\"]}]}<\/script>\n<!-- \/ Yoast SEO plugin. -->","yoast_head_json":{"title":"Collection-A Forest - BearlyN","description":"D\u00e9couvrez la collection de bijoux A Forest, une collection d'automne inspir\u00e9e par la nature. Plastrons, pendentifs et bracelets aux teintes changeantes.","robots":{"index":"index","follow":"follow","max-snippet":"max-snippet:-1","max-image-preview":"max-image-preview:large","max-video-preview":"max-video-preview:-1"},"canonical":"https:\/\/bearly-n.com\/en\/collection-a-forest\/","og_locale":"en_US","og_type":"article","og_title":"Collection-A Forest - BearlyN","og_description":"D\u00e9couvrez la collection de bijoux A Forest, une collection d'automne inspir\u00e9e par la nature. Plastrons, pendentifs et bracelets aux teintes changeantes.","og_url":"https:\/\/bearly-n.com\/en\/collection-a-forest\/","og_site_name":"BearlyN","article_publisher":"https:\/\/www.facebook.com\/Bearly-N-881942331934180\/","article_modified_time":"2020-10-13T09:39:12+00:00","og_image":[{"width":1180,"height":412,"url":"https:\/\/i2.wp.com\/bearly-n.com\/wp-content\/uploads\/2019\/11\/Fond-A-Forest-Collection.png?fit=1180%2C412&ssl=1","type":"image\/png"}],"twitter_card":"summary_large_image","schema":{"@context":"https:\/\/schema.org","@graph":[{"@type":"WebPage","@id":"https:\/\/bearly-n.com\/en\/collection-a-forest\/","url":"https:\/\/bearly-n.com\/en\/collection-a-forest\/","name":"Collection-A Forest - BearlyN","isPartOf":{"@id":"https:\/\/bearly-n.com\/#website"},"primaryImageOfPage":{"@id":"https:\/\/bearly-n.com\/en\/collection-a-forest\/#primaryimage"},"image":{"@id":"https:\/\/bearly-n.com\/en\/collection-a-forest\/#primaryimage"},"thumbnailUrl":"https:\/\/i0.wp.com\/bearly-n.com\/wp-content\/uploads\/2019\/11\/Fond-A-Forest-Collection.png?fit=1180%2C412&ssl=1","datePublished":"2019-11-11T17:03:11+00:00","dateModified":"2020-10-13T09:39:12+00:00","description":"D\u00e9couvrez la collection de bijoux A Forest, une collection d'automne inspir\u00e9e par la nature. Plastrons, pendentifs et bracelets aux teintes changeantes.","breadcrumb":{"@id":"https:\/\/bearly-n.com\/en\/collection-a-forest\/#breadcrumb"},"inLanguage":"en-US","potentialAction":[{"@type":"ReadAction","target":["https:\/\/bearly-n.com\/en\/collection-a-forest\/"]}]},{"@type":"ImageObject","inLanguage":"en-US","@id":"https:\/\/bearly-n.com\/en\/collection-a-forest\/#primaryimage","url":"https:\/\/i0.wp.com\/bearly-n.com\/wp-content\/uploads\/2019\/11\/Fond-A-Forest-Collection.png?fit=1180%2C412&ssl=1","contentUrl":"https:\/\/i0.wp.com\/bearly-n.com\/wp-content\/uploads\/2019\/11\/Fond-A-Forest-Collection.png?fit=1180%2C412&ssl=1","width":1180,"height":412,"caption":"Collection A Forest par BearlyN"},{"@type":"BreadcrumbList","@id":"https:\/\/bearly-n.com\/en\/collection-a-forest\/#breadcrumb","itemListElement":[{"@type":"ListItem","position":1,"name":"Accueil","item":"https:\/\/bearly-n.com\/"},{"@type":"ListItem","position":2,"name":"Collection-A Forest"}]},{"@type":"WebSite","@id":"https:\/\/bearly-n.com\/#website","url":"https:\/\/bearly-n.com\/","name":"BearlyN, bijoux de caract\u00e8re","description":"Bijoux de Caract\u00e8re","publisher":{"@id":"https:\/\/bearly-n.com\/#organization"},"potentialAction":[{"@type":"SearchAction","target":{"@type":"EntryPoint","urlTemplate":"https:\/\/bearly-n.com\/?s={search_term_string}"},"query-input":{"@type":"PropertyValueSpecification","valueRequired":true,"valueName":"search_term_string"}}],"inLanguage":"en-US"},{"@type":"Organization","@id":"https:\/\/bearly-n.com\/#organization","name":"BearlyN","url":"https:\/\/bearly-n.com\/","logo":{"@type":"ImageObject","inLanguage":"en-US","@id":"https:\/\/bearly-n.com\/#\/schema\/logo\/image\/","url":"https:\/\/i1.wp.com\/bearly-n.com\/wp-content\/uploads\/2016\/12\/logo.jpg?fit=630%2C270&ssl=1","contentUrl":"https:\/\/i1.wp.com\/bearly-n.com\/wp-content\/uploads\/2016\/12\/logo.jpg?fit=630%2C270&ssl=1","width":630,"height":270,"caption":"BearlyN"},"image":{"@id":"https:\/\/bearly-n.com\/#\/schema\/logo\/image\/"},"sameAs":["https:\/\/www.facebook.com\/Bearly-N-881942331934180\/","http:\/\/bearlyn","https:\/\/www.linkedin.com\/company\/bearly-n\/","https:\/\/fr.pinterest.com\/Bearlynterest\/"]}]}},"jetpack_sharing_enabled":true,"jetpack_shortlink":"https:\/\/wp.me\/P8oIQX-BB","jetpack_likes_enabled":true,"_links":{"self":[{"href":"https:\/\/bearly-n.com\/en\/wp-json\/wp\/v2\/pages\/2331","targetHints":{"allow":["GET"]}}],"collection":[{"href":"https:\/\/bearly-n.com\/en\/wp-json\/wp\/v2\/pages"}],"about":[{"href":"https:\/\/bearly-n.com\/en\/wp-json\/wp\/v2\/types\/page"}],"author":[{"embeddable":true,"href":"https:\/\/bearly-n.com\/en\/wp-json\/wp\/v2\/users\/1"}],"replies":[{"embeddable":true,"href":"https:\/\/bearly-n.com\/en\/wp-json\/wp\/v2\/comments?post=2331"}],"version-history":[{"count":9,"href":"https:\/\/bearly-n.com\/en\/wp-json\/wp\/v2\/pages\/2331\/revisions"}],"predecessor-version":[{"id":7736,"href":"https:\/\/bearly-n.com\/en\/wp-json\/wp\/v2\/pages\/2331\/revisions\/7736"}],"wp:featuredmedia":[{"embeddable":true,"href":"https:\/\/bearly-n.com\/en\/wp-json\/wp\/v2\/media\/6028"}],"wp:attachment":[{"href":"https:\/\/bearly-n.com\/en\/wp-json\/wp\/v2\/media?parent=2331"}],"curies":[{"name":"wp","href":"https:\/\/api.w.org\/{rel}","templated":true}]}}