{"id":1706,"date":"2018-05-09T15:00:41","date_gmt":"2018-05-09T13:00:41","guid":{"rendered":"http:\/\/bearly-n.com\/?page_id=1706"},"modified":"2020-10-12T19:59:06","modified_gmt":"2020-10-12T17:59:06","slug":"politique-de-confidentialite-cookies","status":"publish","type":"page","link":"https:\/\/bearly-n.com\/en\/politique-de-confidentialite-cookies\/","title":{"rendered":"Politique de confidentialit\u00e9-Cookies"},"content":{"rendered":"<div data-elementor-type=\"wp-page\" data-elementor-id=\"1706\" class=\"elementor elementor-1706\">\n\t\t\t\t\t\t<section class=\"elementor-section elementor-top-section elementor-element elementor-element-544c3da3 elementor-section-boxed elementor-section-height-default elementor-section-height-default\" data-id=\"544c3da3\" data-element_type=\"section\">\n\t\t\t\t\t\t<div class=\"elementor-container elementor-column-gap-default\">\n\t\t\t\t\t<div class=\"elementor-column elementor-col-100 elementor-top-column elementor-element elementor-element-1c1b2042\" data-id=\"1c1b2042\" data-element_type=\"column\">\n\t\t\t<div class=\"elementor-widget-wrap elementor-element-populated\">\n\t\t\t\t\t\t<div class=\"elementor-element elementor-element-d9f6078 elementor-widget elementor-widget-text-editor\" data-id=\"d9f6078\" data-element_type=\"widget\" data-widget_type=\"text-editor.default\">\n\t\t\t\t<div class=\"elementor-widget-container\">\n\t\t\t\t\t\t\t\t\t<p>Derni\u00e8re mise \u00e0 jour; le 9 mai 2018.<\/p><p>Les Cookies sont utilis\u00e9s, dans le cadre de l&rsquo;utilisation du site www.bearly-n.com afin de collecter certaines informations (en particulier votre adresse IP, des informations relatives \u00e0 l&rsquo;ordinateur utilis\u00e9 pour la navigation, le mode de connexion, le type et la version du navigateur internet, le syst\u00e8me d&rsquo;exploitation et d&rsquo;autres identifiants techniques ou encore l&rsquo;adresse URL des connexions, y compris la date et l&rsquo;heure, ainsi que le contenu acc\u00e9d\u00e9). Vous avez la possibilit\u00e9 de d\u00e9sactiver les Cookies \u00e0 partir des param\u00e8tres de votre navigateur.<\/p>\t\t\t\t\t\t\t\t<\/div>\n\t\t\t\t<\/div>\n\t\t\t\t\t<\/div>\n\t\t<\/div>\n\t\t\t\t\t<\/div>\n\t\t<\/section>\n\t\t\t\t<\/div>","protected":false},"excerpt":{"rendered":"<p>Derni\u00e8re mise \u00e0 jour; le 9 mai 2018. Les Cookies sont utilis\u00e9s, dans le cadre de l&rsquo;utilisation du site www.bearly-n.com&#8230;<\/p>","protected":false},"author":1,"featured_media":0,"parent":0,"menu_order":0,"comment_status":"closed","ping_status":"closed","template":"","meta":{"_price":"","_stock":"","_tribe_ticket_header":"","_tribe_default_ticket_provider":"","_tribe_ticket_capacity":"0","_ticket_start_date":"","_ticket_end_date":"","_tribe_ticket_show_description":"","_tribe_ticket_show_not_going":false,"_tribe_ticket_use_global_stock":"","_tribe_ticket_global_stock_level":"","_global_stock_mode":"","_global_stock_cap":"","_tribe_rsvp_for_event":"","_tribe_ticket_going_count":"","_tribe_ticket_not_going_count":"","_tribe_tickets_list":"[]","_tribe_ticket_has_attendee_info_fields":false,"jetpack_post_was_ever_published":false,"footnotes":""},"class_list":["post-1706","page","type-page","status-publish","hentry"],"yoast_head":"<!-- This site is optimized with the Yoast SEO plugin v26.2 - https:\/\/yoast.com\/wordpress\/plugins\/seo\/ -->\n<title>Politique de confidentialit\u00e9-Cookies - BearlyN<\/title>\n<meta name=\"description\" content=\"Politique de confidentialit\u00e9- Cookies du site www.bearly-n.com : les donn\u00e9es que nous collectons et pourquoi nous les collectons.\" \/>\n<meta name=\"robots\" content=\"index, follow, max-snippet:-1, max-image-preview:large, max-video-preview:-1\" \/>\n<link rel=\"canonical\" href=\"https:\/\/bearly-n.com\/en\/politique-de-confidentialite-cookies\/\" \/>\n<meta property=\"og:locale\" content=\"en_US\" \/>\n<meta property=\"og:type\" content=\"article\" \/>\n<meta property=\"og:title\" content=\"Politique de confidentialit\u00e9-Cookies - BearlyN\" \/>\n<meta property=\"og:description\" content=\"Politique de confidentialit\u00e9- Cookies du site www.bearly-n.com : les donn\u00e9es que nous collectons et pourquoi nous les collectons.\" \/>\n<meta property=\"og:url\" content=\"https:\/\/bearly-n.com\/en\/politique-de-confidentialite-cookies\/\" \/>\n<meta property=\"og:site_name\" content=\"BearlyN\" \/>\n<meta property=\"article:publisher\" content=\"https:\/\/www.facebook.com\/Bearly-N-881942331934180\/\" \/>\n<meta property=\"article:modified_time\" content=\"2020-10-12T17:59:06+00:00\" \/>\n<meta property=\"og:image\" content=\"https:\/\/i0.wp.com\/bearly-n.com\/wp-content\/uploads\/2016\/12\/BearlyN-avatar-blanc-300x300px.jpg?fit=300%2C300&ssl=1\" \/>\n\t<meta property=\"og:image:width\" content=\"300\" \/>\n\t<meta property=\"og:image:height\" content=\"300\" \/>\n\t<meta property=\"og:image:type\" content=\"image\/jpeg\" \/>\n<meta name=\"twitter:card\" content=\"summary_large_image\" \/>\n<script type=\"application\/ld+json\" class=\"yoast-schema-graph\">{\"@context\":\"https:\/\/schema.org\",\"@graph\":[{\"@type\":\"WebPage\",\"@id\":\"https:\/\/bearly-n.com\/politique-de-confidentialite-cookies\/\",\"url\":\"https:\/\/bearly-n.com\/politique-de-confidentialite-cookies\/\",\"name\":\"Politique de confidentialit\u00e9-Cookies - BearlyN\",\"isPartOf\":{\"@id\":\"https:\/\/bearly-n.com\/#website\"},\"datePublished\":\"2018-05-09T13:00:41+00:00\",\"dateModified\":\"2020-10-12T17:59:06+00:00\",\"description\":\"Politique de confidentialit\u00e9- Cookies du site www.bearly-n.com : les donn\u00e9es que nous collectons et pourquoi nous les collectons.\",\"breadcrumb\":{\"@id\":\"https:\/\/bearly-n.com\/politique-de-confidentialite-cookies\/#breadcrumb\"},\"inLanguage\":\"en-US\",\"potentialAction\":[{\"@type\":\"ReadAction\",\"target\":[\"https:\/\/bearly-n.com\/politique-de-confidentialite-cookies\/\"]}]},{\"@type\":\"BreadcrumbList\",\"@id\":\"https:\/\/bearly-n.com\/politique-de-confidentialite-cookies\/#breadcrumb\",\"itemListElement\":[{\"@type\":\"ListItem\",\"position\":1,\"name\":\"Accueil\",\"item\":\"https:\/\/bearly-n.com\/\"},{\"@type\":\"ListItem\",\"position\":2,\"name\":\"Politique de confidentialit\u00e9-Cookies\"}]},{\"@type\":\"WebSite\",\"@id\":\"https:\/\/bearly-n.com\/#website\",\"url\":\"https:\/\/bearly-n.com\/\",\"name\":\"BearlyN, bijoux de caract\u00e8re\",\"description\":\"Bijoux de Caract\u00e8re\",\"publisher\":{\"@id\":\"https:\/\/bearly-n.com\/#organization\"},\"potentialAction\":[{\"@type\":\"SearchAction\",\"target\":{\"@type\":\"EntryPoint\",\"urlTemplate\":\"https:\/\/bearly-n.com\/?s={search_term_string}\"},\"query-input\":{\"@type\":\"PropertyValueSpecification\",\"valueRequired\":true,\"valueName\":\"search_term_string\"}}],\"inLanguage\":\"en-US\"},{\"@type\":\"Organization\",\"@id\":\"https:\/\/bearly-n.com\/#organization\",\"name\":\"BearlyN\",\"url\":\"https:\/\/bearly-n.com\/\",\"logo\":{\"@type\":\"ImageObject\",\"inLanguage\":\"en-US\",\"@id\":\"https:\/\/bearly-n.com\/#\/schema\/logo\/image\/\",\"url\":\"https:\/\/i1.wp.com\/bearly-n.com\/wp-content\/uploads\/2016\/12\/logo.jpg?fit=630%2C270&ssl=1\",\"contentUrl\":\"https:\/\/i1.wp.com\/bearly-n.com\/wp-content\/uploads\/2016\/12\/logo.jpg?fit=630%2C270&ssl=1\",\"width\":630,\"height\":270,\"caption\":\"BearlyN\"},\"image\":{\"@id\":\"https:\/\/bearly-n.com\/#\/schema\/logo\/image\/\"},\"sameAs\":[\"https:\/\/www.facebook.com\/Bearly-N-881942331934180\/\",\"http:\/\/bearlyn\",\"https:\/\/www.linkedin.com\/company\/bearly-n\/\",\"https:\/\/fr.pinterest.com\/Bearlynterest\/\"]}]}<\/script>\n<!-- \/ Yoast SEO plugin. -->","yoast_head_json":{"title":"Politique de confidentialit\u00e9-Cookies - BearlyN","description":"Politique de confidentialit\u00e9- Cookies du site www.bearly-n.com : les donn\u00e9es que nous collectons et pourquoi nous les collectons.","robots":{"index":"index","follow":"follow","max-snippet":"max-snippet:-1","max-image-preview":"max-image-preview:large","max-video-preview":"max-video-preview:-1"},"canonical":"https:\/\/bearly-n.com\/en\/politique-de-confidentialite-cookies\/","og_locale":"en_US","og_type":"article","og_title":"Politique de confidentialit\u00e9-Cookies - BearlyN","og_description":"Politique de confidentialit\u00e9- Cookies du site www.bearly-n.com : les donn\u00e9es que nous collectons et pourquoi nous les collectons.","og_url":"https:\/\/bearly-n.com\/en\/politique-de-confidentialite-cookies\/","og_site_name":"BearlyN","article_publisher":"https:\/\/www.facebook.com\/Bearly-N-881942331934180\/","article_modified_time":"2020-10-12T17:59:06+00:00","og_image":[{"width":300,"height":300,"url":"https:\/\/i0.wp.com\/bearly-n.com\/wp-content\/uploads\/2016\/12\/BearlyN-avatar-blanc-300x300px.jpg?fit=300%2C300&ssl=1","type":"image\/jpeg"}],"twitter_card":"summary_large_image","schema":{"@context":"https:\/\/schema.org","@graph":[{"@type":"WebPage","@id":"https:\/\/bearly-n.com\/politique-de-confidentialite-cookies\/","url":"https:\/\/bearly-n.com\/politique-de-confidentialite-cookies\/","name":"Politique de confidentialit\u00e9-Cookies - BearlyN","isPartOf":{"@id":"https:\/\/bearly-n.com\/#website"},"datePublished":"2018-05-09T13:00:41+00:00","dateModified":"2020-10-12T17:59:06+00:00","description":"Politique de confidentialit\u00e9- Cookies du site www.bearly-n.com : les donn\u00e9es que nous collectons et pourquoi nous les collectons.","breadcrumb":{"@id":"https:\/\/bearly-n.com\/politique-de-confidentialite-cookies\/#breadcrumb"},"inLanguage":"en-US","potentialAction":[{"@type":"ReadAction","target":["https:\/\/bearly-n.com\/politique-de-confidentialite-cookies\/"]}]},{"@type":"BreadcrumbList","@id":"https:\/\/bearly-n.com\/politique-de-confidentialite-cookies\/#breadcrumb","itemListElement":[{"@type":"ListItem","position":1,"name":"Accueil","item":"https:\/\/bearly-n.com\/"},{"@type":"ListItem","position":2,"name":"Politique de confidentialit\u00e9-Cookies"}]},{"@type":"WebSite","@id":"https:\/\/bearly-n.com\/#website","url":"https:\/\/bearly-n.com\/","name":"BearlyN, bijoux de caract\u00e8re","description":"Bijoux de Caract\u00e8re","publisher":{"@id":"https:\/\/bearly-n.com\/#organization"},"potentialAction":[{"@type":"SearchAction","target":{"@type":"EntryPoint","urlTemplate":"https:\/\/bearly-n.com\/?s={search_term_string}"},"query-input":{"@type":"PropertyValueSpecification","valueRequired":true,"valueName":"search_term_string"}}],"inLanguage":"en-US"},{"@type":"Organization","@id":"https:\/\/bearly-n.com\/#organization","name":"BearlyN","url":"https:\/\/bearly-n.com\/","logo":{"@type":"ImageObject","inLanguage":"en-US","@id":"https:\/\/bearly-n.com\/#\/schema\/logo\/image\/","url":"https:\/\/i1.wp.com\/bearly-n.com\/wp-content\/uploads\/2016\/12\/logo.jpg?fit=630%2C270&ssl=1","contentUrl":"https:\/\/i1.wp.com\/bearly-n.com\/wp-content\/uploads\/2016\/12\/logo.jpg?fit=630%2C270&ssl=1","width":630,"height":270,"caption":"BearlyN"},"image":{"@id":"https:\/\/bearly-n.com\/#\/schema\/logo\/image\/"},"sameAs":["https:\/\/www.facebook.com\/Bearly-N-881942331934180\/","http:\/\/bearlyn","https:\/\/www.linkedin.com\/company\/bearly-n\/","https:\/\/fr.pinterest.com\/Bearlynterest\/"]}]}},"jetpack_sharing_enabled":true,"jetpack_shortlink":"https:\/\/wp.me\/P8oIQX-rw","jetpack_likes_enabled":true,"_links":{"self":[{"href":"https:\/\/bearly-n.com\/en\/wp-json\/wp\/v2\/pages\/1706","targetHints":{"allow":["GET"]}}],"collection":[{"href":"https:\/\/bearly-n.com\/en\/wp-json\/wp\/v2\/pages"}],"about":[{"href":"https:\/\/bearly-n.com\/en\/wp-json\/wp\/v2\/types\/page"}],"author":[{"embeddable":true,"href":"https:\/\/bearly-n.com\/en\/wp-json\/wp\/v2\/users\/1"}],"replies":[{"embeddable":true,"href":"https:\/\/bearly-n.com\/en\/wp-json\/wp\/v2\/comments?post=1706"}],"version-history":[{"count":5,"href":"https:\/\/bearly-n.com\/en\/wp-json\/wp\/v2\/pages\/1706\/revisions"}],"predecessor-version":[{"id":7719,"href":"https:\/\/bearly-n.com\/en\/wp-json\/wp\/v2\/pages\/1706\/revisions\/7719"}],"wp:attachment":[{"href":"https:\/\/bearly-n.com\/en\/wp-json\/wp\/v2\/media?parent=1706"}],"curies":[{"name":"wp","href":"https:\/\/api.w.org\/{rel}","templated":true}]}}